{"id":6,"date":"2021-07-01T15:00:58","date_gmt":"2021-07-01T15:00:58","guid":{"rendered":"https:\/\/centcols.org\/?page_id=6"},"modified":"2026-03-10T19:32:39","modified_gmt":"2026-03-10T17:32:39","slug":"nouvel-oeil-accueil","status":"publish","type":"page","link":"https:\/\/centcols.org\/it\/","title":{"rendered":"Home page"},"content":{"rendered":"","protected":false},"excerpt":{"rendered":"","protected":false},"author":2,"featured_media":0,"parent":0,"menu_order":0,"comment_status":"closed","ping_status":"closed","template":"","meta":{"_acf_changed":false,"footnotes":""},"class_list":["post-6","page","type-page","status-publish","hentry"],"acf":[],"yoast_head":"<!-- This site is optimized with the Yoast SEO plugin v27.2 - https:\/\/yoast.com\/product\/yoast-seo-wordpress\/ -->\n<title>Club des Cent Cols \u2013 V\u00e9lo en montagne et cols depuis 1972<\/title>\n<meta name=\"description\" content=\"Le Club des Cent Cols, fond\u00e9 en 1972, rassemble les passionn\u00e9s de v\u00e9lo en montagne ayant franchi au moins 100 cols r\u00e9pertori\u00e9s. Rejoignez la communaut\u00e9 !\" \/>\n<meta name=\"robots\" content=\"index, follow, max-snippet:-1, max-image-preview:large, max-video-preview:-1\" \/>\n<link rel=\"canonical\" href=\"https:\/\/centcols.org\/it\/\" \/>\n<meta property=\"og:locale\" content=\"it_IT\" \/>\n<meta property=\"og:type\" content=\"article\" \/>\n<meta property=\"og:title\" content=\"Club des Cent Cols \u2013 V\u00e9lo en montagne et cols depuis 1972\" \/>\n<meta property=\"og:description\" content=\"Le Club des Cent Cols, fond\u00e9 en 1972, rassemble les passionn\u00e9s de v\u00e9lo en montagne ayant franchi au moins 100 cols r\u00e9pertori\u00e9s. Rejoignez la communaut\u00e9 !\" \/>\n<meta property=\"og:url\" content=\"https:\/\/centcols.org\/it\/\" \/>\n<meta property=\"og:site_name\" content=\"Club des Cent Cols\" \/>\n<meta property=\"article:publisher\" content=\"https:\/\/www.facebook.com\/groups\/5261880558\/?locale=fr_FR\" \/>\n<meta property=\"article:modified_time\" content=\"2026-03-10T17:32:39+00:00\" \/>\n<meta name=\"twitter:card\" content=\"summary_large_image\" \/>\n<script type=\"application\/ld+json\" class=\"yoast-schema-graph\">{\"@context\":\"https:\/\/schema.org\",\"@graph\":[{\"@type\":\"WebPage\",\"@id\":\"https:\/\/centcols.org\/\",\"url\":\"https:\/\/centcols.org\/\",\"name\":\"Club des Cent Cols \u2013 V\u00e9lo en montagne et cols depuis 1972\",\"isPartOf\":{\"@id\":\"https:\/\/centcols.org\/#website\"},\"datePublished\":\"2021-07-01T15:00:58+00:00\",\"dateModified\":\"2026-03-10T17:32:39+00:00\",\"description\":\"Le Club des Cent Cols, fond\u00e9 en 1972, rassemble les passionn\u00e9s de v\u00e9lo en montagne ayant franchi au moins 100 cols r\u00e9pertori\u00e9s. Rejoignez la communaut\u00e9 !\",\"breadcrumb\":{\"@id\":\"https:\/\/centcols.org\/#breadcrumb\"},\"inLanguage\":\"it-IT\",\"potentialAction\":[{\"@type\":\"ReadAction\",\"target\":[\"https:\/\/centcols.org\/\"]}]},{\"@type\":\"BreadcrumbList\",\"@id\":\"https:\/\/centcols.org\/#breadcrumb\",\"itemListElement\":[{\"@type\":\"ListItem\",\"position\":1,\"name\":\"Accueil\",\"item\":\"https:\/\/centcols.org\/\"},{\"@type\":\"ListItem\",\"position\":2,\"name\":\"Accueil\"}]},{\"@type\":\"WebSite\",\"@id\":\"https:\/\/centcols.org\/#website\",\"url\":\"https:\/\/centcols.org\/\",\"name\":\"Club des Cent Cols\",\"description\":\"\",\"publisher\":{\"@id\":\"https:\/\/centcols.org\/#organization\"},\"potentialAction\":[{\"@type\":\"SearchAction\",\"target\":{\"@type\":\"EntryPoint\",\"urlTemplate\":\"https:\/\/centcols.org\/?s={search_term_string}\"},\"query-input\":{\"@type\":\"PropertyValueSpecification\",\"valueRequired\":true,\"valueName\":\"search_term_string\"}}],\"inLanguage\":\"it-IT\"},{\"@type\":\"Organization\",\"@id\":\"https:\/\/centcols.org\/#organization\",\"name\":\"Club des Cent Cols\",\"url\":\"https:\/\/centcols.org\/\",\"logo\":{\"@type\":\"ImageObject\",\"inLanguage\":\"it-IT\",\"@id\":\"https:\/\/centcols.org\/#\/schema\/logo\/image\/\",\"url\":\"https:\/\/centcols.org\/wp-content\/uploads\/2025\/01\/carte-icone.png\",\"contentUrl\":\"https:\/\/centcols.org\/wp-content\/uploads\/2025\/01\/carte-icone.png\",\"width\":250,\"height\":250,\"caption\":\"Club des Cent Cols\"},\"image\":{\"@id\":\"https:\/\/centcols.org\/#\/schema\/logo\/image\/\"},\"sameAs\":[\"https:\/\/www.facebook.com\/groups\/5261880558\/?locale=fr_FR\"]}]}<\/script>\n<!-- \/ Yoast SEO plugin. -->","yoast_head_json":{"title":"Club des Cent Cols - Mountain bike e passi di montagna dal 1972","description":"Il Club des Cent Cols, fondato nel 1972, riunisce gli appassionati di mountain bike che hanno scalato almeno 100 passi elencati. Unisciti alla comunit\u00e0!","robots":{"index":"index","follow":"follow","max-snippet":"max-snippet:-1","max-image-preview":"max-image-preview:large","max-video-preview":"max-video-preview:-1"},"canonical":"https:\/\/centcols.org\/it\/","og_locale":"it_IT","og_type":"article","og_title":"Club des Cent Cols \u2013 V\u00e9lo en montagne et cols depuis 1972","og_description":"Le Club des Cent Cols, fond\u00e9 en 1972, rassemble les passionn\u00e9s de v\u00e9lo en montagne ayant franchi au moins 100 cols r\u00e9pertori\u00e9s. Rejoignez la communaut\u00e9 !","og_url":"https:\/\/centcols.org\/it\/","og_site_name":"Club des Cent Cols","article_publisher":"https:\/\/www.facebook.com\/groups\/5261880558\/?locale=fr_FR","article_modified_time":"2026-03-10T17:32:39+00:00","twitter_card":"summary_large_image","schema":{"@context":"https:\/\/schema.org","@graph":[{"@type":"WebPage","@id":"https:\/\/centcols.org\/","url":"https:\/\/centcols.org\/","name":"Club des Cent Cols - Mountain bike e passi di montagna dal 1972","isPartOf":{"@id":"https:\/\/centcols.org\/#website"},"datePublished":"2021-07-01T15:00:58+00:00","dateModified":"2026-03-10T17:32:39+00:00","description":"Il Club des Cent Cols, fondato nel 1972, riunisce gli appassionati di mountain bike che hanno scalato almeno 100 passi elencati. Unisciti alla comunit\u00e0!","breadcrumb":{"@id":"https:\/\/centcols.org\/#breadcrumb"},"inLanguage":"it-IT","potentialAction":[{"@type":"ReadAction","target":["https:\/\/centcols.org\/"]}]},{"@type":"BreadcrumbList","@id":"https:\/\/centcols.org\/#breadcrumb","itemListElement":[{"@type":"ListItem","position":1,"name":"Accueil","item":"https:\/\/centcols.org\/"},{"@type":"ListItem","position":2,"name":"Accueil"}]},{"@type":"WebSite","@id":"https:\/\/centcols.org\/#website","url":"https:\/\/centcols.org\/","name":"Club des Cent Cols","description":"","publisher":{"@id":"https:\/\/centcols.org\/#organization"},"potentialAction":[{"@type":"SearchAction","target":{"@type":"EntryPoint","urlTemplate":"https:\/\/centcols.org\/?s={search_term_string}"},"query-input":{"@type":"PropertyValueSpecification","valueRequired":true,"valueName":"search_term_string"}}],"inLanguage":"it-IT"},{"@type":"Organization","@id":"https:\/\/centcols.org\/#organization","name":"Club des Cent Cols","url":"https:\/\/centcols.org\/","logo":{"@type":"ImageObject","inLanguage":"it-IT","@id":"https:\/\/centcols.org\/#\/schema\/logo\/image\/","url":"https:\/\/centcols.org\/wp-content\/uploads\/2025\/01\/carte-icone.png","contentUrl":"https:\/\/centcols.org\/wp-content\/uploads\/2025\/01\/carte-icone.png","width":250,"height":250,"caption":"Club des Cent Cols"},"image":{"@id":"https:\/\/centcols.org\/#\/schema\/logo\/image\/"},"sameAs":["https:\/\/www.facebook.com\/groups\/5261880558\/?locale=fr_FR"]}]}},"_links":{"self":[{"href":"https:\/\/centcols.org\/it\/wp-json\/wp\/v2\/pages\/6","targetHints":{"allow":["GET"]}}],"collection":[{"href":"https:\/\/centcols.org\/it\/wp-json\/wp\/v2\/pages"}],"about":[{"href":"https:\/\/centcols.org\/it\/wp-json\/wp\/v2\/types\/page"}],"author":[{"embeddable":true,"href":"https:\/\/centcols.org\/it\/wp-json\/wp\/v2\/users\/2"}],"replies":[{"embeddable":true,"href":"https:\/\/centcols.org\/it\/wp-json\/wp\/v2\/comments?post=6"}],"version-history":[{"count":0,"href":"https:\/\/centcols.org\/it\/wp-json\/wp\/v2\/pages\/6\/revisions"}],"wp:attachment":[{"href":"https:\/\/centcols.org\/it\/wp-json\/wp\/v2\/media?parent=6"}],"curies":[{"name":"wp","href":"https:\/\/api.w.org\/{rel}","templated":true}]}}