{"id":79135,"date":"2025-02-05T09:58:17","date_gmt":"2025-02-05T07:58:17","guid":{"rendered":"https:\/\/centcols.org\/statuts\/"},"modified":"2025-05-05T15:54:07","modified_gmt":"2025-05-05T13:54:07","slug":"statuto-dellassociazione","status":"publish","type":"page","link":"https:\/\/centcols.org\/it\/statuts\/","title":{"rendered":"Statuto"},"content":{"rendered":"<h2 class=\"wp-block-heading\">Statuto del Club des Cent Cols - 10 novembre 2018<\/h2>\n\n\n\n<h3 class=\"wp-block-heading\">Articolo 1: Nome<\/h3>\n\n\n\n<p>\u00c8 stata creata un'associazione chiamata \"Club des Cent Cols\".<\/p>\n\n\n\n<h3 class=\"wp-block-heading\">Articolo 2: Scopo<\/h3>\n\n\n\n<p>Riunire tutti coloro che amano la mountain bike. Promuovere la mountain bike organizzandola e sostenendola. Pi\u00f9 in generale, compiere tutte le operazioni che si riferiscono direttamente o indirettamente al nome e che possono facilitare la sua estensione o il suo sviluppo.<\/p>\n\n\n\n<h3 class=\"wp-block-heading\">Articolo 3: Sede legale<\/h3>\n\n\n\n<p>CDOS (Comitato olimpico e sportivo dipartimentale)<br>97A avenue de Gen\u00e8ve,<br>74000 ANNECY<\/p>\n\n\n\n<h3 class=\"wp-block-heading\">Articolo 4: Durata<\/h3>\n\n\n\n<p>Illimitato<\/p>\n\n\n\n<h3 class=\"wp-block-heading\">Articolo 5: Ammissione<\/h3>\n\n\n\n<p>Per entrare a far parte dell'associazione \"Club des Cent Cols\", \u00e8 necessario aver percorso almeno 100 passi diversi, di cui 5 a oltre 2000 metri di altitudine, e pagare una quota di iscrizione.<br><strong>Sono accettate quattro categorie di membri:<\/strong><\/p>\n\n\n\n<ol class=\"wp-block-list\">\n<li>I soci attivi che non sono membri della FFCT attraverso il Club des Cent Cols e che hanno pagato la loro quota annuale.<\/li>\n\n\n\n<li>I soci attivi che sono membri della FFCT attraverso il Club des Cent Cols e che hanno pagato la loro quota annuale.<\/li>\n\n\n\n<li>Soci onorari, esenti dalla regola dei 100 passaggi, di cui 5 devono superare i 2000 metri (per decisione del Consiglio direttivo).<\/li>\n\n\n\n<li>Membri associati. I membri associati devono essere sponsorizzati da un membro attivo con cui hanno un rapporto di parentela (coniuge, figlio). Non sono soggetti alla regola dei 100 passaggi, 5 dei quali devono superare i 2000 metri. I membri associati hanno diritto a partecipare alle manifestazioni collettive dell'Associazione. I membri associati pagano una quota annuale pari alla met\u00e0 della quota minima di un membro attivo. Non essendo membri attivi, non hanno diritto di voto nelle assemblee generali e non possono essere eletti come dirigenti.<\/li>\n<\/ol>\n\n\n\n<h3 class=\"wp-block-heading\">Articolo 6: Cancellazione<\/h3>\n\n\n\n<p>\u00c8 possibile lasciare l'associazione inviando una lettera di dimissioni.<br>La cancellazione dall'associazione \u00e8 automatica in caso di decesso.<br>I membri possono essere espulsi dall'associazione in caso di frode o di mancato rispetto dello spirito dell'associazione. L'espulsione \u00e8 decisa all'unanimit\u00e0 dai membri dell'ufficio di presidenza.<\/p>\n\n\n\n<h3 class=\"wp-block-heading\">Articolo 7: Risorse dell'Associazione<\/h3>\n\n\n\n<p>Le risorse includono :<\/p>\n\n\n\n<ul class=\"wp-block-list\">\n<li>L'importo della quota associativa e dell'abbonamento annuale.<\/li>\n\n\n\n<li>Qualsiasi profitto derivante dalla vendita di prodotti o servizi, riservato ai membri dell'associazione.<\/li>\n\n\n\n<li>Sovvenzioni o donazioni.<\/li>\n\n\n\n<li>Copyright sui libri pubblicati per conto dell'associazione.<\/li>\n<\/ul>\n\n\n\n<h3 class=\"wp-block-heading\">Articolo 8: Il Consiglio di amministrazione<\/h3>\n\n\n\n<p>L'associazione \u00e8 gestita da un Consiglio di Amministrazione composto da&nbsp;<em>3 membri minimo e 11 membri massimo,&nbsp;<\/em>eletto per 4 anni dall'Assemblea generale.&nbsp;<em>Sono accettati il voto per corrispondenza e il voto elettronico.<\/em>&nbsp;I membri sono rieleggibili.<br>Il Consiglio direttivo sceglie tra i suoi membri, a scrutinio segreto, un Comitato esecutivo composto da un Presidente, un Segretario e un Tesoriere. Questi tre membri devono essere membri della FFCT. Possono essere eletti anche un Vicepresidente, un Segretario aggiunto e un Tesoriere aggiunto.<br>In caso di vacanza, il Consiglio di amministrazione sostituisce temporaneamente i suoi membri per cooptazione. La sostituzione definitiva avviene in occasione dell'Assemblea generale successiva.<\/p>\n\n\n\n<h3 class=\"wp-block-heading\">Articolo 8bis: Riunioni del Consiglio di amministrazione<\/h3>\n\n\n\n<p>Il Consiglio si riunisce almeno una volta ogni 6 mesi, su invito del Presidente o su richiesta di un quarto dei suoi membri.<br>Le decisioni vengono prese a maggioranza.<br>Il membro del Consiglio che non partecipa a tre riunioni consecutive senza scusarsi pu\u00f2 essere considerato dimissionario.<\/p>\n\n\n\n<h3 class=\"wp-block-heading\">Articolo 9: Assemblea generale ordinaria<\/h3>\n\n\n\n<p>L'Assemblea generale ordinaria comprende tutti i soci versanti. Si riunisce una volta all'anno, possibilmente nell'ultimo trimestre dell'anno solare.<br>Quindici giorni prima della data fissata, i membri dell'Associazione sono invitati dal Segretario. L'invito contiene l'ordine del giorno e un modulo per il voto per corrispondenza.<br>Il Presidente, assistito dai membri del Consiglio direttivo, presiede la riunione e riferisce sulla situazione morale dell'Associazione.<br>Il Tesoriere riferisce sulla gestione e presenta il bilancio all'assemblea per l'approvazione.<br>Il Segretario generale presenta la relazione annuale.<br>I membri del Consiglio di amministrazione vengono sostituiti ogni 4 anni a scrutinio segreto.<br>Solo le domande scritte ricevute una settimana prima della data dell'Assemblea generale riceveranno risposta durante l'assemblea.<\/p>\n\n\n\n<h3 class=\"wp-block-heading\">Articolo 10: Assemblea generale straordinaria<\/h3>\n\n\n\n<p>Se necessario, o su richiesta della met\u00e0 pi\u00f9 uno dei soci versanti, il Presidente pu\u00f2 convocare un'Assemblea generale straordinaria secondo le modalit\u00e0 di cui all'Articolo 9.<\/p>\n\n\n\n<h3 class=\"wp-block-heading\">Articolo 11: Regolamento interno<\/h3>\n\n\n\n<p>Il Consiglio di amministrazione pu\u00f2 redigere un regolamento interno da sottoporre all'approvazione dell'Assemblea generale.<\/p>\n\n\n\n<h3 class=\"wp-block-heading\">Articolo 12 e ultimo: Scioglimento<\/h3>\n\n\n\n<p>In caso di scioglimento, il Consiglio di amministrazione lo sottoporr\u00e0 all'approvazione della F\u00e9d\u00e9ration Fran\u00e7aise de Cyclotourisme. Se quest'ultima rifiuta, la Federazione assumer\u00e0 la gestione dell'associazione \"Club des Cent Cols\".<\/p>\n\n\n\n<hr class=\"wp-block-separator has-alpha-channel-opacity\"\/>\n\n\n\n<p>Fatto a N\u00e2ves Parmelan il 15 novembre 2018, dopo le modifiche votate all'Assemblea generale straordinaria del 10 novembre 2018.<\/p>\n\n\n\n<p><strong>Guy Harle<\/strong><br><em>Segretario generale<\/em><\/p>\n\n\n\n<p>Inoltrata alla Prefettura dell'Alta Savoia.<\/p>","protected":false},"excerpt":{"rendered":"<p>Statuts du Club des Cent Cols &#8211; 10 novembre 2018 Article 1 : appellation Il est cr\u00e9\u00e9 une association appel\u00e9e \u00ab Club des Cent Cols \u00bb Article 2 : objet Regrouper toutes les personnes aimant la pratique du v\u00e9lo en montagne. Valoriser cette pratique en l\u2019organisant et en la soutenant. Plus g\u00e9n\u00e9ralement, conduire toutes op\u00e9rations [&hellip;]<\/p>\n","protected":false},"author":2,"featured_media":0,"parent":0,"menu_order":0,"comment_status":"open","ping_status":"open","template":"","meta":{"_acf_changed":false,"footnotes":""},"class_list":["post-79135","page","type-page","status-publish","hentry"],"acf":[],"yoast_head":"<!-- This site is optimized with the Yoast SEO plugin v27.2 - https:\/\/yoast.com\/product\/yoast-seo-wordpress\/ -->\n<title>Statuts - Club des Cent Cols<\/title>\n<meta name=\"robots\" content=\"index, follow, max-snippet:-1, max-image-preview:large, max-video-preview:-1\" \/>\n<link rel=\"canonical\" href=\"https:\/\/centcols.org\/it\/statuto-dellassociazione\/\" \/>\n<meta property=\"og:locale\" content=\"it_IT\" \/>\n<meta property=\"og:type\" content=\"article\" \/>\n<meta property=\"og:title\" content=\"Statuts - Club des Cent Cols\" \/>\n<meta property=\"og:description\" content=\"Statuts du Club des Cent Cols &#8211; 10 novembre 2018 Article 1 : appellation Il est cr\u00e9\u00e9 une association appel\u00e9e \u00ab Club des Cent Cols \u00bb Article 2 : objet Regrouper toutes les personnes aimant la pratique du v\u00e9lo en montagne. Valoriser cette pratique en l\u2019organisant et en la soutenant. Plus g\u00e9n\u00e9ralement, conduire toutes op\u00e9rations [&hellip;]\" \/>\n<meta property=\"og:url\" content=\"https:\/\/centcols.org\/it\/statuto-dellassociazione\/\" \/>\n<meta property=\"og:site_name\" content=\"Club des Cent Cols\" \/>\n<meta property=\"article:publisher\" content=\"https:\/\/www.facebook.com\/groups\/5261880558\/?locale=fr_FR\" \/>\n<meta property=\"article:modified_time\" content=\"2025-05-05T13:54:07+00:00\" \/>\n<meta name=\"twitter:card\" content=\"summary_large_image\" \/>\n<meta name=\"twitter:label1\" content=\"Tempo di lettura stimato\" \/>\n\t<meta name=\"twitter:data1\" content=\"5 minuti\" \/>\n<script type=\"application\/ld+json\" class=\"yoast-schema-graph\">{\"@context\":\"https:\/\/schema.org\",\"@graph\":[{\"@type\":\"WebPage\",\"@id\":\"https:\/\/centcols.org\/statuts\/\",\"url\":\"https:\/\/centcols.org\/statuts\/\",\"name\":\"Statuts - Club des Cent Cols\",\"isPartOf\":{\"@id\":\"https:\/\/centcols.org\/#website\"},\"datePublished\":\"2025-02-05T07:58:17+00:00\",\"dateModified\":\"2025-05-05T13:54:07+00:00\",\"breadcrumb\":{\"@id\":\"https:\/\/centcols.org\/statuts\/#breadcrumb\"},\"inLanguage\":\"it-IT\",\"potentialAction\":[{\"@type\":\"ReadAction\",\"target\":[\"https:\/\/centcols.org\/statuts\/\"]}]},{\"@type\":\"BreadcrumbList\",\"@id\":\"https:\/\/centcols.org\/statuts\/#breadcrumb\",\"itemListElement\":[{\"@type\":\"ListItem\",\"position\":1,\"name\":\"Accueil\",\"item\":\"https:\/\/centcols.org\/\"},{\"@type\":\"ListItem\",\"position\":2,\"name\":\"Statuts\"}]},{\"@type\":\"WebSite\",\"@id\":\"https:\/\/centcols.org\/#website\",\"url\":\"https:\/\/centcols.org\/\",\"name\":\"Club des Cent Cols\",\"description\":\"\",\"publisher\":{\"@id\":\"https:\/\/centcols.org\/#organization\"},\"potentialAction\":[{\"@type\":\"SearchAction\",\"target\":{\"@type\":\"EntryPoint\",\"urlTemplate\":\"https:\/\/centcols.org\/?s={search_term_string}\"},\"query-input\":{\"@type\":\"PropertyValueSpecification\",\"valueRequired\":true,\"valueName\":\"search_term_string\"}}],\"inLanguage\":\"it-IT\"},{\"@type\":\"Organization\",\"@id\":\"https:\/\/centcols.org\/#organization\",\"name\":\"Club des Cent Cols\",\"url\":\"https:\/\/centcols.org\/\",\"logo\":{\"@type\":\"ImageObject\",\"inLanguage\":\"it-IT\",\"@id\":\"https:\/\/centcols.org\/#\/schema\/logo\/image\/\",\"url\":\"https:\/\/centcols.org\/wp-content\/uploads\/2025\/01\/carte-icone.png\",\"contentUrl\":\"https:\/\/centcols.org\/wp-content\/uploads\/2025\/01\/carte-icone.png\",\"width\":250,\"height\":250,\"caption\":\"Club des Cent Cols\"},\"image\":{\"@id\":\"https:\/\/centcols.org\/#\/schema\/logo\/image\/\"},\"sameAs\":[\"https:\/\/www.facebook.com\/groups\/5261880558\/?locale=fr_FR\"]}]}<\/script>\n<!-- \/ Yoast SEO plugin. -->","yoast_head_json":{"title":"Statuto - Club des Cent Cols","robots":{"index":"index","follow":"follow","max-snippet":"max-snippet:-1","max-image-preview":"max-image-preview:large","max-video-preview":"max-video-preview:-1"},"canonical":"https:\/\/centcols.org\/it\/statuto-dellassociazione\/","og_locale":"it_IT","og_type":"article","og_title":"Statuts - Club des Cent Cols","og_description":"Statuts du Club des Cent Cols &#8211; 10 novembre 2018 Article 1 : appellation Il est cr\u00e9\u00e9 une association appel\u00e9e \u00ab Club des Cent Cols \u00bb Article 2 : objet Regrouper toutes les personnes aimant la pratique du v\u00e9lo en montagne. Valoriser cette pratique en l\u2019organisant et en la soutenant. Plus g\u00e9n\u00e9ralement, conduire toutes op\u00e9rations [&hellip;]","og_url":"https:\/\/centcols.org\/it\/statuto-dellassociazione\/","og_site_name":"Club des Cent Cols","article_publisher":"https:\/\/www.facebook.com\/groups\/5261880558\/?locale=fr_FR","article_modified_time":"2025-05-05T13:54:07+00:00","twitter_card":"summary_large_image","twitter_misc":{"Tempo di lettura stimato":"5 minuti"},"schema":{"@context":"https:\/\/schema.org","@graph":[{"@type":"WebPage","@id":"https:\/\/centcols.org\/statuts\/","url":"https:\/\/centcols.org\/statuts\/","name":"Statuto - Club des Cent Cols","isPartOf":{"@id":"https:\/\/centcols.org\/#website"},"datePublished":"2025-02-05T07:58:17+00:00","dateModified":"2025-05-05T13:54:07+00:00","breadcrumb":{"@id":"https:\/\/centcols.org\/statuts\/#breadcrumb"},"inLanguage":"it-IT","potentialAction":[{"@type":"ReadAction","target":["https:\/\/centcols.org\/statuts\/"]}]},{"@type":"BreadcrumbList","@id":"https:\/\/centcols.org\/statuts\/#breadcrumb","itemListElement":[{"@type":"ListItem","position":1,"name":"Accueil","item":"https:\/\/centcols.org\/"},{"@type":"ListItem","position":2,"name":"Statuts"}]},{"@type":"WebSite","@id":"https:\/\/centcols.org\/#website","url":"https:\/\/centcols.org\/","name":"Club des Cent Cols","description":"","publisher":{"@id":"https:\/\/centcols.org\/#organization"},"potentialAction":[{"@type":"SearchAction","target":{"@type":"EntryPoint","urlTemplate":"https:\/\/centcols.org\/?s={search_term_string}"},"query-input":{"@type":"PropertyValueSpecification","valueRequired":true,"valueName":"search_term_string"}}],"inLanguage":"it-IT"},{"@type":"Organization","@id":"https:\/\/centcols.org\/#organization","name":"Club des Cent Cols","url":"https:\/\/centcols.org\/","logo":{"@type":"ImageObject","inLanguage":"it-IT","@id":"https:\/\/centcols.org\/#\/schema\/logo\/image\/","url":"https:\/\/centcols.org\/wp-content\/uploads\/2025\/01\/carte-icone.png","contentUrl":"https:\/\/centcols.org\/wp-content\/uploads\/2025\/01\/carte-icone.png","width":250,"height":250,"caption":"Club des Cent Cols"},"image":{"@id":"https:\/\/centcols.org\/#\/schema\/logo\/image\/"},"sameAs":["https:\/\/www.facebook.com\/groups\/5261880558\/?locale=fr_FR"]}]}},"_links":{"self":[{"href":"https:\/\/centcols.org\/it\/wp-json\/wp\/v2\/pages\/79135","targetHints":{"allow":["GET"]}}],"collection":[{"href":"https:\/\/centcols.org\/it\/wp-json\/wp\/v2\/pages"}],"about":[{"href":"https:\/\/centcols.org\/it\/wp-json\/wp\/v2\/types\/page"}],"author":[{"embeddable":true,"href":"https:\/\/centcols.org\/it\/wp-json\/wp\/v2\/users\/2"}],"replies":[{"embeddable":true,"href":"https:\/\/centcols.org\/it\/wp-json\/wp\/v2\/comments?post=79135"}],"version-history":[{"count":0,"href":"https:\/\/centcols.org\/it\/wp-json\/wp\/v2\/pages\/79135\/revisions"}],"wp:attachment":[{"href":"https:\/\/centcols.org\/it\/wp-json\/wp\/v2\/media?parent=79135"}],"curies":[{"name":"wp","href":"https:\/\/api.w.org\/{rel}","templated":true}]}}