{"id":79323,"date":"2025-02-05T10:00:16","date_gmt":"2025-02-05T08:00:16","guid":{"rendered":"https:\/\/centcols.org\/boite-a-outils\/"},"modified":"2025-09-12T06:44:07","modified_gmt":"2025-09-12T04:44:07","slug":"consigli-per-il-baratto","status":"publish","type":"page","link":"https:\/\/centcols.org\/it\/trucs-trocs\/","title":{"rendered":"Commercio e baratto"},"content":{"rendered":"<div style=\"height:69px\" aria-hidden=\"true\" class=\"wp-block-spacer\"><\/div>\n\n\n\n<div class=\"wp-block-columns is-layout-flex wp-container-core-columns-is-layout-9d6595d7 wp-block-columns-is-layout-flex\">\n<div class=\"wp-block-column is-layout-flow wp-block-column-is-layout-flow\">\n<h2 class=\"wp-block-heading has-x-large-font-size\">Cassette degli attrezzi<\/h2>\n\n\n\n<h3 class=\"wp-block-heading\">Foto<\/h3>\n\n\n\n<ul class=\"wp-block-list\">\n<li><a href=\"\/it\/photos-de-membres\/\">Istruzioni per l'invio delle foto dei soci<\/a><\/li>\n\n\n\n<li><a href=\"https:\/\/centcols.org\/it\/foto-del-passaggio\/\" rel=\"noopener\">Istruzioni per l'invio delle foto dei collari<\/a><\/li>\n<\/ul>\n\n\n\n<h3 class=\"wp-block-heading\">Istruzioni per l'uso<\/h3>\n\n\n\n<ul class=\"wp-block-list\">\n<li><a href=\"\/it\/password-sezione-membri\/\">Ottenere una password per accedere alla sezione membri<\/a><\/li>\n\n\n\n<li><a href=\"\/it\/guida-alluso-di-ccway\/\">Guida all'uso di ccWay<\/a><\/li>\n\n\n\n<li><a href=\"\/it\/Video\/ballens2021.mp4\/\">Banca dati dei pass, dichiarazione online e brevetti (video)<\/a><\/li>\n\n\n\n<li>Per le dichiarazioni di passaggio online: a <a href=\"\/it\/tutorial-per-la-dichiarazione-del-collare\/\">breve esercitazione<\/a> e <a href=\"\/it\/declaration-en-ligne\/\">istruzioni dettagliate<\/a><\/li>\n\n\n\n<li>E anche: <a href=\"\/it\/la-doppia-dichiarazione-dei-collari\/\">come evitare o correggere la \"doppia dichiarazione\" dei collari<\/a><\/li>\n\n\n\n<li>File guide per l'utente <a href=\"\/it\/guida-allutilizzo-dei-file-gpx\/\">GPX<\/a>, <a href=\"\/it\/guida-alluso-dei-file-kml-e-kmz\/\">KMZ<\/a> e <a href=\"\/it\/guida-alluso-del-file-carto-exploreur\/\">Carto Exploreur<\/a><\/li>\n\n\n\n<li><a href=\"\/it\/esportazione-dei-passaggi-scalati-in-un-account-openrunner\/\">Esportazione dei passi scalati in un account OpenRunner<\/a><\/li>\n\n\n\n<li><a href=\"\/it\/le-caselle-di-posta-arancione-impediscono-che-i-messaggi-da-cento-dollari-vadano-perduti\/\">Messaggistica arancione: impedire che i messaggi di Cent Cols finiscano nella posta indesiderata<\/a><\/li>\n<\/ul>\n\n\n\n<h3 class=\"wp-block-heading\">Cataloghi e aggiornamenti sui collari<\/h3>\n\n\n\n<ul class=\"wp-block-list\">\n<li><a href=\"\/it\/opzioni-di-filtraggio-del-catalogo-dei-collari\/\">Opzioni di filtraggio del catalogo dei passi<\/a><\/li>\n\n\n\n<li><a href=\"\/it\/strumento-di-aggiornamento-del-catalogo\/\">Strumento di aggiornamento del catalogo personalizzato<\/a> (Christophe Aug\u00e9)<\/li>\n\n\n\n<li><a href=\"\/it\/risolvere-i-problemi-di-collegamento-in-ufficio\/\">Risolvere i problemi di collegamento in Office<\/a><\/li>\n<\/ul>\n\n\n\n<h3 class=\"wp-block-heading\">Mappe e GPS<\/h3>\n\n\n\n<ul class=\"wp-block-list\">\n<li><a href=\"https:\/\/centcols.org\/it\/strati-per-il-vostro-gps-marcel-goll\/\">Livelli per il GPS<\/a> (Marcell Goll)<\/li>\n\n\n\n<li><a href=\"https:\/\/centcols.org\/it\/gestion-des-points-dinteret\/\">Gestione dei punti di interesse (POI) personalizzati sui dispositivi GPS Garmin<\/a> (Bernard Lepin e Marcel Goll)<\/li>\n\n\n\n<li><a href=\"\/it\/creazione-di-un-percorso-con-il-software-garmin-connect\/\">Creare un percorso con il software Garmin Connect<\/a> (Olivier Letoublon)<\/li>\n\n\n\n<li><a href=\"\/it\/coordinate-utm\/\">Guida alle coordinate UTM<\/a> (Patrick Schleppi)<\/li>\n<\/ul>\n\n\n\n<h3 class=\"wp-block-heading\">Lessici<\/h3>\n\n\n\n<ul class=\"wp-block-list\">\n<li><a href=\"https:\/\/centcols.org\/libre_service\/dialecte_alsacien.htm\">Dialetto alsaziano<\/a> (Michel De Br\u00e9bisson)<\/li>\n\n\n\n<li><a href=\"http:\/\/www.sheldonbrown.com\/fren-eng.html\">Il dizionario francese\/inglese dei termini ciclistici<\/a> (inglese)<\/li>\n<\/ul>\n\n\n\n<h3 class=\"wp-block-heading\">Varie<\/h3>\n\n\n\n<ul class=\"wp-block-list\">\n<li><a href=\"https:\/\/centcols.org\/wp-content\/uploads\/2025\/02\/dossier-grimpees-france-1.pdf\" target=\"_blank\" rel=\"noreferrer noopener\">Scheda di arrampicata - Francia<\/a> (PDF 2.5 MB) (Guy Bodoin)<\/li>\n<\/ul>\n<\/div>\n\n\n\n<div class=\"wp-block-column is-layout-flow wp-block-column-is-layout-flow\">\n<h2 class=\"wp-block-heading has-x-large-font-size\">Link utili<\/h2>\n\n\n\n<h3 class=\"wp-block-heading\">Regolamenti :<\/h3>\n\n\n\n<ul class=\"wp-block-list\">\n<li><a href=\"https:\/\/www.mercantour-parcnational.fr\/fr\/raa\/2020-05-pratique-du-velo-tout-terrain-dans-le-coeur-du-parc-national\" target=\"_blank\" rel=\"noreferrer noopener\">Regolamento per le mountain bike nel Parco del Mercantour<\/a><\/li>\n\n\n\n<li><a href=\"https:\/\/www.vanoise-parcnational.fr\/sites\/vanoise-parcnational.fr\/files\/available_docs\/reglementation_cycles_en_coeur_-_2022.pdf\" target=\"_blank\" rel=\"noreferrer noopener\">Regolamentazione del traffico ciclistico nel Parco Nazionale della Vanoise<\/a><\/li>\n\n\n\n<li><a href=\"https:\/\/cevennes-parcnational.fr\/sites\/cevennes-parcnational.fr\/files\/2023-08\/2023-06-30_DEL-20230099_Reglementation-portions-interdites-d%C3%A9conseill%C3%A9es-VTT-VAE.pdf\" target=\"_blank\" rel=\"noreferrer noopener\">Regolamento per la mountain bike nel Parco Nazionale delle C\u00e9vennes<\/a><\/li>\n<\/ul>\n\n\n\n<h3 class=\"wp-block-heading\">Circuiti di tracciamento per gps :<\/h3>\n\n\n\n<ul class=\"wp-block-list\">\n<li><a href=\"https:\/\/www.openrunner.com\" target=\"_blank\" rel=\"noreferrer noopener\">Openrunner<\/a> Il Club des Cent Cols ha avviato una collaborazione. Quando tracciate i vostri itinerari, potete visualizzare i passi sulla mappa e presto potrete spuntare i passi che avete scalato. Uno spazio Cent Cols vi permetter\u00e0 di caricare o scaricare \"topos elettronici\" con il timbro \"Cent Cols\".<\/li>\n<\/ul>\n\n\n\n<h3 class=\"wp-block-heading\">&nbsp;Visualizza le mappe online<\/h3>\n\n\n\n<ul class=\"wp-block-list\">\n<li><a href=\"http:\/\/www.geoportail.gouv.fr\/accueil\" target=\"_blank\" rel=\"noreferrer noopener\">Geoportail<\/a> Sito web IGN. Visualizza mappe a diverse scale, mappe catastali, viste aeree, ecc.<\/li>\n\n\n\n<li><a href=\"http:\/\/map.geo.admin.ch\/?\" target=\"_blank\" rel=\"noreferrer noopener\">SVIZZERA<\/a> Carte della Svizzera a diverse scale (francese, tedesco, italiano, inglese)<\/li>\n\n\n\n<li><a href=\"http:\/\/www.austrianmap.at\/amap\/index.php?SKN=1&amp;XPX=637&amp;YPX=492\" target=\"_blank\" rel=\"noreferrer noopener\">Visualizzazione delle mappe <\/a><a href=\"https:\/\/maps.bev.gv.at\" target=\"_blank\" rel=\"noreferrer noopener\">Austriaco <\/a><a href=\"http:\/\/www.austrianmap.at\/amap\/index.php?SKN=1&amp;XPX=637&amp;YPX=492\" target=\"_blank\" rel=\"noreferrer noopener\">online<\/a> (tedesco)<\/li>\n\n\n\n<li><a href=\"http:\/\/geoportal.bayern.de\/bayernatlas\/?X=5421649.25&amp;Y=4459462.00&amp;zoom=5&amp;lang=de&amp;topic=ba&amp;bgLayer=atkis&amp;catalogNodes=122\" target=\"_blank\" rel=\"noreferrer noopener\">Visualizza le mappe di Baviera online<\/a> (tedesco)<\/li>\n\n\n\n<li><a href=\"http:\/\/www.bing.com\/maps\/?FORM=MMREDR\" target=\"_blank\" rel=\"noreferrer noopener\">Visualizza le mappe inglesi online<\/a> (scala 1:25.000<sup>e<\/sup> propone Ordnance Survey Landranger)<\/li>\n\n\n\n<li><a href=\"http:\/\/srv.icgc.cat\/vissir3\/\" target=\"_blank\" rel=\"noreferrer noopener\">Visualizza le mappe della Catalogna online<\/a><\/li>\n\n\n\n<li><a href=\"http:\/\/www.topozone.com\/\" target=\"_blank\" rel=\"noreferrer noopener\">Topozone<\/a> permette di visualizzare le mappe topografiche USGS a diverse scale; \u00e8 possibile utilizzare diversi criteri di ricerca (in questo esempio viene visualizzato il Lewis &amp; Clark Pass)<\/li>\n<\/ul>\n\n\n\n<h3 class=\"wp-block-heading\">Viaggi<\/h3>\n\n\n\n<ul class=\"wp-block-list\">\n<li><a href=\"https:\/\/fr.warmshowers.org\/\" target=\"_blank\" rel=\"noreferrer noopener\">Riscaldatori<\/a> : la comunit\u00e0 <strong>Docce calde<\/strong> \u00e8 un sistema di scambio gratuito di alloggi per i ciclisti itineranti di tutto il mondo.<\/li>\n<\/ul>\n\n\n\n<h4 class=\"wp-block-heading\">Spagna<\/h4>\n\n\n\n<ul class=\"wp-block-list\">\n<li><a href=\"http:\/\/www.nevasport.com\/sierranevada\/bici\/\" target=\"_blank\" rel=\"noreferrer noopener\">La Sierra Nevada<\/a> Percorsi per mountain bike, rifugi... (spagnolo)<\/li>\n\n\n\n<li><a href=\"https:\/\/centcols.org\/libre_service\/divers\/TENERIFE.HTM\" target=\"_blank\" rel=\"noreferrer noopener\">Tenerife<\/a> (Christian Febvay)<\/li>\n<\/ul>\n\n\n\n<h4 class=\"wp-block-heading\">Italia<\/h4>\n\n\n\n<ul class=\"wp-block-list\">\n<li><a href=\"http:\/\/peverada.it\/mtb\/percorsi\/index.html\" target=\"_blank\" rel=\"noreferrer noopener\">Mountain Bike in Piemonte<\/a> molto ben fatto, contiene molti percorsi con descrizioni, profili e foto (italiano)<\/li>\n<\/ul>\n\n\n\n<h4 class=\"wp-block-heading\">Svizzera<\/h4>\n\n\n\n<ul class=\"wp-block-list\">\n<li><a href=\"http:\/\/www.myswitzerland.com\/fr-fr\/accueil.html\" target=\"_blank\" rel=\"noreferrer noopener\">MySwitzerland.com<\/a>il sito generalista, offre molti percorsi interessanti con itinerari, pendenze e difficolt\u00e0, e persino \"waypoint\".<\/li>\n<\/ul>\n\n\n\n<h4 class=\"wp-block-heading\">&nbsp;Stati Uniti<\/h4>\n\n\n\n<ul class=\"wp-block-list\">\n<li><a href=\"https:\/\/centcols.org\/libre_service\/divers\/montee_des_usa.htm\" target=\"_blank\" rel=\"noreferrer noopener\">Elenco delle pi\u00f9 belle salite degli USA<\/a> (Francis Cooke)<\/li>\n<\/ul>\n\n\n\n<h3 class=\"wp-block-heading\">Libreria<\/h3>\n\n\n\n<ul class=\"wp-block-list\">\n<li><a href=\"https:\/\/centcols.org\/libre_service\/divers\/ou_acheter_cartes_internet.htm\">Dove acquistare le carte online<\/a> (Bernard Pommel)<\/li>\n\n\n\n<li><a href=\"https:\/\/centcols.org\/libre_service\/divers\/librairies_specialisees.htm\">Librerie specializzate<\/a> (Bernard Pommel)<\/li>\n\n\n\n<li><a href=\"http:\/\/www.prames.com\/homepage.asp\" target=\"_blank\" rel=\"noreferrer noopener\">Aragona : PRAMES<\/a> (Proyectos y Realizaciones Aragonesas de Montana, Escalada y Senderismo), un'emanazione della Federazione montana aragonese, pubblica carte escursionistiche, soprattutto per le zone montane dell'Aragona (in spagnolo).<\/li>\n<\/ul>\n<\/div>\n<\/div>","protected":false},"excerpt":{"rendered":"<p>Cassette degli attrezzi Foto Manuali per computer Cataloghi e aggiornamenti dei passaggi Mappe e GPS Lessico Varie Link utili Regolamenti: Tracciare percorsi per il GPS: Visualizzazione di mappe online Itinerari, viaggi Spagna Italia Svizzera Stati Uniti Libreria<\/p>","protected":false},"author":2,"featured_media":0,"parent":0,"menu_order":0,"comment_status":"open","ping_status":"closed","template":"","meta":{"_acf_changed":false,"footnotes":""},"class_list":["post-79323","page","type-page","status-publish","hentry"],"acf":[],"yoast_head":"<!-- This site is optimized with the Yoast SEO plugin v27.2 - https:\/\/yoast.com\/product\/yoast-seo-wordpress\/ -->\n<title>Trucs &amp; Trocs - Club des Cent Cols<\/title>\n<meta name=\"robots\" content=\"index, follow, max-snippet:-1, max-image-preview:large, max-video-preview:-1\" \/>\n<link rel=\"canonical\" href=\"https:\/\/centcols.org\/it\/consigli-per-il-baratto\/\" \/>\n<meta property=\"og:locale\" content=\"it_IT\" \/>\n<meta property=\"og:type\" content=\"article\" \/>\n<meta property=\"og:title\" content=\"Trucs &amp; Trocs - Club des Cent Cols\" \/>\n<meta property=\"og:description\" content=\"Bo\u00eetes \u00e0 outils Photos Modes d&#8217;emploi informatiques Catalogues de cols et mises \u00e0 jour Cartes et GPS Lexiques Divers Liens utiles R\u00e8glementation : Tra\u00e7age de circuits pour gps : &nbsp;Visualisation de cartes en ligne Parcours, voyages Espagne Italie Suisse &nbsp;Etats-Unis Librairie\" \/>\n<meta property=\"og:url\" content=\"https:\/\/centcols.org\/it\/consigli-per-il-baratto\/\" \/>\n<meta property=\"og:site_name\" content=\"Club des Cent Cols\" \/>\n<meta property=\"article:publisher\" content=\"https:\/\/www.facebook.com\/groups\/5261880558\/?locale=fr_FR\" \/>\n<meta property=\"article:modified_time\" content=\"2025-09-12T04:44:07+00:00\" \/>\n<meta name=\"twitter:card\" content=\"summary_large_image\" \/>\n<meta name=\"twitter:label1\" content=\"Tempo di lettura stimato\" \/>\n\t<meta name=\"twitter:data1\" content=\"3 minuti\" \/>\n<script type=\"application\/ld+json\" class=\"yoast-schema-graph\">{\"@context\":\"https:\/\/schema.org\",\"@graph\":[{\"@type\":\"WebPage\",\"@id\":\"https:\/\/centcols.org\/trucs-trocs\/\",\"url\":\"https:\/\/centcols.org\/trucs-trocs\/\",\"name\":\"Trucs &amp; Trocs - Club des Cent Cols\",\"isPartOf\":{\"@id\":\"https:\/\/centcols.org\/#website\"},\"datePublished\":\"2025-02-05T08:00:16+00:00\",\"dateModified\":\"2025-09-12T04:44:07+00:00\",\"breadcrumb\":{\"@id\":\"https:\/\/centcols.org\/trucs-trocs\/#breadcrumb\"},\"inLanguage\":\"it-IT\",\"potentialAction\":[{\"@type\":\"ReadAction\",\"target\":[\"https:\/\/centcols.org\/trucs-trocs\/\"]}]},{\"@type\":\"BreadcrumbList\",\"@id\":\"https:\/\/centcols.org\/trucs-trocs\/#breadcrumb\",\"itemListElement\":[{\"@type\":\"ListItem\",\"position\":1,\"name\":\"Accueil\",\"item\":\"https:\/\/centcols.org\/\"},{\"@type\":\"ListItem\",\"position\":2,\"name\":\"Trucs &amp; Trocs\"}]},{\"@type\":\"WebSite\",\"@id\":\"https:\/\/centcols.org\/#website\",\"url\":\"https:\/\/centcols.org\/\",\"name\":\"Club des Cent Cols\",\"description\":\"\",\"publisher\":{\"@id\":\"https:\/\/centcols.org\/#organization\"},\"potentialAction\":[{\"@type\":\"SearchAction\",\"target\":{\"@type\":\"EntryPoint\",\"urlTemplate\":\"https:\/\/centcols.org\/?s={search_term_string}\"},\"query-input\":{\"@type\":\"PropertyValueSpecification\",\"valueRequired\":true,\"valueName\":\"search_term_string\"}}],\"inLanguage\":\"it-IT\"},{\"@type\":\"Organization\",\"@id\":\"https:\/\/centcols.org\/#organization\",\"name\":\"Club des Cent Cols\",\"url\":\"https:\/\/centcols.org\/\",\"logo\":{\"@type\":\"ImageObject\",\"inLanguage\":\"it-IT\",\"@id\":\"https:\/\/centcols.org\/#\/schema\/logo\/image\/\",\"url\":\"https:\/\/centcols.org\/wp-content\/uploads\/2025\/01\/carte-icone.png\",\"contentUrl\":\"https:\/\/centcols.org\/wp-content\/uploads\/2025\/01\/carte-icone.png\",\"width\":250,\"height\":250,\"caption\":\"Club des Cent Cols\"},\"image\":{\"@id\":\"https:\/\/centcols.org\/#\/schema\/logo\/image\/\"},\"sameAs\":[\"https:\/\/www.facebook.com\/groups\/5261880558\/?locale=fr_FR\"]}]}<\/script>\n<!-- \/ Yoast SEO plugin. -->","yoast_head_json":{"title":"Trucs &amp; Trocs - Club des Cent Cols","robots":{"index":"index","follow":"follow","max-snippet":"max-snippet:-1","max-image-preview":"max-image-preview:large","max-video-preview":"max-video-preview:-1"},"canonical":"https:\/\/centcols.org\/it\/consigli-per-il-baratto\/","og_locale":"it_IT","og_type":"article","og_title":"Trucs &amp; Trocs - Club des Cent Cols","og_description":"Bo\u00eetes \u00e0 outils Photos Modes d&#8217;emploi informatiques Catalogues de cols et mises \u00e0 jour Cartes et GPS Lexiques Divers Liens utiles R\u00e8glementation : Tra\u00e7age de circuits pour gps : &nbsp;Visualisation de cartes en ligne Parcours, voyages Espagne Italie Suisse &nbsp;Etats-Unis Librairie","og_url":"https:\/\/centcols.org\/it\/consigli-per-il-baratto\/","og_site_name":"Club des Cent Cols","article_publisher":"https:\/\/www.facebook.com\/groups\/5261880558\/?locale=fr_FR","article_modified_time":"2025-09-12T04:44:07+00:00","twitter_card":"summary_large_image","twitter_misc":{"Tempo di lettura stimato":"3 minuti"},"schema":{"@context":"https:\/\/schema.org","@graph":[{"@type":"WebPage","@id":"https:\/\/centcols.org\/trucs-trocs\/","url":"https:\/\/centcols.org\/trucs-trocs\/","name":"Trucs &amp; Trocs - Club des Cent Cols","isPartOf":{"@id":"https:\/\/centcols.org\/#website"},"datePublished":"2025-02-05T08:00:16+00:00","dateModified":"2025-09-12T04:44:07+00:00","breadcrumb":{"@id":"https:\/\/centcols.org\/trucs-trocs\/#breadcrumb"},"inLanguage":"it-IT","potentialAction":[{"@type":"ReadAction","target":["https:\/\/centcols.org\/trucs-trocs\/"]}]},{"@type":"BreadcrumbList","@id":"https:\/\/centcols.org\/trucs-trocs\/#breadcrumb","itemListElement":[{"@type":"ListItem","position":1,"name":"Accueil","item":"https:\/\/centcols.org\/"},{"@type":"ListItem","position":2,"name":"Trucs &amp; Trocs"}]},{"@type":"WebSite","@id":"https:\/\/centcols.org\/#website","url":"https:\/\/centcols.org\/","name":"Club des Cent Cols","description":"","publisher":{"@id":"https:\/\/centcols.org\/#organization"},"potentialAction":[{"@type":"SearchAction","target":{"@type":"EntryPoint","urlTemplate":"https:\/\/centcols.org\/?s={search_term_string}"},"query-input":{"@type":"PropertyValueSpecification","valueRequired":true,"valueName":"search_term_string"}}],"inLanguage":"it-IT"},{"@type":"Organization","@id":"https:\/\/centcols.org\/#organization","name":"Club des Cent Cols","url":"https:\/\/centcols.org\/","logo":{"@type":"ImageObject","inLanguage":"it-IT","@id":"https:\/\/centcols.org\/#\/schema\/logo\/image\/","url":"https:\/\/centcols.org\/wp-content\/uploads\/2025\/01\/carte-icone.png","contentUrl":"https:\/\/centcols.org\/wp-content\/uploads\/2025\/01\/carte-icone.png","width":250,"height":250,"caption":"Club des Cent Cols"},"image":{"@id":"https:\/\/centcols.org\/#\/schema\/logo\/image\/"},"sameAs":["https:\/\/www.facebook.com\/groups\/5261880558\/?locale=fr_FR"]}]}},"_links":{"self":[{"href":"https:\/\/centcols.org\/it\/wp-json\/wp\/v2\/pages\/79323","targetHints":{"allow":["GET"]}}],"collection":[{"href":"https:\/\/centcols.org\/it\/wp-json\/wp\/v2\/pages"}],"about":[{"href":"https:\/\/centcols.org\/it\/wp-json\/wp\/v2\/types\/page"}],"author":[{"embeddable":true,"href":"https:\/\/centcols.org\/it\/wp-json\/wp\/v2\/users\/2"}],"replies":[{"embeddable":true,"href":"https:\/\/centcols.org\/it\/wp-json\/wp\/v2\/comments?post=79323"}],"version-history":[{"count":0,"href":"https:\/\/centcols.org\/it\/wp-json\/wp\/v2\/pages\/79323\/revisions"}],"wp:attachment":[{"href":"https:\/\/centcols.org\/it\/wp-json\/wp\/v2\/media?parent=79323"}],"curies":[{"name":"wp","href":"https:\/\/api.w.org\/{rel}","templated":true}]}}