{"id":79344,"date":"2025-02-05T10:00:16","date_gmt":"2025-02-05T08:00:16","guid":{"rendered":"https:\/\/centcols.org\/flux-rss\/"},"modified":"2025-02-05T10:00:16","modified_gmt":"2025-02-05T08:00:16","slug":"feed-rss","status":"publish","type":"page","link":"https:\/\/centcols.org\/it\/flux-rss\/","title":{"rendered":"Feed RSS"},"content":{"rendered":"<p>A <em>Feed RSS<\/em> (RSS \u00e8 l'acronimo di Really Simple Syndication) \u00e8 un feed che consente agli abbonati di recuperare automaticamente parte (titolo o estratto) o tutto un articolo appena creato. Il <em>Feed RSS <\/em>permettono di tenersi aggiornati su un sito senza doverlo visitare. I file RSS possono essere letti dai browser web pi\u00f9 recenti, da applicazioni web specializzate o anche dal software di posta elettronica installato sul computer.<\/p>\n<p>I feed RSS possono essere utilizzati anche per creare collegamenti automatici tra i siti.<\/p>\n<p><strong>Iscrivendovi, sarete informati automaticamente e in tempo reale degli ultimi aggiornamenti del sito.<\/strong><\/p>\n<h2>Iscrizione in un software di posta elettronica<\/h2>\n<p>Copiate l'url sottostante per abbonarvi al feed RSS nel vostro software di posta elettronica:<\/p>\n<p>https:\/\/centcols.org\/feed\/<\/p>\n<p><a href=\"https:\/\/centcols.org\/it\/configurer-messagerie-pour-flux-rss\/\" target=\"_blank\" rel=\"noopener noreferrer\">Fare clic qui per vedere la documentazione dettagliata<\/a><\/p>\n<h2>Abbonarsi in un browser<\/h2>\n<p>La maggior parte dei browser non offre pi\u00f9 la funzione RSS di default. \u00c8 quindi necessario iniziare installando un'estensione. Aprite \"estensioni\" o \"componenti aggiuntivi\" o qualcosa di simile nel menu del browser e cercate \"rss\". Le estensioni disponibili dipendono dal browser (Firefox, Chrome, Edge, Safari, Opera, ecc.) e cambiano nel tempo. Per questo motivo non possiamo darvi consigli pi\u00f9 specifici in questa sede. Fate quindi le vostre ricerche sulle estensioni attuali per il vostro browser preferito. Dopo l'installazione, cliccate sul link sottostante per abbonarvi:<\/p>\n<p><a href=\"https:\/\/centcols.org\/it\/feed\/\" target=\"_blank\" rel=\"noopener noreferrer\">https:\/\/centcols.org\/feed\/<\/a><\/p>\n<h2>Abbonamento con software specifico<\/h2>\n<p>Se il vostro programma di posta elettronica non offre la possibilit\u00e0 di abbonarsi a un feed RSS, provate con un programma specifico per questa funzione. Si consiglia di effettuare una ricerca su Internet per \"rss reader for ...\", sostituendo l'ellissi con il proprio sistema operativo (\"linux\", \"windows\", \"mac os\", \"android\"...).<\/p>\n<p>&nbsp;<\/p>","protected":false},"excerpt":{"rendered":"<p>Un flux RSS (RSS est le sigle pour Really Simple Syndication) est un flux\u00a0 permettant \u00e0 ses abonn\u00e9s de r\u00e9cup\u00e9rer automatiquement une partie (titre ou extrait) ou la totalit\u00e9 d\u2019un article nouvellement cr\u00e9\u00e9. Les flux RSS permettent de suivre l&rsquo;actualit\u00e9 d&rsquo;un site sans \u00eatre oblig\u00e9 de le visiter. Le fichier RSS a la possibilit\u00e9 d&rsquo;\u00eatre [&hellip;]<\/p>\n","protected":false},"author":2,"featured_media":0,"parent":0,"menu_order":0,"comment_status":"open","ping_status":"open","template":"","meta":{"_acf_changed":false,"footnotes":""},"class_list":["post-79344","page","type-page","status-publish","hentry"],"acf":[],"yoast_head":"<!-- This site is optimized with the Yoast SEO plugin v27.2 - https:\/\/yoast.com\/product\/yoast-seo-wordpress\/ -->\n<title>Flux RSS - Club des Cent Cols<\/title>\n<meta name=\"robots\" content=\"index, follow, max-snippet:-1, max-image-preview:large, max-video-preview:-1\" \/>\n<link rel=\"canonical\" href=\"https:\/\/centcols.org\/it\/feed-rss\/\" \/>\n<meta property=\"og:locale\" content=\"it_IT\" \/>\n<meta property=\"og:type\" content=\"article\" \/>\n<meta property=\"og:title\" content=\"Flux RSS - Club des Cent Cols\" \/>\n<meta property=\"og:description\" content=\"Un flux RSS (RSS est le sigle pour Really Simple Syndication) est un flux\u00a0 permettant \u00e0 ses abonn\u00e9s de r\u00e9cup\u00e9rer automatiquement une partie (titre ou extrait) ou la totalit\u00e9 d\u2019un article nouvellement cr\u00e9\u00e9. Les flux RSS permettent de suivre l&rsquo;actualit\u00e9 d&rsquo;un site sans \u00eatre oblig\u00e9 de le visiter. Le fichier RSS a la possibilit\u00e9 d&rsquo;\u00eatre [&hellip;]\" \/>\n<meta property=\"og:url\" content=\"https:\/\/centcols.org\/it\/feed-rss\/\" \/>\n<meta property=\"og:site_name\" content=\"Club des Cent Cols\" \/>\n<meta property=\"article:publisher\" content=\"https:\/\/www.facebook.com\/groups\/5261880558\/?locale=fr_FR\" \/>\n<meta name=\"twitter:card\" content=\"summary_large_image\" \/>\n<meta name=\"twitter:label1\" content=\"Tempo di lettura stimato\" \/>\n\t<meta name=\"twitter:data1\" content=\"2 minuti\" \/>\n<script type=\"application\/ld+json\" class=\"yoast-schema-graph\">{\"@context\":\"https:\/\/schema.org\",\"@graph\":[{\"@type\":\"WebPage\",\"@id\":\"https:\/\/centcols.org\/flux-rss\/\",\"url\":\"https:\/\/centcols.org\/flux-rss\/\",\"name\":\"Flux RSS - Club des Cent Cols\",\"isPartOf\":{\"@id\":\"https:\/\/centcols.org\/#website\"},\"datePublished\":\"2025-02-05T08:00:16+00:00\",\"breadcrumb\":{\"@id\":\"https:\/\/centcols.org\/flux-rss\/#breadcrumb\"},\"inLanguage\":\"it-IT\",\"potentialAction\":[{\"@type\":\"ReadAction\",\"target\":[\"https:\/\/centcols.org\/flux-rss\/\"]}]},{\"@type\":\"BreadcrumbList\",\"@id\":\"https:\/\/centcols.org\/flux-rss\/#breadcrumb\",\"itemListElement\":[{\"@type\":\"ListItem\",\"position\":1,\"name\":\"Accueil\",\"item\":\"https:\/\/centcols.org\/\"},{\"@type\":\"ListItem\",\"position\":2,\"name\":\"Flux RSS\"}]},{\"@type\":\"WebSite\",\"@id\":\"https:\/\/centcols.org\/#website\",\"url\":\"https:\/\/centcols.org\/\",\"name\":\"Club des Cent Cols\",\"description\":\"\",\"publisher\":{\"@id\":\"https:\/\/centcols.org\/#organization\"},\"potentialAction\":[{\"@type\":\"SearchAction\",\"target\":{\"@type\":\"EntryPoint\",\"urlTemplate\":\"https:\/\/centcols.org\/?s={search_term_string}\"},\"query-input\":{\"@type\":\"PropertyValueSpecification\",\"valueRequired\":true,\"valueName\":\"search_term_string\"}}],\"inLanguage\":\"it-IT\"},{\"@type\":\"Organization\",\"@id\":\"https:\/\/centcols.org\/#organization\",\"name\":\"Club des Cent Cols\",\"url\":\"https:\/\/centcols.org\/\",\"logo\":{\"@type\":\"ImageObject\",\"inLanguage\":\"it-IT\",\"@id\":\"https:\/\/centcols.org\/#\/schema\/logo\/image\/\",\"url\":\"https:\/\/centcols.org\/wp-content\/uploads\/2025\/01\/carte-icone.png\",\"contentUrl\":\"https:\/\/centcols.org\/wp-content\/uploads\/2025\/01\/carte-icone.png\",\"width\":250,\"height\":250,\"caption\":\"Club des Cent Cols\"},\"image\":{\"@id\":\"https:\/\/centcols.org\/#\/schema\/logo\/image\/\"},\"sameAs\":[\"https:\/\/www.facebook.com\/groups\/5261880558\/?locale=fr_FR\"]}]}<\/script>\n<!-- \/ Yoast SEO plugin. -->","yoast_head_json":{"title":"Feed RSS - Club des Cent Cols","robots":{"index":"index","follow":"follow","max-snippet":"max-snippet:-1","max-image-preview":"max-image-preview:large","max-video-preview":"max-video-preview:-1"},"canonical":"https:\/\/centcols.org\/it\/feed-rss\/","og_locale":"it_IT","og_type":"article","og_title":"Flux RSS - Club des Cent Cols","og_description":"Un flux RSS (RSS est le sigle pour Really Simple Syndication) est un flux\u00a0 permettant \u00e0 ses abonn\u00e9s de r\u00e9cup\u00e9rer automatiquement une partie (titre ou extrait) ou la totalit\u00e9 d\u2019un article nouvellement cr\u00e9\u00e9. Les flux RSS permettent de suivre l&rsquo;actualit\u00e9 d&rsquo;un site sans \u00eatre oblig\u00e9 de le visiter. Le fichier RSS a la possibilit\u00e9 d&rsquo;\u00eatre [&hellip;]","og_url":"https:\/\/centcols.org\/it\/feed-rss\/","og_site_name":"Club des Cent Cols","article_publisher":"https:\/\/www.facebook.com\/groups\/5261880558\/?locale=fr_FR","twitter_card":"summary_large_image","twitter_misc":{"Tempo di lettura stimato":"2 minuti"},"schema":{"@context":"https:\/\/schema.org","@graph":[{"@type":"WebPage","@id":"https:\/\/centcols.org\/flux-rss\/","url":"https:\/\/centcols.org\/flux-rss\/","name":"Feed RSS - Club des Cent Cols","isPartOf":{"@id":"https:\/\/centcols.org\/#website"},"datePublished":"2025-02-05T08:00:16+00:00","breadcrumb":{"@id":"https:\/\/centcols.org\/flux-rss\/#breadcrumb"},"inLanguage":"it-IT","potentialAction":[{"@type":"ReadAction","target":["https:\/\/centcols.org\/flux-rss\/"]}]},{"@type":"BreadcrumbList","@id":"https:\/\/centcols.org\/flux-rss\/#breadcrumb","itemListElement":[{"@type":"ListItem","position":1,"name":"Accueil","item":"https:\/\/centcols.org\/"},{"@type":"ListItem","position":2,"name":"Flux RSS"}]},{"@type":"WebSite","@id":"https:\/\/centcols.org\/#website","url":"https:\/\/centcols.org\/","name":"Club des Cent Cols","description":"","publisher":{"@id":"https:\/\/centcols.org\/#organization"},"potentialAction":[{"@type":"SearchAction","target":{"@type":"EntryPoint","urlTemplate":"https:\/\/centcols.org\/?s={search_term_string}"},"query-input":{"@type":"PropertyValueSpecification","valueRequired":true,"valueName":"search_term_string"}}],"inLanguage":"it-IT"},{"@type":"Organization","@id":"https:\/\/centcols.org\/#organization","name":"Club des Cent Cols","url":"https:\/\/centcols.org\/","logo":{"@type":"ImageObject","inLanguage":"it-IT","@id":"https:\/\/centcols.org\/#\/schema\/logo\/image\/","url":"https:\/\/centcols.org\/wp-content\/uploads\/2025\/01\/carte-icone.png","contentUrl":"https:\/\/centcols.org\/wp-content\/uploads\/2025\/01\/carte-icone.png","width":250,"height":250,"caption":"Club des Cent Cols"},"image":{"@id":"https:\/\/centcols.org\/#\/schema\/logo\/image\/"},"sameAs":["https:\/\/www.facebook.com\/groups\/5261880558\/?locale=fr_FR"]}]}},"_links":{"self":[{"href":"https:\/\/centcols.org\/it\/wp-json\/wp\/v2\/pages\/79344","targetHints":{"allow":["GET"]}}],"collection":[{"href":"https:\/\/centcols.org\/it\/wp-json\/wp\/v2\/pages"}],"about":[{"href":"https:\/\/centcols.org\/it\/wp-json\/wp\/v2\/types\/page"}],"author":[{"embeddable":true,"href":"https:\/\/centcols.org\/it\/wp-json\/wp\/v2\/users\/2"}],"replies":[{"embeddable":true,"href":"https:\/\/centcols.org\/it\/wp-json\/wp\/v2\/comments?post=79344"}],"version-history":[{"count":0,"href":"https:\/\/centcols.org\/it\/wp-json\/wp\/v2\/pages\/79344\/revisions"}],"wp:attachment":[{"href":"https:\/\/centcols.org\/it\/wp-json\/wp\/v2\/media?parent=79344"}],"curies":[{"name":"wp","href":"https:\/\/api.w.org\/{rel}","templated":true}]}}