{"id":79345,"date":"2025-02-05T10:00:16","date_gmt":"2025-02-05T08:00:16","guid":{"rendered":"https:\/\/centcols.org\/liste-de-discussion\/"},"modified":"2026-02-18T13:45:27","modified_gmt":"2026-02-18T11:45:27","slug":"elenco-di-discussione","status":"publish","type":"page","link":"https:\/\/centcols.org\/it\/liste-de-discussion\/","title":{"rendered":"Lista di discussione"},"content":{"rendered":"<p>Lo scopo principale della lista di discussione \u00e8 quello di consentire ai membri del Club des Cent Cols di scambiare informazioni su argomenti relativi al nostro cicloturismo.<\/p>\n\n\n\n<h2 class=\"wp-block-heading\">Iscrizione<\/h2>\n\n\n\n<p>Se siete membri del Club des Cent Cols, potete iscrivervi alla lista di discussione semplicemente inviando un'e-mail vuota.<\/p>\n\n\n\n<p>al seguente indirizzo <a class=\"moz-txt-link-abbreviated mailto-link\" href=\"\/it\/&\/#109;&#x61;&#x69;&#108;&#x74;&#x6f;&#58;&#x63;&#x65;&#110;&#x74;&#x2d;&#99;&#x6f;&#x6c;&#115;&#x2b;&#x73;&#117;&#x62;&#x73;&#99;&#x72;&#x69;&#98;&#x65;&#x40;g&#x72;&#x6f;u&#x70;&#x73;&#46;&#105;&#x6f;\" target=\"_blank\" rel=\"noopener\">cent-cols+subscribe@groups.io<\/a><\/p>\n\n\n\n<p>Il primo messaggio pu\u00f2 essere l'occasione per presentarsi brevemente (cognome, nome, regione di residenza, interessi ciclistici, altri interessi, sito web personale, qualsiasi cosa che ci aiuti a conoscervi meglio).<\/p>\n\n\n\n<p>I gestori delle liste sono attualmente :<br>Philippe Carrez (ex membro del Consiglio di Amministrazione del club, <a href=\"\/it\/m&\/#97;&#x69;&#x6c;t&#111;&#58;&#x63;&#x61;r&#114;&#x65;&#x7a;&#46;&#112;&#104;&#x69;&#x6c;i&#112;&#x70;&#x65;&#64;&#102;&#114;&#x65;&#x65;&#46;&#102;&#x72;\">carrez.philippe@free.fr<\/a>)<br>Enrico Alberini (ex presidente del club, <a href=\"\/it\/&\/#x6d;&#x61;&#105;l&#x74;&#x6f;&#58;&#97;l&#x62;&#x65;&#114;&#105;n&#x69;&#x2e;&#101;nr&#x69;&#x63;&#111;&#64;&#x76;&#x69;&#114;&#103;i&#x6c;&#x69;&#111;&#46;i&#x74;\">alberini.enrico@virgilio.it<\/a>)<\/p>\n\n\n\n<p>Per annullare l'iscrizione, <a href=\"\/it\/&\/#x6d;&#97;i&#x6c;&#116;o&#x3a;&#99;e&#x6e;&#116;-&#x63;&#111;l&#x73;&#43;u&#x6e;&#115;u&#x62;&#115;c&#x72;&#105;b&#x65;&#64;g&#x72;&#111;u&#x70;&#115;&#46;&#x69;&#111;\" target=\"_blank\" rel=\"noopener\">clicca qui<\/a><\/p>\n\n\n\n<p>In caso di cambiamento di indirizzo, si prega di cancellare il vecchio indirizzo e di presentare nuovamente la domanda per quello nuovo. L'indirizzo registrato sul modulo di adesione \u00e8 indipendente dall'indirizzo utilizzato per questo elenco. In caso di cambiamento, non \u00e8 quindi necessario modificare nessuno dei due.<\/p>\n\n\n\n<p>Vedi modulo di adesione : <a href=\"https:\/\/centcols.org\/membres\/th\/profilM.php\">https:\/\/centcols.org\/membres\/th\/profilM.php<\/a><\/p>\n\n\n\n<div class=\"wp-block-columns is-layout-flex wp-container-core-columns-is-layout-9d6595d7 wp-block-columns-is-layout-flex\">\n<div class=\"wp-block-column is-layout-flow wp-block-column-is-layout-flow\" style=\"flex-basis:66.66%\">\n<h2 class=\"wp-block-heading\">Lista di discussione del Club Cent Cols<\/h2>\n\n\n\n<p>La presente carta descrive le condizioni di utilizzo della lista di discussione del Club des Cent Cols.<\/p>\n\n\n\n<h3 class=\"wp-block-heading\"><strong>Soggetti<\/strong><\/h3>\n\n\n\n<p>Tutti gli argomenti riguardanti le attivit\u00e0 del nostro club o legati alla pratica del cicloturismo in generale e al cicloturismo di montagna in particolare possono essere trattati in questa mailing list. Sono invece severamente vietati tutti gli argomenti di natura politica o religiosa in particolare, o che possano in generale dare adito a polemiche.<\/p>\n\n\n\n<p>\u00c8 possibile, occasionalmente e con moderazione, allontanarsi dal tema sportivo proponendo argomenti legati alla cultura generale, ad esempio. Il buon umore e l'umorismo non solo sono consentiti, ma anche richiesti, nel rispetto di un'etica basata sul buon gusto generalmente accettato.<\/p>\n\n\n\n<h3 class=\"wp-block-heading\"><strong>Comportamento sociale<\/strong><\/h3>\n\n\n\n<p>Affinch\u00e9 questa lista rimanga attraente, conviviale e interessante per tutti i suoi iscritti, \u00e8 importante rispettare alcune regole elementari e ovvie. La cortesia \u00e8 d'obbligo in ogni circostanza (ad esempio, scrivere \u00abbuongiorno\u00bb all'inizio di un'e-mail). \u00c8 consigliabile usare un tono cortese, che risulta piacevole. Al contrario, \u00e8 da evitare un atteggiamento sgradevole, aggressivo o offensivo.<\/p>\n\n\n\n<p>Non abbiate alcun timore nell'affrontare qualsiasi argomento di vostra scelta nell'ambito consentito, anche se probabilmente \u00e8 gi\u00e0 stato trattato in precedenza. La risposta sar\u00e0 sempre paziente e amichevole. La tolleranza in ogni aspetto \u00e8 fortemente auspicabile.<\/p>\n<\/div>\n\n\n\n<div class=\"wp-block-column has-background is-layout-flow wp-block-column-is-layout-flow\" style=\"background-color:#ececec;flex-basis:33.33%\">\n<h3 class=\"wp-block-heading has-text-align-center\">Nota<\/h3>\n\n\n<div class=\"wp-block-image\">\n<figure class=\"aligncenter size-full\"><img loading=\"lazy\" decoding=\"async\" width=\"100\" height=\"100\" src=\"https:\/\/centcols.org\/wp-content\/uploads\/2025\/08\/icons8-note-100.png\" alt=\"\" class=\"wp-image-88085\" srcset=\"https:\/\/centcols.org\/wp-content\/uploads\/2025\/08\/icons8-note-100.png 100w, https:\/\/centcols.org\/wp-content\/uploads\/2025\/08\/icons8-note-100-12x12.png 12w\" sizes=\"auto, (max-width: 100px) 100vw, 100px\" \/><\/figure>\n<\/div>\n\n\n<p class=\"has-text-align-center\">Per evitare di vedere i messaggi inviati da \u00abNome Cognome\u00bb, \u00e8 necessario modificare il proprio profilo:<\/p>\n\n\n\n<ul class=\"wp-block-list\">\n<li>andare su https:\/\/groups.io;<\/li>\n\n\n\n<li>cliccare su \u00abAccedi\u00bb nell'angolo in alto a destra;<\/li>\n\n\n\n<li>inserite il vostro indirizzo e-mail in Indirizzo e-mail e cliccate su \u00abAvete dimenticato la password o non ne avete ancora una?;<\/li>\n\n\n\n<li>un link verr\u00e0 inviato alla vostra casella di posta elettronica. Facendo clic su questo link, si accede alla pagina iniziale del proprio profilo;<\/li>\n\n\n\n<li>fare clic su \u00abIdentit\u00e0\u00bb a sinistra;<\/li>\n\n\n\n<li>\u00e8 possibile modificare il proprio profilo generale (riquadro in alto) e il proprio profilo Cento Passi facendo clic sul pulsante \u00abModifica\u00bb corrispondente;<\/li>\n\n\n\n<li>\u00c8 il profilo Cent Cols che ci interessa: qui \u00e8 possibile modificare il proprio Nome visualizzato. Questo \u00e8 il nome che apparir\u00e0 come mittente quando si invia un messaggio alla lista;<\/li>\n\n\n\n<li>Non dimenticate di cliccare su \u00abAggiorna profilo del gruppo\u00bb in fondo alla pagina per salvare le modifiche.<\/li>\n<\/ul>\n\n\n\n<p class=\"has-text-align-center\">Poi basta inviare i messaggi a :<br>cent-cols@groups.io<\/p>\n<\/div>\n<\/div>\n\n\n\n<h3 class=\"wp-block-heading\"><strong>Aspetti pratici<\/strong><\/h3>\n\n\n\n<p>Oggetto del messaggio: assicuratevi che il titolo sia esplicito e breve. Ricordate di modificare l'oggetto del messaggio se la nostra risposta differisce in modo significativo dall'oggetto originale.<\/p>\n\n\n\n<p>Evitiamo di accumulare messaggi citati e conserviamo solo quelli che presentano un interesse comprovato per il proseguimento della conversazione.<\/p>\n\n\n\n<p>Non sono consentiti foto, documenti e allegati inseriti direttamente in un messaggio. Tuttavia, \u00e8 gradito un link a un montaggio di foto o a un sito web interessante direttamente collegato alla nostra attivit\u00e0.<\/p>\n\n\n\n<p>L\u2019anonymat n\u2019est pas accept\u00e9 et en cas de pseudonyme, le nom et l\u2019adresse internet doivent appara\u00eetre dans les messages que vous envoyez \u00e0 la liste (voir aussi la note sur cet article). Il est recommand\u00e9 de ne pas envoyer sur la liste un message \u00e0 caract\u00e8re personnel. Si vous souhaitez r\u00e9pondre \u00e0 une seule et unique personne, veillez \u00e0 supprimer l&rsquo;adresse &#x63;&#x65;&#110;&#116;-c&#x6f;&#x6c;&#x73;&#64;gr&#x6f;&#x75;&#x70;&#115;&#46;i&#x6f; dans le champ destinataire, et \u00e0 n&rsquo;indiquer que celle du destinataire concern\u00e9.<\/p>\n\n\n\n<h3 class=\"wp-block-heading\"><strong>Interesse per l'argomento&nbsp;<\/strong><\/h3>\n\n\n\n<p>Teniamo presente che non tutti gli argomenti interessano necessariamente tutti gli abbonati. Se le e-mail relative a un determinato argomento non suscitano il vostro interesse, \u00e8 preferibile cancellarle dalla vostra casella di posta piuttosto che protestare.<\/p>\n\n\n\n<p>D'altra parte, \u00e8 anche importante non sovraccaricare la lista con numerose e-mail ridondanti che non forniscono pi\u00f9 alcuna nuova informazione. Potete anche suggerire ai vostri contatti di continuare la discussione in corso in un gruppo privato di persone interessate all'argomento, prima di condividere le vostre conclusioni sulla lista.<\/p>\n\n\n\n<h3 class=\"wp-block-heading\"><strong>Lingua<\/strong><\/h3>\n\n\n\n<p>Ognuno \u00e8 libero di usare la lingua che preferisce, ma il messaggio non sar\u00e0 comprensibile alla maggioranza se non include anche una versione in francese, la lingua pi\u00f9 utilizzata dagli iscritti. La traduzione dal francese in un'altra lingua di un'e-mail interessante sar\u00e0 la prova dell'interesse che nutriamo nei confronti dei nostri amici non francofoni.<\/p>\n\n\n\n<h3 class=\"wp-block-heading\"><strong>Moderazione<\/strong><\/h3>\n\n\n\n<p>Tenuto conto dei limiti dei temi trattabili e del comportamento adeguato da adottare, non \u00e8 quindi prevista una moderazione preventiva da parte dei gestori. \u00c8 possibile che si verifichino errori rispetto alla presente carta. L'autore potr\u00e0 quindi scusarsi sulla lista non appena se ne accorge. Se la deviazione viene rilevata da una terza parte, si consiglia vivamente a quest'ultima di chiedere cortesemente spiegazioni all'autore, poich\u00e9 potrebbe trattarsi di un errore e non di una volont\u00e0 reale. Se l'errore \u00e8 possibile e scusabile, l'azione dannosa e deliberata non lo \u00e8.<\/p>\n\n\n\n<p>I manager dovranno talvolta intervenire durante la discussione per mantenere la calma su questa lista ed evitare il rischio di \u00absurriscaldamento\u00bb. Le lezioni del passato ci preparano per il futuro! Il passo successivo sar\u00e0 quello di contattare \u00abpersonalmente\u00bb l'abbonato che ha commesso l'infrazione, informandolo della discrepanza e invitandolo a non ripeterla. In caso di recidiva, l'abbonato potr\u00e0 essere escluso dall'elenco per un periodo da stabilire in base alla gravit\u00e0 dell'infrazione e al giudizio dei dirigenti e del Consiglio di amministrazione del Club des Cent Cols.<\/p>\n\n\n\n<p><strong>I membri del Club des Cent Cols sono sparsi in molte regioni e paesi diversi e la maggior parte di loro non si conosce. Questa lista \u00e8 spesso l'unico mezzo di contatto tra noi. \u00c8 quindi un legame potente che ci unisce. \u00c8 quindi estremamente importante preservarla, tenendo presente che ogni nostra e-mail, a seconda del suo contenuto, la rafforzer\u00e0 o la corroder\u00e0.<\/strong><\/p>","protected":false},"excerpt":{"rendered":"<p>La liste de discussion a essentiellement pour but de permettre la communication d\u2019informations entre ses inscrits, membres du Club des Cent Cols, sur des sujets li\u00e9s \u00e0 notre pratique du cyclotourisme. Inscription Vous \u00eates membres du Club des Cent Cols, vous pouvez rejoindre la liste de discussion en envoyant simplement un courriel vide. \u00e0 l&rsquo;adresse [&hellip;]<\/p>\n","protected":false},"author":2,"featured_media":0,"parent":0,"menu_order":0,"comment_status":"open","ping_status":"open","template":"","meta":{"_acf_changed":false,"footnotes":""},"class_list":["post-79345","page","type-page","status-publish","hentry"],"acf":[],"yoast_head":"<!-- This site is optimized with the Yoast SEO plugin v27.2 - https:\/\/yoast.com\/product\/yoast-seo-wordpress\/ -->\n<title>Liste de discussion - Club des Cent Cols<\/title>\n<meta name=\"robots\" content=\"index, follow, max-snippet:-1, max-image-preview:large, max-video-preview:-1\" \/>\n<link rel=\"canonical\" href=\"https:\/\/centcols.org\/it\/elenco-di-discussione\/\" \/>\n<meta property=\"og:locale\" content=\"it_IT\" \/>\n<meta property=\"og:type\" content=\"article\" \/>\n<meta property=\"og:title\" content=\"Liste de discussion - Club des Cent Cols\" \/>\n<meta property=\"og:description\" content=\"La liste de discussion a essentiellement pour but de permettre la communication d\u2019informations entre ses inscrits, membres du Club des Cent Cols, sur des sujets li\u00e9s \u00e0 notre pratique du cyclotourisme. Inscription Vous \u00eates membres du Club des Cent Cols, vous pouvez rejoindre la liste de discussion en envoyant simplement un courriel vide. \u00e0 l&rsquo;adresse [&hellip;]\" \/>\n<meta property=\"og:url\" content=\"https:\/\/centcols.org\/it\/elenco-di-discussione\/\" \/>\n<meta property=\"og:site_name\" content=\"Club des Cent Cols\" \/>\n<meta property=\"article:publisher\" content=\"https:\/\/www.facebook.com\/groups\/5261880558\/?locale=fr_FR\" \/>\n<meta property=\"article:modified_time\" content=\"2026-02-18T11:45:27+00:00\" \/>\n<meta property=\"og:image\" content=\"https:\/\/centcols.org\/wp-content\/uploads\/2025\/08\/icons8-note-100.png\" \/>\n\t<meta property=\"og:image:width\" content=\"100\" \/>\n\t<meta property=\"og:image:height\" content=\"100\" \/>\n\t<meta property=\"og:image:type\" content=\"image\/png\" \/>\n<meta name=\"twitter:card\" content=\"summary_large_image\" \/>\n<meta name=\"twitter:label1\" content=\"Tempo di lettura stimato\" \/>\n\t<meta name=\"twitter:data1\" content=\"7 minuti\" \/>\n<script type=\"application\/ld+json\" class=\"yoast-schema-graph\">{\"@context\":\"https:\/\/schema.org\",\"@graph\":[{\"@type\":\"WebPage\",\"@id\":\"https:\/\/centcols.org\/liste-de-discussion\/\",\"url\":\"https:\/\/centcols.org\/liste-de-discussion\/\",\"name\":\"Liste de discussion - Club des Cent Cols\",\"isPartOf\":{\"@id\":\"https:\/\/centcols.org\/#website\"},\"primaryImageOfPage\":{\"@id\":\"https:\/\/centcols.org\/liste-de-discussion\/#primaryimage\"},\"image\":{\"@id\":\"https:\/\/centcols.org\/liste-de-discussion\/#primaryimage\"},\"thumbnailUrl\":\"https:\/\/centcols.org\/wp-content\/uploads\/2025\/08\/icons8-note-100.png\",\"datePublished\":\"2025-02-05T08:00:16+00:00\",\"dateModified\":\"2026-02-18T11:45:27+00:00\",\"breadcrumb\":{\"@id\":\"https:\/\/centcols.org\/liste-de-discussion\/#breadcrumb\"},\"inLanguage\":\"it-IT\",\"potentialAction\":[{\"@type\":\"ReadAction\",\"target\":[\"https:\/\/centcols.org\/liste-de-discussion\/\"]}]},{\"@type\":\"ImageObject\",\"inLanguage\":\"it-IT\",\"@id\":\"https:\/\/centcols.org\/liste-de-discussion\/#primaryimage\",\"url\":\"https:\/\/centcols.org\/wp-content\/uploads\/2025\/08\/icons8-note-100.png\",\"contentUrl\":\"https:\/\/centcols.org\/wp-content\/uploads\/2025\/08\/icons8-note-100.png\"},{\"@type\":\"BreadcrumbList\",\"@id\":\"https:\/\/centcols.org\/liste-de-discussion\/#breadcrumb\",\"itemListElement\":[{\"@type\":\"ListItem\",\"position\":1,\"name\":\"Accueil\",\"item\":\"https:\/\/centcols.org\/\"},{\"@type\":\"ListItem\",\"position\":2,\"name\":\"Liste de discussion\"}]},{\"@type\":\"WebSite\",\"@id\":\"https:\/\/centcols.org\/#website\",\"url\":\"https:\/\/centcols.org\/\",\"name\":\"Club des Cent Cols\",\"description\":\"\",\"publisher\":{\"@id\":\"https:\/\/centcols.org\/#organization\"},\"potentialAction\":[{\"@type\":\"SearchAction\",\"target\":{\"@type\":\"EntryPoint\",\"urlTemplate\":\"https:\/\/centcols.org\/?s={search_term_string}\"},\"query-input\":{\"@type\":\"PropertyValueSpecification\",\"valueRequired\":true,\"valueName\":\"search_term_string\"}}],\"inLanguage\":\"it-IT\"},{\"@type\":\"Organization\",\"@id\":\"https:\/\/centcols.org\/#organization\",\"name\":\"Club des Cent Cols\",\"url\":\"https:\/\/centcols.org\/\",\"logo\":{\"@type\":\"ImageObject\",\"inLanguage\":\"it-IT\",\"@id\":\"https:\/\/centcols.org\/#\/schema\/logo\/image\/\",\"url\":\"https:\/\/centcols.org\/wp-content\/uploads\/2025\/01\/carte-icone.png\",\"contentUrl\":\"https:\/\/centcols.org\/wp-content\/uploads\/2025\/01\/carte-icone.png\",\"width\":250,\"height\":250,\"caption\":\"Club des Cent Cols\"},\"image\":{\"@id\":\"https:\/\/centcols.org\/#\/schema\/logo\/image\/\"},\"sameAs\":[\"https:\/\/www.facebook.com\/groups\/5261880558\/?locale=fr_FR\"]}]}<\/script>\n<!-- \/ Yoast SEO plugin. -->","yoast_head_json":{"title":"Lista di discussione - Club des Cent Cols","robots":{"index":"index","follow":"follow","max-snippet":"max-snippet:-1","max-image-preview":"max-image-preview:large","max-video-preview":"max-video-preview:-1"},"canonical":"https:\/\/centcols.org\/it\/elenco-di-discussione\/","og_locale":"it_IT","og_type":"article","og_title":"Liste de discussion - Club des Cent Cols","og_description":"La liste de discussion a essentiellement pour but de permettre la communication d\u2019informations entre ses inscrits, membres du Club des Cent Cols, sur des sujets li\u00e9s \u00e0 notre pratique du cyclotourisme. Inscription Vous \u00eates membres du Club des Cent Cols, vous pouvez rejoindre la liste de discussion en envoyant simplement un courriel vide. \u00e0 l&rsquo;adresse [&hellip;]","og_url":"https:\/\/centcols.org\/it\/elenco-di-discussione\/","og_site_name":"Club des Cent Cols","article_publisher":"https:\/\/www.facebook.com\/groups\/5261880558\/?locale=fr_FR","article_modified_time":"2026-02-18T11:45:27+00:00","og_image":[{"width":100,"height":100,"url":"https:\/\/centcols.org\/wp-content\/uploads\/2025\/08\/icons8-note-100.png","type":"image\/png"}],"twitter_card":"summary_large_image","twitter_misc":{"Tempo di lettura stimato":"7 minuti"},"schema":{"@context":"https:\/\/schema.org","@graph":[{"@type":"WebPage","@id":"https:\/\/centcols.org\/liste-de-discussion\/","url":"https:\/\/centcols.org\/liste-de-discussion\/","name":"Lista di discussione - Club des Cent Cols","isPartOf":{"@id":"https:\/\/centcols.org\/#website"},"primaryImageOfPage":{"@id":"https:\/\/centcols.org\/liste-de-discussion\/#primaryimage"},"image":{"@id":"https:\/\/centcols.org\/liste-de-discussion\/#primaryimage"},"thumbnailUrl":"https:\/\/centcols.org\/wp-content\/uploads\/2025\/08\/icons8-note-100.png","datePublished":"2025-02-05T08:00:16+00:00","dateModified":"2026-02-18T11:45:27+00:00","breadcrumb":{"@id":"https:\/\/centcols.org\/liste-de-discussion\/#breadcrumb"},"inLanguage":"it-IT","potentialAction":[{"@type":"ReadAction","target":["https:\/\/centcols.org\/liste-de-discussion\/"]}]},{"@type":"ImageObject","inLanguage":"it-IT","@id":"https:\/\/centcols.org\/liste-de-discussion\/#primaryimage","url":"https:\/\/centcols.org\/wp-content\/uploads\/2025\/08\/icons8-note-100.png","contentUrl":"https:\/\/centcols.org\/wp-content\/uploads\/2025\/08\/icons8-note-100.png"},{"@type":"BreadcrumbList","@id":"https:\/\/centcols.org\/liste-de-discussion\/#breadcrumb","itemListElement":[{"@type":"ListItem","position":1,"name":"Accueil","item":"https:\/\/centcols.org\/"},{"@type":"ListItem","position":2,"name":"Liste de discussion"}]},{"@type":"WebSite","@id":"https:\/\/centcols.org\/#website","url":"https:\/\/centcols.org\/","name":"Club des Cent Cols","description":"","publisher":{"@id":"https:\/\/centcols.org\/#organization"},"potentialAction":[{"@type":"SearchAction","target":{"@type":"EntryPoint","urlTemplate":"https:\/\/centcols.org\/?s={search_term_string}"},"query-input":{"@type":"PropertyValueSpecification","valueRequired":true,"valueName":"search_term_string"}}],"inLanguage":"it-IT"},{"@type":"Organization","@id":"https:\/\/centcols.org\/#organization","name":"Club des Cent Cols","url":"https:\/\/centcols.org\/","logo":{"@type":"ImageObject","inLanguage":"it-IT","@id":"https:\/\/centcols.org\/#\/schema\/logo\/image\/","url":"https:\/\/centcols.org\/wp-content\/uploads\/2025\/01\/carte-icone.png","contentUrl":"https:\/\/centcols.org\/wp-content\/uploads\/2025\/01\/carte-icone.png","width":250,"height":250,"caption":"Club des Cent Cols"},"image":{"@id":"https:\/\/centcols.org\/#\/schema\/logo\/image\/"},"sameAs":["https:\/\/www.facebook.com\/groups\/5261880558\/?locale=fr_FR"]}]}},"_links":{"self":[{"href":"https:\/\/centcols.org\/it\/wp-json\/wp\/v2\/pages\/79345","targetHints":{"allow":["GET"]}}],"collection":[{"href":"https:\/\/centcols.org\/it\/wp-json\/wp\/v2\/pages"}],"about":[{"href":"https:\/\/centcols.org\/it\/wp-json\/wp\/v2\/types\/page"}],"author":[{"embeddable":true,"href":"https:\/\/centcols.org\/it\/wp-json\/wp\/v2\/users\/2"}],"replies":[{"embeddable":true,"href":"https:\/\/centcols.org\/it\/wp-json\/wp\/v2\/comments?post=79345"}],"version-history":[{"count":0,"href":"https:\/\/centcols.org\/it\/wp-json\/wp\/v2\/pages\/79345\/revisions"}],"wp:attachment":[{"href":"https:\/\/centcols.org\/it\/wp-json\/wp\/v2\/media?parent=79345"}],"curies":[{"name":"wp","href":"https:\/\/api.w.org\/{rel}","templated":true}]}}