{"id":79371,"date":"2025-02-05T10:01:24","date_gmt":"2025-02-05T08:01:24","guid":{"rendered":"https:\/\/centcols.org\/randonner\/"},"modified":"2026-01-22T13:34:14","modified_gmt":"2026-01-22T11:34:14","slug":"escursioni","status":"publish","type":"page","link":"https:\/\/centcols.org\/it\/randonner\/","title":{"rendered":"Escursioni"},"content":{"rendered":"<h2 class=\"wp-block-heading\">I nostri incentivi alla scoperta<\/h2>\n\n\n\n<h3 class=\"wp-block-heading\">Randonn\u00e9 permanenti<\/h3>\n\n\n\n<p>Ad oggi sono 24 e invitano a visitare diverse regioni in cinque Paesi europei.<br>Il tema comune \u00e8 quello di scalare almeno un centinaio di passi di montagna.<br>Aperto ai soci e ai non soci del Club des Cent Cols.<br><a href=\"https:\/\/centcols.org\/it\/vai-a\/passeggiate-permanenti\/\">Tutte le informazioni necessarie<\/a><\/p>\n\n\n\n<h3 class=\"wp-block-heading\">Brevetti<\/h3>\n\n\n\n<p>Percorrere tutti i passi stradali di un Land tedesco, di un cantone svizzero, di una provincia italiana o spagnola, o di un dipartimento francese, ad esempio, \u00e8 la sfida offerta per ottenere questi numerosi brevetti.<br>Tutti i brevetti locali di successo in un paese possono beneficiare di un super <strong>brevetto nazionale<\/strong>.<br>I brevetti sono attualmente riservati ai soci, ma si prevede di aprirli in futuro anche ai non soci. Nulla vieta a voi, non soci o aspiranti tali, di iniziare o continuare a scalare i passi stradali e di iscrivervi in seguito.<br><a href=\"https:\/\/centcols.org\/it\/brevetti-stradali\/\">Tutte le informazioni necessarie<\/a><br><a href=\"https:\/\/centcols.org\/membres\/cols\/brevets.php\">Elenco dei brevetti<\/a><\/p>\n\n\n\n<h3 class=\"wp-block-heading\">Sfide<\/h3>\n\n\n\n<p>Sulla base di un tema specifico scelto da ogni autore della sfida, vi accompagnano in un tour di alcuni passi di montagna molto speciali.<br>Aperto ai soci e ai non soci del Club des Cent Cols.<br><a href=\"https:\/\/centcols.org\/it\/categorie\/sfide\/\"><u>Tutte le informazioni necessarie<\/u><\/a><\/p>\n\n\n\n<h3 class=\"wp-block-heading\">Il background dei membri<\/h3>\n\n\n\n<p>In questa sezione, troverete gli itinerari che i soci hanno suggerito e che il club ha convalidato per creare una collezione che \u00e8 in corso di realizzazione. Nessuna regione o paese \u00e8 escluso per principio, e ce ne sono gi\u00e0 alcuni in Germania (Foresta Nera), Spagna (Catalogna, Andalusia) e Francia, in particolare in Corsica.<\/p>\n\n\n\n<p>Si basano sull'esperienza sul campo e comprendono una descrizione turistica e spiegazioni tecniche di strade, piste o sentieri. In generale, sono adatte a essere percorse dalla stragrande maggioranza dei ciclisti e degli appassionati di mountain bike.<\/p>\n\n\n\n<p>&nbsp;L'ubicazione dei passi \u00e8 visibile sull'estratto della mappa e sui documenti aggiuntivi ottenuti tramite il link visugen.<\/p>\n\n\n\n<p>Alcune foto del paesaggio circostante e dei passi di montagna arricchiscono la descrizione di questi percorsi.<\/p>\n\n\n\n<p>&nbsp;<a href=\"https:\/\/centcols.org\/it\/vai-a\/percorso-del-membro\/\">Tutte le informazioni necessarie<\/a><\/p>\n\n\n\n<h3 class=\"wp-block-heading\">Escursioni con i nostri partner<\/h3>\n\n\n\n<p><a href=\"https:\/\/centcols.org\/it\/uccisione-di-dunioni-europee\/\">Trattini europei<\/a> proposti dall'Unione ciclistica europea (UECT). Collegano le capitali europee.<\/p>\n\n\n\n<p><a href=\"https:\/\/centcols.org\/it\/le-radiali-iberiche-del-fect\/\">&nbsp;Le Radiales Ibericas,<\/a> sono tour permanenti offerti dalla Federazione Ciclistica Spagnola (FECT). Seguono un percorso a stella da Madrid alla penisola iberica.<\/p>","protected":false},"excerpt":{"rendered":"<p>Nos incitations \u00e0 la d\u00e9couverte Les randonn\u00e9es permanentes Elles sont 24 \u00e0 ce jour et elles vous invitent \u00e0 aller visiter des r\u00e9gions diff\u00e9rentes de cinq pays d\u2019Europe.Le th\u00e8me commun est de gravir au moins cent cols.Ouvertes aux membres et aux non-membres du Club des Cent Cols.Tous les renseignements utiles Les brevets Parcourir tous les [&hellip;]<\/p>\n","protected":false},"author":2,"featured_media":0,"parent":0,"menu_order":0,"comment_status":"open","ping_status":"open","template":"","meta":{"_acf_changed":false,"footnotes":""},"class_list":["post-79371","page","type-page","status-publish","hentry"],"acf":[],"yoast_head":"<!-- This site is optimized with the Yoast SEO plugin v27.2 - https:\/\/yoast.com\/product\/yoast-seo-wordpress\/ -->\n<title>Randonner - Club des Cent Cols<\/title>\n<meta name=\"robots\" content=\"index, follow, max-snippet:-1, max-image-preview:large, max-video-preview:-1\" \/>\n<link rel=\"canonical\" href=\"https:\/\/centcols.org\/it\/escursioni\/\" \/>\n<meta property=\"og:locale\" content=\"it_IT\" \/>\n<meta property=\"og:type\" content=\"article\" \/>\n<meta property=\"og:title\" content=\"Randonner - Club des Cent Cols\" \/>\n<meta property=\"og:description\" content=\"Nos incitations \u00e0 la d\u00e9couverte Les randonn\u00e9es permanentes Elles sont 24 \u00e0 ce jour et elles vous invitent \u00e0 aller visiter des r\u00e9gions diff\u00e9rentes de cinq pays d\u2019Europe.Le th\u00e8me commun est de gravir au moins cent cols.Ouvertes aux membres et aux non-membres du Club des Cent Cols.Tous les renseignements utiles Les brevets Parcourir tous les [&hellip;]\" \/>\n<meta property=\"og:url\" content=\"https:\/\/centcols.org\/it\/escursioni\/\" \/>\n<meta property=\"og:site_name\" content=\"Club des Cent Cols\" \/>\n<meta property=\"article:publisher\" content=\"https:\/\/www.facebook.com\/groups\/5261880558\/?locale=fr_FR\" \/>\n<meta property=\"article:modified_time\" content=\"2026-01-22T11:34:14+00:00\" \/>\n<meta name=\"twitter:card\" content=\"summary_large_image\" \/>\n<meta name=\"twitter:label1\" content=\"Tempo di lettura stimato\" \/>\n\t<meta name=\"twitter:data1\" content=\"2 minuti\" \/>\n<script type=\"application\/ld+json\" class=\"yoast-schema-graph\">{\"@context\":\"https:\/\/schema.org\",\"@graph\":[{\"@type\":\"WebPage\",\"@id\":\"https:\/\/centcols.org\/randonner\/\",\"url\":\"https:\/\/centcols.org\/randonner\/\",\"name\":\"Randonner - Club des Cent Cols\",\"isPartOf\":{\"@id\":\"https:\/\/centcols.org\/#website\"},\"datePublished\":\"2025-02-05T08:01:24+00:00\",\"dateModified\":\"2026-01-22T11:34:14+00:00\",\"breadcrumb\":{\"@id\":\"https:\/\/centcols.org\/randonner\/#breadcrumb\"},\"inLanguage\":\"it-IT\",\"potentialAction\":[{\"@type\":\"ReadAction\",\"target\":[\"https:\/\/centcols.org\/randonner\/\"]}]},{\"@type\":\"BreadcrumbList\",\"@id\":\"https:\/\/centcols.org\/randonner\/#breadcrumb\",\"itemListElement\":[{\"@type\":\"ListItem\",\"position\":1,\"name\":\"Accueil\",\"item\":\"https:\/\/centcols.org\/\"},{\"@type\":\"ListItem\",\"position\":2,\"name\":\"Randonner\"}]},{\"@type\":\"WebSite\",\"@id\":\"https:\/\/centcols.org\/#website\",\"url\":\"https:\/\/centcols.org\/\",\"name\":\"Club des Cent Cols\",\"description\":\"\",\"publisher\":{\"@id\":\"https:\/\/centcols.org\/#organization\"},\"potentialAction\":[{\"@type\":\"SearchAction\",\"target\":{\"@type\":\"EntryPoint\",\"urlTemplate\":\"https:\/\/centcols.org\/?s={search_term_string}\"},\"query-input\":{\"@type\":\"PropertyValueSpecification\",\"valueRequired\":true,\"valueName\":\"search_term_string\"}}],\"inLanguage\":\"it-IT\"},{\"@type\":\"Organization\",\"@id\":\"https:\/\/centcols.org\/#organization\",\"name\":\"Club des Cent Cols\",\"url\":\"https:\/\/centcols.org\/\",\"logo\":{\"@type\":\"ImageObject\",\"inLanguage\":\"it-IT\",\"@id\":\"https:\/\/centcols.org\/#\/schema\/logo\/image\/\",\"url\":\"https:\/\/centcols.org\/wp-content\/uploads\/2025\/01\/carte-icone.png\",\"contentUrl\":\"https:\/\/centcols.org\/wp-content\/uploads\/2025\/01\/carte-icone.png\",\"width\":250,\"height\":250,\"caption\":\"Club des Cent Cols\"},\"image\":{\"@id\":\"https:\/\/centcols.org\/#\/schema\/logo\/image\/\"},\"sameAs\":[\"https:\/\/www.facebook.com\/groups\/5261880558\/?locale=fr_FR\"]}]}<\/script>\n<!-- \/ Yoast SEO plugin. -->","yoast_head_json":{"title":"Escursionismo - Club des Cent Cols","robots":{"index":"index","follow":"follow","max-snippet":"max-snippet:-1","max-image-preview":"max-image-preview:large","max-video-preview":"max-video-preview:-1"},"canonical":"https:\/\/centcols.org\/it\/escursioni\/","og_locale":"it_IT","og_type":"article","og_title":"Randonner - Club des Cent Cols","og_description":"Nos incitations \u00e0 la d\u00e9couverte Les randonn\u00e9es permanentes Elles sont 24 \u00e0 ce jour et elles vous invitent \u00e0 aller visiter des r\u00e9gions diff\u00e9rentes de cinq pays d\u2019Europe.Le th\u00e8me commun est de gravir au moins cent cols.Ouvertes aux membres et aux non-membres du Club des Cent Cols.Tous les renseignements utiles Les brevets Parcourir tous les [&hellip;]","og_url":"https:\/\/centcols.org\/it\/escursioni\/","og_site_name":"Club des Cent Cols","article_publisher":"https:\/\/www.facebook.com\/groups\/5261880558\/?locale=fr_FR","article_modified_time":"2026-01-22T11:34:14+00:00","twitter_card":"summary_large_image","twitter_misc":{"Tempo di lettura stimato":"2 minuti"},"schema":{"@context":"https:\/\/schema.org","@graph":[{"@type":"WebPage","@id":"https:\/\/centcols.org\/randonner\/","url":"https:\/\/centcols.org\/randonner\/","name":"Escursionismo - Club des Cent Cols","isPartOf":{"@id":"https:\/\/centcols.org\/#website"},"datePublished":"2025-02-05T08:01:24+00:00","dateModified":"2026-01-22T11:34:14+00:00","breadcrumb":{"@id":"https:\/\/centcols.org\/randonner\/#breadcrumb"},"inLanguage":"it-IT","potentialAction":[{"@type":"ReadAction","target":["https:\/\/centcols.org\/randonner\/"]}]},{"@type":"BreadcrumbList","@id":"https:\/\/centcols.org\/randonner\/#breadcrumb","itemListElement":[{"@type":"ListItem","position":1,"name":"Accueil","item":"https:\/\/centcols.org\/"},{"@type":"ListItem","position":2,"name":"Randonner"}]},{"@type":"WebSite","@id":"https:\/\/centcols.org\/#website","url":"https:\/\/centcols.org\/","name":"Club des Cent Cols","description":"","publisher":{"@id":"https:\/\/centcols.org\/#organization"},"potentialAction":[{"@type":"SearchAction","target":{"@type":"EntryPoint","urlTemplate":"https:\/\/centcols.org\/?s={search_term_string}"},"query-input":{"@type":"PropertyValueSpecification","valueRequired":true,"valueName":"search_term_string"}}],"inLanguage":"it-IT"},{"@type":"Organization","@id":"https:\/\/centcols.org\/#organization","name":"Club des Cent Cols","url":"https:\/\/centcols.org\/","logo":{"@type":"ImageObject","inLanguage":"it-IT","@id":"https:\/\/centcols.org\/#\/schema\/logo\/image\/","url":"https:\/\/centcols.org\/wp-content\/uploads\/2025\/01\/carte-icone.png","contentUrl":"https:\/\/centcols.org\/wp-content\/uploads\/2025\/01\/carte-icone.png","width":250,"height":250,"caption":"Club des Cent Cols"},"image":{"@id":"https:\/\/centcols.org\/#\/schema\/logo\/image\/"},"sameAs":["https:\/\/www.facebook.com\/groups\/5261880558\/?locale=fr_FR"]}]}},"_links":{"self":[{"href":"https:\/\/centcols.org\/it\/wp-json\/wp\/v2\/pages\/79371","targetHints":{"allow":["GET"]}}],"collection":[{"href":"https:\/\/centcols.org\/it\/wp-json\/wp\/v2\/pages"}],"about":[{"href":"https:\/\/centcols.org\/it\/wp-json\/wp\/v2\/types\/page"}],"author":[{"embeddable":true,"href":"https:\/\/centcols.org\/it\/wp-json\/wp\/v2\/users\/2"}],"replies":[{"embeddable":true,"href":"https:\/\/centcols.org\/it\/wp-json\/wp\/v2\/comments?post=79371"}],"version-history":[{"count":0,"href":"https:\/\/centcols.org\/it\/wp-json\/wp\/v2\/pages\/79371\/revisions"}],"wp:attachment":[{"href":"https:\/\/centcols.org\/it\/wp-json\/wp\/v2\/media?parent=79371"}],"curies":[{"name":"wp","href":"https:\/\/api.w.org\/{rel}","templated":true}]}}