{"id":79373,"date":"2025-02-05T10:01:24","date_gmt":"2025-02-05T08:01:24","guid":{"rendered":"https:\/\/centcols.org\/dossier-de-presse\/"},"modified":"2025-02-05T10:01:24","modified_gmt":"2025-02-05T08:01:24","slug":"cartella-stampa","status":"publish","type":"page","link":"https:\/\/centcols.org\/it\/dossier-de-presse\/","title":{"rendered":"Cartella stampa"},"content":{"rendered":"<p style=\"text-align: left;\">Cartella stampa preparata da Denis Chouquet-Stringer, CC 6183 | &nbsp; <a href=\"\/documents\/dossier-presse.pdf\" target=\"_blank\" rel=\"noopener noreferrer\">Pagina intera<\/a> &nbsp; | &nbsp; <a href=\"\/documents\/dossier-presse.pdf\" download=\"\">Scaricare PDF<\/a> &nbsp; | &nbsp; <a href=\"\/it\/dossier-di-stampa\/\">esso<\/a> &nbsp; | &nbsp; <a href=\"\/en\/press-pack\/\">a<\/a> &nbsp; | &nbsp; <a href=\"\/it\/pressemappe\/\">da<\/a> &nbsp; | &nbsp; <a href=\"\/it\/archivo-prensa\/\">es<\/a> &nbsp; | &nbsp; <a href=\"\/it\/persdossier\/\">nl<\/a><\/p>\n<p><embed src=\"\/documents\/dossier-presse.pdf\" type=\"application\/pdf\" width=\"800\" height=\"800\"><\/p>","protected":false},"excerpt":{"rendered":"<p>Cartella stampa di Denis Chouquet-Stringer, CC 6183 | Pagina intera | Scarica il PDF | it | en | de | es | nl<\/p>","protected":false},"author":2,"featured_media":79374,"parent":0,"menu_order":0,"comment_status":"open","ping_status":"open","template":"","meta":{"_acf_changed":false,"footnotes":""},"class_list":["post-79373","page","type-page","status-publish","has-post-thumbnail","hentry"],"acf":[],"yoast_head":"<!-- This site is optimized with the Yoast SEO plugin v27.2 - https:\/\/yoast.com\/product\/yoast-seo-wordpress\/ -->\n<title>Dossier de presse - Club des Cent Cols<\/title>\n<meta name=\"robots\" content=\"index, follow, max-snippet:-1, max-image-preview:large, max-video-preview:-1\" \/>\n<link rel=\"canonical\" href=\"https:\/\/centcols.org\/it\/cartella-stampa\/\" \/>\n<meta property=\"og:locale\" content=\"it_IT\" \/>\n<meta property=\"og:type\" content=\"article\" \/>\n<meta property=\"og:title\" content=\"Dossier de presse - Club des Cent Cols\" \/>\n<meta property=\"og:description\" content=\"Dossier de presse \u00e9labor\u00e9 par Denis Chouquet-Stringer, CC 6183 &nbsp; | &nbsp; Pleine page &nbsp; | &nbsp; T\u00e9l\u00e9charger PDF &nbsp; | &nbsp; it &nbsp; | &nbsp; en &nbsp; | &nbsp; de &nbsp; | &nbsp; es &nbsp; | &nbsp; nl\" \/>\n<meta property=\"og:url\" content=\"https:\/\/centcols.org\/it\/cartella-stampa\/\" \/>\n<meta property=\"og:site_name\" content=\"Club des Cent Cols\" \/>\n<meta property=\"article:publisher\" content=\"https:\/\/www.facebook.com\/groups\/5261880558\/?locale=fr_FR\" \/>\n<meta property=\"og:image\" content=\"https:\/\/centcols.org\/wp-content\/uploads\/2025\/02\/dp-img1.jpg\" \/>\n\t<meta property=\"og:image:width\" content=\"938\" \/>\n\t<meta property=\"og:image:height\" content=\"522\" \/>\n\t<meta property=\"og:image:type\" content=\"image\/jpeg\" \/>\n<meta name=\"twitter:card\" content=\"summary_large_image\" \/>\n<script type=\"application\/ld+json\" class=\"yoast-schema-graph\">{\"@context\":\"https:\/\/schema.org\",\"@graph\":[{\"@type\":\"WebPage\",\"@id\":\"https:\/\/centcols.org\/dossier-de-presse\/\",\"url\":\"https:\/\/centcols.org\/dossier-de-presse\/\",\"name\":\"Dossier de presse - Club des Cent Cols\",\"isPartOf\":{\"@id\":\"https:\/\/centcols.org\/#website\"},\"primaryImageOfPage\":{\"@id\":\"https:\/\/centcols.org\/dossier-de-presse\/#primaryimage\"},\"image\":{\"@id\":\"https:\/\/centcols.org\/dossier-de-presse\/#primaryimage\"},\"thumbnailUrl\":\"https:\/\/centcols.org\/wp-content\/uploads\/2025\/02\/dp-img1.jpg\",\"datePublished\":\"2025-02-05T08:01:24+00:00\",\"breadcrumb\":{\"@id\":\"https:\/\/centcols.org\/dossier-de-presse\/#breadcrumb\"},\"inLanguage\":\"it-IT\",\"potentialAction\":[{\"@type\":\"ReadAction\",\"target\":[\"https:\/\/centcols.org\/dossier-de-presse\/\"]}]},{\"@type\":\"ImageObject\",\"inLanguage\":\"it-IT\",\"@id\":\"https:\/\/centcols.org\/dossier-de-presse\/#primaryimage\",\"url\":\"https:\/\/centcols.org\/wp-content\/uploads\/2025\/02\/dp-img1.jpg\",\"contentUrl\":\"https:\/\/centcols.org\/wp-content\/uploads\/2025\/02\/dp-img1.jpg\",\"width\":938,\"height\":522},{\"@type\":\"BreadcrumbList\",\"@id\":\"https:\/\/centcols.org\/dossier-de-presse\/#breadcrumb\",\"itemListElement\":[{\"@type\":\"ListItem\",\"position\":1,\"name\":\"Accueil\",\"item\":\"https:\/\/centcols.org\/\"},{\"@type\":\"ListItem\",\"position\":2,\"name\":\"Dossier de presse\"}]},{\"@type\":\"WebSite\",\"@id\":\"https:\/\/centcols.org\/#website\",\"url\":\"https:\/\/centcols.org\/\",\"name\":\"Club des Cent Cols\",\"description\":\"\",\"publisher\":{\"@id\":\"https:\/\/centcols.org\/#organization\"},\"potentialAction\":[{\"@type\":\"SearchAction\",\"target\":{\"@type\":\"EntryPoint\",\"urlTemplate\":\"https:\/\/centcols.org\/?s={search_term_string}\"},\"query-input\":{\"@type\":\"PropertyValueSpecification\",\"valueRequired\":true,\"valueName\":\"search_term_string\"}}],\"inLanguage\":\"it-IT\"},{\"@type\":\"Organization\",\"@id\":\"https:\/\/centcols.org\/#organization\",\"name\":\"Club des Cent Cols\",\"url\":\"https:\/\/centcols.org\/\",\"logo\":{\"@type\":\"ImageObject\",\"inLanguage\":\"it-IT\",\"@id\":\"https:\/\/centcols.org\/#\/schema\/logo\/image\/\",\"url\":\"https:\/\/centcols.org\/wp-content\/uploads\/2025\/01\/carte-icone.png\",\"contentUrl\":\"https:\/\/centcols.org\/wp-content\/uploads\/2025\/01\/carte-icone.png\",\"width\":250,\"height\":250,\"caption\":\"Club des Cent Cols\"},\"image\":{\"@id\":\"https:\/\/centcols.org\/#\/schema\/logo\/image\/\"},\"sameAs\":[\"https:\/\/www.facebook.com\/groups\/5261880558\/?locale=fr_FR\"]}]}<\/script>\n<!-- \/ Yoast SEO plugin. -->","yoast_head_json":{"title":"Cartella stampa - Club des Cent Cols","robots":{"index":"index","follow":"follow","max-snippet":"max-snippet:-1","max-image-preview":"max-image-preview:large","max-video-preview":"max-video-preview:-1"},"canonical":"https:\/\/centcols.org\/it\/cartella-stampa\/","og_locale":"it_IT","og_type":"article","og_title":"Dossier de presse - Club des Cent Cols","og_description":"Dossier de presse \u00e9labor\u00e9 par Denis Chouquet-Stringer, CC 6183 &nbsp; | &nbsp; Pleine page &nbsp; | &nbsp; T\u00e9l\u00e9charger PDF &nbsp; | &nbsp; it &nbsp; | &nbsp; en &nbsp; | &nbsp; de &nbsp; | &nbsp; es &nbsp; | &nbsp; nl","og_url":"https:\/\/centcols.org\/it\/cartella-stampa\/","og_site_name":"Club des Cent Cols","article_publisher":"https:\/\/www.facebook.com\/groups\/5261880558\/?locale=fr_FR","og_image":[{"width":938,"height":522,"url":"https:\/\/centcols.org\/wp-content\/uploads\/2025\/02\/dp-img1.jpg","type":"image\/jpeg"}],"twitter_card":"summary_large_image","schema":{"@context":"https:\/\/schema.org","@graph":[{"@type":"WebPage","@id":"https:\/\/centcols.org\/dossier-de-presse\/","url":"https:\/\/centcols.org\/dossier-de-presse\/","name":"Cartella stampa - Club des Cent Cols","isPartOf":{"@id":"https:\/\/centcols.org\/#website"},"primaryImageOfPage":{"@id":"https:\/\/centcols.org\/dossier-de-presse\/#primaryimage"},"image":{"@id":"https:\/\/centcols.org\/dossier-de-presse\/#primaryimage"},"thumbnailUrl":"https:\/\/centcols.org\/wp-content\/uploads\/2025\/02\/dp-img1.jpg","datePublished":"2025-02-05T08:01:24+00:00","breadcrumb":{"@id":"https:\/\/centcols.org\/dossier-de-presse\/#breadcrumb"},"inLanguage":"it-IT","potentialAction":[{"@type":"ReadAction","target":["https:\/\/centcols.org\/dossier-de-presse\/"]}]},{"@type":"ImageObject","inLanguage":"it-IT","@id":"https:\/\/centcols.org\/dossier-de-presse\/#primaryimage","url":"https:\/\/centcols.org\/wp-content\/uploads\/2025\/02\/dp-img1.jpg","contentUrl":"https:\/\/centcols.org\/wp-content\/uploads\/2025\/02\/dp-img1.jpg","width":938,"height":522},{"@type":"BreadcrumbList","@id":"https:\/\/centcols.org\/dossier-de-presse\/#breadcrumb","itemListElement":[{"@type":"ListItem","position":1,"name":"Accueil","item":"https:\/\/centcols.org\/"},{"@type":"ListItem","position":2,"name":"Dossier de presse"}]},{"@type":"WebSite","@id":"https:\/\/centcols.org\/#website","url":"https:\/\/centcols.org\/","name":"Club des Cent Cols","description":"","publisher":{"@id":"https:\/\/centcols.org\/#organization"},"potentialAction":[{"@type":"SearchAction","target":{"@type":"EntryPoint","urlTemplate":"https:\/\/centcols.org\/?s={search_term_string}"},"query-input":{"@type":"PropertyValueSpecification","valueRequired":true,"valueName":"search_term_string"}}],"inLanguage":"it-IT"},{"@type":"Organization","@id":"https:\/\/centcols.org\/#organization","name":"Club des Cent Cols","url":"https:\/\/centcols.org\/","logo":{"@type":"ImageObject","inLanguage":"it-IT","@id":"https:\/\/centcols.org\/#\/schema\/logo\/image\/","url":"https:\/\/centcols.org\/wp-content\/uploads\/2025\/01\/carte-icone.png","contentUrl":"https:\/\/centcols.org\/wp-content\/uploads\/2025\/01\/carte-icone.png","width":250,"height":250,"caption":"Club des Cent Cols"},"image":{"@id":"https:\/\/centcols.org\/#\/schema\/logo\/image\/"},"sameAs":["https:\/\/www.facebook.com\/groups\/5261880558\/?locale=fr_FR"]}]}},"_links":{"self":[{"href":"https:\/\/centcols.org\/it\/wp-json\/wp\/v2\/pages\/79373","targetHints":{"allow":["GET"]}}],"collection":[{"href":"https:\/\/centcols.org\/it\/wp-json\/wp\/v2\/pages"}],"about":[{"href":"https:\/\/centcols.org\/it\/wp-json\/wp\/v2\/types\/page"}],"author":[{"embeddable":true,"href":"https:\/\/centcols.org\/it\/wp-json\/wp\/v2\/users\/2"}],"replies":[{"embeddable":true,"href":"https:\/\/centcols.org\/it\/wp-json\/wp\/v2\/comments?post=79373"}],"version-history":[{"count":0,"href":"https:\/\/centcols.org\/it\/wp-json\/wp\/v2\/pages\/79373\/revisions"}],"wp:featuredmedia":[{"embeddable":true,"href":"https:\/\/centcols.org\/it\/wp-json\/wp\/v2\/media\/79374"}],"wp:attachment":[{"href":"https:\/\/centcols.org\/it\/wp-json\/wp\/v2\/media?parent=79373"}],"curies":[{"name":"wp","href":"https:\/\/api.w.org\/{rel}","templated":true}]}}