{"id":79514,"date":"2025-02-05T10:07:17","date_gmt":"2025-02-05T08:07:17","guid":{"rendered":"https:\/\/centcols.org\/comment-faire\/"},"modified":"2025-09-14T17:32:39","modified_gmt":"2025-09-14T15:32:39","slug":"cosa-fare","status":"publish","type":"page","link":"https:\/\/centcols.org\/it\/comment-faire\/","title":{"rendered":"Come si procede?"},"content":{"rendered":"<h2 class=\"wp-block-heading\">Unisciti a noi!<\/h2>\n\n\n\n<p>Condividete la nostra passione per la montagna e vi piace scalare i passi?  \u00c8 questo il senso della nostra fratellanza!  Accogliamo calorosamente nuovi membri di tutte le et\u00e0, nazionalit\u00e0, abilit\u00e0 e discipline ciclistiche. Venite a unirvi a noi!<\/p>\n\n\n\n<p>A che punto siete?<\/p>\n\n\n\n<p>1\u00b0) Avete scalato un minimo di 100 passi di montagna <strong>vari<\/strong> di cui almeno 5 sopra i 2000 m, complimenti! Se sei pronto a unirti a noi, compila il modulo di adesione.<\/p>\n\n\n\n<p><em><strong>Nota bene: un passo pu\u00f2 essere conteggiato solo \"una volta\" (vedi <a href=\"https:\/\/centcols.org\/it\/regole\/\" target=\"_blank\" rel=\"noreferrer noopener\">regole del gioco, articolo 1<\/a>)<\/strong><\/em><\/p>\n\n\n\n<p>In un file Excel o Calc, stilate l'elenco dei passi, possibilmente con le relative altitudini, e l'area amministrativa (ad esempio, contea britannica, cantone svizzero, dipartimento francese, provincia italiana o spagnola) in cui si trovano. Per comodit\u00e0, si pu\u00f2 fare riferimento alle soluzioni proposte nel \u00a73.<\/p>\n\n\n\n<p>Seguire questo link: <a href=\"https:\/\/centcols.org\/it\/modulo-di-registrazione\/\"><strong><u>modulo di adesione&nbsp;<\/u><\/strong><\/a><\/p>\n\n\n\n<p>2\u00b0) Se non avete ancora raggiunto i 100 passaggi, non disperate! Continuate ad andare avanti! Siamo qui per aiutarvi!<\/p>\n\n\n\n<ul class=\"wp-block-list\">\n<li>Potete inviarci una lista preliminare dei passi che avete scalato e noi la controlleremo.<\/li>\n\n\n\n<li>\u00c8 possibile partecipare e iscriversi a: incontri regionali, <a href=\"https:\/\/centcols.org\/it\/vai-a\/passeggiate-permanenti\/\" target=\"_blank\" rel=\"noreferrer noopener\">randonn\u00e9 permanenti<\/a> Il Club des Cent Cols offre un'ampia gamma di attivit\u00e0, tra cui brevetti e sfide, aperte anche ai non soci. Potete anche contattare il delegato territoriale della vostra regione: <a href=\"https:\/\/centcols.org\/it\/delegati-e-altri-volontari\/\">pagina <strong><u>delegati e altri volontari<\/u><\/strong>&nbsp;<\/a>del sito. Vi verr\u00e0 suggerito uno \"Sponsor\", vicino a voi e membro del CCC, che vi aiuter\u00e0 a trovare e scalare i passi per completare la vostra lista.<\/li>\n<\/ul>\n\n\n\n<p>3\u00b0) Se non siete sicuri che tutti i vostri passi siano autorizzati dal Club, ci sono diversi modi per controllare la vostra lista e pianificare i vostri prossimi itinerari.<\/p>\n\n\n\n<h3 class=\"wp-block-heading\">Stilate la vostra lista dai nostri cataloghi<\/h3>\n\n\n\n<p>Utilizzate i nostri cataloghi. Sono disponibili per i non soci*, nel nostro sito <strong><a href=\"https:\/\/centcols.org\/it\/boutique\/\">negozio<\/a><\/strong><\/p>\n\n\n\n<h3 class=\"wp-block-heading\">Costruite il vostro elenco con Openrunner<\/h3>\n\n\n\n<figure class=\"wp-block-image size-full\"><a href=\"https:\/\/www.openrunner.com\/\" target=\"_blank\" rel=\" noreferrer noopener\"><img loading=\"lazy\" decoding=\"async\" width=\"183\" height=\"44\" src=\"https:\/\/centcols.org\/wp-content\/uploads\/2025\/08\/logo-openrunner.png\" alt=\"\" class=\"wp-image-88503\"\/><\/a><\/figure>\n\n\n\n<p><strong>Tutorial per la stesura del primo elenco di passi<br><\/strong><br>Vai al sito web :&nbsp;<a href=\"https:\/\/www.openrunner.com\/\" target=\"_blank\" rel=\"noreferrer noopener\">https:\/\/www.openrunner.com\/<\/a><br>Se non si dispone di un account, selezionare \"Registrati\" (in alto a destra):<\/p>\n\n\n\n<figure class=\"wp-block-image size-full\"><img loading=\"lazy\" decoding=\"async\" width=\"463\" height=\"62\" src=\"https:\/\/centcols.org\/wp-content\/uploads\/2025\/02\/OR15.jpg\" alt=\"\" class=\"wp-image-79529\"\/><\/figure>\n\n\n\n<p>Una volta creato un account, accedete e per vedere la posizione dei passi sulla mappa, cliccate su crea un percorso e poi create (o importate) un file gpx se avete registrato un percorso sul vostro GPS.<\/p>\n\n\n\n<figure class=\"wp-block-image size-full is-resized\"><img loading=\"lazy\" decoding=\"async\" width=\"852\" height=\"305\" src=\"https:\/\/centcols.org\/wp-content\/uploads\/2025\/02\/OR2.jpg\" alt=\"\" class=\"wp-image-79516\" style=\"width:600px\" srcset=\"https:\/\/centcols.org\/wp-content\/uploads\/2025\/02\/OR2.jpg 852w, https:\/\/centcols.org\/wp-content\/uploads\/2025\/02\/OR2-768x275.jpg 768w, https:\/\/centcols.org\/wp-content\/uploads\/2025\/02\/OR2-600x215.jpg 600w\" sizes=\"auto, (max-width: 852px) 100vw, 852px\" \/><\/figure>\n\n\n\n<p>Sul lato destro della mappa, in alto, c'\u00e8 un'icona che rappresenta una montagna. Quando si sposta il mouse su di essa, appare una notifica che informa che l'icona \u00e8 utilizzata per visualizzare i passi di montagna.<\/p>\n\n\n\n<figure class=\"wp-block-image size-full\"><img loading=\"lazy\" decoding=\"async\" width=\"222\" height=\"151\" src=\"https:\/\/centcols.org\/wp-content\/uploads\/2025\/02\/OR4-1.jpg\" alt=\"\" class=\"wp-image-79518\"\/><\/figure>\n\n\n\n<p>Facendo clic sull'icona si apre una schermata a 4 scelte.<\/p>\n\n\n\n<figure class=\"wp-block-image size-full\"><img loading=\"lazy\" decoding=\"async\" width=\"483\" height=\"371\" src=\"https:\/\/centcols.org\/wp-content\/uploads\/2025\/02\/OR5.jpg\" alt=\"\" class=\"wp-image-79519\"\/><\/figure>\n\n\n\n<p>Selezionando \"Passi stradali\" e \"Passi mulattieri\", la mappa mostrer\u00e0 tutti i passi riconosciuti dal Club des Cent Cols, i passi stradali con un'icona nera e i passi mulattieri con un'icona rossa.<\/p>\n\n\n\n<figure class=\"wp-block-image size-full\"><img loading=\"lazy\" decoding=\"async\" width=\"280\" height=\"199\" src=\"https:\/\/centcols.org\/wp-content\/uploads\/2025\/02\/OR6.jpg\" alt=\"\" class=\"wp-image-79520\"\/><\/figure>\n\n\n\n<p>Facendo clic su un collare si apre una finestra che fornisce informazioni sul collare. A noi interessa la sezione \"Raccogli collari\".<\/p>\n\n\n\n<figure class=\"wp-block-image size-full\"><img loading=\"lazy\" decoding=\"async\" width=\"383\" height=\"294\" src=\"https:\/\/centcols.org\/wp-content\/uploads\/2025\/02\/OR7.jpg\" alt=\"\" class=\"wp-image-79521\"\/><\/figure>\n\n\n\n<p>Clicca per raccogliere i collari e la tua collezione di collari pu\u00f2 iniziare!<\/p>\n\n\n\n<figure class=\"wp-block-image size-full\"><img loading=\"lazy\" decoding=\"async\" width=\"339\" height=\"281\" src=\"https:\/\/centcols.org\/wp-content\/uploads\/2025\/02\/OR8.jpg\" alt=\"\" class=\"wp-image-79522\"\/><\/figure>\n\n\n\n<p>Se si fa clic su \"Col gravi\", il passaggio sar\u00e0 cerchiato in verde, o in blu se si fa clic su \"Col \u00e0 faire\".<\/p>\n\n\n\n<figure class=\"wp-block-gallery has-nested-images columns-default is-cropped wp-block-gallery-1 is-layout-flex wp-block-gallery-is-layout-flex\">\n<figure class=\"wp-block-image size-large\"><img loading=\"lazy\" decoding=\"async\" width=\"290\" height=\"185\" data-id=\"79523\" src=\"https:\/\/centcols.org\/wp-content\/uploads\/2025\/02\/OR9.jpg\" alt=\"\" class=\"wp-image-79523\"\/><\/figure>\n\n\n\n<figure class=\"wp-block-image size-large\"><img loading=\"lazy\" decoding=\"async\" width=\"249\" height=\"195\" data-id=\"79524\" src=\"https:\/\/centcols.org\/wp-content\/uploads\/2025\/02\/OR10.jpg\" alt=\"\" class=\"wp-image-79524\"\/><\/figure>\n<\/figure>\n\n\n\n<p>Ora avete capito lo scopo delle due spunte \"mostra solo i miei passaggi scalati\" o \"mostra solo i miei passaggi pianificati\" che avete trovato quando avete aperto la visualizzazione dei passaggi:<\/p>\n\n\n\n<figure class=\"wp-block-image size-full\"><img loading=\"lazy\" decoding=\"async\" width=\"483\" height=\"371\" src=\"https:\/\/centcols.org\/wp-content\/uploads\/2025\/02\/OR5.jpg\" alt=\"\" class=\"wp-image-79519\"\/><\/figure>\n\n\n\n<p>Una volta spuntati tutti i passaggi che avete scalato, andate nel vostro spazio (accessibile tramite il nome del vostro account nell'angolo in alto a destra dello schermo):&nbsp;<\/p>\n\n\n\n<figure class=\"wp-block-image size-full\"><img loading=\"lazy\" decoding=\"async\" width=\"543\" height=\"278\" src=\"https:\/\/centcols.org\/wp-content\/uploads\/2025\/02\/OR11.jpg\" alt=\"\" class=\"wp-image-79525\"\/><\/figure>\n\n\n\n<p>nella barra laterale di sinistra, scegliere Club des Cent Cols.<\/p>\n\n\n\n<figure class=\"wp-block-image size-full\"><img loading=\"lazy\" decoding=\"async\" width=\"282\" height=\"468\" src=\"https:\/\/centcols.org\/wp-content\/uploads\/2025\/02\/OR12.jpg\" alt=\"\" class=\"wp-image-79526\"\/><\/figure>\n\n\n\n<p>Se avete raggiunto l'obiettivo di 100 passaggi, di cui 5 sopra (o uguali a) 2000 m, non dovete far altro che cliccare su \"invia per convalida\".<\/p>\n\n\n\n<figure class=\"wp-block-image size-full\"><img loading=\"lazy\" decoding=\"async\" width=\"725\" height=\"227\" src=\"https:\/\/centcols.org\/wp-content\/uploads\/2025\/02\/OR13.jpg\" alt=\"\" class=\"wp-image-79527\" srcset=\"https:\/\/centcols.org\/wp-content\/uploads\/2025\/02\/OR13.jpg 725w, https:\/\/centcols.org\/wp-content\/uploads\/2025\/02\/OR13-600x188.jpg 600w\" sizes=\"auto, (max-width: 725px) 100vw, 725px\" \/><\/figure>\n\n\n\n<p>Viene quindi creato automaticamente un file in formato csv, compatibile con excel, open office o libre office.<\/p>\n\n\n\n<figure class=\"wp-block-image size-full\"><img loading=\"lazy\" decoding=\"async\" width=\"457\" height=\"260\" src=\"https:\/\/centcols.org\/wp-content\/uploads\/2025\/02\/OR14.jpg\" alt=\"\" class=\"wp-image-79528\"\/><\/figure>\n\n\n\n<p>Salvare: questo \u00e8 il file da inviare con la richiesta di registrazione.<\/p>\n\n\n\n<h3 class=\"wp-block-heading\">Costruite la vostra lista con Ccway<\/h3>\n\n\n\n<p>Richiede l'uso di Google Earth o di altri software di mappatura (basecamp, compegps, altri...)<\/p>\n\n\n\n<p>Guida rapida per la visualizzazione su Google Earth: sul sito web del Club, i non soci cliccano su \"Passes\", quindi su \"CCway\". Nella pagina della mappa, cliccare sulla bandiera del Paese desiderato, quindi assicurarsi di scegliere \"selezione mappa\", il tipo di pass, ad esempio \"pass stradale\", e \"KML\". Fare clic per creare un poligono sulla mappa intorno alla regione desiderata. Quindi fare clic sul pulsante con la freccia rivolta verso il basso e i passi corrispondenti dovrebbero apparire su Google Earth.<\/p>\n\n\n\n<p>Non esitate a contattare il nostro Segretario Soci, :&nbsp;<a href=\"\/it\/&\/#109;&#x61;i&#x6c;&#x74;&#111;&#x3a;i&#x6e;&#x73;&#99;&#x72;i&#x70;&#x74;&#105;&#x6f;n&#x73;&#x40;&#99;&#x65;n&#x74;&#x63;&#111;&#x6c;s&#x2e;&#x6f;&#114;&#x67;\">inscriptions@centcols.org<\/a><\/p>","protected":false},"excerpt":{"rendered":"<p>Nous Rejoindre ! Vous partagez notre passion pour la montagne, vous aimez franchir des cols&nbsp;! &nbsp;C\u2019est la vocation de notre confr\u00e9rie&nbsp;!&nbsp; Nous accueillons chaleureusement les nouveaux membres, de tous \u00e2ges, de toutes nationalit\u00e9s, de tous niveaux et de toutes disciplines du cyclisme. Alors, venez nous rejoindre ! O\u00f9 en \u00eates-vous&nbsp;? 1\u00b0) Vous avez grimp\u00e9 un [&hellip;]<\/p>\n","protected":false},"author":2,"featured_media":623,"parent":0,"menu_order":0,"comment_status":"open","ping_status":"closed","template":"","meta":{"_acf_changed":false,"footnotes":""},"class_list":["post-79514","page","type-page","status-publish","has-post-thumbnail","hentry"],"acf":[],"yoast_head":"<!-- This site is optimized with the Yoast SEO plugin v27.2 - https:\/\/yoast.com\/product\/yoast-seo-wordpress\/ -->\n<title>Comment faire ? - Club des Cent Cols<\/title>\n<meta name=\"robots\" content=\"index, follow, max-snippet:-1, max-image-preview:large, max-video-preview:-1\" \/>\n<link rel=\"canonical\" href=\"https:\/\/centcols.org\/it\/cosa-fare\/\" \/>\n<meta property=\"og:locale\" content=\"it_IT\" \/>\n<meta property=\"og:type\" content=\"article\" \/>\n<meta property=\"og:title\" content=\"Comment faire ? - Club des Cent Cols\" \/>\n<meta property=\"og:description\" content=\"Nous Rejoindre ! Vous partagez notre passion pour la montagne, vous aimez franchir des cols&nbsp;! &nbsp;C\u2019est la vocation de notre confr\u00e9rie&nbsp;!&nbsp; Nous accueillons chaleureusement les nouveaux membres, de tous \u00e2ges, de toutes nationalit\u00e9s, de tous niveaux et de toutes disciplines du cyclisme. Alors, venez nous rejoindre ! O\u00f9 en \u00eates-vous&nbsp;? 1\u00b0) Vous avez grimp\u00e9 un [&hellip;]\" \/>\n<meta property=\"og:url\" content=\"https:\/\/centcols.org\/it\/cosa-fare\/\" \/>\n<meta property=\"og:site_name\" content=\"Club des Cent Cols\" \/>\n<meta property=\"article:publisher\" content=\"https:\/\/www.facebook.com\/groups\/5261880558\/?locale=fr_FR\" \/>\n<meta property=\"article:modified_time\" content=\"2025-09-14T15:32:39+00:00\" \/>\n<meta property=\"og:image\" content=\"https:\/\/centcols.org\/wp-content\/uploads\/2025\/01\/club-cent-cols-challenges-velo.jpg\" \/>\n\t<meta property=\"og:image:width\" content=\"1500\" \/>\n\t<meta property=\"og:image:height\" content=\"1000\" \/>\n\t<meta property=\"og:image:type\" content=\"image\/jpeg\" \/>\n<meta name=\"twitter:card\" content=\"summary_large_image\" \/>\n<meta name=\"twitter:label1\" content=\"Tempo di lettura stimato\" \/>\n\t<meta name=\"twitter:data1\" content=\"8 minuti\" \/>\n<script type=\"application\/ld+json\" class=\"yoast-schema-graph\">{\"@context\":\"https:\/\/schema.org\",\"@graph\":[{\"@type\":\"WebPage\",\"@id\":\"https:\/\/centcols.org\/comment-faire\/\",\"url\":\"https:\/\/centcols.org\/comment-faire\/\",\"name\":\"Comment faire ? - Club des Cent Cols\",\"isPartOf\":{\"@id\":\"https:\/\/centcols.org\/#website\"},\"primaryImageOfPage\":{\"@id\":\"https:\/\/centcols.org\/comment-faire\/#primaryimage\"},\"image\":{\"@id\":\"https:\/\/centcols.org\/comment-faire\/#primaryimage\"},\"thumbnailUrl\":\"https:\/\/centcols.org\/wp-content\/uploads\/2025\/01\/club-cent-cols-challenges-velo.jpg\",\"datePublished\":\"2025-02-05T08:07:17+00:00\",\"dateModified\":\"2025-09-14T15:32:39+00:00\",\"breadcrumb\":{\"@id\":\"https:\/\/centcols.org\/comment-faire\/#breadcrumb\"},\"inLanguage\":\"it-IT\",\"potentialAction\":[{\"@type\":\"ReadAction\",\"target\":[\"https:\/\/centcols.org\/comment-faire\/\"]}]},{\"@type\":\"ImageObject\",\"inLanguage\":\"it-IT\",\"@id\":\"https:\/\/centcols.org\/comment-faire\/#primaryimage\",\"url\":\"https:\/\/centcols.org\/wp-content\/uploads\/2025\/01\/club-cent-cols-challenges-velo.jpg\",\"contentUrl\":\"https:\/\/centcols.org\/wp-content\/uploads\/2025\/01\/club-cent-cols-challenges-velo.jpg\",\"width\":1500,\"height\":1000,\"caption\":\"col \u00e0 v\u00e9lo - cyclotourisme en montagne - v\u00e9lo en montagne\"},{\"@type\":\"BreadcrumbList\",\"@id\":\"https:\/\/centcols.org\/comment-faire\/#breadcrumb\",\"itemListElement\":[{\"@type\":\"ListItem\",\"position\":1,\"name\":\"Accueil\",\"item\":\"https:\/\/centcols.org\/\"},{\"@type\":\"ListItem\",\"position\":2,\"name\":\"Comment faire ?\"}]},{\"@type\":\"WebSite\",\"@id\":\"https:\/\/centcols.org\/#website\",\"url\":\"https:\/\/centcols.org\/\",\"name\":\"Club des Cent Cols\",\"description\":\"\",\"publisher\":{\"@id\":\"https:\/\/centcols.org\/#organization\"},\"potentialAction\":[{\"@type\":\"SearchAction\",\"target\":{\"@type\":\"EntryPoint\",\"urlTemplate\":\"https:\/\/centcols.org\/?s={search_term_string}\"},\"query-input\":{\"@type\":\"PropertyValueSpecification\",\"valueRequired\":true,\"valueName\":\"search_term_string\"}}],\"inLanguage\":\"it-IT\"},{\"@type\":\"Organization\",\"@id\":\"https:\/\/centcols.org\/#organization\",\"name\":\"Club des Cent Cols\",\"url\":\"https:\/\/centcols.org\/\",\"logo\":{\"@type\":\"ImageObject\",\"inLanguage\":\"it-IT\",\"@id\":\"https:\/\/centcols.org\/#\/schema\/logo\/image\/\",\"url\":\"https:\/\/centcols.org\/wp-content\/uploads\/2025\/01\/carte-icone.png\",\"contentUrl\":\"https:\/\/centcols.org\/wp-content\/uploads\/2025\/01\/carte-icone.png\",\"width\":250,\"height\":250,\"caption\":\"Club des Cent Cols\"},\"image\":{\"@id\":\"https:\/\/centcols.org\/#\/schema\/logo\/image\/\"},\"sameAs\":[\"https:\/\/www.facebook.com\/groups\/5261880558\/?locale=fr_FR\"]}]}<\/script>\n<!-- \/ Yoast SEO plugin. -->","yoast_head_json":{"title":"Come arrivare - Club des Cent Cols","robots":{"index":"index","follow":"follow","max-snippet":"max-snippet:-1","max-image-preview":"max-image-preview:large","max-video-preview":"max-video-preview:-1"},"canonical":"https:\/\/centcols.org\/it\/cosa-fare\/","og_locale":"it_IT","og_type":"article","og_title":"Comment faire ? - Club des Cent Cols","og_description":"Nous Rejoindre ! Vous partagez notre passion pour la montagne, vous aimez franchir des cols&nbsp;! &nbsp;C\u2019est la vocation de notre confr\u00e9rie&nbsp;!&nbsp; Nous accueillons chaleureusement les nouveaux membres, de tous \u00e2ges, de toutes nationalit\u00e9s, de tous niveaux et de toutes disciplines du cyclisme. Alors, venez nous rejoindre ! O\u00f9 en \u00eates-vous&nbsp;? 1\u00b0) Vous avez grimp\u00e9 un [&hellip;]","og_url":"https:\/\/centcols.org\/it\/cosa-fare\/","og_site_name":"Club des Cent Cols","article_publisher":"https:\/\/www.facebook.com\/groups\/5261880558\/?locale=fr_FR","article_modified_time":"2025-09-14T15:32:39+00:00","og_image":[{"width":1500,"height":1000,"url":"https:\/\/centcols.org\/wp-content\/uploads\/2025\/01\/club-cent-cols-challenges-velo.jpg","type":"image\/jpeg"}],"twitter_card":"summary_large_image","twitter_misc":{"Tempo di lettura stimato":"8 minuti"},"schema":{"@context":"https:\/\/schema.org","@graph":[{"@type":"WebPage","@id":"https:\/\/centcols.org\/comment-faire\/","url":"https:\/\/centcols.org\/comment-faire\/","name":"Come arrivare - Club des Cent Cols","isPartOf":{"@id":"https:\/\/centcols.org\/#website"},"primaryImageOfPage":{"@id":"https:\/\/centcols.org\/comment-faire\/#primaryimage"},"image":{"@id":"https:\/\/centcols.org\/comment-faire\/#primaryimage"},"thumbnailUrl":"https:\/\/centcols.org\/wp-content\/uploads\/2025\/01\/club-cent-cols-challenges-velo.jpg","datePublished":"2025-02-05T08:07:17+00:00","dateModified":"2025-09-14T15:32:39+00:00","breadcrumb":{"@id":"https:\/\/centcols.org\/comment-faire\/#breadcrumb"},"inLanguage":"it-IT","potentialAction":[{"@type":"ReadAction","target":["https:\/\/centcols.org\/comment-faire\/"]}]},{"@type":"ImageObject","inLanguage":"it-IT","@id":"https:\/\/centcols.org\/comment-faire\/#primaryimage","url":"https:\/\/centcols.org\/wp-content\/uploads\/2025\/01\/club-cent-cols-challenges-velo.jpg","contentUrl":"https:\/\/centcols.org\/wp-content\/uploads\/2025\/01\/club-cent-cols-challenges-velo.jpg","width":1500,"height":1000,"caption":"col \u00e0 v\u00e9lo - cyclotourisme en montagne - v\u00e9lo en montagne"},{"@type":"BreadcrumbList","@id":"https:\/\/centcols.org\/comment-faire\/#breadcrumb","itemListElement":[{"@type":"ListItem","position":1,"name":"Accueil","item":"https:\/\/centcols.org\/"},{"@type":"ListItem","position":2,"name":"Comment faire ?"}]},{"@type":"WebSite","@id":"https:\/\/centcols.org\/#website","url":"https:\/\/centcols.org\/","name":"Club des Cent Cols","description":"","publisher":{"@id":"https:\/\/centcols.org\/#organization"},"potentialAction":[{"@type":"SearchAction","target":{"@type":"EntryPoint","urlTemplate":"https:\/\/centcols.org\/?s={search_term_string}"},"query-input":{"@type":"PropertyValueSpecification","valueRequired":true,"valueName":"search_term_string"}}],"inLanguage":"it-IT"},{"@type":"Organization","@id":"https:\/\/centcols.org\/#organization","name":"Club des Cent Cols","url":"https:\/\/centcols.org\/","logo":{"@type":"ImageObject","inLanguage":"it-IT","@id":"https:\/\/centcols.org\/#\/schema\/logo\/image\/","url":"https:\/\/centcols.org\/wp-content\/uploads\/2025\/01\/carte-icone.png","contentUrl":"https:\/\/centcols.org\/wp-content\/uploads\/2025\/01\/carte-icone.png","width":250,"height":250,"caption":"Club des Cent Cols"},"image":{"@id":"https:\/\/centcols.org\/#\/schema\/logo\/image\/"},"sameAs":["https:\/\/www.facebook.com\/groups\/5261880558\/?locale=fr_FR"]}]}},"_links":{"self":[{"href":"https:\/\/centcols.org\/it\/wp-json\/wp\/v2\/pages\/79514","targetHints":{"allow":["GET"]}}],"collection":[{"href":"https:\/\/centcols.org\/it\/wp-json\/wp\/v2\/pages"}],"about":[{"href":"https:\/\/centcols.org\/it\/wp-json\/wp\/v2\/types\/page"}],"author":[{"embeddable":true,"href":"https:\/\/centcols.org\/it\/wp-json\/wp\/v2\/users\/2"}],"replies":[{"embeddable":true,"href":"https:\/\/centcols.org\/it\/wp-json\/wp\/v2\/comments?post=79514"}],"version-history":[{"count":0,"href":"https:\/\/centcols.org\/it\/wp-json\/wp\/v2\/pages\/79514\/revisions"}],"wp:featuredmedia":[{"embeddable":true,"href":"https:\/\/centcols.org\/it\/wp-json\/wp\/v2\/media\/623"}],"wp:attachment":[{"href":"https:\/\/centcols.org\/it\/wp-json\/wp\/v2\/media?parent=79514"}],"curies":[{"name":"wp","href":"https:\/\/api.w.org\/{rel}","templated":true}]}}