{"id":79554,"date":"2025-02-05T10:08:06","date_gmt":"2025-02-05T08:08:06","guid":{"rendered":"https:\/\/centcols.org\/adresses-de-contact\/"},"modified":"2025-10-17T19:29:46","modified_gmt":"2025-10-17T17:29:46","slug":"indirizzi-di-contatto","status":"publish","type":"page","link":"https:\/\/centcols.org\/it\/adresses-de-contact\/","title":{"rendered":"Indirizzi di contatto"},"content":{"rendered":"\n<p>Pour conna\u00eetre les conditions d\u2019inscription au Club des Cent Cols ou pour savoir comment verser sa <a href=\"https:\/\/centcols.org\/cotisation-annuelle\/\">cotisation annuelle<\/a>, consultez les rubriques\u00a0<a href=\"https:\/\/centcols.org\/regle-du-jeu\/\" target=\"_blank\" rel=\"noreferrer noopener\">R\u00e8gle du jeu<\/a>,\u00a0<a href=\"https:\/\/centcols.org\/nous-rejoindre\/\" target=\"_blank\" rel=\"noreferrer noopener\">nous rejoindre<\/a>,\u00a0<a href=\"https:\/\/centcols.org\/cotisation-annuelle\/\" target=\"_blank\" rel=\"noreferrer noopener\">renouvellement adh\u00e9sion<\/a>.<\/p>\n\n\n\n<div class=\"wp-block-columns is-layout-flex wp-container-core-columns-is-layout-9d6595d7 wp-block-columns-is-layout-flex\">\n<div class=\"wp-block-column is-layout-flow wp-block-column-is-layout-flow\">\n<h2 class=\"wp-block-heading\">ADRESSES E-MAIL<\/h2>\n\n\n\n<ul class=\"wp-block-list\">\n<li>Renseignements :&nbsp;<a href=\"&#x6d;&#x61;&#105;l&#x74;&#x6f;&#x3a;&#105;n&#x66;&#x6f;&#x40;&#99;e&#x6e;&#x74;&#x63;&#111;l&#x73;&#x2e;&#x6f;&#114;g\">&#105;&#x6e;&#x66;o&#64;&#x63;&#x65;n&#116;&#x63;o&#108;&#x73;&#x2e;o&#114;&#x67;<\/a><\/li>\n\n\n\n<li>Support technique informatique :&nbsp;<a href=\"&#x6d;&#97;i&#x6c;&#x74;&#111;:&#x61;&#x73;&#115;i&#x73;&#116;a&#x6e;&#x63;&#101;&#64;&#x63;&#x65;&#110;t&#x63;&#111;&#108;&#x73;&#x2e;&#111;r&#x67;\">&#x61;&#115;&#x73;&#x69;&#115;&#x74;&#97;n&#x63;&#101;&#64;&#x63;&#101;n&#x74;&#99;o&#x6c;&#115;&#x2e;&#x6f;&#114;&#x67;<\/a><\/li>\n\n\n\n<li>Envoi d\u2019albums-photos pour le site :&nbsp;<a href=\"&#109;&#x61;&#105;&#x6c;&#116;&#x6f;&#58;&#x70;&#104;&#x6f;&#116;&#x6f;&#115;&#x40;&#99;&#x65;&#110;&#x74;&#99;&#x6f;&#108;&#x73;&#46;&#x6f;&#114;&#x67;\">&#112;h&#x6f;t&#x6f;s&#x40;c&#x65;n&#x74;c&#x6f;&#108;&#x73;&#46;&#x6f;&#114;&#x67;<\/a><\/li>\n\n\n\n<li>Envoi photos de cols (panneaux, paysages) :&nbsp;<a href=\"https:\/\/centcols.org\/photos-de-cols\/\" target=\"_blank\" rel=\"noreferrer noopener\">voir instructions<\/a><\/li>\n\n\n\n<li>Envoi d\u2019articles et photos pour la revue :&nbsp;<a href=\"&#x6d;&#x61;&#x69;&#x6c;&#x74;&#x6f;&#58;&#114;&#101;&#100;acti&#x6f;&#x6e;&#x40;&#x63;&#x65;&#x6e;&#116;&#99;&#111;&#108;&#115;&#46;or&#x67;\">&#114;&#x65;d&#x61;&#x63;&#116;&#x69;o&#x6e;&#x40;&#99;&#x65;n&#x74;&#x63;&#111;&#x6c;s&#x2e;&#x6f;&#114;&#x67;<\/a><\/li>\n\n\n\n<li>Envoi parcours OpenRunner :&nbsp;<a href=\"m&#97;&#x69;&#x6c;&#x74;o&#58;&#x70;&#x61;&#x72;c&#111;&#x75;&#x72;&#x73;-&#111;&#x72;&#x40;&#x63;e&#110;&#x74;&#x63;&#x6f;l&#115;&#x2e;&#x6f;&#x72;g\">&#x70;&#97;&#x72;&#x63;&#111;&#x75;&#114;s&#x2d;&#111;r&#x40;&#99;e&#x6e;&#116;c&#x6f;&#108;&#x73;&#x2e;&#111;&#x72;&#x67;<\/a><\/li>\n\n\n\n<li>Boutique v\u00eatements :&nbsp;<a href=\"m&#97;&#x69;&#x6c;t&#111;&#x3a;&#x62;o&#117;&#x74;&#x69;q&#117;&#x65;&#x40;c&#101;&#x6e;&#x74;c&#111;&#108;&#x73;&#x2e;o&#114;&#x67;\">&#98;o&#x75;t&#x69;&#113;&#x75;&#101;&#x40;&#99;e&#x6e;t&#x63;&#111;&#x6c;&#115;&#x2e;&#111;&#x72;&#103;<\/a><\/li>\n\n\n\n<li>Librairie (catalogues et papeterie) :&nbsp;<a href=\"&#x6d;&#x61;&#105;&#108;t&#x6f;&#x3a;&#x6c;&#105;&#98;r&#x61;&#x69;&#x72;&#105;&#101;&#64;&#x63;&#x65;&#x6e;&#116;&#99;o&#x6c;&#x73;&#x2e;&#111;rg\">l&#105;&#x62;&#x72;a&#105;&#114;&#x69;&#x65;&#64;&#99;&#101;&#x6e;&#x74;c&#111;&#x6c;&#x73;&#x2e;o&#114;&#x67;<\/a><\/li>\n\n\n\n<li>Propositions \/ rectifications de cols :&nbsp;<a href=\"&#x6d;&#97;i&#x6c;&#116;o&#x3a;&#99;o&#x6c;&#x73;&#64;&#x63;&#x65;&#110;t&#x63;&#111;l&#x73;&#46;o&#x72;&#x67;\">c&#111;&#x6c;&#x73;&#64;&#99;&#101;&#x6e;&#x74;c&#111;&#108;&#x73;&#x2e;o&#114;&#x67;<\/a><\/li>\n\n\n\n<li>Commission s\u00e9jours, rassemblements et \u00e9v\u00e9nements :&nbsp;<a href=\"&#x6d;&#x61;&#x69;&#108;&#116;o:&#x73;&#x65;&#x6a;&#x6f;&#117;&#114;s&#64;&#x63;&#x65;&#x6e;&#116;&#99;&#111;ls&#x2e;&#x6f;&#x72;&#103;\">&#x73;&#x65;&#106;o&#x75;&#x72;&#x73;&#64;c&#x65;&#x6e;&#x74;&#99;o&#x6c;&#x73;&#x2e;&#111;r&#x67;<\/a><\/li>\n\n\n\n<li>Adresse pour envoi photos des membres :&nbsp;<a href=\"&#x6d;a&#x69;&#108;t&#x6f;&#58;&#x70;&#x68;o&#x74;&#111;d&#x65;&#109;&#x65;&#109;b&#x72;&#101;&#64;&#x63;&#101;&#x6e;&#116;c&#x6f;&#108;&#x73;&#x2e;o&#x72;&#103;\">&#x70;&#104;&#x6f;&#x74;&#111;&#x64;&#x65;&#109;&#x65;&#x6d;&#98;&#x72;&#x65;&#64;&#x63;&#x65;n&#x74;&#99;o&#x6c;&#115;&#46;&#x6f;&#114;g<\/a><\/li>\n\n\n\n<li>La Gazette&nbsp;<a href=\"&#x6d;&#97;i&#x6c;&#116;o&#x3a;&#103;a&#x7a;&#x65;&#116;&#x74;&#x65;&#64;c&#x65;&#110;t&#x63;&#111;l&#x73;&#x2e;&#111;&#x72;&#x67;\">&#103;&#97;&#x7a;e&#116;&#x74;&#x65;&#64;&#99;&#x65;&#x6e;t&#99;&#x6f;&#x6c;s&#46;&#x6f;&#x72;g<\/a><\/li>\n<\/ul>\n<\/div>\n<\/div>\n\n\n\n<p><em>Les membres doivent contacter <a href=\"https:\/\/centcols.org\/les-delegues-et-autres-benevoles\/\">leur d\u00e9l\u00e9gu\u00e9 territorial ou national<\/a> pour tout ce qui a trait \u00e0 leurs listes de cols et \u00e0 leurs cotisations<\/em>.<\/p>\n\n\n\n<h2 class=\"wp-block-heading\" id=\"nous-contacter\">Nous contacter<\/h2>\n\n\n<div class=\"wpforms-container wpforms-container-full wpforms-block wpforms-block-4b3180c3-ca87-4836-a546-4e72b0399b0b\" id=\"wpforms-50\"><form id=\"wpforms-form-50\" class=\"wpforms-validate wpforms-form\" data-formid=\"50\" method=\"post\" enctype=\"multipart\/form-data\" action=\"\/it\/wp-json\/wp\/v2\/pages\/79554\" data-token=\"cf901842b5d3939c19734db7e4c11b41\" data-token-time=\"1777408601\"><noscript class=\"wpforms-error-noscript\">Abilita JavaScript nel browser per completare questo modulo.<\/noscript><div class=\"wpforms-field-container\"><div id=\"wpforms-50-field_0-container\" class=\"wpforms-field wpforms-field-name\" data-field-id=\"0\"><label class=\"wpforms-field-label\" for=\"wpforms-50-field_0\">Nom <span class=\"wpforms-required-label\">*<\/span><\/label><div class=\"wpforms-field-row wpforms-field-large\"><div class=\"wpforms-field-row-block wpforms-first wpforms-one-half\"><input type=\"text\" id=\"wpforms-50-field_0\" class=\"wpforms-field-name-first wpforms-field-required\" name=\"wpforms[fields][0][first]\" placeholder=\"Pr\u00e9nom\" required><label for=\"wpforms-50-field_0\" class=\"wpforms-field-sublabel after wpforms-sublabel-hide\">Nome<\/label><\/div><div class=\"wpforms-field-row-block wpforms-one-half\"><input type=\"text\" id=\"wpforms-50-field_0-last\" class=\"wpforms-field-name-last wpforms-field-required\" name=\"wpforms[fields][0][last]\" placeholder=\"Nom\" required><label for=\"wpforms-50-field_0-last\" class=\"wpforms-field-sublabel after wpforms-sublabel-hide\">Cognome<\/label><\/div><\/div><\/div><div id=\"wpforms-50-field_1-container\" class=\"wpforms-field wpforms-field-email\" data-field-id=\"1\"><label class=\"wpforms-field-label\" for=\"wpforms-50-field_1\">E-mail <span class=\"wpforms-required-label\">*<\/span><\/label><input type=\"email\" id=\"wpforms-50-field_1\" class=\"wpforms-field-large wpforms-field-required\" name=\"wpforms[fields][1]\" placeholder=\"E-mail\" spellcheck=\"false\" required><\/div><div id=\"wpforms-50-field_4-container\" class=\"wpforms-field wpforms-field-text\" data-field-id=\"4\"><label class=\"wpforms-field-label\" for=\"wpforms-50-field_4\">T\u00e9l\u00e9phone<\/label><input type=\"text\" id=\"wpforms-50-field_4\" class=\"wpforms-field-large\" name=\"wpforms[fields][4]\" placeholder=\"T\u00e9l\u00e9phone\" ><\/div><div id=\"wpforms-50-field_2-container\" class=\"wpforms-field wpforms-field-textarea\" data-field-id=\"2\"><label class=\"wpforms-field-label\" for=\"wpforms-50-field_2\">Votre message <span class=\"wpforms-required-label\">*<\/span><\/label><textarea id=\"wpforms-50-field_2\" class=\"wpforms-field-medium wpforms-field-required\" name=\"wpforms[fields][2]\" placeholder=\"Commentaire ou message\" required><\/textarea><\/div><\/div><!-- .wpforms-field-container --><div class=\"wpforms-recaptcha-container wpforms-is-recaptcha wpforms-is-recaptcha-type-v3\" ><input type=\"hidden\" name=\"wpforms[recaptcha]\" value=\"\"><\/div><div class=\"wpforms-submit-container\" ><input type=\"hidden\" name=\"wpforms[id]\" value=\"50\"><input type=\"hidden\" name=\"page_title\" value=\"\"><input type=\"hidden\" name=\"page_url\" value=\"https:\/\/centcols.org\/it\/wp-json\/wp\/v2\/pages\/79554\"><input type=\"hidden\" name=\"url_referer\" value=\"\"><button type=\"submit\" name=\"wpforms[submit]\" id=\"wpforms-submit-50\" class=\"wpforms-submit\" data-alt-text=\"Envoi...\" data-submit-text=\"Envoyer\" aria-live=\"assertive\" value=\"wpforms-submit\">Envoyer<\/button><\/div><\/form><\/div>  <!-- .wpforms-container -->","protected":false},"excerpt":{"rendered":"<p>Per conoscere le condizioni di adesione al Club des Cent Cols o le modalit\u00e0 di pagamento dell'abbonamento annuale, andare su Regole del gioco, Unisciti a noi, Rinnovo dell'abbonamento. INDIRIZZI E-MAIL I soci devono rivolgersi al proprio delegato territoriale o nazionale per tutte le questioni relative alle liste di tesseramento e agli abbonamenti. Per contattarci<\/p>","protected":false},"author":2,"featured_media":0,"parent":0,"menu_order":0,"comment_status":"open","ping_status":"closed","template":"","meta":{"_acf_changed":false,"footnotes":""},"class_list":["post-79554","page","type-page","status-publish","hentry"],"acf":[],"yoast_head":"<!-- This site is optimized with the Yoast SEO plugin v27.2 - https:\/\/yoast.com\/product\/yoast-seo-wordpress\/ -->\n<title>Adresses de contact - Club des Cent Cols<\/title>\n<meta name=\"robots\" content=\"index, follow, max-snippet:-1, max-image-preview:large, max-video-preview:-1\" \/>\n<link rel=\"canonical\" href=\"https:\/\/centcols.org\/it\/indirizzi-di-contatto\/\" \/>\n<meta property=\"og:locale\" content=\"it_IT\" \/>\n<meta property=\"og:type\" content=\"article\" \/>\n<meta property=\"og:title\" content=\"Adresses de contact - Club des Cent Cols\" \/>\n<meta property=\"og:description\" content=\"Pour conna\u00eetre les conditions d\u2019inscription au Club des Cent Cols ou pour savoir comment verser sa cotisation annuelle, consultez les rubriques\u00a0R\u00e8gle du jeu,\u00a0nous rejoindre,\u00a0renouvellement adh\u00e9sion. ADRESSES E-MAIL Les membres doivent contacter leur d\u00e9l\u00e9gu\u00e9 territorial ou national pour tout ce qui a trait \u00e0 leurs listes de cols et \u00e0 leurs cotisations. Nous contacter\" \/>\n<meta property=\"og:url\" content=\"https:\/\/centcols.org\/it\/indirizzi-di-contatto\/\" \/>\n<meta property=\"og:site_name\" content=\"Club des Cent Cols\" \/>\n<meta property=\"article:publisher\" content=\"https:\/\/www.facebook.com\/groups\/5261880558\/?locale=fr_FR\" \/>\n<meta property=\"article:modified_time\" content=\"2025-10-17T17:29:46+00:00\" \/>\n<meta name=\"twitter:card\" content=\"summary_large_image\" \/>\n<meta name=\"twitter:label1\" content=\"Tempo di lettura stimato\" \/>\n\t<meta name=\"twitter:data1\" content=\"1 minuto\" \/>\n<script type=\"application\/ld+json\" class=\"yoast-schema-graph\">{\"@context\":\"https:\/\/schema.org\",\"@graph\":[{\"@type\":\"WebPage\",\"@id\":\"https:\/\/centcols.org\/adresses-de-contact\/\",\"url\":\"https:\/\/centcols.org\/adresses-de-contact\/\",\"name\":\"Adresses de contact - Club des Cent Cols\",\"isPartOf\":{\"@id\":\"https:\/\/centcols.org\/#website\"},\"datePublished\":\"2025-02-05T08:08:06+00:00\",\"dateModified\":\"2025-10-17T17:29:46+00:00\",\"breadcrumb\":{\"@id\":\"https:\/\/centcols.org\/adresses-de-contact\/#breadcrumb\"},\"inLanguage\":\"it-IT\",\"potentialAction\":[{\"@type\":\"ReadAction\",\"target\":[\"https:\/\/centcols.org\/adresses-de-contact\/\"]}]},{\"@type\":\"BreadcrumbList\",\"@id\":\"https:\/\/centcols.org\/adresses-de-contact\/#breadcrumb\",\"itemListElement\":[{\"@type\":\"ListItem\",\"position\":1,\"name\":\"Accueil\",\"item\":\"https:\/\/centcols.org\/\"},{\"@type\":\"ListItem\",\"position\":2,\"name\":\"Adresses de contact\"}]},{\"@type\":\"WebSite\",\"@id\":\"https:\/\/centcols.org\/#website\",\"url\":\"https:\/\/centcols.org\/\",\"name\":\"Club des Cent Cols\",\"description\":\"\",\"publisher\":{\"@id\":\"https:\/\/centcols.org\/#organization\"},\"potentialAction\":[{\"@type\":\"SearchAction\",\"target\":{\"@type\":\"EntryPoint\",\"urlTemplate\":\"https:\/\/centcols.org\/?s={search_term_string}\"},\"query-input\":{\"@type\":\"PropertyValueSpecification\",\"valueRequired\":true,\"valueName\":\"search_term_string\"}}],\"inLanguage\":\"it-IT\"},{\"@type\":\"Organization\",\"@id\":\"https:\/\/centcols.org\/#organization\",\"name\":\"Club des Cent Cols\",\"url\":\"https:\/\/centcols.org\/\",\"logo\":{\"@type\":\"ImageObject\",\"inLanguage\":\"it-IT\",\"@id\":\"https:\/\/centcols.org\/#\/schema\/logo\/image\/\",\"url\":\"https:\/\/centcols.org\/wp-content\/uploads\/2025\/01\/carte-icone.png\",\"contentUrl\":\"https:\/\/centcols.org\/wp-content\/uploads\/2025\/01\/carte-icone.png\",\"width\":250,\"height\":250,\"caption\":\"Club des Cent Cols\"},\"image\":{\"@id\":\"https:\/\/centcols.org\/#\/schema\/logo\/image\/\"},\"sameAs\":[\"https:\/\/www.facebook.com\/groups\/5261880558\/?locale=fr_FR\"]}]}<\/script>\n<!-- \/ Yoast SEO plugin. -->","yoast_head_json":{"title":"Indirizzi di contatto - Club des Cent Cols","robots":{"index":"index","follow":"follow","max-snippet":"max-snippet:-1","max-image-preview":"max-image-preview:large","max-video-preview":"max-video-preview:-1"},"canonical":"https:\/\/centcols.org\/it\/indirizzi-di-contatto\/","og_locale":"it_IT","og_type":"article","og_title":"Adresses de contact - Club des Cent Cols","og_description":"Pour conna\u00eetre les conditions d\u2019inscription au Club des Cent Cols ou pour savoir comment verser sa cotisation annuelle, consultez les rubriques\u00a0R\u00e8gle du jeu,\u00a0nous rejoindre,\u00a0renouvellement adh\u00e9sion. ADRESSES E-MAIL Les membres doivent contacter leur d\u00e9l\u00e9gu\u00e9 territorial ou national pour tout ce qui a trait \u00e0 leurs listes de cols et \u00e0 leurs cotisations. Nous contacter","og_url":"https:\/\/centcols.org\/it\/indirizzi-di-contatto\/","og_site_name":"Club des Cent Cols","article_publisher":"https:\/\/www.facebook.com\/groups\/5261880558\/?locale=fr_FR","article_modified_time":"2025-10-17T17:29:46+00:00","twitter_card":"summary_large_image","twitter_misc":{"Tempo di lettura stimato":"1 minuto"},"schema":{"@context":"https:\/\/schema.org","@graph":[{"@type":"WebPage","@id":"https:\/\/centcols.org\/adresses-de-contact\/","url":"https:\/\/centcols.org\/adresses-de-contact\/","name":"Indirizzi di contatto - Club des Cent Cols","isPartOf":{"@id":"https:\/\/centcols.org\/#website"},"datePublished":"2025-02-05T08:08:06+00:00","dateModified":"2025-10-17T17:29:46+00:00","breadcrumb":{"@id":"https:\/\/centcols.org\/adresses-de-contact\/#breadcrumb"},"inLanguage":"it-IT","potentialAction":[{"@type":"ReadAction","target":["https:\/\/centcols.org\/adresses-de-contact\/"]}]},{"@type":"BreadcrumbList","@id":"https:\/\/centcols.org\/adresses-de-contact\/#breadcrumb","itemListElement":[{"@type":"ListItem","position":1,"name":"Accueil","item":"https:\/\/centcols.org\/"},{"@type":"ListItem","position":2,"name":"Adresses de contact"}]},{"@type":"WebSite","@id":"https:\/\/centcols.org\/#website","url":"https:\/\/centcols.org\/","name":"Club des Cent Cols","description":"","publisher":{"@id":"https:\/\/centcols.org\/#organization"},"potentialAction":[{"@type":"SearchAction","target":{"@type":"EntryPoint","urlTemplate":"https:\/\/centcols.org\/?s={search_term_string}"},"query-input":{"@type":"PropertyValueSpecification","valueRequired":true,"valueName":"search_term_string"}}],"inLanguage":"it-IT"},{"@type":"Organization","@id":"https:\/\/centcols.org\/#organization","name":"Club des Cent Cols","url":"https:\/\/centcols.org\/","logo":{"@type":"ImageObject","inLanguage":"it-IT","@id":"https:\/\/centcols.org\/#\/schema\/logo\/image\/","url":"https:\/\/centcols.org\/wp-content\/uploads\/2025\/01\/carte-icone.png","contentUrl":"https:\/\/centcols.org\/wp-content\/uploads\/2025\/01\/carte-icone.png","width":250,"height":250,"caption":"Club des Cent Cols"},"image":{"@id":"https:\/\/centcols.org\/#\/schema\/logo\/image\/"},"sameAs":["https:\/\/www.facebook.com\/groups\/5261880558\/?locale=fr_FR"]}]}},"_links":{"self":[{"href":"https:\/\/centcols.org\/it\/wp-json\/wp\/v2\/pages\/79554","targetHints":{"allow":["GET"]}}],"collection":[{"href":"https:\/\/centcols.org\/it\/wp-json\/wp\/v2\/pages"}],"about":[{"href":"https:\/\/centcols.org\/it\/wp-json\/wp\/v2\/types\/page"}],"author":[{"embeddable":true,"href":"https:\/\/centcols.org\/it\/wp-json\/wp\/v2\/users\/2"}],"replies":[{"embeddable":true,"href":"https:\/\/centcols.org\/it\/wp-json\/wp\/v2\/comments?post=79554"}],"version-history":[{"count":0,"href":"https:\/\/centcols.org\/it\/wp-json\/wp\/v2\/pages\/79554\/revisions"}],"wp:attachment":[{"href":"https:\/\/centcols.org\/it\/wp-json\/wp\/v2\/media?parent=79554"}],"curies":[{"name":"wp","href":"https:\/\/api.w.org\/{rel}","templated":true}]}}