{"id":84208,"date":"2025-06-25T23:07:56","date_gmt":"2025-06-25T21:07:56","guid":{"rendered":"https:\/\/centcols.org\/?page_id=84208"},"modified":"2025-08-09T15:06:22","modified_gmt":"2025-08-09T13:06:22","slug":"ccway","status":"publish","type":"page","link":"https:\/\/centcols.org\/it\/ccway\/","title":{"rendered":"ccWay"},"content":{"rendered":"<div class=\"wp-block-columns is-layout-flex wp-container-core-columns-is-layout-9d6595d7 wp-block-columns-is-layout-flex\">\n<div class=\"wp-block-column is-layout-flow wp-block-column-is-layout-flow\" style=\"flex-basis:66.66%\">        <div class=\"toggle-content-wrapper\">\n            <div class=\"visible-text\">\n                ccWay \u00e8 un'utility basata sul sito web del Club des Cent Cols in grado di estrarre una serie di passaggi secondo i criteri scelti dall'utente. Pu\u00f2 produrre diversi tipi comuni di file di geolocalizzazione, a scelta dell'utente. L'uso pi\u00f9 immediato \u00e8 quello di produrre file gpx per il proprio GPS, ma \u00e8 possibile utilizzare altri formati per il proprio software di geolocalizzazione preferito, come Google Earth, MapSource, Carto Exploreur e molti altri.            <\/div>\n            <div class=\"toggle-controls\">\n                <button class=\"toggle-btn read-more-btn\"\n                    data-show-text=\"Afficher moins\"\n                    data-hide-text=\"Lire la suite\">\n                    Per saperne di pi\u00f9                <\/button>\n            <\/div>\n            <div class=\"hidden-text\" style=\"display: none;\">\n                Sebbene questo sia il suo uso pi\u00f9 diretto, ccWay non \u00e8 specificamente destinato agli utenti di dispositivi GPS. I file prodotti da ccWay possono essere utilizzati per pianificare le uscite e i viaggi sulle mappe, per ottenere una vista 3D di un gruppo di passi su Google Earth e per molti altri usi limitati solo dalla vostra immaginazione.<br>Una volta scelto il Paese, \u00e8 possibile selezionare i passi per livello amministrativo (Regione, Dipartimento, Provincia, Cantone, Land, Stato, ecc.), per numero di mappa o effettuare una selezione con il mouse su una mappa interattiva. I passi cos\u00ec ottenuti possono anche essere sottoposti a filtri: passi &lt; 2000 m, passi \u2265 2000 m o entrambi; uno o pi\u00f9 livelli di difficolt\u00e0; ccWay pu\u00f2 anche distinguere tra i passi gi\u00e0 scalati e quelli ancora da scalare.<br>ccWay consente anche di filtrare i passi in base alla data in cui sono stati inseriti o modificati nel database Cent Cols, di cercare la posizione di un passo specifico in base al nome o al codice, di visualizzare una traccia sulla mappa da un file sul computer o da un percorso Openrunner.<br>ccWay funziona completamente online, senza installare alcun software sul computer. Naturalmente, se lo desiderate, potete installare il software di vostra scelta per elaborare i file prodotti da ccWay.            <\/div>\n            <div class=\"toggle-controls-bottom\" style=\"display: none;\">\n                <button class=\"toggle-btn show-less-btn\"\n                    data-show-text=\"Afficher moins\"\n                    data-hide-text=\"Lire la suite\">\n                    Mostra meno                <\/button>\n            <\/div>\n        <\/div>\n    <\/div>\n\n\n\n<div class=\"wp-block-column is-layout-flow wp-block-column-is-layout-flow\" style=\"flex-basis:33.33%\"><div class=\"wp-block-image is-style-default\">\n<figure class=\"aligncenter size-full is-resized\"><img loading=\"lazy\" decoding=\"async\" width=\"346\" height=\"228\" src=\"https:\/\/centcols.org\/wp-content\/uploads\/2025\/05\/exce.jpg\" alt=\"\" class=\"wp-image-81828\" style=\"aspect-ratio:1.7777777777777777;object-fit:cover;width:484px;height:auto\"\/><figcaption class=\"wp-element-caption\"><strong><a href=\"https:\/\/centcols.org\/it\/util\/geo\/ccway\/\" target=\"_blank\" rel=\"noreferrer noopener\"><\/a><a href=\"https:\/\/centcols.org\/it\/util\/geo\/ccway\/\" target=\"_blank\" rel=\"noreferrer noopener\">Accedere all'utilit\u00e0 ccWay<\/a><\/strong><\/figcaption><\/figure>\n<\/div><\/div>\n<\/div>\n\n\n\n<h2 class=\"wp-block-heading\">Guide<\/h2>\n\n\n\n<div class=\"wp-block-query grid-nous-rejoindre is-layout-constrained wp-block-query-is-layout-constrained\"><ul class=\"wp-block-post-template is-layout-grid wp-container-core-post-template-is-layout-424c85b4 wp-block-post-template-is-layout-grid\"><li class=\"wp-block-post post-81825 post type-post status-publish format-standard has-post-thumbnail hentry category-guide-ccway category-tutoriels\">\n\n<div class=\"wp-block-group carte-article\"><div class=\"wp-block-group__inner-container is-layout-constrained wp-block-group-is-layout-constrained\"><figure style=\"aspect-ratio:16\/9;width:100%;\" class=\"wp-block-post-featured-image\"><a href=\"https:\/\/centcols.org\/it\/guide-dutilisation-ccway\/\" target=\"_self\"  ><img loading=\"lazy\" decoding=\"async\" width=\"346\" height=\"218\" src=\"https:\/\/centcols.org\/wp-content\/uploads\/2025\/05\/exmapsource.jpg\" class=\"attachment-post-thumbnail size-post-thumbnail wp-post-image\" alt=\"Guida all&#039;uso di ccWay\" style=\"width:100%;height:100%;object-fit:cover;\" \/><\/a><\/figure>\n\n<h3 style=\"font-size:1.2rem;\" class=\"wp-block-post-title\"><a href=\"https:\/\/centcols.org\/it\/guide-dutilisation-ccway\/\" target=\"_self\" >Guida all'uso di ccWay<\/a><\/h3>\n\n<div class=\"wp-block-post-excerpt\"><p class=\"wp-block-post-excerpt__excerpt\">Note preliminari Le impostazioni personalizzate di ccWay sono oggetto di...<\/p><p class=\"wp-block-post-excerpt__more-text\"><a class=\"wp-block-post-excerpt__more-link\" href=\"https:\/\/centcols.org\/it\/guide-dutilisation-ccway\/\">Per saperne di pi\u00f9 \u2192<\/a><\/p><\/div><\/div><\/div>\n\n<\/li><li class=\"wp-block-post post-81842 post type-post status-publish format-standard has-post-thumbnail hentry category-guide-ccway category-tutoriels\">\n\n<div class=\"wp-block-group carte-article\"><div class=\"wp-block-group__inner-container is-layout-constrained wp-block-group-is-layout-constrained\"><figure style=\"aspect-ratio:16\/9;width:100%;\" class=\"wp-block-post-featured-image\"><a href=\"https:\/\/centcols.org\/it\/guide-ccway-selections-geographiques\/\" target=\"_self\"  ><img loading=\"lazy\" decoding=\"async\" width=\"720\" height=\"540\" src=\"https:\/\/centcols.org\/wp-content\/uploads\/2025\/07\/img-fr59.jpg\" class=\"attachment-post-thumbnail size-post-thumbnail wp-post-image\" alt=\"Guida ccWay: selezioni geografiche\" style=\"width:100%;height:100%;object-fit:cover;\" \/><\/a><\/figure>\n\n<h3 style=\"font-size:1.2rem;\" class=\"wp-block-post-title\"><a href=\"https:\/\/centcols.org\/it\/guide-ccway-selections-geographiques\/\" target=\"_self\" >Guida ccWay: selezioni geografiche<\/a><\/h3>\n\n<div class=\"wp-block-post-excerpt\"><p class=\"wp-block-post-excerpt__excerpt\">Le selezioni geografiche consentono di limitare l'ambito geografico della...<\/p><p class=\"wp-block-post-excerpt__more-text\"><a class=\"wp-block-post-excerpt__more-link\" href=\"https:\/\/centcols.org\/it\/guide-ccway-selections-geographiques\/\">Per saperne di pi\u00f9 \u2192<\/a><\/p><\/div><\/div><\/div>\n\n<\/li><li class=\"wp-block-post post-81846 post type-post status-publish format-standard has-post-thumbnail hentry category-guide-ccway category-tutoriels\">\n\n<div class=\"wp-block-group carte-article\"><div class=\"wp-block-group__inner-container is-layout-constrained wp-block-group-is-layout-constrained\"><figure style=\"aspect-ratio:16\/9;width:100%;\" class=\"wp-block-post-featured-image\"><a href=\"https:\/\/centcols.org\/it\/guide-ccway-selection-sur-carte\/\" target=\"_self\"  ><img loading=\"lazy\" decoding=\"async\" width=\"720\" height=\"540\" src=\"https:\/\/centcols.org\/wp-content\/uploads\/2025\/07\/img-fr60.jpg\" class=\"attachment-post-thumbnail size-post-thumbnail wp-post-image\" alt=\"Guida ccWay: selezione della mappa\" style=\"width:100%;height:100%;object-fit:cover;\" \/><\/a><\/figure>\n\n<h3 style=\"font-size:1.2rem;\" class=\"wp-block-post-title\"><a href=\"https:\/\/centcols.org\/it\/guide-ccway-selection-sur-carte\/\" target=\"_self\" >Guida ccWay: selezione della mappa<\/a><\/h3>\n\n<div class=\"wp-block-post-excerpt\"><p class=\"wp-block-post-excerpt__excerpt\">Selezione della mappa su Google Maps Questa modalit\u00e0 di selezione geografica...<\/p><p class=\"wp-block-post-excerpt__more-text\"><a class=\"wp-block-post-excerpt__more-link\" href=\"https:\/\/centcols.org\/it\/guide-ccway-selection-sur-carte\/\">Per saperne di pi\u00f9 \u2192<\/a><\/p><\/div><\/div><\/div>\n\n<\/li><li class=\"wp-block-post post-81844 post type-post status-publish format-standard has-post-thumbnail hentry category-guide-ccway category-tutoriels\">\n\n<div class=\"wp-block-group carte-article\"><div class=\"wp-block-group__inner-container is-layout-constrained wp-block-group-is-layout-constrained\"><figure style=\"aspect-ratio:16\/9;width:100%;\" class=\"wp-block-post-featured-image\"><a href=\"https:\/\/centcols.org\/it\/guide-ccway-filtres\/\" target=\"_self\"  ><img loading=\"lazy\" decoding=\"async\" width=\"384\" height=\"209\" src=\"https:\/\/centcols.org\/wp-content\/uploads\/2016\/03\/filtres_cumul1.png\" class=\"attachment-post-thumbnail size-post-thumbnail wp-post-image\" alt=\"Guida ccWay: filtri di difficolt\u00e0\" style=\"width:100%;height:100%;object-fit:cover;\" \/><\/a><\/figure>\n\n<h3 style=\"font-size:1.2rem;\" class=\"wp-block-post-title\"><a href=\"https:\/\/centcols.org\/it\/guide-ccway-filtres\/\" target=\"_self\" >Guida ccWay: filtri di difficolt\u00e0<\/a><\/h3>\n\n<div class=\"wp-block-post-excerpt\"><p class=\"wp-block-post-excerpt__excerpt\">\u00a0I filtri limitano i collari estratti dalle selezioni geografiche....<\/p><p class=\"wp-block-post-excerpt__more-text\"><a class=\"wp-block-post-excerpt__more-link\" href=\"https:\/\/centcols.org\/it\/guide-ccway-filtres\/\">Per saperne di pi\u00f9 \u2192<\/a><\/p><\/div><\/div><\/div>\n\n<\/li><li class=\"wp-block-post post-81845 post type-post status-publish format-standard has-post-thumbnail hentry category-guide-ccway category-tutoriels\">\n\n<div class=\"wp-block-group carte-article\"><div class=\"wp-block-group__inner-container is-layout-constrained wp-block-group-is-layout-constrained\"><figure style=\"aspect-ratio:16\/9;width:100%;\" class=\"wp-block-post-featured-image\"><a href=\"https:\/\/centcols.org\/it\/guide-ccway-formats-de-sortie\/\" target=\"_self\"  ><img loading=\"lazy\" decoding=\"async\" width=\"800\" height=\"450\" src=\"https:\/\/centcols.org\/wp-content\/uploads\/2016\/03\/sortieccway5.jpg\" class=\"attachment-post-thumbnail size-post-thumbnail wp-post-image\" alt=\"Guida a ccWay: formati di output\" style=\"width:100%;height:100%;object-fit:cover;\" srcset=\"https:\/\/centcols.org\/wp-content\/uploads\/2016\/03\/sortieccway5.jpg 800w, https:\/\/centcols.org\/wp-content\/uploads\/2016\/03\/sortieccway5-768x432.jpg 768w\" sizes=\"auto, (max-width: 800px) 100vw, 800px\" \/><\/a><\/figure>\n\n<h3 style=\"font-size:1.2rem;\" class=\"wp-block-post-title\"><a href=\"https:\/\/centcols.org\/it\/guide-ccway-formats-de-sortie\/\" target=\"_self\" >Guida a ccWay: formati di output<\/a><\/h3>\n\n<div class=\"wp-block-post-excerpt\"><p class=\"wp-block-post-excerpt__excerpt\">Qui si specifica il tipo di file di geolocalizzazione da...<\/p><p class=\"wp-block-post-excerpt__more-text\"><a class=\"wp-block-post-excerpt__more-link\" href=\"https:\/\/centcols.org\/it\/guide-ccway-formats-de-sortie\/\">Per saperne di pi\u00f9 \u2192<\/a><\/p><\/div><\/div><\/div>\n\n<\/li><li class=\"wp-block-post post-81830 post type-post status-publish format-standard has-post-thumbnail hentry category-guide-ccway category-tutoriels\">\n\n<div class=\"wp-block-group carte-article\"><div class=\"wp-block-group__inner-container is-layout-constrained wp-block-group-is-layout-constrained\"><figure style=\"aspect-ratio:16\/9;width:100%;\" class=\"wp-block-post-featured-image\"><a href=\"https:\/\/centcols.org\/it\/guide-des-reglages-personnalises-ccway\/\" target=\"_self\"  ><img loading=\"lazy\" decoding=\"async\" width=\"400\" height=\"397\" src=\"https:\/\/centcols.org\/wp-content\/uploads\/2016\/03\/ccWayParmsSections1.jpg\" class=\"attachment-post-thumbnail size-post-thumbnail wp-post-image\" alt=\"Guida alle impostazioni personalizzate di ccWay\" style=\"width:100%;height:100%;object-fit:cover;\" srcset=\"https:\/\/centcols.org\/wp-content\/uploads\/2016\/03\/ccWayParmsSections1.jpg 400w, https:\/\/centcols.org\/wp-content\/uploads\/2016\/03\/ccWayParmsSections1-150x150.jpg 150w\" sizes=\"auto, (max-width: 400px) 100vw, 400px\" \/><\/a><\/figure>\n\n<h3 style=\"font-size:1.2rem;\" class=\"wp-block-post-title\"><a href=\"https:\/\/centcols.org\/it\/guide-des-reglages-personnalises-ccway\/\" target=\"_self\" >Guida alle impostazioni personalizzate di ccWay<\/a><\/h3>\n\n<div class=\"wp-block-post-excerpt\"><p class=\"wp-block-post-excerpt__excerpt\">La pagina delle impostazioni di ccWay permette di salvare<\/p><p class=\"wp-block-post-excerpt__more-text\"><a class=\"wp-block-post-excerpt__more-link\" href=\"https:\/\/centcols.org\/it\/guide-des-reglages-personnalises-ccway\/\">Per saperne di pi\u00f9 \u2192<\/a><\/p><\/div><\/div><\/div>\n\n<\/li><li class=\"wp-block-post post-81838 post type-post status-publish format-standard has-post-thumbnail hentry category-guide-ccway category-tutoriels\">\n\n<div class=\"wp-block-group carte-article\"><div class=\"wp-block-group__inner-container is-layout-constrained wp-block-group-is-layout-constrained\"><figure style=\"aspect-ratio:16\/9;width:100%;\" class=\"wp-block-post-featured-image\"><a href=\"https:\/\/centcols.org\/it\/guide-des-reglages-ccway-liste-des-cols\/\" target=\"_self\"  ><img loading=\"lazy\" decoding=\"async\" width=\"445\" height=\"335\" src=\"https:\/\/centcols.org\/wp-content\/uploads\/2016\/03\/cols1.png\" class=\"attachment-post-thumbnail size-post-thumbnail wp-post-image\" alt=\"Guida alle impostazioni ccWay: elenco dei collari\" style=\"width:100%;height:100%;object-fit:cover;\" \/><\/a><\/figure>\n\n<h3 style=\"font-size:1.2rem;\" class=\"wp-block-post-title\"><a href=\"https:\/\/centcols.org\/it\/guide-des-reglages-ccway-liste-des-cols\/\" target=\"_self\" >Guida alle impostazioni ccWay: elenco dei collari<\/a><\/h3>\n\n<div class=\"wp-block-post-excerpt\"><p class=\"wp-block-post-excerpt__excerpt\">Elenco dei passi scalati Questa sezione della pagina delle salite...<\/p><p class=\"wp-block-post-excerpt__more-text\"><a class=\"wp-block-post-excerpt__more-link\" href=\"https:\/\/centcols.org\/it\/guide-des-reglages-ccway-liste-des-cols\/\">Per saperne di pi\u00f9 \u2192<\/a><\/p><\/div><\/div><\/div>\n\n<\/li><li class=\"wp-block-post post-81839 post type-post status-publish format-standard has-post-thumbnail hentry category-guide-ccway category-tutoriels\">\n\n<div class=\"wp-block-group carte-article\"><div class=\"wp-block-group__inner-container is-layout-constrained wp-block-group-is-layout-constrained\"><figure style=\"aspect-ratio:16\/9;width:100%;\" class=\"wp-block-post-featured-image\"><a href=\"https:\/\/centcols.org\/it\/guide-des-reglages-ccway-gpx\/\" target=\"_self\"  ><img loading=\"lazy\" decoding=\"async\" width=\"447\" height=\"453\" src=\"https:\/\/centcols.org\/wp-content\/uploads\/2016\/03\/gpx1.png\" class=\"attachment-post-thumbnail size-post-thumbnail wp-post-image\" alt=\"Guida alle impostazioni di ccWay : GPX\" style=\"width:100%;height:100%;object-fit:cover;\" \/><\/a><\/figure>\n\n<h3 style=\"font-size:1.2rem;\" class=\"wp-block-post-title\"><a href=\"https:\/\/centcols.org\/it\/guide-des-reglages-ccway-gpx\/\" target=\"_self\" >Guida alle impostazioni di ccWay : GPX<\/a><\/h3>\n\n<div class=\"wp-block-post-excerpt\"><p class=\"wp-block-post-excerpt__excerpt\">Opzioni GPX Questa sezione della pagina delle impostazioni consente di...<\/p><p class=\"wp-block-post-excerpt__more-text\"><a class=\"wp-block-post-excerpt__more-link\" href=\"https:\/\/centcols.org\/it\/guide-des-reglages-ccway-gpx\/\">Per saperne di pi\u00f9 \u2192<\/a><\/p><\/div><\/div><\/div>\n\n<\/li><li class=\"wp-block-post post-81840 post type-post status-publish format-standard has-post-thumbnail hentry category-guide-ccway category-tutoriels\">\n\n<div class=\"wp-block-group carte-article\"><div class=\"wp-block-group__inner-container is-layout-constrained wp-block-group-is-layout-constrained\"><figure style=\"aspect-ratio:16\/9;width:100%;\" class=\"wp-block-post-featured-image\"><a href=\"https:\/\/centcols.org\/it\/guide-des-reglages-ccway-kml\/\" target=\"_self\"  ><img loading=\"lazy\" decoding=\"async\" width=\"500\" height=\"130\" src=\"https:\/\/centcols.org\/wp-content\/uploads\/2016\/03\/sortie_kml_legende1.jpg\" class=\"attachment-post-thumbnail size-post-thumbnail wp-post-image\" alt=\"Guida alle impostazioni di ccWay : KML\" style=\"width:100%;height:100%;object-fit:cover;\" \/><\/a><\/figure>\n\n<h3 style=\"font-size:1.2rem;\" class=\"wp-block-post-title\"><a href=\"https:\/\/centcols.org\/it\/guide-des-reglages-ccway-kml\/\" target=\"_self\" >Guida alle impostazioni di ccWay : KML<\/a><\/h3>\n\n<div class=\"wp-block-post-excerpt\"><p class=\"wp-block-post-excerpt__excerpt\">Opzioni HFCK Questa sezione della pagina delle impostazioni...<\/p><p class=\"wp-block-post-excerpt__more-text\"><a class=\"wp-block-post-excerpt__more-link\" href=\"https:\/\/centcols.org\/it\/guide-des-reglages-ccway-kml\/\">Per saperne di pi\u00f9 \u2192<\/a><\/p><\/div><\/div><\/div>\n\n<\/li><li class=\"wp-block-post post-81841 post type-post status-publish format-standard has-post-thumbnail hentry category-guide-ccway category-tutoriels\">\n\n<div class=\"wp-block-group carte-article\"><div class=\"wp-block-group__inner-container is-layout-constrained wp-block-group-is-layout-constrained\"><figure style=\"aspect-ratio:16\/9;width:100%;\" class=\"wp-block-post-featured-image\"><a href=\"https:\/\/centcols.org\/it\/guide-des-reglages-ccway-ce3\/\" target=\"_self\"  ><img loading=\"lazy\" decoding=\"async\" width=\"447\" height=\"539\" src=\"https:\/\/centcols.org\/wp-content\/uploads\/2016\/03\/carto1.png\" class=\"attachment-post-thumbnail size-post-thumbnail wp-post-image\" alt=\"Guida alle impostazioni ccWay: CE3\" style=\"width:100%;height:100%;object-fit:cover;\" \/><\/a><\/figure>\n\n<h3 style=\"font-size:1.2rem;\" class=\"wp-block-post-title\"><a href=\"https:\/\/centcols.org\/it\/guide-des-reglages-ccway-ce3\/\" target=\"_self\" >Guida alle impostazioni ccWay: CE3<\/a><\/h3>\n\n<div class=\"wp-block-post-excerpt\"><p class=\"wp-block-post-excerpt__excerpt\">Opzioni di CartoExplorer Questa sezione della pagina delle impostazioni...<\/p><p class=\"wp-block-post-excerpt__more-text\"><a class=\"wp-block-post-excerpt__more-link\" href=\"https:\/\/centcols.org\/it\/guide-des-reglages-ccway-ce3\/\">Per saperne di pi\u00f9 \u2192<\/a><\/p><\/div><\/div><\/div>\n\n<\/li><\/ul><\/div>\n\n\n\n<p><\/p>","protected":false},"excerpt":{"rendered":"<p>Guide<\/p>","protected":false},"author":3,"featured_media":83171,"parent":0,"menu_order":0,"comment_status":"closed","ping_status":"closed","template":"","meta":{"_acf_changed":false,"footnotes":""},"class_list":["post-84208","page","type-page","status-publish","has-post-thumbnail","hentry"],"acf":[],"yoast_head":"<!-- This site is optimized with the Yoast SEO plugin v27.2 - https:\/\/yoast.com\/product\/yoast-seo-wordpress\/ -->\n<title>ccWay - Club des Cent Cols<\/title>\n<meta name=\"robots\" content=\"index, follow, max-snippet:-1, max-image-preview:large, max-video-preview:-1\" \/>\n<link rel=\"canonical\" href=\"https:\/\/centcols.org\/it\/ccway\/\" \/>\n<meta property=\"og:locale\" content=\"it_IT\" \/>\n<meta property=\"og:type\" content=\"article\" \/>\n<meta property=\"og:title\" content=\"ccWay - Club des Cent Cols\" \/>\n<meta property=\"og:description\" content=\"Guides\" \/>\n<meta property=\"og:url\" content=\"https:\/\/centcols.org\/it\/ccway\/\" \/>\n<meta property=\"og:site_name\" content=\"Club des Cent Cols\" \/>\n<meta property=\"article:publisher\" content=\"https:\/\/www.facebook.com\/groups\/5261880558\/?locale=fr_FR\" \/>\n<meta property=\"article:modified_time\" content=\"2025-08-09T13:06:22+00:00\" \/>\n<meta property=\"og:image\" content=\"https:\/\/centcols.org\/wp-content\/uploads\/2025\/06\/regledujeu2.jpg\" \/>\n\t<meta property=\"og:image:width\" content=\"1033\" \/>\n\t<meta property=\"og:image:height\" content=\"581\" \/>\n\t<meta property=\"og:image:type\" content=\"image\/jpeg\" \/>\n<meta name=\"twitter:card\" content=\"summary_large_image\" \/>\n<meta name=\"twitter:label1\" content=\"Tempo di lettura stimato\" \/>\n\t<meta name=\"twitter:data1\" content=\"1 minuto\" \/>\n<script type=\"application\/ld+json\" class=\"yoast-schema-graph\">{\"@context\":\"https:\/\/schema.org\",\"@graph\":[{\"@type\":\"WebPage\",\"@id\":\"https:\/\/centcols.org\/ccway\/\",\"url\":\"https:\/\/centcols.org\/ccway\/\",\"name\":\"ccWay - Club des Cent Cols\",\"isPartOf\":{\"@id\":\"https:\/\/centcols.org\/#website\"},\"primaryImageOfPage\":{\"@id\":\"https:\/\/centcols.org\/ccway\/#primaryimage\"},\"image\":{\"@id\":\"https:\/\/centcols.org\/ccway\/#primaryimage\"},\"thumbnailUrl\":\"https:\/\/centcols.org\/wp-content\/uploads\/2025\/06\/regledujeu2.jpg\",\"datePublished\":\"2025-06-25T21:07:56+00:00\",\"dateModified\":\"2025-08-09T13:06:22+00:00\",\"breadcrumb\":{\"@id\":\"https:\/\/centcols.org\/ccway\/#breadcrumb\"},\"inLanguage\":\"it-IT\",\"potentialAction\":[{\"@type\":\"ReadAction\",\"target\":[\"https:\/\/centcols.org\/ccway\/\"]}]},{\"@type\":\"ImageObject\",\"inLanguage\":\"it-IT\",\"@id\":\"https:\/\/centcols.org\/ccway\/#primaryimage\",\"url\":\"https:\/\/centcols.org\/wp-content\/uploads\/2025\/06\/regledujeu2.jpg\",\"contentUrl\":\"https:\/\/centcols.org\/wp-content\/uploads\/2025\/06\/regledujeu2.jpg\",\"width\":1033,\"height\":581},{\"@type\":\"BreadcrumbList\",\"@id\":\"https:\/\/centcols.org\/ccway\/#breadcrumb\",\"itemListElement\":[{\"@type\":\"ListItem\",\"position\":1,\"name\":\"Accueil\",\"item\":\"https:\/\/centcols.org\/\"},{\"@type\":\"ListItem\",\"position\":2,\"name\":\"ccWay\"}]},{\"@type\":\"WebSite\",\"@id\":\"https:\/\/centcols.org\/#website\",\"url\":\"https:\/\/centcols.org\/\",\"name\":\"Club des Cent Cols\",\"description\":\"\",\"publisher\":{\"@id\":\"https:\/\/centcols.org\/#organization\"},\"potentialAction\":[{\"@type\":\"SearchAction\",\"target\":{\"@type\":\"EntryPoint\",\"urlTemplate\":\"https:\/\/centcols.org\/?s={search_term_string}\"},\"query-input\":{\"@type\":\"PropertyValueSpecification\",\"valueRequired\":true,\"valueName\":\"search_term_string\"}}],\"inLanguage\":\"it-IT\"},{\"@type\":\"Organization\",\"@id\":\"https:\/\/centcols.org\/#organization\",\"name\":\"Club des Cent Cols\",\"url\":\"https:\/\/centcols.org\/\",\"logo\":{\"@type\":\"ImageObject\",\"inLanguage\":\"it-IT\",\"@id\":\"https:\/\/centcols.org\/#\/schema\/logo\/image\/\",\"url\":\"https:\/\/centcols.org\/wp-content\/uploads\/2025\/01\/carte-icone.png\",\"contentUrl\":\"https:\/\/centcols.org\/wp-content\/uploads\/2025\/01\/carte-icone.png\",\"width\":250,\"height\":250,\"caption\":\"Club des Cent Cols\"},\"image\":{\"@id\":\"https:\/\/centcols.org\/#\/schema\/logo\/image\/\"},\"sameAs\":[\"https:\/\/www.facebook.com\/groups\/5261880558\/?locale=fr_FR\"]}]}<\/script>\n<!-- \/ Yoast SEO plugin. -->","yoast_head_json":{"title":"ccWay - Club des Cent Cols","robots":{"index":"index","follow":"follow","max-snippet":"max-snippet:-1","max-image-preview":"max-image-preview:large","max-video-preview":"max-video-preview:-1"},"canonical":"https:\/\/centcols.org\/it\/ccway\/","og_locale":"it_IT","og_type":"article","og_title":"ccWay - Club des Cent Cols","og_description":"Guides","og_url":"https:\/\/centcols.org\/it\/ccway\/","og_site_name":"Club des Cent Cols","article_publisher":"https:\/\/www.facebook.com\/groups\/5261880558\/?locale=fr_FR","article_modified_time":"2025-08-09T13:06:22+00:00","og_image":[{"width":1033,"height":581,"url":"https:\/\/centcols.org\/wp-content\/uploads\/2025\/06\/regledujeu2.jpg","type":"image\/jpeg"}],"twitter_card":"summary_large_image","twitter_misc":{"Tempo di lettura stimato":"1 minuto"},"schema":{"@context":"https:\/\/schema.org","@graph":[{"@type":"WebPage","@id":"https:\/\/centcols.org\/ccway\/","url":"https:\/\/centcols.org\/ccway\/","name":"ccWay - Club des Cent Cols","isPartOf":{"@id":"https:\/\/centcols.org\/#website"},"primaryImageOfPage":{"@id":"https:\/\/centcols.org\/ccway\/#primaryimage"},"image":{"@id":"https:\/\/centcols.org\/ccway\/#primaryimage"},"thumbnailUrl":"https:\/\/centcols.org\/wp-content\/uploads\/2025\/06\/regledujeu2.jpg","datePublished":"2025-06-25T21:07:56+00:00","dateModified":"2025-08-09T13:06:22+00:00","breadcrumb":{"@id":"https:\/\/centcols.org\/ccway\/#breadcrumb"},"inLanguage":"it-IT","potentialAction":[{"@type":"ReadAction","target":["https:\/\/centcols.org\/ccway\/"]}]},{"@type":"ImageObject","inLanguage":"it-IT","@id":"https:\/\/centcols.org\/ccway\/#primaryimage","url":"https:\/\/centcols.org\/wp-content\/uploads\/2025\/06\/regledujeu2.jpg","contentUrl":"https:\/\/centcols.org\/wp-content\/uploads\/2025\/06\/regledujeu2.jpg","width":1033,"height":581},{"@type":"BreadcrumbList","@id":"https:\/\/centcols.org\/ccway\/#breadcrumb","itemListElement":[{"@type":"ListItem","position":1,"name":"Accueil","item":"https:\/\/centcols.org\/"},{"@type":"ListItem","position":2,"name":"ccWay"}]},{"@type":"WebSite","@id":"https:\/\/centcols.org\/#website","url":"https:\/\/centcols.org\/","name":"Club des Cent Cols","description":"","publisher":{"@id":"https:\/\/centcols.org\/#organization"},"potentialAction":[{"@type":"SearchAction","target":{"@type":"EntryPoint","urlTemplate":"https:\/\/centcols.org\/?s={search_term_string}"},"query-input":{"@type":"PropertyValueSpecification","valueRequired":true,"valueName":"search_term_string"}}],"inLanguage":"it-IT"},{"@type":"Organization","@id":"https:\/\/centcols.org\/#organization","name":"Club des Cent Cols","url":"https:\/\/centcols.org\/","logo":{"@type":"ImageObject","inLanguage":"it-IT","@id":"https:\/\/centcols.org\/#\/schema\/logo\/image\/","url":"https:\/\/centcols.org\/wp-content\/uploads\/2025\/01\/carte-icone.png","contentUrl":"https:\/\/centcols.org\/wp-content\/uploads\/2025\/01\/carte-icone.png","width":250,"height":250,"caption":"Club des Cent Cols"},"image":{"@id":"https:\/\/centcols.org\/#\/schema\/logo\/image\/"},"sameAs":["https:\/\/www.facebook.com\/groups\/5261880558\/?locale=fr_FR"]}]}},"_links":{"self":[{"href":"https:\/\/centcols.org\/it\/wp-json\/wp\/v2\/pages\/84208","targetHints":{"allow":["GET"]}}],"collection":[{"href":"https:\/\/centcols.org\/it\/wp-json\/wp\/v2\/pages"}],"about":[{"href":"https:\/\/centcols.org\/it\/wp-json\/wp\/v2\/types\/page"}],"author":[{"embeddable":true,"href":"https:\/\/centcols.org\/it\/wp-json\/wp\/v2\/users\/3"}],"replies":[{"embeddable":true,"href":"https:\/\/centcols.org\/it\/wp-json\/wp\/v2\/comments?post=84208"}],"version-history":[{"count":0,"href":"https:\/\/centcols.org\/it\/wp-json\/wp\/v2\/pages\/84208\/revisions"}],"wp:featuredmedia":[{"embeddable":true,"href":"https:\/\/centcols.org\/it\/wp-json\/wp\/v2\/media\/83171"}],"wp:attachment":[{"href":"https:\/\/centcols.org\/it\/wp-json\/wp\/v2\/media?parent=84208"}],"curies":[{"name":"wp","href":"https:\/\/api.w.org\/{rel}","templated":true}]}}