{"id":91011,"date":"2025-12-15T20:09:00","date_gmt":"2025-12-15T18:09:00","guid":{"rendered":"https:\/\/centcols.org\/?p=91011"},"modified":"2026-03-19T19:43:14","modified_gmt":"2026-03-19T17:43:14","slug":"specifiche-del-percorso-dei-membri","status":"publish","type":"page","link":"https:\/\/centcols.org\/it\/cahier-des-charges-parcours-membres\/","title":{"rendered":"Corsi approvati dal club per i soci: specifiche"},"content":{"rendered":"<p>I corsi approvati dal Club des Cent Cols sono regolati da una serie di specifiche rigorose, concepite per fornire una gamma coerente e rappresentativa di corsi gestiti dai soci del Club.<\/p>\n\n\n\n<p>Ogni percorso ha un titolo composto da :<\/p>\n\n\n\n<ul class=\"wp-block-list\">\n<li>Il codice nazionale di due lettere del paese in cui si trova il corso<\/li>\n\n\n\n<li>Il codice regionale\/dipartimentale<\/li>\n\n\n\n<li>Il nome del percorso, come scelto dall'autore<\/li>\n\n\n\n<li>Esempio di titolo : FR-74 Col de l'Iseran \/ DE-BW Oppennau \/ IT-CN Boucle des Intersile<\/li>\n<\/ul>\n\n\n\n<p>Il&nbsp;<strong><a href=\"https:\/\/centcols.org\/wp-content\/uploads\/2025\/11\/Fiche-pour-parcours-membre.odt\" target=\"_blank\" rel=\"noreferrer noopener\">informazioni<\/a><\/strong>&nbsp;I requisiti richiesti all'autore del corso candidato sono :<\/p>\n\n\n\n<ul class=\"wp-block-list\">\n<li>Le&nbsp;<strong>nome e cognome<\/strong>&nbsp;l'autore del percorso (senza pseudonimi)<\/li>\n\n\n\n<li>A&nbsp;<strong>descrizione sintetica<\/strong>&nbsp;che vi spinga a prendere questa strada: due o tre frasi sull'interesse, il patrimonio incontrato, la bellezza del luogo, ecc.<\/li>\n\n\n\n<li>La&nbsp;<strong>elenco dei pass<\/strong>&nbsp;sulla traccia con il nome e il codice dei passaggi con il link visugen<\/li>\n\n\n\n<li>La&nbsp;<strong>data<\/strong>&nbsp;in cui l'itinerario \u00e8 stato completato. Le condizioni delle strade e l'elenco dei passi possono cambiare nel tempo. Tutti i percorsi devono essere stati riconosciuti.<\/li>\n\n\n\n<li>Le&nbsp;<strong>luogo di partenza<\/strong>&nbsp;con un'area di parcheggio per i veicoli.&nbsp;<\/li>\n\n\n\n<li>Diversi&nbsp;<strong>parole chiave<\/strong>&nbsp;(5 al massimo) per facilitare l'individuazione del percorso: il punto di partenza e, ad esempio, il nome del passo principale, il nome della catena montuosa.<\/li>\n\n\n\n<li>Informazioni utili per chi segue il percorso:<br>Per percorsi stradali, forti pendenze, traffico ambientale, ecc.<br>Per i percorsi in mountain bike: settori di spinta, lunghezza, probabili difficolt\u00e0, eventuali pericoli, ecc.<\/li>\n<\/ul>\n\n\n\n<p><a href=\"https:\/\/centcols.org\/wp-content\/uploads\/2025\/11\/Fiche-pour-parcours-membre.odt\">\u00c8 possibile scaricare un modello modificabile qui<\/a><\/p>\n\n\n\n<p>Tutti gli itinerari con la dicitura club-des-cent-cols sono proposti a titolo puramente informativo. Gli autori e il Club des Cent Cols non si assumono alcuna responsabilit\u00e0 per le imponderabilit\u00e0 causate dal ciclista stesso, dall'attrezzatura utilizzata, dalle condizioni meteorologiche o da qualsiasi altra cosa relativa alla strada, ai sentieri, all'ambiente circostante o agli altri utenti.<\/p>\n\n\n\n<h2 class=\"wp-block-heading\">Requisiti che devono essere soddisfatti dai percorsi<\/h2>\n\n\n\n<p>I percorsi non devono prevedere l'accesso a passi vietati, l'attraversamento di propriet\u00e0 private o l'ingresso in parchi naturali o aree non autorizzate in generale.<\/p>\n\n\n\n<h3 class=\"wp-block-heading\">I percorsi stradali devono<\/h3>\n\n\n\n<ul class=\"wp-block-list\">\n<li>Almeno 1 collare<\/li>\n\n\n\n<li>Rimanere entro un raggio di 100 km e un massimo di 2500 m da D+ *.<strong>&nbsp;<\/strong><\/li>\n<\/ul>\n\n\n\n<h3 class=\"wp-block-heading\">Le mulattiere devono<\/h3>\n\n\n\n<ul class=\"wp-block-list\">\n<li>Almeno 1 collare&nbsp;<\/li>\n\n\n\n<li>Nessun settore pericoloso o acrobatico&nbsp;<\/li>\n\n\n\n<li>Indicare le aree che possono fungere da deterrente (spazi vuoti, ponti, vertigini...).<\/li>\n\n\n\n<li>Tollerare settori di spinta brevi e facili, conosciuti qualitativamente dall'autore<\/li>\n\n\n\n<li>Rimanere entro un raggio di 50 km e un massimo di 1500 \/ 2000 m di D+ *.<\/li>\n<\/ul>\n\n\n\n<h3 class=\"wp-block-heading\">I percorsi su ghiaia devono<\/h3>\n\n\n\n<ul class=\"wp-block-list\">\n<li>Almeno 1 collare&nbsp;<\/li>\n\n\n\n<li>Rimanere entro un raggio di 70\/80 km e un massimo di 2000 m di D+ *.<\/li>\n\n\n\n<li>Il ciclo passa solo a 100% sull'accesso R1 e S1.<\/li>\n\n\n\n<li>Tollerare alcuni brevi settori non ciclabili (R2\/S2 nel viaggio di ritorno, per esempio)<\/li>\n<\/ul>\n\n\n\n<p>* Una deroga (da giustificare) \u00e8 sempre possibile visto l'interesse del corso.<\/p>\n\n\n\n<h2 class=\"wp-block-heading\">Organizzazione<\/h2>\n\n\n\n<p>I membri devono inviare i loro itinerari al seguente indirizzo:<\/p>\n\n\n\n<p><a href=\"javascript:;\" target=\"_blank\" rel=\"noreferrer noopener\"><strong>parcours-or@centcols.org<\/strong><\/a><\/p>\n\n\n\n<p>Un gruppo di tre persone \u00e8 incaricato di esaminare l'ammissibilit\u00e0 del percorso proposto dall'autore secondo i criteri stabiliti. Essi saranno responsabili della presentazione dei percorsi sul sito web del club, della loro pubblicazione nell'account del club su Openrunner e della loro gestione.<\/p>\n\n\n\n<p>I percorsi saranno elencati sul sito web del club, nel menu \"Escursioni \/ Percorsi dei soci \/ Percorsi approvati\", e ogni percorso potr\u00e0 essere aperto su OpenRunner cliccando direttamente sul suo nome.<\/p>\n\n\n\n<h2 class=\"wp-block-heading\">L'account del club su Openrunner<\/h2>\n\n\n\n<p>Per trovare la compilazione ufficiale dei corsi del club :&nbsp;<\/p>\n\n\n\n<ul class=\"wp-block-list\">\n<li>Vai a Openrunner =&gt;\u00a0<strong><a href=\"https:\/\/www.openrunner.com\/\" target=\"_blank\" rel=\"noreferrer noopener\">https:\/\/www.openrunner.com\/<\/a><\/strong><\/li>\n\n\n\n<li>Cliccare su \"Cerca un percorso<\/li>\n\n\n\n<li>Inserire \u00abclub-des-cent-cols\u00bb in \u201cAutore\u201d.\u201d&nbsp;<\/li>\n\n\n\n<li>\u00c8 inoltre possibile affinare la ricerca aggiungendo parole chiave di propria scelta.<\/li>\n\n\n\n<li>Ogni percorso ufficiale del club \u00e8 facilmente identificabile grazie alla presenza del logo del club.<\/li>\n<\/ul>","protected":false},"excerpt":{"rendered":"<p>Les parcours labellis\u00e9s du Club des Cent Cols sont r\u00e9gis par un cahier des charges strict pour obtenir un ensemble coh\u00e9rent et repr\u00e9sentatif de parcours des membres du Club. Chaque parcours a un titre compos\u00e9 de&nbsp;: Les&nbsp;informations&nbsp;demand\u00e9es \u00e0 l\u2019auteur du parcours candidat sont&nbsp;: Vous pouvez t\u00e9l\u00e9charger ici un mod\u00e8le de fiche modifiable Tous les itin\u00e9raires [&hellip;]<\/p>\n","protected":false},"author":5112,"featured_media":91023,"parent":0,"menu_order":0,"comment_status":"closed","ping_status":"closed","template":"","meta":{"_acf_changed":false,"footnotes":""},"class_list":["post-91011","page","type-page","status-publish","has-post-thumbnail","hentry"],"acf":[],"yoast_head":"<!-- This site is optimized with the Yoast SEO plugin v27.2 - https:\/\/yoast.com\/product\/yoast-seo-wordpress\/ -->\n<title>Les parcours des membres labellis\u00e9s par le club : le cahier des charges - Club des Cent Cols<\/title>\n<meta name=\"robots\" content=\"index, follow, max-snippet:-1, max-image-preview:large, max-video-preview:-1\" \/>\n<link rel=\"canonical\" href=\"https:\/\/centcols.org\/it\/specifiche-del-percorso-dei-membri\/\" \/>\n<meta property=\"og:locale\" content=\"it_IT\" \/>\n<meta property=\"og:type\" content=\"article\" \/>\n<meta property=\"og:title\" content=\"Les parcours des membres labellis\u00e9s par le club : le cahier des charges - Club des Cent Cols\" \/>\n<meta property=\"og:description\" content=\"Les parcours labellis\u00e9s du Club des Cent Cols sont r\u00e9gis par un cahier des charges strict pour obtenir un ensemble coh\u00e9rent et repr\u00e9sentatif de parcours des membres du Club. Chaque parcours a un titre compos\u00e9 de&nbsp;: Les&nbsp;informations&nbsp;demand\u00e9es \u00e0 l\u2019auteur du parcours candidat sont&nbsp;: Vous pouvez t\u00e9l\u00e9charger ici un mod\u00e8le de fiche modifiable Tous les itin\u00e9raires [&hellip;]\" \/>\n<meta property=\"og:url\" content=\"https:\/\/centcols.org\/it\/specifiche-del-percorso-dei-membri\/\" \/>\n<meta property=\"og:site_name\" content=\"Club des Cent Cols\" \/>\n<meta property=\"article:publisher\" content=\"https:\/\/www.facebook.com\/groups\/5261880558\/?locale=fr_FR\" \/>\n<meta property=\"article:modified_time\" content=\"2026-03-19T17:43:14+00:00\" \/>\n<meta property=\"og:image\" content=\"https:\/\/centcols.org\/wp-content\/uploads\/2025\/10\/parcours-membres.jpg\" \/>\n\t<meta property=\"og:image:width\" content=\"1353\" \/>\n\t<meta property=\"og:image:height\" content=\"761\" \/>\n\t<meta property=\"og:image:type\" content=\"image\/jpeg\" \/>\n<meta name=\"twitter:card\" content=\"summary_large_image\" \/>\n<meta name=\"twitter:label1\" content=\"Tempo di lettura stimato\" \/>\n\t<meta name=\"twitter:data1\" content=\"4 minuti\" \/>\n<script type=\"application\/ld+json\" class=\"yoast-schema-graph\">{\"@context\":\"https:\/\/schema.org\",\"@graph\":[{\"@type\":\"WebPage\",\"@id\":\"https:\/\/centcols.org\/cahier-des-charges-parcours-membres\/\",\"url\":\"https:\/\/centcols.org\/cahier-des-charges-parcours-membres\/\",\"name\":\"Les parcours des membres labellis\u00e9s par le club : le cahier des charges - Club des Cent Cols\",\"isPartOf\":{\"@id\":\"https:\/\/centcols.org\/#website\"},\"primaryImageOfPage\":{\"@id\":\"https:\/\/centcols.org\/cahier-des-charges-parcours-membres\/#primaryimage\"},\"image\":{\"@id\":\"https:\/\/centcols.org\/cahier-des-charges-parcours-membres\/#primaryimage\"},\"thumbnailUrl\":\"https:\/\/centcols.org\/wp-content\/uploads\/2025\/10\/parcours-membres.jpg\",\"datePublished\":\"2025-12-15T18:09:00+00:00\",\"dateModified\":\"2026-03-19T17:43:14+00:00\",\"breadcrumb\":{\"@id\":\"https:\/\/centcols.org\/cahier-des-charges-parcours-membres\/#breadcrumb\"},\"inLanguage\":\"it-IT\",\"potentialAction\":[{\"@type\":\"ReadAction\",\"target\":[\"https:\/\/centcols.org\/cahier-des-charges-parcours-membres\/\"]}]},{\"@type\":\"ImageObject\",\"inLanguage\":\"it-IT\",\"@id\":\"https:\/\/centcols.org\/cahier-des-charges-parcours-membres\/#primaryimage\",\"url\":\"https:\/\/centcols.org\/wp-content\/uploads\/2025\/10\/parcours-membres.jpg\",\"contentUrl\":\"https:\/\/centcols.org\/wp-content\/uploads\/2025\/10\/parcours-membres.jpg\",\"width\":1353,\"height\":761},{\"@type\":\"BreadcrumbList\",\"@id\":\"https:\/\/centcols.org\/cahier-des-charges-parcours-membres\/#breadcrumb\",\"itemListElement\":[{\"@type\":\"ListItem\",\"position\":1,\"name\":\"Accueil\",\"item\":\"https:\/\/centcols.org\/\"},{\"@type\":\"ListItem\",\"position\":2,\"name\":\"Les parcours des membres labellis\u00e9s par le club : le cahier des charges\"}]},{\"@type\":\"WebSite\",\"@id\":\"https:\/\/centcols.org\/#website\",\"url\":\"https:\/\/centcols.org\/\",\"name\":\"Club des Cent Cols\",\"description\":\"\",\"publisher\":{\"@id\":\"https:\/\/centcols.org\/#organization\"},\"potentialAction\":[{\"@type\":\"SearchAction\",\"target\":{\"@type\":\"EntryPoint\",\"urlTemplate\":\"https:\/\/centcols.org\/?s={search_term_string}\"},\"query-input\":{\"@type\":\"PropertyValueSpecification\",\"valueRequired\":true,\"valueName\":\"search_term_string\"}}],\"inLanguage\":\"it-IT\"},{\"@type\":\"Organization\",\"@id\":\"https:\/\/centcols.org\/#organization\",\"name\":\"Club des Cent Cols\",\"url\":\"https:\/\/centcols.org\/\",\"logo\":{\"@type\":\"ImageObject\",\"inLanguage\":\"it-IT\",\"@id\":\"https:\/\/centcols.org\/#\/schema\/logo\/image\/\",\"url\":\"https:\/\/centcols.org\/wp-content\/uploads\/2025\/01\/carte-icone.png\",\"contentUrl\":\"https:\/\/centcols.org\/wp-content\/uploads\/2025\/01\/carte-icone.png\",\"width\":250,\"height\":250,\"caption\":\"Club des Cent Cols\"},\"image\":{\"@id\":\"https:\/\/centcols.org\/#\/schema\/logo\/image\/\"},\"sameAs\":[\"https:\/\/www.facebook.com\/groups\/5261880558\/?locale=fr_FR\"]}]}<\/script>\n<!-- \/ Yoast SEO plugin. -->","yoast_head_json":{"title":"Itinerari approvati dai soci del Club: specifiche - Club des Cent Cols","robots":{"index":"index","follow":"follow","max-snippet":"max-snippet:-1","max-image-preview":"max-image-preview:large","max-video-preview":"max-video-preview:-1"},"canonical":"https:\/\/centcols.org\/it\/specifiche-del-percorso-dei-membri\/","og_locale":"it_IT","og_type":"article","og_title":"Les parcours des membres labellis\u00e9s par le club : le cahier des charges - Club des Cent Cols","og_description":"Les parcours labellis\u00e9s du Club des Cent Cols sont r\u00e9gis par un cahier des charges strict pour obtenir un ensemble coh\u00e9rent et repr\u00e9sentatif de parcours des membres du Club. Chaque parcours a un titre compos\u00e9 de&nbsp;: Les&nbsp;informations&nbsp;demand\u00e9es \u00e0 l\u2019auteur du parcours candidat sont&nbsp;: Vous pouvez t\u00e9l\u00e9charger ici un mod\u00e8le de fiche modifiable Tous les itin\u00e9raires [&hellip;]","og_url":"https:\/\/centcols.org\/it\/specifiche-del-percorso-dei-membri\/","og_site_name":"Club des Cent Cols","article_publisher":"https:\/\/www.facebook.com\/groups\/5261880558\/?locale=fr_FR","article_modified_time":"2026-03-19T17:43:14+00:00","og_image":[{"width":1353,"height":761,"url":"https:\/\/centcols.org\/wp-content\/uploads\/2025\/10\/parcours-membres.jpg","type":"image\/jpeg"}],"twitter_card":"summary_large_image","twitter_misc":{"Tempo di lettura stimato":"4 minuti"},"schema":{"@context":"https:\/\/schema.org","@graph":[{"@type":"WebPage","@id":"https:\/\/centcols.org\/cahier-des-charges-parcours-membres\/","url":"https:\/\/centcols.org\/cahier-des-charges-parcours-membres\/","name":"Itinerari approvati dai soci del Club: specifiche - Club des Cent Cols","isPartOf":{"@id":"https:\/\/centcols.org\/#website"},"primaryImageOfPage":{"@id":"https:\/\/centcols.org\/cahier-des-charges-parcours-membres\/#primaryimage"},"image":{"@id":"https:\/\/centcols.org\/cahier-des-charges-parcours-membres\/#primaryimage"},"thumbnailUrl":"https:\/\/centcols.org\/wp-content\/uploads\/2025\/10\/parcours-membres.jpg","datePublished":"2025-12-15T18:09:00+00:00","dateModified":"2026-03-19T17:43:14+00:00","breadcrumb":{"@id":"https:\/\/centcols.org\/cahier-des-charges-parcours-membres\/#breadcrumb"},"inLanguage":"it-IT","potentialAction":[{"@type":"ReadAction","target":["https:\/\/centcols.org\/cahier-des-charges-parcours-membres\/"]}]},{"@type":"ImageObject","inLanguage":"it-IT","@id":"https:\/\/centcols.org\/cahier-des-charges-parcours-membres\/#primaryimage","url":"https:\/\/centcols.org\/wp-content\/uploads\/2025\/10\/parcours-membres.jpg","contentUrl":"https:\/\/centcols.org\/wp-content\/uploads\/2025\/10\/parcours-membres.jpg","width":1353,"height":761},{"@type":"BreadcrumbList","@id":"https:\/\/centcols.org\/cahier-des-charges-parcours-membres\/#breadcrumb","itemListElement":[{"@type":"ListItem","position":1,"name":"Accueil","item":"https:\/\/centcols.org\/"},{"@type":"ListItem","position":2,"name":"Les parcours des membres labellis\u00e9s par le club : le cahier des charges"}]},{"@type":"WebSite","@id":"https:\/\/centcols.org\/#website","url":"https:\/\/centcols.org\/","name":"Club des Cent Cols","description":"","publisher":{"@id":"https:\/\/centcols.org\/#organization"},"potentialAction":[{"@type":"SearchAction","target":{"@type":"EntryPoint","urlTemplate":"https:\/\/centcols.org\/?s={search_term_string}"},"query-input":{"@type":"PropertyValueSpecification","valueRequired":true,"valueName":"search_term_string"}}],"inLanguage":"it-IT"},{"@type":"Organization","@id":"https:\/\/centcols.org\/#organization","name":"Club des Cent Cols","url":"https:\/\/centcols.org\/","logo":{"@type":"ImageObject","inLanguage":"it-IT","@id":"https:\/\/centcols.org\/#\/schema\/logo\/image\/","url":"https:\/\/centcols.org\/wp-content\/uploads\/2025\/01\/carte-icone.png","contentUrl":"https:\/\/centcols.org\/wp-content\/uploads\/2025\/01\/carte-icone.png","width":250,"height":250,"caption":"Club des Cent Cols"},"image":{"@id":"https:\/\/centcols.org\/#\/schema\/logo\/image\/"},"sameAs":["https:\/\/www.facebook.com\/groups\/5261880558\/?locale=fr_FR"]}]}},"_links":{"self":[{"href":"https:\/\/centcols.org\/it\/wp-json\/wp\/v2\/pages\/91011","targetHints":{"allow":["GET"]}}],"collection":[{"href":"https:\/\/centcols.org\/it\/wp-json\/wp\/v2\/pages"}],"about":[{"href":"https:\/\/centcols.org\/it\/wp-json\/wp\/v2\/types\/page"}],"author":[{"embeddable":true,"href":"https:\/\/centcols.org\/it\/wp-json\/wp\/v2\/users\/5112"}],"replies":[{"embeddable":true,"href":"https:\/\/centcols.org\/it\/wp-json\/wp\/v2\/comments?post=91011"}],"version-history":[{"count":0,"href":"https:\/\/centcols.org\/it\/wp-json\/wp\/v2\/pages\/91011\/revisions"}],"wp:featuredmedia":[{"embeddable":true,"href":"https:\/\/centcols.org\/it\/wp-json\/wp\/v2\/media\/91023"}],"wp:attachment":[{"href":"https:\/\/centcols.org\/it\/wp-json\/wp\/v2\/media?parent=91011"}],"curies":[{"name":"wp","href":"https:\/\/api.w.org\/{rel}","templated":true}]}}