{"id":24,"date":"2021-07-01T17:07:44","date_gmt":"2021-07-01T15:07:44","guid":{"rendered":"https:\/\/centcols.org\/?page_id=24"},"modified":"2022-02-10T17:26:18","modified_gmt":"2022-02-10T15:26:18","slug":"juridische-informatie","status":"publish","type":"page","link":"https:\/\/centcols.org\/nl\/mentions-legales\/","title":{"rendered":"Juridische informatie"},"content":{"rendered":"<p>Lees deze gebruiksvoorwaarden zorgvuldig door voordat u deze site gebruikt. Door verbinding te maken met deze site accepteert u deze voorwaarden zonder voorbehoud.<\/p>\n<h2>Website maker en uitgever<\/h2>\n<p>Website ontwerp in Chamb\u00e9ry door Nouvel Oeil communicatiebureau<br \/>\n1, rue Claude Martin - 73000 Chamb\u00e9ry<br \/>\nTel: 04 79 68 94 48 - www.nouvel-oeil.com<\/p>\n<h2>Gebruiksvoorwaarden<\/h2>\n<p>De site wordt beheerd in overeenstemming met de Franse wetgeving. Op het gebruik van deze site zijn deze voorwaarden van toepassing. Door de site te gebruiken, erkent u dat u deze voorwaarden hebt gelezen en geaccepteerd. Ze kunnen op elk moment en zonder voorafgaande kennisgeving worden gewijzigd door de uitgever van de website.<br \/>\nDe eigenaar van de site kan op geen enkele manier aansprakelijk worden gesteld voor misbruik van de service.<\/p>\n<h2>Beperking van aansprakelijkheid<\/h2>\n<p>De informatie op deze site is zo nauwkeurig mogelijk en de site wordt regelmatig bijgewerkt, maar kan onnauwkeurigheden, weglatingen of hiaten bevatten. Als u een hiaat, fout of schijnbare storing opmerkt, meld dit dan per e-mail en beschrijf het probleem zo nauwkeurig mogelijk (pagina die het probleem veroorzaakt, actie die het probleem veroorzaakt, type computer en gebruikte browser, enz.).<\/p>\n<p>Het downloaden van inhoud gebeurt op eigen risico van de gebruiker en onder zijn\/haar eigen verantwoordelijkheid. Bijgevolg kan de eigenaar van de website niet aansprakelijk worden gesteld voor schade aan de computer van de gebruiker of verlies van gegevens als gevolg van het downloaden.<\/p>\n<p>Foto's zijn niet contractueel.<\/p>\n<p>De hyperlinks die in het kader van deze website naar andere bronnen op het internetnetwerk leiden, vallen niet onder de aansprakelijkheid van de eigenaar van de website.<\/p>\n<h2>Geschillen<\/h2>\n<p>Deze voorwaarden worden beheerst door Frans recht en elk geschil of geschil voortvloeiend uit de interpretatie of uitvoering van deze voorwaarden is onderworpen aan de exclusieve bevoegdheid van de rechtbanken die bevoegd zijn voor de maatschappelijke zetel van de eigenaar van de website. De referentietaal voor de beslechting van geschillen is het Frans.<\/p>\n<h2>Recht op toegang<\/h2>\n<p>In toepassing van deze wet hebben internetgebruikers het recht op toegang, rectificatie, wijziging en verwijdering van gegevens die op hen persoonlijk betrekking hebben. Dit recht kan worden uitgeoefend door contact op te nemen met de beheerder van de website: Neem contact op met de beheerder.<br \/>\nDe verzamelde persoonlijke gegevens worden in geen geval doorgegeven aan derden, behalve voor het uitvoeren van de door de internetgebruiker bestelde dienst.<\/p>\n<h2>Vertrouwelijkheid<\/h2>\n<p>Uw persoonlijke gegevens zijn vertrouwelijk en worden onder geen beding doorgegeven aan derden, behalve voor het leveren van de service.<\/p>\n<h2>Intellectueel eigendom<\/h2>\n<p>Neem voor alle verzoeken om toestemming of informatie contact met ons op: contact. Voor de pers gelden specifieke voorwaarden.<\/p>\n<p>Sommige illustraties werden verworven op <a href=\"http:\/\/www.unsplash.fr\/\" target=\"_blank\" rel=\"noopener\">www.unsplash.fr<\/a> en\/of <a href=\"http:\/\/www.freepik.fr\/\" target=\"_blank\" rel=\"noopener\">www.freepik.fr<\/a><\/p>\n<h2>Hyperlinks<\/h2>\n<p>De website kan links bevatten naar andere websites of andere bronnen op het internet.<\/p>\n<p>De eigenaar van de website heeft geen controle over de sites die gelinkt zijn aan zijn websites. De eigenaar van de website is niet verantwoordelijk voor de beschikbaarheid van deze externe sites en bronnen, noch garandeert hij deze. Hij kan niet aansprakelijk worden gesteld voor schade van welke aard dan ook die voortvloeit uit de inhoud van deze externe sites of bronnen, en met name uit de informatie, producten of diensten die zij aanbieden, of uit het gebruik dat eventueel van deze elementen wordt gemaakt. De risico's verbonden aan dit gebruik zijn volledig ten laste van de internetgebruiker, die de gebruiksvoorwaarden ervan moet naleven.<\/p>\n<h2>Cookies<\/h2>\n<p>Deze site maakt gebruik van cookies - kleine tekstbestanden die op uw computer worden geplaatst om de site te helpen een betere gebruikerservaring te bieden. Over het algemeen worden cookies gebruikt om gebruikersvoorkeuren bij te houden, informatie op te slaan voor zaken als winkelwagentjes en geanonimiseerde trackinggegevens te verstrekken aan toepassingen van derden zoals Google Analytics. Over het algemeen zorgen cookies voor een betere browse-ervaring. U kunt er echter de voorkeur aan geven om cookies op deze en andere sites uit te schakelen. De meest effectieve manier is het uitschakelen van cookies in uw browser. We raden u aan de Help-sectie van uw browser te raadplegen of de website About Cookies te bezoeken, die advies biedt voor alle moderne browsers.<\/p>","protected":false},"excerpt":{"rendered":"<p>Merci de lire attentivement les pr\u00e9sentes modalit\u00e9s d\u2019utilisation du pr\u00e9sent site avant de le parcourir. En vous connectant sur ce site, vous acceptez sans r\u00e9serve les pr\u00e9sentes modalit\u00e9s. Cr\u00e9ateur et \u00e9diteur du site internet Cr\u00e9ation du site internet \u00e0 Chamb\u00e9ry par l\u2019Agence de communication Nouvel Oeil 1, rue Claude Martin \u2013 73000 Chamb\u00e9ry T\u00e9l : [&hellip;]<\/p>\n","protected":false},"author":2,"featured_media":0,"parent":0,"menu_order":0,"comment_status":"closed","ping_status":"closed","template":"","meta":{"_acf_changed":false,"footnotes":""},"class_list":["post-24","page","type-page","status-publish","hentry"],"acf":[],"yoast_head":"<!-- This site is optimized with the Yoast SEO plugin v27.2 - https:\/\/yoast.com\/product\/yoast-seo-wordpress\/ -->\n<title>Mentions l\u00e9gales - Club des Cent Cols<\/title>\n<meta name=\"robots\" content=\"index, follow, max-snippet:-1, max-image-preview:large, max-video-preview:-1\" \/>\n<link rel=\"canonical\" href=\"https:\/\/centcols.org\/nl\/juridische-informatie\/\" \/>\n<meta property=\"og:locale\" content=\"nl_BE\" \/>\n<meta property=\"og:type\" content=\"article\" \/>\n<meta property=\"og:title\" content=\"Mentions l\u00e9gales - Club des Cent Cols\" \/>\n<meta property=\"og:description\" content=\"Merci de lire attentivement les pr\u00e9sentes modalit\u00e9s d\u2019utilisation du pr\u00e9sent site avant de le parcourir. En vous connectant sur ce site, vous acceptez sans r\u00e9serve les pr\u00e9sentes modalit\u00e9s. Cr\u00e9ateur et \u00e9diteur du site internet Cr\u00e9ation du site internet \u00e0 Chamb\u00e9ry par l\u2019Agence de communication Nouvel Oeil 1, rue Claude Martin \u2013 73000 Chamb\u00e9ry T\u00e9l : [&hellip;]\" \/>\n<meta property=\"og:url\" content=\"https:\/\/centcols.org\/nl\/juridische-informatie\/\" \/>\n<meta property=\"og:site_name\" content=\"Club des Cent Cols\" \/>\n<meta property=\"article:publisher\" content=\"https:\/\/www.facebook.com\/groups\/5261880558\/?locale=fr_FR\" \/>\n<meta property=\"article:modified_time\" content=\"2022-02-10T15:26:18+00:00\" \/>\n<meta name=\"twitter:card\" content=\"summary_large_image\" \/>\n<meta name=\"twitter:label1\" content=\"Geschatte leestijd\" \/>\n\t<meta name=\"twitter:data1\" content=\"4 minuten\" \/>\n<script type=\"application\/ld+json\" class=\"yoast-schema-graph\">{\"@context\":\"https:\/\/schema.org\",\"@graph\":[{\"@type\":\"WebPage\",\"@id\":\"https:\/\/centcols.org\/mentions-legales\/\",\"url\":\"https:\/\/centcols.org\/mentions-legales\/\",\"name\":\"Mentions l\u00e9gales - Club des Cent Cols\",\"isPartOf\":{\"@id\":\"https:\/\/centcols.org\/#website\"},\"datePublished\":\"2021-07-01T15:07:44+00:00\",\"dateModified\":\"2022-02-10T15:26:18+00:00\",\"breadcrumb\":{\"@id\":\"https:\/\/centcols.org\/mentions-legales\/#breadcrumb\"},\"inLanguage\":\"nl-BE\",\"potentialAction\":[{\"@type\":\"ReadAction\",\"target\":[\"https:\/\/centcols.org\/mentions-legales\/\"]}]},{\"@type\":\"BreadcrumbList\",\"@id\":\"https:\/\/centcols.org\/mentions-legales\/#breadcrumb\",\"itemListElement\":[{\"@type\":\"ListItem\",\"position\":1,\"name\":\"Accueil\",\"item\":\"https:\/\/centcols.org\/\"},{\"@type\":\"ListItem\",\"position\":2,\"name\":\"Mentions l\u00e9gales\"}]},{\"@type\":\"WebSite\",\"@id\":\"https:\/\/centcols.org\/#website\",\"url\":\"https:\/\/centcols.org\/\",\"name\":\"Club des Cent Cols\",\"description\":\"\",\"publisher\":{\"@id\":\"https:\/\/centcols.org\/#organization\"},\"potentialAction\":[{\"@type\":\"SearchAction\",\"target\":{\"@type\":\"EntryPoint\",\"urlTemplate\":\"https:\/\/centcols.org\/?s={search_term_string}\"},\"query-input\":{\"@type\":\"PropertyValueSpecification\",\"valueRequired\":true,\"valueName\":\"search_term_string\"}}],\"inLanguage\":\"nl-BE\"},{\"@type\":\"Organization\",\"@id\":\"https:\/\/centcols.org\/#organization\",\"name\":\"Club des Cent Cols\",\"url\":\"https:\/\/centcols.org\/\",\"logo\":{\"@type\":\"ImageObject\",\"inLanguage\":\"nl-BE\",\"@id\":\"https:\/\/centcols.org\/#\/schema\/logo\/image\/\",\"url\":\"https:\/\/centcols.org\/wp-content\/uploads\/2025\/01\/carte-icone.png\",\"contentUrl\":\"https:\/\/centcols.org\/wp-content\/uploads\/2025\/01\/carte-icone.png\",\"width\":250,\"height\":250,\"caption\":\"Club des Cent Cols\"},\"image\":{\"@id\":\"https:\/\/centcols.org\/#\/schema\/logo\/image\/\"},\"sameAs\":[\"https:\/\/www.facebook.com\/groups\/5261880558\/?locale=fr_FR\"]}]}<\/script>\n<!-- \/ Yoast SEO plugin. -->","yoast_head_json":{"title":"Wettelijke vermeldingen - Club des Cent Cols","robots":{"index":"index","follow":"follow","max-snippet":"max-snippet:-1","max-image-preview":"max-image-preview:large","max-video-preview":"max-video-preview:-1"},"canonical":"https:\/\/centcols.org\/nl\/juridische-informatie\/","og_locale":"nl_BE","og_type":"article","og_title":"Mentions l\u00e9gales - Club des Cent Cols","og_description":"Merci de lire attentivement les pr\u00e9sentes modalit\u00e9s d\u2019utilisation du pr\u00e9sent site avant de le parcourir. En vous connectant sur ce site, vous acceptez sans r\u00e9serve les pr\u00e9sentes modalit\u00e9s. Cr\u00e9ateur et \u00e9diteur du site internet Cr\u00e9ation du site internet \u00e0 Chamb\u00e9ry par l\u2019Agence de communication Nouvel Oeil 1, rue Claude Martin \u2013 73000 Chamb\u00e9ry T\u00e9l : [&hellip;]","og_url":"https:\/\/centcols.org\/nl\/juridische-informatie\/","og_site_name":"Club des Cent Cols","article_publisher":"https:\/\/www.facebook.com\/groups\/5261880558\/?locale=fr_FR","article_modified_time":"2022-02-10T15:26:18+00:00","twitter_card":"summary_large_image","twitter_misc":{"Geschatte leestijd":"4 minuten"},"schema":{"@context":"https:\/\/schema.org","@graph":[{"@type":"WebPage","@id":"https:\/\/centcols.org\/mentions-legales\/","url":"https:\/\/centcols.org\/mentions-legales\/","name":"Wettelijke vermeldingen - Club des Cent Cols","isPartOf":{"@id":"https:\/\/centcols.org\/#website"},"datePublished":"2021-07-01T15:07:44+00:00","dateModified":"2022-02-10T15:26:18+00:00","breadcrumb":{"@id":"https:\/\/centcols.org\/mentions-legales\/#breadcrumb"},"inLanguage":"nl-BE","potentialAction":[{"@type":"ReadAction","target":["https:\/\/centcols.org\/mentions-legales\/"]}]},{"@type":"BreadcrumbList","@id":"https:\/\/centcols.org\/mentions-legales\/#breadcrumb","itemListElement":[{"@type":"ListItem","position":1,"name":"Accueil","item":"https:\/\/centcols.org\/"},{"@type":"ListItem","position":2,"name":"Mentions l\u00e9gales"}]},{"@type":"WebSite","@id":"https:\/\/centcols.org\/#website","url":"https:\/\/centcols.org\/","name":"Club van Cent Cols","description":"","publisher":{"@id":"https:\/\/centcols.org\/#organization"},"potentialAction":[{"@type":"SearchAction","target":{"@type":"EntryPoint","urlTemplate":"https:\/\/centcols.org\/?s={search_term_string}"},"query-input":{"@type":"PropertyValueSpecification","valueRequired":true,"valueName":"search_term_string"}}],"inLanguage":"nl-BE"},{"@type":"Organization","@id":"https:\/\/centcols.org\/#organization","name":"Club van Cent Cols","url":"https:\/\/centcols.org\/","logo":{"@type":"ImageObject","inLanguage":"nl-BE","@id":"https:\/\/centcols.org\/#\/schema\/logo\/image\/","url":"https:\/\/centcols.org\/wp-content\/uploads\/2025\/01\/carte-icone.png","contentUrl":"https:\/\/centcols.org\/wp-content\/uploads\/2025\/01\/carte-icone.png","width":250,"height":250,"caption":"Club des Cent Cols"},"image":{"@id":"https:\/\/centcols.org\/#\/schema\/logo\/image\/"},"sameAs":["https:\/\/www.facebook.com\/groups\/5261880558\/?locale=fr_FR"]}]}},"_links":{"self":[{"href":"https:\/\/centcols.org\/nl\/wp-json\/wp\/v2\/pages\/24","targetHints":{"allow":["GET"]}}],"collection":[{"href":"https:\/\/centcols.org\/nl\/wp-json\/wp\/v2\/pages"}],"about":[{"href":"https:\/\/centcols.org\/nl\/wp-json\/wp\/v2\/types\/page"}],"author":[{"embeddable":true,"href":"https:\/\/centcols.org\/nl\/wp-json\/wp\/v2\/users\/2"}],"replies":[{"embeddable":true,"href":"https:\/\/centcols.org\/nl\/wp-json\/wp\/v2\/comments?post=24"}],"version-history":[{"count":0,"href":"https:\/\/centcols.org\/nl\/wp-json\/wp\/v2\/pages\/24\/revisions"}],"wp:attachment":[{"href":"https:\/\/centcols.org\/nl\/wp-json\/wp\/v2\/media?parent=24"}],"curies":[{"name":"wp","href":"https:\/\/api.w.org\/{rel}","templated":true}]}}