{"id":26,"date":"2021-07-01T17:07:59","date_gmt":"2021-07-01T15:07:59","guid":{"rendered":"https:\/\/centcols.org\/?page_id=26"},"modified":"2023-07-03T16:25:09","modified_gmt":"2023-07-03T14:25:09","slug":"algemene-gebruiksvoorwaarden","status":"publish","type":"page","link":"https:\/\/centcols.org\/nl\/conditions-generales-utilisations\/","title":{"rendered":"Gebruiksvoorwaarden"},"content":{"rendered":"<p>Het doel van deze \u00abalgemene gebruiksvoorwaarden\u00bb is een juridisch kader te bieden voor de voorwaarden waaronder de diensten van de website beschikbaar worden gesteld en worden gebruikt door de \u00abGebruiker\u00bb. De algemene gebruiksvoorwaarden moeten worden geaccepteerd door elke Gebruiker die toegang wil tot de site. Ze vormen het contract tussen de site en de Gebruiker. De toegang tot de site door de Gebruiker impliceert de aanvaarding van deze algemene gebruiksvoorwaarden. Wij behouden ons het recht voor om de inhoud van deze AGV op elk moment eenzijdig te wijzigen.<\/p>\n<h2>Definities<\/h2>\n<p>Het doel van deze clausule is om de verschillende essenti\u00eble voorwaarden van het contract te defini\u00ebren:<\/p>\n<ul>\n<li>Gebruiker: deze term verwijst naar elke persoon die gebruik maakt van de site of een van de diensten die door de site worden aangeboden.<\/li>\n<li>Gebruikersinhoud: dit zijn de gegevens die door de gebruiker op de site worden verzonden.<\/li>\n<li>Lid: Gebruikers worden lid wanneer ze worden ge\u00efdentificeerd op de site.<\/li>\n<li>E-mailadres en wachtwoord: dit is alle informatie die nodig is om een Gebruiker op de site te identificeren. Het e-mailadres en wachtwoord geven de Gebruiker toegang tot diensten die zijn voorbehouden aan leden van de site. Het wachtwoord is vertrouwelijk.<\/li>\n<\/ul>\n<h2>Toegang tot diensten<\/h2>\n<p>De site is gratis toegankelijk vanaf elke locatie voor elke Gebruiker met internettoegang. Alle kosten die de Gebruiker moet maken om toegang te krijgen tot de dienst (hardware, software, internetverbinding, enz.) zijn voor zijn rekening. Afhankelijk van het geval: Gebruikers die geen lid zijn hebben geen toegang tot diensten die zijn voorbehouden aan leden. Hiervoor moeten ze zich identificeren met hun e-mailadres en wachtwoord. De site stelt alles in het werk om de kwaliteit van de toegang tot haar diensten te garanderen. Aangezien het om een middelenverbintenis gaat, verbindt de site zich er niet toe dit resultaat te bereiken. De eigenaar van de site kan niet aansprakelijk worden gesteld voor gebeurtenissen die te wijten zijn aan overmacht en die resulteren in een netwerk- of serverstoring. De toegang tot de diensten van de site kan op elk moment en zonder voorafgaande kennisgeving worden onderbroken, opgeschort of gewijzigd voor onderhoud of om welke andere reden dan ook. De Gebruiker verbindt zich ertoe geen schadevergoeding te eisen als gevolg van de onderbreking, opschorting of wijziging van dit contract. De gebruiker kan hier contact opnemen met de beheerder van de site: Contact<\/p>\n<h2>Intellectueel eigendom<\/h2>\n<p>Handelsmerken, logo's, tekens en alle andere inhoud op de site worden beschermd door de Franse wet op intellectueel eigendom en meer in het bijzonder door het auteursrecht. De Gebruiker vraagt vooraf toestemming aan de site voor elke reproductie, publicatie of kopie van de verschillende inhoud. De Gebruiker verbindt zich ertoe de inhoud van de site uitsluitend voor priv\u00e9doeleinden te gebruiken. Elk gebruik van de inhoud voor commerci\u00eble doeleinden is strikt verboden. De gebruiker is als enige verantwoordelijk voor de inhoud die hij online zet. De Gebruiker verbindt zich ertoe geen inhoud online te plaatsen die de belangen van derden kan schaden. Elke juridische actie die door een derde partij tegen de site wordt ondernomen, komt ten laste van de Gebruiker. De inhoud van de Gebruiker kan op elk moment en om welke reden dan ook door de site worden verwijderd of gewijzigd. De Gebruiker ontvangt geen rechtvaardiging of kennisgeving voorafgaand aan de verwijdering of wijziging van de inhoud van de Gebruiker.<\/p>\n<h2>Aansprakelijkheid en overmacht<\/h2>\n<p>De bronnen van de op de website gepubliceerde informatie worden betrouwbaar geacht. De site behoudt zich echter het recht voor om niet in te staan voor de betrouwbaarheid van de bronnen. De op de site verstrekte informatie is uitsluitend bedoeld ter informatie. De gebruiker is daarom als enige verantwoordelijk voor het gebruik van de informatie en de inhoud van deze site. Gebruikers zijn verantwoordelijk voor het geheimhouden van hun wachtwoord. Elke bekendmaking van het wachtwoord, in welke vorm dan ook, is verboden. De gebruiker neemt alle risico's op zich die verbonden zijn aan het gebruik van zijn e-mailadres en wachtwoord. De site wijst alle verantwoordelijkheid af. Elk gebruik van de dienst door de Gebruiker dat direct of indirect tot schade leidt, moet door de site worden vergoed. De site kan de veiligheid en vertrouwelijkheid van de verzonden gegevens niet garanderen. De site verbindt zich er echter toe alle nodige middelen in te zetten om de veiligheid en vertrouwelijkheid van de gegevens zo goed mogelijk te garanderen. De site kan niet aansprakelijk worden gesteld in geval van overmacht of een onvoorziene en onoverkomelijke daad van een derde.<\/p>\n<h2>Hyperlinks<\/h2>\n<p>De site bevat tal van uitgaande hyperlinks, maar de webpagina's waar deze links naartoe leiden vallen in geen enkel geval onder de verantwoordelijkheid van de eigenaar van de website, die geen enkele controle heeft over deze links. De gebruiker kan de site dus niet verantwoordelijk stellen voor de inhoud en de bronnen van deze uitgaande hyperlinks.<\/p>\n<h2>Contractontwikkelingen<\/h2>\n<p>Wij behouden ons het recht voor om de clausules van dit contract op elk moment te wijzigen. De duur van dit contract is onbepaald. Het contract treedt in werking ten aanzien van de Gebruiker vanaf het moment van gebruik van de dienst.<\/p>\n<h2>Toepasselijk recht en jurisdictie<\/h2>\n<p>De Franse wet is van toepassing op dit contract. Als een geschil tussen de partijen niet in der minne kan worden geschikt, zijn uitsluitend de rechtbanken bevoegd.<\/p>","protected":false},"excerpt":{"rendered":"<p>Les pr\u00e9sentes \u00ab conditions g\u00e9n\u00e9rales d\u2019utilisation \u00bb ont pour objet l\u2019encadrement juridique des modalit\u00e9s de mise \u00e0 disposition des services du site internet et leur utilisation par \u00ab l\u2019Utilisateur \u00bb. Les conditions g\u00e9n\u00e9rales d\u2019utilisation doivent \u00eatre accept\u00e9es par tout Utilisateur souhaitant acc\u00e9der au site. Elles constituent le contrat entre le site et l\u2019Utilisateur. L\u2019acc\u00e8s au [&hellip;]<\/p>\n","protected":false},"author":2,"featured_media":0,"parent":0,"menu_order":0,"comment_status":"closed","ping_status":"closed","template":"","meta":{"_acf_changed":false,"footnotes":""},"class_list":["post-26","page","type-page","status-publish","hentry"],"acf":[],"yoast_head":"<!-- This site is optimized with the Yoast SEO plugin v27.2 - https:\/\/yoast.com\/product\/yoast-seo-wordpress\/ -->\n<title>Conditions g\u00e9n\u00e9rales d&#039;utilisation - Club des Cent Cols<\/title>\n<meta name=\"robots\" content=\"index, follow, max-snippet:-1, max-image-preview:large, max-video-preview:-1\" \/>\n<link rel=\"canonical\" href=\"https:\/\/centcols.org\/nl\/algemene-gebruiksvoorwaarden\/\" \/>\n<meta property=\"og:locale\" content=\"nl_BE\" \/>\n<meta property=\"og:type\" content=\"article\" \/>\n<meta property=\"og:title\" content=\"Conditions g\u00e9n\u00e9rales d&#039;utilisation - Club des Cent Cols\" \/>\n<meta property=\"og:description\" content=\"Les pr\u00e9sentes \u00ab conditions g\u00e9n\u00e9rales d\u2019utilisation \u00bb ont pour objet l\u2019encadrement juridique des modalit\u00e9s de mise \u00e0 disposition des services du site internet et leur utilisation par \u00ab l\u2019Utilisateur \u00bb. Les conditions g\u00e9n\u00e9rales d\u2019utilisation doivent \u00eatre accept\u00e9es par tout Utilisateur souhaitant acc\u00e9der au site. Elles constituent le contrat entre le site et l\u2019Utilisateur. L\u2019acc\u00e8s au [&hellip;]\" \/>\n<meta property=\"og:url\" content=\"https:\/\/centcols.org\/nl\/algemene-gebruiksvoorwaarden\/\" \/>\n<meta property=\"og:site_name\" content=\"Club des Cent Cols\" \/>\n<meta property=\"article:publisher\" content=\"https:\/\/www.facebook.com\/groups\/5261880558\/?locale=fr_FR\" \/>\n<meta property=\"article:modified_time\" content=\"2023-07-03T14:25:09+00:00\" \/>\n<meta name=\"twitter:card\" content=\"summary_large_image\" \/>\n<meta name=\"twitter:label1\" content=\"Geschatte leestijd\" \/>\n\t<meta name=\"twitter:data1\" content=\"4 minuten\" \/>\n<script type=\"application\/ld+json\" class=\"yoast-schema-graph\">{\"@context\":\"https:\/\/schema.org\",\"@graph\":[{\"@type\":\"WebPage\",\"@id\":\"https:\/\/centcols.org\/conditions-generales-utilisations\/\",\"url\":\"https:\/\/centcols.org\/conditions-generales-utilisations\/\",\"name\":\"Conditions g\u00e9n\u00e9rales d'utilisation - Club des Cent Cols\",\"isPartOf\":{\"@id\":\"https:\/\/centcols.org\/#website\"},\"datePublished\":\"2021-07-01T15:07:59+00:00\",\"dateModified\":\"2023-07-03T14:25:09+00:00\",\"breadcrumb\":{\"@id\":\"https:\/\/centcols.org\/conditions-generales-utilisations\/#breadcrumb\"},\"inLanguage\":\"nl-BE\",\"potentialAction\":[{\"@type\":\"ReadAction\",\"target\":[\"https:\/\/centcols.org\/conditions-generales-utilisations\/\"]}]},{\"@type\":\"BreadcrumbList\",\"@id\":\"https:\/\/centcols.org\/conditions-generales-utilisations\/#breadcrumb\",\"itemListElement\":[{\"@type\":\"ListItem\",\"position\":1,\"name\":\"Accueil\",\"item\":\"https:\/\/centcols.org\/\"},{\"@type\":\"ListItem\",\"position\":2,\"name\":\"Conditions g\u00e9n\u00e9rales d&rsquo;utilisation\"}]},{\"@type\":\"WebSite\",\"@id\":\"https:\/\/centcols.org\/#website\",\"url\":\"https:\/\/centcols.org\/\",\"name\":\"Club des Cent Cols\",\"description\":\"\",\"publisher\":{\"@id\":\"https:\/\/centcols.org\/#organization\"},\"potentialAction\":[{\"@type\":\"SearchAction\",\"target\":{\"@type\":\"EntryPoint\",\"urlTemplate\":\"https:\/\/centcols.org\/?s={search_term_string}\"},\"query-input\":{\"@type\":\"PropertyValueSpecification\",\"valueRequired\":true,\"valueName\":\"search_term_string\"}}],\"inLanguage\":\"nl-BE\"},{\"@type\":\"Organization\",\"@id\":\"https:\/\/centcols.org\/#organization\",\"name\":\"Club des Cent Cols\",\"url\":\"https:\/\/centcols.org\/\",\"logo\":{\"@type\":\"ImageObject\",\"inLanguage\":\"nl-BE\",\"@id\":\"https:\/\/centcols.org\/#\/schema\/logo\/image\/\",\"url\":\"https:\/\/centcols.org\/wp-content\/uploads\/2025\/01\/carte-icone.png\",\"contentUrl\":\"https:\/\/centcols.org\/wp-content\/uploads\/2025\/01\/carte-icone.png\",\"width\":250,\"height\":250,\"caption\":\"Club des Cent Cols\"},\"image\":{\"@id\":\"https:\/\/centcols.org\/#\/schema\/logo\/image\/\"},\"sameAs\":[\"https:\/\/www.facebook.com\/groups\/5261880558\/?locale=fr_FR\"]}]}<\/script>\n<!-- \/ Yoast SEO plugin. -->","yoast_head_json":{"title":"Gebruiksvoorwaarden - Club des Cent Cols","robots":{"index":"index","follow":"follow","max-snippet":"max-snippet:-1","max-image-preview":"max-image-preview:large","max-video-preview":"max-video-preview:-1"},"canonical":"https:\/\/centcols.org\/nl\/algemene-gebruiksvoorwaarden\/","og_locale":"nl_BE","og_type":"article","og_title":"Conditions g\u00e9n\u00e9rales d'utilisation - Club des Cent Cols","og_description":"Les pr\u00e9sentes \u00ab conditions g\u00e9n\u00e9rales d\u2019utilisation \u00bb ont pour objet l\u2019encadrement juridique des modalit\u00e9s de mise \u00e0 disposition des services du site internet et leur utilisation par \u00ab l\u2019Utilisateur \u00bb. Les conditions g\u00e9n\u00e9rales d\u2019utilisation doivent \u00eatre accept\u00e9es par tout Utilisateur souhaitant acc\u00e9der au site. Elles constituent le contrat entre le site et l\u2019Utilisateur. L\u2019acc\u00e8s au [&hellip;]","og_url":"https:\/\/centcols.org\/nl\/algemene-gebruiksvoorwaarden\/","og_site_name":"Club des Cent Cols","article_publisher":"https:\/\/www.facebook.com\/groups\/5261880558\/?locale=fr_FR","article_modified_time":"2023-07-03T14:25:09+00:00","twitter_card":"summary_large_image","twitter_misc":{"Geschatte leestijd":"4 minuten"},"schema":{"@context":"https:\/\/schema.org","@graph":[{"@type":"WebPage","@id":"https:\/\/centcols.org\/conditions-generales-utilisations\/","url":"https:\/\/centcols.org\/conditions-generales-utilisations\/","name":"Gebruiksvoorwaarden - Club des Cent Cols","isPartOf":{"@id":"https:\/\/centcols.org\/#website"},"datePublished":"2021-07-01T15:07:59+00:00","dateModified":"2023-07-03T14:25:09+00:00","breadcrumb":{"@id":"https:\/\/centcols.org\/conditions-generales-utilisations\/#breadcrumb"},"inLanguage":"nl-BE","potentialAction":[{"@type":"ReadAction","target":["https:\/\/centcols.org\/conditions-generales-utilisations\/"]}]},{"@type":"BreadcrumbList","@id":"https:\/\/centcols.org\/conditions-generales-utilisations\/#breadcrumb","itemListElement":[{"@type":"ListItem","position":1,"name":"Accueil","item":"https:\/\/centcols.org\/"},{"@type":"ListItem","position":2,"name":"Conditions g\u00e9n\u00e9rales d&rsquo;utilisation"}]},{"@type":"WebSite","@id":"https:\/\/centcols.org\/#website","url":"https:\/\/centcols.org\/","name":"Club van Cent Cols","description":"","publisher":{"@id":"https:\/\/centcols.org\/#organization"},"potentialAction":[{"@type":"SearchAction","target":{"@type":"EntryPoint","urlTemplate":"https:\/\/centcols.org\/?s={search_term_string}"},"query-input":{"@type":"PropertyValueSpecification","valueRequired":true,"valueName":"search_term_string"}}],"inLanguage":"nl-BE"},{"@type":"Organization","@id":"https:\/\/centcols.org\/#organization","name":"Club van Cent Cols","url":"https:\/\/centcols.org\/","logo":{"@type":"ImageObject","inLanguage":"nl-BE","@id":"https:\/\/centcols.org\/#\/schema\/logo\/image\/","url":"https:\/\/centcols.org\/wp-content\/uploads\/2025\/01\/carte-icone.png","contentUrl":"https:\/\/centcols.org\/wp-content\/uploads\/2025\/01\/carte-icone.png","width":250,"height":250,"caption":"Club des Cent Cols"},"image":{"@id":"https:\/\/centcols.org\/#\/schema\/logo\/image\/"},"sameAs":["https:\/\/www.facebook.com\/groups\/5261880558\/?locale=fr_FR"]}]}},"_links":{"self":[{"href":"https:\/\/centcols.org\/nl\/wp-json\/wp\/v2\/pages\/26","targetHints":{"allow":["GET"]}}],"collection":[{"href":"https:\/\/centcols.org\/nl\/wp-json\/wp\/v2\/pages"}],"about":[{"href":"https:\/\/centcols.org\/nl\/wp-json\/wp\/v2\/types\/page"}],"author":[{"embeddable":true,"href":"https:\/\/centcols.org\/nl\/wp-json\/wp\/v2\/users\/2"}],"replies":[{"embeddable":true,"href":"https:\/\/centcols.org\/nl\/wp-json\/wp\/v2\/comments?post=26"}],"version-history":[{"count":0,"href":"https:\/\/centcols.org\/nl\/wp-json\/wp\/v2\/pages\/26\/revisions"}],"wp:attachment":[{"href":"https:\/\/centcols.org\/nl\/wp-json\/wp\/v2\/media?parent=26"}],"curies":[{"name":"wp","href":"https:\/\/api.w.org\/{rel}","templated":true}]}}