{"id":29,"date":"2021-07-01T17:08:28","date_gmt":"2021-07-01T15:08:28","guid":{"rendered":"https:\/\/centcols.org\/?page_id=29"},"modified":"2024-07-08T08:39:44","modified_gmt":"2024-07-08T06:39:44","slug":"privacybeleid","status":"publish","type":"page","link":"https:\/\/centcols.org\/nl\/politique-confidentialite\/","title":{"rendered":"Privacybeleid"},"content":{"rendered":"<h2>Gebruik van verzamelde persoonlijke gegevens<\/h2>\n<h3>Reacties<\/h3>\n<p>Wanneer u een reactie achterlaat op onze website, worden de gegevens die u hebt ingevuld in het reactieformulier, uw IP-adres en de user-agent van uw browser verzameld om ons te helpen ongewenste reacties op te sporen.<\/p>\n<p>Een geanonimiseerde tekenreeks die is gemaakt van je e-mailadres (ook bekend als een hash) kan naar de Gravatar-service worden verzonden om te controleren of je deze gebruikt. De geheimhoudingsclausules van de Gravatar-service zijn hier beschikbaar: https:\/\/automattic.com\/privacy\/. Zodra je commentaar is gevalideerd, is je profielfoto openbaar zichtbaar naast je commentaar.<\/p>\n<h3>Media<\/h3>\n<p>Als je een geregistreerde gebruiker bent en afbeeldingen uploadt naar de website, raden we je aan om geen afbeeldingen te uploaden met EXIF-gegevens van GPS-co\u00f6rdinaten. Bezoekers van uw website kunnen locatiegegevens van deze afbeeldingen downloaden en extraheren.<\/p>\n<h3>Contactformulieren<\/h3>\n<h3>Cookies<\/h3>\n<p>Als u een reactie achterlaat op onze site, wordt u gevraagd om uw naam, e-mailadres en website op te slaan in cookies. Dit is puur voor uw gemak, zodat u deze informatie niet opnieuw hoeft in te voeren als u later nog eens een reactie achterlaat. Deze cookies verlopen na een jaar.<\/p>\n<p>Als u naar de inlogpagina gaat, wordt er een tijdelijk cookie aangemaakt om te bepalen of uw browser cookies accepteert. Het bevat geen persoonlijke gegevens en wordt automatisch verwijderd wanneer u uw browser afsluit.<br \/>\nWanneer u inlogt, stellen we een aantal cookies in om uw inloggegevens en schermvoorkeuren vast te leggen. De levensduur van een verbindingscookie is twee dagen, die van een schermoptiecookie is een jaar. Als u \u00abOnthoud mij\u00bb aanvinkt, wordt uw verbindingscookie twee weken bewaard. Als u zich afmeldt bij uw account, wordt de aanmeldingscookie verwijderd.<\/p>\n<p>Bij het wijzigen of publiceren van een publicatie wordt een extra cookie opgeslagen in uw browser. Deze cookie bevat geen persoonlijke gegevens. Het geeft alleen de ID aan van de publicatie die u zojuist hebt gewijzigd. Het vervalt na \u00e9\u00e9n dag.<\/p>\n<h3>Ingebedde inhoud van andere sites<\/h3>\n<p>Artikelen op deze site kunnen ingesloten inhoud bevatten (bijv. video's, afbeeldingen, artikelen, enz.). Ingesloten inhoud van andere sites gedraagt zich op dezelfde manier alsof de bezoeker die andere site bezoekt.<br \/>\nDeze websites kunnen gegevens over u verzamelen, cookies gebruiken, trackingtools van derden insluiten en uw interacties met deze ingesloten inhoud bijhouden als u een ingelogde account hebt op hun website.<\/p>\n<h3>Statistieken en publieksmeting<\/h3>\n<h2>Gebruik en overdracht van uw persoonlijke gegevens<\/h2>\n<h2>Bewaartermijnen voor uw gegevens<\/h2>\n<p>Als je een commentaar achterlaat, worden het commentaar en de metagegevens voor onbepaalde tijd bewaard. Hierdoor worden volgende opmerkingen automatisch herkend en goedgekeurd in plaats van dat ze in de wachtrij voor moderatie blijven staan.<\/p>\n<p>Voor gebruikers die zich op onze site registreren (waar mogelijk), slaan we ook de persoonlijke gegevens op die in hun profiel worden vermeld. Alle gebruikers kunnen hun persoonlijke gegevens op elk moment bekijken, wijzigen of verwijderen (met uitzondering van hun gebruikersnaam). Sitebeheerders kunnen deze informatie ook bekijken en wijzigen.<\/p>\n<h2>De rechten die u hebt over uw gegevens<\/h2>\n<p>Als u een account hebt of als u reacties hebt achtergelaten op de site, kunt u verzoeken om een bestand te ontvangen met alle persoonlijke gegevens die wij over u hebben, inclusief de gegevens die u aan ons hebt verstrekt. U kunt ook verzoeken om verwijdering van uw persoonlijke gegevens. Dit geldt niet voor gegevens die zijn opgeslagen voor administratieve, juridische of beveiligingsdoeleinden.<\/p>\n<h2>Overdracht van uw persoonlijke gegevens<\/h2>\n<p>Reacties van bezoekers kunnen worden gecontroleerd met behulp van een geautomatiseerde service om ongewenste reacties te detecteren.<\/p>","protected":false},"excerpt":{"rendered":"<p>Utilisation des donn\u00e9es personnelles collect\u00e9es Commentaires Quand vous laissez un commentaire sur notre site web, les donn\u00e9es inscrites dans le formulaire de commentaire, mais aussi votre adresse IP et l\u2019agent utilisateur de votre navigateur sont collect\u00e9s pour nous aider \u00e0 la d\u00e9tection des commentaires ind\u00e9sirables. Une cha\u00eene anonymis\u00e9e cr\u00e9\u00e9e \u00e0 partir de votre adresse de [&hellip;]<\/p>\n","protected":false},"author":2,"featured_media":0,"parent":0,"menu_order":0,"comment_status":"closed","ping_status":"closed","template":"","meta":{"_acf_changed":false,"footnotes":""},"class_list":["post-29","page","type-page","status-publish","hentry"],"acf":[],"yoast_head":"<!-- This site is optimized with the Yoast SEO plugin v27.2 - https:\/\/yoast.com\/product\/yoast-seo-wordpress\/ -->\n<title>Politique de confidentialit\u00e9 - Club des Cent Cols<\/title>\n<meta name=\"robots\" content=\"index, follow, max-snippet:-1, max-image-preview:large, max-video-preview:-1\" \/>\n<link rel=\"canonical\" href=\"https:\/\/centcols.org\/nl\/privacybeleid\/\" \/>\n<meta property=\"og:locale\" content=\"nl_BE\" \/>\n<meta property=\"og:type\" content=\"article\" \/>\n<meta property=\"og:title\" content=\"Politique de confidentialit\u00e9 - Club des Cent Cols\" \/>\n<meta property=\"og:description\" content=\"Utilisation des donn\u00e9es personnelles collect\u00e9es Commentaires Quand vous laissez un commentaire sur notre site web, les donn\u00e9es inscrites dans le formulaire de commentaire, mais aussi votre adresse IP et l\u2019agent utilisateur de votre navigateur sont collect\u00e9s pour nous aider \u00e0 la d\u00e9tection des commentaires ind\u00e9sirables. Une cha\u00eene anonymis\u00e9e cr\u00e9\u00e9e \u00e0 partir de votre adresse de [&hellip;]\" \/>\n<meta property=\"og:url\" content=\"https:\/\/centcols.org\/nl\/privacybeleid\/\" \/>\n<meta property=\"og:site_name\" content=\"Club des Cent Cols\" \/>\n<meta property=\"article:publisher\" content=\"https:\/\/www.facebook.com\/groups\/5261880558\/?locale=fr_FR\" \/>\n<meta property=\"article:modified_time\" content=\"2024-07-08T06:39:44+00:00\" \/>\n<meta name=\"twitter:card\" content=\"summary_large_image\" \/>\n<meta name=\"twitter:label1\" content=\"Geschatte leestijd\" \/>\n\t<meta name=\"twitter:data1\" content=\"4 minuten\" \/>\n<script type=\"application\/ld+json\" class=\"yoast-schema-graph\">{\"@context\":\"https:\/\/schema.org\",\"@graph\":[{\"@type\":\"WebPage\",\"@id\":\"https:\/\/centcols.org\/politique-confidentialite\/\",\"url\":\"https:\/\/centcols.org\/politique-confidentialite\/\",\"name\":\"Politique de confidentialit\u00e9 - Club des Cent Cols\",\"isPartOf\":{\"@id\":\"https:\/\/centcols.org\/#website\"},\"datePublished\":\"2021-07-01T15:08:28+00:00\",\"dateModified\":\"2024-07-08T06:39:44+00:00\",\"breadcrumb\":{\"@id\":\"https:\/\/centcols.org\/politique-confidentialite\/#breadcrumb\"},\"inLanguage\":\"nl-BE\",\"potentialAction\":[{\"@type\":\"ReadAction\",\"target\":[\"https:\/\/centcols.org\/politique-confidentialite\/\"]}]},{\"@type\":\"BreadcrumbList\",\"@id\":\"https:\/\/centcols.org\/politique-confidentialite\/#breadcrumb\",\"itemListElement\":[{\"@type\":\"ListItem\",\"position\":1,\"name\":\"Accueil\",\"item\":\"https:\/\/centcols.org\/\"},{\"@type\":\"ListItem\",\"position\":2,\"name\":\"Politique de confidentialit\u00e9\"}]},{\"@type\":\"WebSite\",\"@id\":\"https:\/\/centcols.org\/#website\",\"url\":\"https:\/\/centcols.org\/\",\"name\":\"Club des Cent Cols\",\"description\":\"\",\"publisher\":{\"@id\":\"https:\/\/centcols.org\/#organization\"},\"potentialAction\":[{\"@type\":\"SearchAction\",\"target\":{\"@type\":\"EntryPoint\",\"urlTemplate\":\"https:\/\/centcols.org\/?s={search_term_string}\"},\"query-input\":{\"@type\":\"PropertyValueSpecification\",\"valueRequired\":true,\"valueName\":\"search_term_string\"}}],\"inLanguage\":\"nl-BE\"},{\"@type\":\"Organization\",\"@id\":\"https:\/\/centcols.org\/#organization\",\"name\":\"Club des Cent Cols\",\"url\":\"https:\/\/centcols.org\/\",\"logo\":{\"@type\":\"ImageObject\",\"inLanguage\":\"nl-BE\",\"@id\":\"https:\/\/centcols.org\/#\/schema\/logo\/image\/\",\"url\":\"https:\/\/centcols.org\/wp-content\/uploads\/2025\/01\/carte-icone.png\",\"contentUrl\":\"https:\/\/centcols.org\/wp-content\/uploads\/2025\/01\/carte-icone.png\",\"width\":250,\"height\":250,\"caption\":\"Club des Cent Cols\"},\"image\":{\"@id\":\"https:\/\/centcols.org\/#\/schema\/logo\/image\/\"},\"sameAs\":[\"https:\/\/www.facebook.com\/groups\/5261880558\/?locale=fr_FR\"]}]}<\/script>\n<!-- \/ Yoast SEO plugin. -->","yoast_head_json":{"title":"Privacybeleid - Club des Cent Cols","robots":{"index":"index","follow":"follow","max-snippet":"max-snippet:-1","max-image-preview":"max-image-preview:large","max-video-preview":"max-video-preview:-1"},"canonical":"https:\/\/centcols.org\/nl\/privacybeleid\/","og_locale":"nl_BE","og_type":"article","og_title":"Politique de confidentialit\u00e9 - Club des Cent Cols","og_description":"Utilisation des donn\u00e9es personnelles collect\u00e9es Commentaires Quand vous laissez un commentaire sur notre site web, les donn\u00e9es inscrites dans le formulaire de commentaire, mais aussi votre adresse IP et l\u2019agent utilisateur de votre navigateur sont collect\u00e9s pour nous aider \u00e0 la d\u00e9tection des commentaires ind\u00e9sirables. Une cha\u00eene anonymis\u00e9e cr\u00e9\u00e9e \u00e0 partir de votre adresse de [&hellip;]","og_url":"https:\/\/centcols.org\/nl\/privacybeleid\/","og_site_name":"Club des Cent Cols","article_publisher":"https:\/\/www.facebook.com\/groups\/5261880558\/?locale=fr_FR","article_modified_time":"2024-07-08T06:39:44+00:00","twitter_card":"summary_large_image","twitter_misc":{"Geschatte leestijd":"4 minuten"},"schema":{"@context":"https:\/\/schema.org","@graph":[{"@type":"WebPage","@id":"https:\/\/centcols.org\/politique-confidentialite\/","url":"https:\/\/centcols.org\/politique-confidentialite\/","name":"Privacybeleid - Club des Cent Cols","isPartOf":{"@id":"https:\/\/centcols.org\/#website"},"datePublished":"2021-07-01T15:08:28+00:00","dateModified":"2024-07-08T06:39:44+00:00","breadcrumb":{"@id":"https:\/\/centcols.org\/politique-confidentialite\/#breadcrumb"},"inLanguage":"nl-BE","potentialAction":[{"@type":"ReadAction","target":["https:\/\/centcols.org\/politique-confidentialite\/"]}]},{"@type":"BreadcrumbList","@id":"https:\/\/centcols.org\/politique-confidentialite\/#breadcrumb","itemListElement":[{"@type":"ListItem","position":1,"name":"Accueil","item":"https:\/\/centcols.org\/"},{"@type":"ListItem","position":2,"name":"Politique de confidentialit\u00e9"}]},{"@type":"WebSite","@id":"https:\/\/centcols.org\/#website","url":"https:\/\/centcols.org\/","name":"Club van Cent Cols","description":"","publisher":{"@id":"https:\/\/centcols.org\/#organization"},"potentialAction":[{"@type":"SearchAction","target":{"@type":"EntryPoint","urlTemplate":"https:\/\/centcols.org\/?s={search_term_string}"},"query-input":{"@type":"PropertyValueSpecification","valueRequired":true,"valueName":"search_term_string"}}],"inLanguage":"nl-BE"},{"@type":"Organization","@id":"https:\/\/centcols.org\/#organization","name":"Club van Cent Cols","url":"https:\/\/centcols.org\/","logo":{"@type":"ImageObject","inLanguage":"nl-BE","@id":"https:\/\/centcols.org\/#\/schema\/logo\/image\/","url":"https:\/\/centcols.org\/wp-content\/uploads\/2025\/01\/carte-icone.png","contentUrl":"https:\/\/centcols.org\/wp-content\/uploads\/2025\/01\/carte-icone.png","width":250,"height":250,"caption":"Club des Cent Cols"},"image":{"@id":"https:\/\/centcols.org\/#\/schema\/logo\/image\/"},"sameAs":["https:\/\/www.facebook.com\/groups\/5261880558\/?locale=fr_FR"]}]}},"_links":{"self":[{"href":"https:\/\/centcols.org\/nl\/wp-json\/wp\/v2\/pages\/29","targetHints":{"allow":["GET"]}}],"collection":[{"href":"https:\/\/centcols.org\/nl\/wp-json\/wp\/v2\/pages"}],"about":[{"href":"https:\/\/centcols.org\/nl\/wp-json\/wp\/v2\/types\/page"}],"author":[{"embeddable":true,"href":"https:\/\/centcols.org\/nl\/wp-json\/wp\/v2\/users\/2"}],"replies":[{"embeddable":true,"href":"https:\/\/centcols.org\/nl\/wp-json\/wp\/v2\/comments?post=29"}],"version-history":[{"count":0,"href":"https:\/\/centcols.org\/nl\/wp-json\/wp\/v2\/pages\/29\/revisions"}],"wp:attachment":[{"href":"https:\/\/centcols.org\/nl\/wp-json\/wp\/v2\/media?parent=29"}],"curies":[{"name":"wp","href":"https:\/\/api.w.org\/{rel}","templated":true}]}}