{"id":79135,"date":"2025-02-05T09:58:17","date_gmt":"2025-02-05T07:58:17","guid":{"rendered":"https:\/\/centcols.org\/statuts\/"},"modified":"2025-05-05T15:54:07","modified_gmt":"2025-05-05T13:54:07","slug":"statuten","status":"publish","type":"page","link":"https:\/\/centcols.org\/nl\/statuts\/","title":{"rendered":"Statuten"},"content":{"rendered":"<h2 class=\"wp-block-heading\">Statuten van de Club des Cent Cols - 10 november 2018<\/h2>\n\n\n\n<h3 class=\"wp-block-heading\">Artikel 1: Naam<\/h3>\n\n\n\n<p>Er is een vereniging \u00abClub des Cent Cols\u00bb opgericht.\u00bb<\/p>\n\n\n\n<h3 class=\"wp-block-heading\">Artikel 2: Doel<\/h3>\n\n\n\n<p>Iedereen samenbrengen die van mountainbiken houdt. Het mountainbiken promoten door het te organiseren en te ondersteunen. Meer algemeen, alle handelingen stellen die rechtstreeks of onrechtstreeks verband houden met de naam en die de uitbreiding of ontwikkeling ervan kunnen vergemakkelijken.<\/p>\n\n\n\n<h3 class=\"wp-block-heading\">Artikel 3: Statutaire zetel<\/h3>\n\n\n\n<p>CDOS (Departementaal Olympisch en Sportcomit\u00e9)<br>97A avenue de Gen\u00e8ve,<br>74000 ANNECY<\/p>\n\n\n\n<h3 class=\"wp-block-heading\">Artikel 4: Duur<\/h3>\n\n\n\n<p>Onbeperkt<\/p>\n\n\n\n<h3 class=\"wp-block-heading\">Artikel 5: Toelating<\/h3>\n\n\n\n<p>Om lid te worden van de vereniging \u00abClub des Cent Cols\u00bb moet je minstens 100 verschillende passen hebben gefietst, waarvan 5 op meer dan 2000 meter hoogte, en inschrijfgeld betalen.<br><strong>Vier categorie\u00ebn leden worden geaccepteerd:<\/strong><\/p>\n\n\n\n<ol class=\"wp-block-list\">\n<li>Actieve leden die geen lid zijn van de FFCT via de Club des Cent Cols en die hun jaarlijkse contributie hebben betaald.<\/li>\n\n\n\n<li>Actieve leden die lid zijn van de FFCT via de Club des Cent Cols en hun jaarlijkse contributie hebben betaald.<\/li>\n\n\n\n<li>Ereleden, vrijgesteld van de 100-pass regel, waarvan 5 over 2000 meter (bij besluit van de Raad van Bestuur).<\/li>\n\n\n\n<li>Geassocieerde leden. Geassocieerde leden moeten gesponsord worden door een actief lid met wie ze een familierelatie hebben (echtgeno(o)t(e), kind). Ze zijn niet onderworpen aan de 100-pass regel, waarvan 5 over 2000 meter. Geassocieerd lidmaatschap geeft leden het recht om deel te nemen aan de collectieve evenementen van de vereniging. Geassocieerde leden betalen een jaarlijkse bijdrage die gelijk is aan de helft van de minimumbijdrage voor een actief lid. Omdat ze geen actieve leden zijn, hebben ze geen stemrecht op algemene vergaderingen en kunnen ze niet als bestuurslid worden gekozen.<\/li>\n<\/ol>\n\n\n\n<h3 class=\"wp-block-heading\">Artikel 6: Uitschrijving<\/h3>\n\n\n\n<p>Je kunt de vereniging verlaten door een ontslagbrief te sturen.<br>Uitschrijving uit de vereniging gebeurt automatisch bij overlijden.<br>Leden kunnen uit de vereniging worden gezet in geval van bedrog of het niet respecteren van de geest van de vereniging. Tot royement wordt unaniem besloten door de leden van het bureau.<\/p>\n\n\n\n<h3 class=\"wp-block-heading\">Artikel 7: Middelen van de vereniging<\/h3>\n\n\n\n<p>Bronnen zijn onder andere :<\/p>\n\n\n\n<ul class=\"wp-block-list\">\n<li>De hoogte van het lidmaatschapsgeld en de jaarlijkse contributie.<\/li>\n\n\n\n<li>Winst uit de verkoop van producten of diensten, voorbehouden aan leden van de vereniging.<\/li>\n\n\n\n<li>Subsidies of donaties.<\/li>\n\n\n\n<li>Copyright op boeken gepubliceerd namens de vereniging.<\/li>\n<\/ul>\n\n\n\n<h3 class=\"wp-block-heading\">Artikel 8: De raad van bestuur<\/h3>\n\n\n\n<p>De vereniging wordt bestuurd door een raad van bestuur bestaande uit&nbsp;<em>Minimaal 3 leden en maximaal 11 leden,&nbsp;<\/em>verkozen voor 4 jaar door de Algemene Vergadering.&nbsp;<em>Stemmen per post en elektronisch stemmen worden geaccepteerd.<\/em>&nbsp;Leden zijn herkiesbaar.<br>De Raad van Bestuur kiest uit zijn leden, bij geheime stemming, een uitvoerend comit\u00e9 bestaande uit een voorzitter, een secretaris en een penningmeester. Deze 3 leden moeten lid zijn van de FFCT. Er kunnen ook een vicevoorzitter, een adjunct-secretaris en een adjunct-penningmeester worden gekozen.<br>In geval van een vacature vervangt het bestuur zijn leden tijdelijk door co\u00f6ptatie. Zij worden definitief vervangen op de eerstvolgende Algemene Vergadering.<\/p>\n\n\n\n<h3 class=\"wp-block-heading\">Artikel 8bis: Bestuursvergaderingen<\/h3>\n\n\n\n<p>Het bestuur vergadert ten minste \u00e9\u00e9n keer per 6 maanden, op uitnodiging van de voorzitter of op verzoek van een kwart van de leden.<br>Beslissingen worden genomen bij meerderheid van stemmen.<br>Elk bestuurslid dat zonder verontschuldiging drie achtereenvolgende vergaderingen niet bijwoont, kan worden geacht ontslag te hebben genomen.<\/p>\n\n\n\n<h3 class=\"wp-block-heading\">Artikel 9: Gewone Algemene Vergadering<\/h3>\n\n\n\n<p>De Gewone Algemene Vergadering bestaat uit alle volgestorte leden. Ze komt \u00e9\u00e9n keer per jaar samen, indien mogelijk in het laatste kwartaal van het kalenderjaar.<br>Vijftien dagen voor de vastgestelde datum worden de leden van de vereniging uitgenodigd door de secretaris. De agenda staat vermeld op de uitnodiging en er is een formulier bijgevoegd om per post te stemmen.<br>De voorzitter, bijgestaan door de leden van het bestuur, leidt de vergadering en brengt verslag uit over de morele situatie van de vereniging.<br>De penningmeester brengt verslag uit over het beheer en legt de balans ter goedkeuring voor aan de vergadering.<br>De secretaris-generaal presenteert het jaarverslag.<br>Bestuursleden worden elke 4 jaar bij geheime stemming vervangen.<br>Alleen schriftelijke vragen die \u00e9\u00e9n week voor de datum van de AVA zijn ontvangen, zullen tijdens de vergadering worden beantwoord.<\/p>\n\n\n\n<h3 class=\"wp-block-heading\">Artikel 10: Buitengewone algemene vergadering<\/h3>\n\n\n\n<p>Indien nodig, of op verzoek van de helft plus \u00e9\u00e9n van de volgestorte leden, kan de voorzitter een buitengewone algemene vergadering bijeenroepen overeenkomstig de formaliteiten van artikel 9.<\/p>\n\n\n\n<h3 class=\"wp-block-heading\">Artikel 11: Huishoudelijk reglement<\/h3>\n\n\n\n<p>Een huishoudelijk reglement kan worden opgesteld door de Raad van Bestuur ter goedkeuring door de Algemene Vergadering.<\/p>\n\n\n\n<h3 class=\"wp-block-heading\">Artikel 12 en laatste: Ontbinding<\/h3>\n\n\n\n<p>In geval van ontbinding zal deze door de Raad van Bestuur ter goedkeuring worden voorgelegd aan de F\u00e9d\u00e9ration Fran\u00e7aise de Cyclotourisme. Als deze laatste weigert, zal de Federatie het beheer van de vereniging \u00abClub des Cent Cols\u00bb overnemen.<\/p>\n\n\n\n<hr class=\"wp-block-separator has-alpha-channel-opacity\"\/>\n\n\n\n<p>Gedaan te N\u00e2ves Parmelan op 15 november 2018, na de wijzigingen gestemd op de Buitengewone Algemene Vergadering van 10 november 2018.<\/p>\n\n\n\n<p><strong>Guy Harle<\/strong><br><em>Algemeen secretaris<\/em><\/p>\n\n\n\n<p>Doorgestuurd naar de prefectuur Haute Savoie.<\/p>","protected":false},"excerpt":{"rendered":"<p>Statuts du Club des Cent Cols &#8211; 10 novembre 2018 Article 1 : appellation Il est cr\u00e9\u00e9 une association appel\u00e9e \u00ab Club des Cent Cols \u00bb Article 2 : objet Regrouper toutes les personnes aimant la pratique du v\u00e9lo en montagne. Valoriser cette pratique en l\u2019organisant et en la soutenant. Plus g\u00e9n\u00e9ralement, conduire toutes op\u00e9rations [&hellip;]<\/p>\n","protected":false},"author":2,"featured_media":0,"parent":0,"menu_order":0,"comment_status":"open","ping_status":"open","template":"","meta":{"_acf_changed":false,"footnotes":""},"class_list":["post-79135","page","type-page","status-publish","hentry"],"acf":[],"yoast_head":"<!-- This site is optimized with the Yoast SEO plugin v27.2 - https:\/\/yoast.com\/product\/yoast-seo-wordpress\/ -->\n<title>Statuts - Club des Cent Cols<\/title>\n<meta name=\"robots\" content=\"index, follow, max-snippet:-1, max-image-preview:large, max-video-preview:-1\" \/>\n<link rel=\"canonical\" href=\"https:\/\/centcols.org\/nl\/statuten\/\" \/>\n<meta property=\"og:locale\" content=\"nl_BE\" \/>\n<meta property=\"og:type\" content=\"article\" \/>\n<meta property=\"og:title\" content=\"Statuts - Club des Cent Cols\" \/>\n<meta property=\"og:description\" content=\"Statuts du Club des Cent Cols &#8211; 10 novembre 2018 Article 1 : appellation Il est cr\u00e9\u00e9 une association appel\u00e9e \u00ab Club des Cent Cols \u00bb Article 2 : objet Regrouper toutes les personnes aimant la pratique du v\u00e9lo en montagne. Valoriser cette pratique en l\u2019organisant et en la soutenant. Plus g\u00e9n\u00e9ralement, conduire toutes op\u00e9rations [&hellip;]\" \/>\n<meta property=\"og:url\" content=\"https:\/\/centcols.org\/nl\/statuten\/\" \/>\n<meta property=\"og:site_name\" content=\"Club des Cent Cols\" \/>\n<meta property=\"article:publisher\" content=\"https:\/\/www.facebook.com\/groups\/5261880558\/?locale=fr_FR\" \/>\n<meta property=\"article:modified_time\" content=\"2025-05-05T13:54:07+00:00\" \/>\n<meta name=\"twitter:card\" content=\"summary_large_image\" \/>\n<meta name=\"twitter:label1\" content=\"Geschatte leestijd\" \/>\n\t<meta name=\"twitter:data1\" content=\"5 minuten\" \/>\n<script type=\"application\/ld+json\" class=\"yoast-schema-graph\">{\"@context\":\"https:\/\/schema.org\",\"@graph\":[{\"@type\":\"WebPage\",\"@id\":\"https:\/\/centcols.org\/statuts\/\",\"url\":\"https:\/\/centcols.org\/statuts\/\",\"name\":\"Statuts - Club des Cent Cols\",\"isPartOf\":{\"@id\":\"https:\/\/centcols.org\/#website\"},\"datePublished\":\"2025-02-05T07:58:17+00:00\",\"dateModified\":\"2025-05-05T13:54:07+00:00\",\"breadcrumb\":{\"@id\":\"https:\/\/centcols.org\/statuts\/#breadcrumb\"},\"inLanguage\":\"nl-BE\",\"potentialAction\":[{\"@type\":\"ReadAction\",\"target\":[\"https:\/\/centcols.org\/statuts\/\"]}]},{\"@type\":\"BreadcrumbList\",\"@id\":\"https:\/\/centcols.org\/statuts\/#breadcrumb\",\"itemListElement\":[{\"@type\":\"ListItem\",\"position\":1,\"name\":\"Accueil\",\"item\":\"https:\/\/centcols.org\/\"},{\"@type\":\"ListItem\",\"position\":2,\"name\":\"Statuts\"}]},{\"@type\":\"WebSite\",\"@id\":\"https:\/\/centcols.org\/#website\",\"url\":\"https:\/\/centcols.org\/\",\"name\":\"Club des Cent Cols\",\"description\":\"\",\"publisher\":{\"@id\":\"https:\/\/centcols.org\/#organization\"},\"potentialAction\":[{\"@type\":\"SearchAction\",\"target\":{\"@type\":\"EntryPoint\",\"urlTemplate\":\"https:\/\/centcols.org\/?s={search_term_string}\"},\"query-input\":{\"@type\":\"PropertyValueSpecification\",\"valueRequired\":true,\"valueName\":\"search_term_string\"}}],\"inLanguage\":\"nl-BE\"},{\"@type\":\"Organization\",\"@id\":\"https:\/\/centcols.org\/#organization\",\"name\":\"Club des Cent Cols\",\"url\":\"https:\/\/centcols.org\/\",\"logo\":{\"@type\":\"ImageObject\",\"inLanguage\":\"nl-BE\",\"@id\":\"https:\/\/centcols.org\/#\/schema\/logo\/image\/\",\"url\":\"https:\/\/centcols.org\/wp-content\/uploads\/2025\/01\/carte-icone.png\",\"contentUrl\":\"https:\/\/centcols.org\/wp-content\/uploads\/2025\/01\/carte-icone.png\",\"width\":250,\"height\":250,\"caption\":\"Club des Cent Cols\"},\"image\":{\"@id\":\"https:\/\/centcols.org\/#\/schema\/logo\/image\/\"},\"sameAs\":[\"https:\/\/www.facebook.com\/groups\/5261880558\/?locale=fr_FR\"]}]}<\/script>\n<!-- \/ Yoast SEO plugin. -->","yoast_head_json":{"title":"Huishoudelijk reglement - Club des Cent Cols","robots":{"index":"index","follow":"follow","max-snippet":"max-snippet:-1","max-image-preview":"max-image-preview:large","max-video-preview":"max-video-preview:-1"},"canonical":"https:\/\/centcols.org\/nl\/statuten\/","og_locale":"nl_BE","og_type":"article","og_title":"Statuts - Club des Cent Cols","og_description":"Statuts du Club des Cent Cols &#8211; 10 novembre 2018 Article 1 : appellation Il est cr\u00e9\u00e9 une association appel\u00e9e \u00ab Club des Cent Cols \u00bb Article 2 : objet Regrouper toutes les personnes aimant la pratique du v\u00e9lo en montagne. Valoriser cette pratique en l\u2019organisant et en la soutenant. Plus g\u00e9n\u00e9ralement, conduire toutes op\u00e9rations [&hellip;]","og_url":"https:\/\/centcols.org\/nl\/statuten\/","og_site_name":"Club des Cent Cols","article_publisher":"https:\/\/www.facebook.com\/groups\/5261880558\/?locale=fr_FR","article_modified_time":"2025-05-05T13:54:07+00:00","twitter_card":"summary_large_image","twitter_misc":{"Geschatte leestijd":"5 minuten"},"schema":{"@context":"https:\/\/schema.org","@graph":[{"@type":"WebPage","@id":"https:\/\/centcols.org\/statuts\/","url":"https:\/\/centcols.org\/statuts\/","name":"Huishoudelijk reglement - Club des Cent Cols","isPartOf":{"@id":"https:\/\/centcols.org\/#website"},"datePublished":"2025-02-05T07:58:17+00:00","dateModified":"2025-05-05T13:54:07+00:00","breadcrumb":{"@id":"https:\/\/centcols.org\/statuts\/#breadcrumb"},"inLanguage":"nl-BE","potentialAction":[{"@type":"ReadAction","target":["https:\/\/centcols.org\/statuts\/"]}]},{"@type":"BreadcrumbList","@id":"https:\/\/centcols.org\/statuts\/#breadcrumb","itemListElement":[{"@type":"ListItem","position":1,"name":"Accueil","item":"https:\/\/centcols.org\/"},{"@type":"ListItem","position":2,"name":"Statuts"}]},{"@type":"WebSite","@id":"https:\/\/centcols.org\/#website","url":"https:\/\/centcols.org\/","name":"Club van Cent Cols","description":"","publisher":{"@id":"https:\/\/centcols.org\/#organization"},"potentialAction":[{"@type":"SearchAction","target":{"@type":"EntryPoint","urlTemplate":"https:\/\/centcols.org\/?s={search_term_string}"},"query-input":{"@type":"PropertyValueSpecification","valueRequired":true,"valueName":"search_term_string"}}],"inLanguage":"nl-BE"},{"@type":"Organization","@id":"https:\/\/centcols.org\/#organization","name":"Club van Cent Cols","url":"https:\/\/centcols.org\/","logo":{"@type":"ImageObject","inLanguage":"nl-BE","@id":"https:\/\/centcols.org\/#\/schema\/logo\/image\/","url":"https:\/\/centcols.org\/wp-content\/uploads\/2025\/01\/carte-icone.png","contentUrl":"https:\/\/centcols.org\/wp-content\/uploads\/2025\/01\/carte-icone.png","width":250,"height":250,"caption":"Club des Cent Cols"},"image":{"@id":"https:\/\/centcols.org\/#\/schema\/logo\/image\/"},"sameAs":["https:\/\/www.facebook.com\/groups\/5261880558\/?locale=fr_FR"]}]}},"_links":{"self":[{"href":"https:\/\/centcols.org\/nl\/wp-json\/wp\/v2\/pages\/79135","targetHints":{"allow":["GET"]}}],"collection":[{"href":"https:\/\/centcols.org\/nl\/wp-json\/wp\/v2\/pages"}],"about":[{"href":"https:\/\/centcols.org\/nl\/wp-json\/wp\/v2\/types\/page"}],"author":[{"embeddable":true,"href":"https:\/\/centcols.org\/nl\/wp-json\/wp\/v2\/users\/2"}],"replies":[{"embeddable":true,"href":"https:\/\/centcols.org\/nl\/wp-json\/wp\/v2\/comments?post=79135"}],"version-history":[{"count":0,"href":"https:\/\/centcols.org\/nl\/wp-json\/wp\/v2\/pages\/79135\/revisions"}],"wp:attachment":[{"href":"https:\/\/centcols.org\/nl\/wp-json\/wp\/v2\/media?parent=79135"}],"curies":[{"name":"wp","href":"https:\/\/api.w.org\/{rel}","templated":true}]}}