{"id":79147,"date":"2025-02-05T09:58:17","date_gmt":"2025-02-05T07:58:17","guid":{"rendered":"https:\/\/centcols.org\/formulaire-dinscription\/"},"modified":"2025-10-25T10:30:06","modified_gmt":"2025-10-25T08:30:06","slug":"registratieformulier","status":"publish","type":"page","link":"https:\/\/centcols.org\/nl\/formulaire-inscription\/","title":{"rendered":"Registratieformulier"},"content":{"rendered":"<h2 class=\"wp-block-heading\">Nieuwe leden<\/h2>\n\n\n\n<h3 class=\"wp-block-heading\">Registratieformulieren<\/h3>\n\n\n\n<p>Stuur je sollicitatie bij voorkeur als computerbestand:\u00a0<br>- LibreOffice :\u00a0 <strong><a href=\"\/wp-content\/uploads\/2025\/10\/fi.ods\" target=\"_blank\" rel=\"noreferrer noopener\">registratieformulier in Calc-formaat<\/a>\u00a0<\/strong><br>- MS Office :\u00a0 <a href=\"\/wp-content\/uploads\/2025\/10\/fi.xlsx\" target=\"_blank\" rel=\"noreferrer noopener\"><strong>registratieformulier in Excel-formaat<\/strong><\/a><strong><br><\/strong>- PDF : <strong><a href=\"\/wp-content\/uploads\/2025\/10\/fi.pdf\" target=\"_blank\" rel=\"noreferrer noopener\">registratieformulier in PDF-formaat<\/a><\/strong><\/p>\n\n\n\n<p>Voor handgeschreven invoer kun je ook het document : <strong><a href=\"\/wp-content\/uploads\/2025\/10\/fi.pdf\" target=\"_blank\" rel=\"noreferrer noopener\">bestand in PDF-formaat<\/a><\/strong><br>Gebruik dit document voor een handgeschreven lijst: <strong><a href=\"https:\/\/centcols.org\/wp-content\/uploads\/2025\/08\/Liste-cols.pdf\" target=\"_blank\" rel=\"noreferrer noopener\">handgeschreven halsbandlijst<\/a><\/strong><\/p>\n\n\n\n<h3 class=\"wp-block-heading\">Inschrijfgeld<\/h3>\n\n\n\n<p>Het inschrijfgeld voor de Club is <strong>20 \u20ac<\/strong>. Er zijn verschillende manieren om je bijdragen te betalen. Zie voor meer informatie de pagina over <a href=\"https:\/\/centcols.org\/nl\/comment-effectuer-son-reglement-au-club-des-cent-cols\/\" target=\"_blank\" rel=\"noreferrer noopener\">betaalwijzen<\/a>.<br>Als je met PayPal wilt betalen, gebruik dan de knop hieronder. Het is ook mogelijk om met een creditcard te betalen zonder PayPal account. Deze manier van betalen brengt kosten met zich mee voor de club, dus er wordt een toeslag van \u20ac1 in rekening gebracht (minimaal \u20ac21). Vermeld je naam bij de betaling.<\/p>\n\n\n\n<p>Betaling via PayPal :<\/p>\n<form action=\"https:\/\/www.paypal.com\/cgi-bin\/webscr\" method=\"post\" target=\"paypal\"><input name=\"cmd\" type=\"hidden\" value=\"_s-xclick\" \/> <input name=\"hosted_button_id\" type=\"hidden\" value=\"PG4YEL2ZV4XWW\" \/> <input name=\"item_name\" type=\"hidden\" value=\"Cotisation initiale (minimum 21 EUR frais compris)\" \/> <input name=\"currency_code\" type=\"hidden\" value=\"EUR\" \/> <input name=\"button_subtype\" type=\"hidden\" value=\"services\" \/> <input name=\"bn\" type=\"hidden\" value=\"PP-BuyNowBF:btn_buynowCC_LG.gif:NonHosted\" \/><input alt=\"PayPal\" name=\"submit\" src=\"https:\/\/www.paypalobjects.com\/fr_FR\/FR\/i\/btn\/btn_paynowCC_LG.gif\" type=\"image\" \/> <img loading=\"lazy\" decoding=\"async\" src=\"https:\/\/www.paypalobjects.com\/fr_FR\/i\/scr\/pixel.gif\" alt=\"\" width=\"1\" height=\"1\" border=\"0\" \/><\/form>","protected":false},"excerpt":{"rendered":"<p>Nouveaux membres Formulaires d&rsquo;inscription De pr\u00e9f\u00e9rence, envoyez votre dossier sous forme de fichier informatique :\u00a0&#8211; LibreOffice :\u00a0 dossier d&rsquo;inscription au format Calc\u00a0&#8211; MS Office :\u00a0 dossier d&rsquo;inscription au format Excel&#8211; PDF : dossier d&rsquo;inscription au format PDF Pour une inscription \u00e0 pr\u00e9senter de fa\u00e7on manuscrite, utilisez aussi le document : dossier au format PDFPour une [&hellip;]<\/p>\n","protected":false},"author":2,"featured_media":83221,"parent":0,"menu_order":0,"comment_status":"open","ping_status":"closed","template":"","meta":{"_acf_changed":false,"footnotes":""},"class_list":["post-79147","page","type-page","status-publish","has-post-thumbnail","hentry"],"acf":[],"yoast_head":"<!-- This site is optimized with the Yoast SEO plugin v27.2 - https:\/\/yoast.com\/product\/yoast-seo-wordpress\/ -->\n<title>Formulaire d&#039;inscription - Club des Cent Cols<\/title>\n<meta name=\"robots\" content=\"index, follow, max-snippet:-1, max-image-preview:large, max-video-preview:-1\" \/>\n<link rel=\"canonical\" href=\"https:\/\/centcols.org\/nl\/registratieformulier\/\" \/>\n<meta property=\"og:locale\" content=\"nl_BE\" \/>\n<meta property=\"og:type\" content=\"article\" \/>\n<meta property=\"og:title\" content=\"Formulaire d&#039;inscription - Club des Cent Cols\" \/>\n<meta property=\"og:description\" content=\"Nouveaux membres Formulaires d&rsquo;inscription De pr\u00e9f\u00e9rence, envoyez votre dossier sous forme de fichier informatique :\u00a0&#8211; LibreOffice :\u00a0 dossier d&rsquo;inscription au format Calc\u00a0&#8211; MS Office :\u00a0 dossier d&rsquo;inscription au format Excel&#8211; PDF : dossier d&rsquo;inscription au format PDF Pour une inscription \u00e0 pr\u00e9senter de fa\u00e7on manuscrite, utilisez aussi le document : dossier au format PDFPour une [&hellip;]\" \/>\n<meta property=\"og:url\" content=\"https:\/\/centcols.org\/nl\/registratieformulier\/\" \/>\n<meta property=\"og:site_name\" content=\"Club des Cent Cols\" \/>\n<meta property=\"article:publisher\" content=\"https:\/\/www.facebook.com\/groups\/5261880558\/?locale=fr_FR\" \/>\n<meta property=\"article:modified_time\" content=\"2025-10-25T08:30:06+00:00\" \/>\n<meta property=\"og:image\" content=\"https:\/\/centcols.org\/wp-content\/uploads\/2025\/06\/formulaire2.jpg\" \/>\n\t<meta property=\"og:image:width\" content=\"1200\" \/>\n\t<meta property=\"og:image:height\" content=\"675\" \/>\n\t<meta property=\"og:image:type\" content=\"image\/jpeg\" \/>\n<meta name=\"twitter:card\" content=\"summary_large_image\" \/>\n<meta name=\"twitter:label1\" content=\"Geschatte leestijd\" \/>\n\t<meta name=\"twitter:data1\" content=\"2 minuten\" \/>\n<script type=\"application\/ld+json\" class=\"yoast-schema-graph\">{\"@context\":\"https:\/\/schema.org\",\"@graph\":[{\"@type\":\"WebPage\",\"@id\":\"https:\/\/centcols.org\/formulaire-inscription\/\",\"url\":\"https:\/\/centcols.org\/formulaire-inscription\/\",\"name\":\"Formulaire d'inscription - Club des Cent Cols\",\"isPartOf\":{\"@id\":\"https:\/\/centcols.org\/#website\"},\"primaryImageOfPage\":{\"@id\":\"https:\/\/centcols.org\/formulaire-inscription\/#primaryimage\"},\"image\":{\"@id\":\"https:\/\/centcols.org\/formulaire-inscription\/#primaryimage\"},\"thumbnailUrl\":\"https:\/\/centcols.org\/wp-content\/uploads\/2025\/06\/formulaire2.jpg\",\"datePublished\":\"2025-02-05T07:58:17+00:00\",\"dateModified\":\"2025-10-25T08:30:06+00:00\",\"breadcrumb\":{\"@id\":\"https:\/\/centcols.org\/formulaire-inscription\/#breadcrumb\"},\"inLanguage\":\"nl-BE\",\"potentialAction\":[{\"@type\":\"ReadAction\",\"target\":[\"https:\/\/centcols.org\/formulaire-inscription\/\"]}]},{\"@type\":\"ImageObject\",\"inLanguage\":\"nl-BE\",\"@id\":\"https:\/\/centcols.org\/formulaire-inscription\/#primaryimage\",\"url\":\"https:\/\/centcols.org\/wp-content\/uploads\/2025\/06\/formulaire2.jpg\",\"contentUrl\":\"https:\/\/centcols.org\/wp-content\/uploads\/2025\/06\/formulaire2.jpg\",\"width\":1200,\"height\":675},{\"@type\":\"BreadcrumbList\",\"@id\":\"https:\/\/centcols.org\/formulaire-inscription\/#breadcrumb\",\"itemListElement\":[{\"@type\":\"ListItem\",\"position\":1,\"name\":\"Accueil\",\"item\":\"https:\/\/centcols.org\/\"},{\"@type\":\"ListItem\",\"position\":2,\"name\":\"Formulaire d&rsquo;inscription\"}]},{\"@type\":\"WebSite\",\"@id\":\"https:\/\/centcols.org\/#website\",\"url\":\"https:\/\/centcols.org\/\",\"name\":\"Club des Cent Cols\",\"description\":\"\",\"publisher\":{\"@id\":\"https:\/\/centcols.org\/#organization\"},\"potentialAction\":[{\"@type\":\"SearchAction\",\"target\":{\"@type\":\"EntryPoint\",\"urlTemplate\":\"https:\/\/centcols.org\/?s={search_term_string}\"},\"query-input\":{\"@type\":\"PropertyValueSpecification\",\"valueRequired\":true,\"valueName\":\"search_term_string\"}}],\"inLanguage\":\"nl-BE\"},{\"@type\":\"Organization\",\"@id\":\"https:\/\/centcols.org\/#organization\",\"name\":\"Club des Cent Cols\",\"url\":\"https:\/\/centcols.org\/\",\"logo\":{\"@type\":\"ImageObject\",\"inLanguage\":\"nl-BE\",\"@id\":\"https:\/\/centcols.org\/#\/schema\/logo\/image\/\",\"url\":\"https:\/\/centcols.org\/wp-content\/uploads\/2025\/01\/carte-icone.png\",\"contentUrl\":\"https:\/\/centcols.org\/wp-content\/uploads\/2025\/01\/carte-icone.png\",\"width\":250,\"height\":250,\"caption\":\"Club des Cent Cols\"},\"image\":{\"@id\":\"https:\/\/centcols.org\/#\/schema\/logo\/image\/\"},\"sameAs\":[\"https:\/\/www.facebook.com\/groups\/5261880558\/?locale=fr_FR\"]}]}<\/script>\n<!-- \/ Yoast SEO plugin. -->","yoast_head_json":{"title":"Inschrijfformulier - Club des Cent Cols","robots":{"index":"index","follow":"follow","max-snippet":"max-snippet:-1","max-image-preview":"max-image-preview:large","max-video-preview":"max-video-preview:-1"},"canonical":"https:\/\/centcols.org\/nl\/registratieformulier\/","og_locale":"nl_BE","og_type":"article","og_title":"Formulaire d'inscription - Club des Cent Cols","og_description":"Nouveaux membres Formulaires d&rsquo;inscription De pr\u00e9f\u00e9rence, envoyez votre dossier sous forme de fichier informatique :\u00a0&#8211; LibreOffice :\u00a0 dossier d&rsquo;inscription au format Calc\u00a0&#8211; MS Office :\u00a0 dossier d&rsquo;inscription au format Excel&#8211; PDF : dossier d&rsquo;inscription au format PDF Pour une inscription \u00e0 pr\u00e9senter de fa\u00e7on manuscrite, utilisez aussi le document : dossier au format PDFPour une [&hellip;]","og_url":"https:\/\/centcols.org\/nl\/registratieformulier\/","og_site_name":"Club des Cent Cols","article_publisher":"https:\/\/www.facebook.com\/groups\/5261880558\/?locale=fr_FR","article_modified_time":"2025-10-25T08:30:06+00:00","og_image":[{"width":1200,"height":675,"url":"https:\/\/centcols.org\/wp-content\/uploads\/2025\/06\/formulaire2.jpg","type":"image\/jpeg"}],"twitter_card":"summary_large_image","twitter_misc":{"Geschatte leestijd":"2 minuten"},"schema":{"@context":"https:\/\/schema.org","@graph":[{"@type":"WebPage","@id":"https:\/\/centcols.org\/formulaire-inscription\/","url":"https:\/\/centcols.org\/formulaire-inscription\/","name":"Inschrijfformulier - Club des Cent Cols","isPartOf":{"@id":"https:\/\/centcols.org\/#website"},"primaryImageOfPage":{"@id":"https:\/\/centcols.org\/formulaire-inscription\/#primaryimage"},"image":{"@id":"https:\/\/centcols.org\/formulaire-inscription\/#primaryimage"},"thumbnailUrl":"https:\/\/centcols.org\/wp-content\/uploads\/2025\/06\/formulaire2.jpg","datePublished":"2025-02-05T07:58:17+00:00","dateModified":"2025-10-25T08:30:06+00:00","breadcrumb":{"@id":"https:\/\/centcols.org\/formulaire-inscription\/#breadcrumb"},"inLanguage":"nl-BE","potentialAction":[{"@type":"ReadAction","target":["https:\/\/centcols.org\/formulaire-inscription\/"]}]},{"@type":"ImageObject","inLanguage":"nl-BE","@id":"https:\/\/centcols.org\/formulaire-inscription\/#primaryimage","url":"https:\/\/centcols.org\/wp-content\/uploads\/2025\/06\/formulaire2.jpg","contentUrl":"https:\/\/centcols.org\/wp-content\/uploads\/2025\/06\/formulaire2.jpg","width":1200,"height":675},{"@type":"BreadcrumbList","@id":"https:\/\/centcols.org\/formulaire-inscription\/#breadcrumb","itemListElement":[{"@type":"ListItem","position":1,"name":"Accueil","item":"https:\/\/centcols.org\/"},{"@type":"ListItem","position":2,"name":"Formulaire d&rsquo;inscription"}]},{"@type":"WebSite","@id":"https:\/\/centcols.org\/#website","url":"https:\/\/centcols.org\/","name":"Club van Cent Cols","description":"","publisher":{"@id":"https:\/\/centcols.org\/#organization"},"potentialAction":[{"@type":"SearchAction","target":{"@type":"EntryPoint","urlTemplate":"https:\/\/centcols.org\/?s={search_term_string}"},"query-input":{"@type":"PropertyValueSpecification","valueRequired":true,"valueName":"search_term_string"}}],"inLanguage":"nl-BE"},{"@type":"Organization","@id":"https:\/\/centcols.org\/#organization","name":"Club van Cent Cols","url":"https:\/\/centcols.org\/","logo":{"@type":"ImageObject","inLanguage":"nl-BE","@id":"https:\/\/centcols.org\/#\/schema\/logo\/image\/","url":"https:\/\/centcols.org\/wp-content\/uploads\/2025\/01\/carte-icone.png","contentUrl":"https:\/\/centcols.org\/wp-content\/uploads\/2025\/01\/carte-icone.png","width":250,"height":250,"caption":"Club des Cent Cols"},"image":{"@id":"https:\/\/centcols.org\/#\/schema\/logo\/image\/"},"sameAs":["https:\/\/www.facebook.com\/groups\/5261880558\/?locale=fr_FR"]}]}},"_links":{"self":[{"href":"https:\/\/centcols.org\/nl\/wp-json\/wp\/v2\/pages\/79147","targetHints":{"allow":["GET"]}}],"collection":[{"href":"https:\/\/centcols.org\/nl\/wp-json\/wp\/v2\/pages"}],"about":[{"href":"https:\/\/centcols.org\/nl\/wp-json\/wp\/v2\/types\/page"}],"author":[{"embeddable":true,"href":"https:\/\/centcols.org\/nl\/wp-json\/wp\/v2\/users\/2"}],"replies":[{"embeddable":true,"href":"https:\/\/centcols.org\/nl\/wp-json\/wp\/v2\/comments?post=79147"}],"version-history":[{"count":0,"href":"https:\/\/centcols.org\/nl\/wp-json\/wp\/v2\/pages\/79147\/revisions"}],"wp:featuredmedia":[{"embeddable":true,"href":"https:\/\/centcols.org\/nl\/wp-json\/wp\/v2\/media\/83221"}],"wp:attachment":[{"href":"https:\/\/centcols.org\/nl\/wp-json\/wp\/v2\/media?parent=79147"}],"curies":[{"name":"wp","href":"https:\/\/api.w.org\/{rel}","templated":true}]}}