{"id":79323,"date":"2025-02-05T10:00:16","date_gmt":"2025-02-05T08:00:16","guid":{"rendered":"https:\/\/centcols.org\/boite-a-outils\/"},"modified":"2025-09-12T06:44:07","modified_gmt":"2025-09-12T04:44:07","slug":"ruilhandel-tips","status":"publish","type":"page","link":"https:\/\/centcols.org\/nl\/trucs-trocs\/","title":{"rendered":"Handel en ruilhandel"},"content":{"rendered":"<div style=\"height:69px\" aria-hidden=\"true\" class=\"wp-block-spacer\"><\/div>\n\n\n\n<div class=\"wp-block-columns is-layout-flex wp-container-core-columns-is-layout-9d6595d7 wp-block-columns-is-layout-flex\">\n<div class=\"wp-block-column is-layout-flow wp-block-column-is-layout-flow\">\n<h2 class=\"wp-block-heading has-x-large-font-size\">Gereedschapskisten<\/h2>\n\n\n\n<h3 class=\"wp-block-heading\">Foto's<\/h3>\n\n\n\n<ul class=\"wp-block-list\">\n<li><a href=\"\/nl\/photos-de-membres\/\">Instructies voor het verzenden van foto's van leden<\/a><\/li>\n\n\n\n<li><a href=\"https:\/\/centcols.org\/nl\/pasfotos\/\" rel=\"noopener\">Instructies voor het verzenden van foto's van halsbanden<\/a><\/li>\n<\/ul>\n\n\n\n<h3 class=\"wp-block-heading\">Gebruiksaanwijzing<\/h3>\n\n\n\n<ul class=\"wp-block-list\">\n<li><a href=\"\/nl\/wachtwoord-leden-sectie\/\">Verkrijg een wachtwoord voor toegang tot de ledensectie<\/a><\/li>\n\n\n\n<li><a href=\"\/nl\/ccway-gebruikershandleiding\/\">ccWay gebruikershandleiding<\/a><\/li>\n\n\n\n<li><a href=\"\/nl\/Video&\/#039;s\/ballens2021.mp4\">Pasdatabank, online aangifte en patenten (video)<\/a><\/li>\n\n\n\n<li>Voor online pasaangiften: a <a href=\"\/nl\/kraag-verklaring-tutorial\/\">korte handleiding<\/a> en <a href=\"\/nl\/declaration-en-ligne\/\">gedetailleerde instructies<\/a><\/li>\n\n\n\n<li>En ook: <a href=\"\/nl\/de-dubbele-verklaring-van-halsbanden\/\">hoe \u00abdubbele aangifte\u00bb van halsbanden te vermijden of te corrigeren<\/a><\/li>\n\n\n\n<li>Gebruikershandleidingen voor bestanden <a href=\"\/nl\/guide-dutilisation-des-fichiers-gpx\/\">GPX<\/a>, <a href=\"\/nl\/guide-dutilisation-des-fichiers-kml-et-kmz\/\">KMZ<\/a> en <a href=\"\/nl\/guide-dutilisation-des-fichiers-carto-exploreur\/\">Verkenner<\/a><\/li>\n\n\n\n<li><a href=\"\/nl\/exportation-des-cols-gravis-vers-un-compte-openrunner\/\">Klimpassen exporteren naar een OpenRunner account<\/a><\/li>\n\n\n\n<li><a href=\"\/nl\/oranje-postbussen-voorkomen-dat-berichten-van-honderd-dollar-zoekraken\/\">Orange-berichten: voorkom dat Cent Cols-berichten naar junkmail gaan<\/a><\/li>\n<\/ul>\n\n\n\n<h3 class=\"wp-block-heading\">Halsbandcatalogi en updates<\/h3>\n\n\n\n<ul class=\"wp-block-list\">\n<li><a href=\"\/nl\/filteropties-voor-kraagcatalogus\/\">Filteropties voor halsbandcatalogus<\/a><\/li>\n\n\n\n<li><a href=\"\/nl\/catalogus-update-tool\/\">Update tool voor aangepaste catalogus<\/a> (Christophe Aug\u00e9)<\/li>\n\n\n\n<li><a href=\"\/nl\/koppelingsproblemen-op-kantoor-oplossen\/\">Koppelingsproblemen oplossen in Office<\/a><\/li>\n<\/ul>\n\n\n\n<h3 class=\"wp-block-heading\">Kaarten en GPS<\/h3>\n\n\n\n<ul class=\"wp-block-list\">\n<li><a href=\"https:\/\/centcols.org\/nl\/lagen-voor-je-gps-marcel-goll\/\">Lagen voor je GPS<\/a> (Marcell Goll)<\/li>\n\n\n\n<li><a href=\"https:\/\/centcols.org\/nl\/gestion-des-points-dinteret\/\">Gepersonaliseerde nuttige punten (POI's) beheren op Garmin GPS-toestellen<\/a> (Bernard Lepin en Marcel Goll)<\/li>\n\n\n\n<li><a href=\"\/nl\/een-route-maken-met-garmin-connect-software\/\">Een route maken met Garmin Connect software<\/a> (Olivier Letoublon)<\/li>\n\n\n\n<li><a href=\"\/nl\/utm-coordinaten\/\">UTM co\u00f6rdinaten gids<\/a> (Patrick Schleppi)<\/li>\n<\/ul>\n\n\n\n<h3 class=\"wp-block-heading\">Lexicons<\/h3>\n\n\n\n<ul class=\"wp-block-list\">\n<li><a href=\"https:\/\/centcols.org\/libre_service\/dialecte_alsacien.htm\">Elzasser dialect<\/a> (Michel De Br\u00e9bisson)<\/li>\n\n\n\n<li><a href=\"http:\/\/www.sheldonbrown.com\/fren-eng.html\">Het Frans\/Engels woordenboek van wielertermen<\/a> (engels)<\/li>\n<\/ul>\n\n\n\n<h3 class=\"wp-block-heading\">Diverse<\/h3>\n\n\n\n<ul class=\"wp-block-list\">\n<li><a href=\"https:\/\/centcols.org\/wp-content\/uploads\/2025\/02\/dossier-grimpees-france-1.pdf\" target=\"_blank\" rel=\"noreferrer noopener\">Klimbestand - Frankrijk<\/a> (PDF 2,5 MB) (Guy Bodoin)<\/li>\n<\/ul>\n<\/div>\n\n\n\n<div class=\"wp-block-column is-layout-flow wp-block-column-is-layout-flow\">\n<h2 class=\"wp-block-heading has-x-large-font-size\">Nuttige links<\/h2>\n\n\n\n<h3 class=\"wp-block-heading\">Reglement :<\/h3>\n\n\n\n<ul class=\"wp-block-list\">\n<li><a href=\"https:\/\/www.mercantour-parcnational.fr\/fr\/raa\/2020-05-pratique-du-velo-tout-terrain-dans-le-coeur-du-parc-national\" target=\"_blank\" rel=\"noreferrer noopener\">Mountainbikereglement in het Mercantourpark<\/a><\/li>\n\n\n\n<li><a href=\"https:\/\/www.vanoise-parcnational.fr\/sites\/vanoise-parcnational.fr\/files\/available_docs\/reglementation_cycles_en_coeur_-_2022.pdf\" target=\"_blank\" rel=\"noreferrer noopener\">Fietsverkeersregels in het Vanoise Nationaal Park<\/a><\/li>\n\n\n\n<li><a href=\"https:\/\/cevennes-parcnational.fr\/sites\/cevennes-parcnational.fr\/files\/2023-08\/2023-06-30_DEL-20230099_Reglementation-portions-interdites-d%C3%A9conseill%C3%A9es-VTT-VAE.pdf\" target=\"_blank\" rel=\"noreferrer noopener\">Reglement voor mountainbiken in het nationale park van de Cevennen<\/a><\/li>\n<\/ul>\n\n\n\n<h3 class=\"wp-block-heading\">Traceercircuits voor gps :<\/h3>\n\n\n\n<ul class=\"wp-block-list\">\n<li><a href=\"https:\/\/www.openrunner.com\" target=\"_blank\" rel=\"noreferrer noopener\">Open loper<\/a> De Club des Cent Cols is een samenwerking aangegaan. Wanneer je je routes uitstippelt, kun je de passen op de kaart laten zien en binnenkort kun je de beklommen passen afvinken. Met een Cent Cols-ruimte kun je \u00abelektronische topos\u00bb met het stempel \u00abCent Cols\u00bb uploaden of downloaden.\u00bb<\/li>\n<\/ul>\n\n\n\n<h3 class=\"wp-block-heading\">&nbsp;Kaarten online bekijken<\/h3>\n\n\n\n<ul class=\"wp-block-list\">\n<li><a href=\"http:\/\/www.geoportail.gouv.fr\/accueil\" target=\"_blank\" rel=\"noreferrer noopener\">Geoportail<\/a> IGN website. Bekijk kaarten op verschillende schalen, kadastrale kaarten, luchtfoto's, enz.<\/li>\n\n\n\n<li><a href=\"http:\/\/map.geo.admin.ch\/?\" target=\"_blank\" rel=\"noreferrer noopener\">SWISSGEO<\/a> Zwitserse kaarten op verschillende schalen (Frans, Duits, Italiaans, Engels)<\/li>\n\n\n\n<li><a href=\"http:\/\/www.austrianmap.at\/amap\/index.php?SKN=1&amp;XPX=637&amp;YPX=492\" target=\"_blank\" rel=\"noreferrer noopener\">Kaarten bekijken <\/a><a href=\"https:\/\/maps.bev.gv.at\" target=\"_blank\" rel=\"noreferrer noopener\">Oostenrijks <\/a><a href=\"http:\/\/www.austrianmap.at\/amap\/index.php?SKN=1&amp;XPX=637&amp;YPX=492\" target=\"_blank\" rel=\"noreferrer noopener\">online<\/a> (Duits)<\/li>\n\n\n\n<li><a href=\"http:\/\/geoportal.bayern.de\/bayernatlas\/?X=5421649.25&amp;Y=4459462.00&amp;zoom=5&amp;lang=de&amp;topic=ba&amp;bgLayer=atkis&amp;catalogNodes=122\" target=\"_blank\" rel=\"noreferrer noopener\">Bekijk kaarten van Beieren online<\/a> (Duits)<\/li>\n\n\n\n<li><a href=\"http:\/\/www.bing.com\/maps\/?FORM=MMREDR\" target=\"_blank\" rel=\"noreferrer noopener\">Bekijk Engelse kaarten online<\/a> (schaal 1:25.000<sup>e<\/sup> voorstellen Ordnance Survey Landranger)<\/li>\n\n\n\n<li><a href=\"http:\/\/srv.icgc.cat\/vissir3\/\" target=\"_blank\" rel=\"noreferrer noopener\">Bekijk kaarten van Cataloni\u00eb online<\/a><\/li>\n\n\n\n<li><a href=\"http:\/\/www.topozone.com\/\" target=\"_blank\" rel=\"noreferrer noopener\">Topozone<\/a> laat je USGS topografische kaarten op verschillende schalen bekijken; er kunnen verschillende zoekcriteria worden gebruikt (in dit voorbeeld wordt de Lewis &amp; Clark Pass weergegeven)<\/li>\n<\/ul>\n\n\n\n<h3 class=\"wp-block-heading\">Reizen<\/h3>\n\n\n\n<ul class=\"wp-block-list\">\n<li><a href=\"https:\/\/fr.warmshowers.org\/\" target=\"_blank\" rel=\"noreferrer noopener\">Warmshowers<\/a> de gemeenschap <strong>Warme douches<\/strong> is een gratis uitwisselingssysteem voor accommodatie voor toerfietsers over de hele wereld.<\/li>\n<\/ul>\n\n\n\n<h4 class=\"wp-block-heading\">Spanje<\/h4>\n\n\n\n<ul class=\"wp-block-list\">\n<li><a href=\"http:\/\/www.nevasport.com\/sierranevada\/bici\/\" target=\"_blank\" rel=\"noreferrer noopener\">De Sierra Nevada<\/a> Mountainbikeroutes, berghutten... (Spaans)<\/li>\n\n\n\n<li><a href=\"https:\/\/centcols.org\/libre_service\/divers\/TENERIFE.HTM\" target=\"_blank\" rel=\"noreferrer noopener\">Tenerife<\/a> (Christian Febvay)<\/li>\n<\/ul>\n\n\n\n<h4 class=\"wp-block-heading\">Itali\u00eb<\/h4>\n\n\n\n<ul class=\"wp-block-list\">\n<li><a href=\"http:\/\/peverada.it\/mtb\/percorsi\/index.html\" target=\"_blank\" rel=\"noreferrer noopener\">Mountainbiken in Piemonte<\/a> zeer goed gedaan, bevat veel routes met beschrijvingen, profielen en foto's (Italiaans)<\/li>\n<\/ul>\n\n\n\n<h4 class=\"wp-block-heading\">Zwitserland<\/h4>\n\n\n\n<ul class=\"wp-block-list\">\n<li><a href=\"http:\/\/www.myswitzerland.com\/fr-fr\/accueil.html\" target=\"_blank\" rel=\"noreferrer noopener\">MijnZwitserland.nl<\/a>, de site voor generalisten, biedt veel interessante routes met routes, hellingen en moeilijkheden, en zelfs \u00abwaypoints\u00bb.\u00bb<\/li>\n<\/ul>\n\n\n\n<h4 class=\"wp-block-heading\">&nbsp;Verenigde Staten<\/h4>\n\n\n\n<ul class=\"wp-block-list\">\n<li><a href=\"https:\/\/centcols.org\/libre_service\/divers\/montee_des_usa.htm\" target=\"_blank\" rel=\"noreferrer noopener\">Lijst van de mooiste beklimmingen in de VS<\/a> (Francis Cooke)<\/li>\n<\/ul>\n\n\n\n<h3 class=\"wp-block-heading\">Boekhandel<\/h3>\n\n\n\n<ul class=\"wp-block-list\">\n<li><a href=\"https:\/\/centcols.org\/libre_service\/divers\/ou_acheter_cartes_internet.htm\">Waar koop ik kaarten online<\/a> (Bernard Pommel)<\/li>\n\n\n\n<li><a href=\"https:\/\/centcols.org\/libre_service\/divers\/librairies_specialisees.htm\">Gespecialiseerde boekhandels<\/a> (Bernard Pommel)<\/li>\n\n\n\n<li><a href=\"http:\/\/www.prames.com\/homepage.asp\" target=\"_blank\" rel=\"noreferrer noopener\">Arag\u00f3n : PRAMES<\/a> (Proyectos y Realizaciones Aragonesas de Montana, Escalada y Senderismo), een uitloper van de Aragonese Mountain Federation, geeft wandelkaarten uit, voornamelijk voor de berggebieden van Aragon (Spaans).<\/li>\n<\/ul>\n<\/div>\n<\/div>","protected":false},"excerpt":{"rendered":"<p>Bo\u00eetes \u00e0 outils Photos Modes d&#8217;emploi informatiques Catalogues de cols et mises \u00e0 jour Cartes et GPS Lexiques Divers Liens utiles R\u00e8glementation : Tra\u00e7age de circuits pour gps : &nbsp;Visualisation de cartes en ligne Parcours, voyages Espagne Italie Suisse &nbsp;Etats-Unis Librairie<\/p>","protected":false},"author":2,"featured_media":0,"parent":0,"menu_order":0,"comment_status":"open","ping_status":"closed","template":"","meta":{"_acf_changed":false,"footnotes":""},"class_list":["post-79323","page","type-page","status-publish","hentry"],"acf":[],"yoast_head":"<!-- This site is optimized with the Yoast SEO plugin v27.2 - https:\/\/yoast.com\/product\/yoast-seo-wordpress\/ -->\n<title>Trucs &amp; Trocs - Club des Cent Cols<\/title>\n<meta name=\"robots\" content=\"index, follow, max-snippet:-1, max-image-preview:large, max-video-preview:-1\" \/>\n<link rel=\"canonical\" href=\"https:\/\/centcols.org\/nl\/ruilhandel-tips\/\" \/>\n<meta property=\"og:locale\" content=\"nl_BE\" \/>\n<meta property=\"og:type\" content=\"article\" \/>\n<meta property=\"og:title\" content=\"Trucs &amp; Trocs - Club des Cent Cols\" \/>\n<meta property=\"og:description\" content=\"Bo\u00eetes \u00e0 outils Photos Modes d&#8217;emploi informatiques Catalogues de cols et mises \u00e0 jour Cartes et GPS Lexiques Divers Liens utiles R\u00e8glementation : Tra\u00e7age de circuits pour gps : &nbsp;Visualisation de cartes en ligne Parcours, voyages Espagne Italie Suisse &nbsp;Etats-Unis Librairie\" \/>\n<meta property=\"og:url\" content=\"https:\/\/centcols.org\/nl\/ruilhandel-tips\/\" \/>\n<meta property=\"og:site_name\" content=\"Club des Cent Cols\" \/>\n<meta property=\"article:publisher\" content=\"https:\/\/www.facebook.com\/groups\/5261880558\/?locale=fr_FR\" \/>\n<meta property=\"article:modified_time\" content=\"2025-09-12T04:44:07+00:00\" \/>\n<meta name=\"twitter:card\" content=\"summary_large_image\" \/>\n<meta name=\"twitter:label1\" content=\"Geschatte leestijd\" \/>\n\t<meta name=\"twitter:data1\" content=\"3 minuten\" \/>\n<script type=\"application\/ld+json\" class=\"yoast-schema-graph\">{\"@context\":\"https:\/\/schema.org\",\"@graph\":[{\"@type\":\"WebPage\",\"@id\":\"https:\/\/centcols.org\/trucs-trocs\/\",\"url\":\"https:\/\/centcols.org\/trucs-trocs\/\",\"name\":\"Trucs &amp; Trocs - Club des Cent Cols\",\"isPartOf\":{\"@id\":\"https:\/\/centcols.org\/#website\"},\"datePublished\":\"2025-02-05T08:00:16+00:00\",\"dateModified\":\"2025-09-12T04:44:07+00:00\",\"breadcrumb\":{\"@id\":\"https:\/\/centcols.org\/trucs-trocs\/#breadcrumb\"},\"inLanguage\":\"nl-BE\",\"potentialAction\":[{\"@type\":\"ReadAction\",\"target\":[\"https:\/\/centcols.org\/trucs-trocs\/\"]}]},{\"@type\":\"BreadcrumbList\",\"@id\":\"https:\/\/centcols.org\/trucs-trocs\/#breadcrumb\",\"itemListElement\":[{\"@type\":\"ListItem\",\"position\":1,\"name\":\"Accueil\",\"item\":\"https:\/\/centcols.org\/\"},{\"@type\":\"ListItem\",\"position\":2,\"name\":\"Trucs &amp; Trocs\"}]},{\"@type\":\"WebSite\",\"@id\":\"https:\/\/centcols.org\/#website\",\"url\":\"https:\/\/centcols.org\/\",\"name\":\"Club des Cent Cols\",\"description\":\"\",\"publisher\":{\"@id\":\"https:\/\/centcols.org\/#organization\"},\"potentialAction\":[{\"@type\":\"SearchAction\",\"target\":{\"@type\":\"EntryPoint\",\"urlTemplate\":\"https:\/\/centcols.org\/?s={search_term_string}\"},\"query-input\":{\"@type\":\"PropertyValueSpecification\",\"valueRequired\":true,\"valueName\":\"search_term_string\"}}],\"inLanguage\":\"nl-BE\"},{\"@type\":\"Organization\",\"@id\":\"https:\/\/centcols.org\/#organization\",\"name\":\"Club des Cent Cols\",\"url\":\"https:\/\/centcols.org\/\",\"logo\":{\"@type\":\"ImageObject\",\"inLanguage\":\"nl-BE\",\"@id\":\"https:\/\/centcols.org\/#\/schema\/logo\/image\/\",\"url\":\"https:\/\/centcols.org\/wp-content\/uploads\/2025\/01\/carte-icone.png\",\"contentUrl\":\"https:\/\/centcols.org\/wp-content\/uploads\/2025\/01\/carte-icone.png\",\"width\":250,\"height\":250,\"caption\":\"Club des Cent Cols\"},\"image\":{\"@id\":\"https:\/\/centcols.org\/#\/schema\/logo\/image\/\"},\"sameAs\":[\"https:\/\/www.facebook.com\/groups\/5261880558\/?locale=fr_FR\"]}]}<\/script>\n<!-- \/ Yoast SEO plugin. -->","yoast_head_json":{"title":"Trucs &amp; Trocs - Club des Cent Cols","robots":{"index":"index","follow":"follow","max-snippet":"max-snippet:-1","max-image-preview":"max-image-preview:large","max-video-preview":"max-video-preview:-1"},"canonical":"https:\/\/centcols.org\/nl\/ruilhandel-tips\/","og_locale":"nl_BE","og_type":"article","og_title":"Trucs &amp; Trocs - Club des Cent Cols","og_description":"Bo\u00eetes \u00e0 outils Photos Modes d&#8217;emploi informatiques Catalogues de cols et mises \u00e0 jour Cartes et GPS Lexiques Divers Liens utiles R\u00e8glementation : Tra\u00e7age de circuits pour gps : &nbsp;Visualisation de cartes en ligne Parcours, voyages Espagne Italie Suisse &nbsp;Etats-Unis Librairie","og_url":"https:\/\/centcols.org\/nl\/ruilhandel-tips\/","og_site_name":"Club des Cent Cols","article_publisher":"https:\/\/www.facebook.com\/groups\/5261880558\/?locale=fr_FR","article_modified_time":"2025-09-12T04:44:07+00:00","twitter_card":"summary_large_image","twitter_misc":{"Geschatte leestijd":"3 minuten"},"schema":{"@context":"https:\/\/schema.org","@graph":[{"@type":"WebPage","@id":"https:\/\/centcols.org\/trucs-trocs\/","url":"https:\/\/centcols.org\/trucs-trocs\/","name":"Trucs &amp; Trocs - Club des Cent Cols","isPartOf":{"@id":"https:\/\/centcols.org\/#website"},"datePublished":"2025-02-05T08:00:16+00:00","dateModified":"2025-09-12T04:44:07+00:00","breadcrumb":{"@id":"https:\/\/centcols.org\/trucs-trocs\/#breadcrumb"},"inLanguage":"nl-BE","potentialAction":[{"@type":"ReadAction","target":["https:\/\/centcols.org\/trucs-trocs\/"]}]},{"@type":"BreadcrumbList","@id":"https:\/\/centcols.org\/trucs-trocs\/#breadcrumb","itemListElement":[{"@type":"ListItem","position":1,"name":"Accueil","item":"https:\/\/centcols.org\/"},{"@type":"ListItem","position":2,"name":"Trucs &amp; Trocs"}]},{"@type":"WebSite","@id":"https:\/\/centcols.org\/#website","url":"https:\/\/centcols.org\/","name":"Club van Cent Cols","description":"","publisher":{"@id":"https:\/\/centcols.org\/#organization"},"potentialAction":[{"@type":"SearchAction","target":{"@type":"EntryPoint","urlTemplate":"https:\/\/centcols.org\/?s={search_term_string}"},"query-input":{"@type":"PropertyValueSpecification","valueRequired":true,"valueName":"search_term_string"}}],"inLanguage":"nl-BE"},{"@type":"Organization","@id":"https:\/\/centcols.org\/#organization","name":"Club van Cent Cols","url":"https:\/\/centcols.org\/","logo":{"@type":"ImageObject","inLanguage":"nl-BE","@id":"https:\/\/centcols.org\/#\/schema\/logo\/image\/","url":"https:\/\/centcols.org\/wp-content\/uploads\/2025\/01\/carte-icone.png","contentUrl":"https:\/\/centcols.org\/wp-content\/uploads\/2025\/01\/carte-icone.png","width":250,"height":250,"caption":"Club des Cent Cols"},"image":{"@id":"https:\/\/centcols.org\/#\/schema\/logo\/image\/"},"sameAs":["https:\/\/www.facebook.com\/groups\/5261880558\/?locale=fr_FR"]}]}},"_links":{"self":[{"href":"https:\/\/centcols.org\/nl\/wp-json\/wp\/v2\/pages\/79323","targetHints":{"allow":["GET"]}}],"collection":[{"href":"https:\/\/centcols.org\/nl\/wp-json\/wp\/v2\/pages"}],"about":[{"href":"https:\/\/centcols.org\/nl\/wp-json\/wp\/v2\/types\/page"}],"author":[{"embeddable":true,"href":"https:\/\/centcols.org\/nl\/wp-json\/wp\/v2\/users\/2"}],"replies":[{"embeddable":true,"href":"https:\/\/centcols.org\/nl\/wp-json\/wp\/v2\/comments?post=79323"}],"version-history":[{"count":0,"href":"https:\/\/centcols.org\/nl\/wp-json\/wp\/v2\/pages\/79323\/revisions"}],"wp:attachment":[{"href":"https:\/\/centcols.org\/nl\/wp-json\/wp\/v2\/media?parent=79323"}],"curies":[{"name":"wp","href":"https:\/\/api.w.org\/{rel}","templated":true}]}}