{"id":79345,"date":"2025-02-05T10:00:16","date_gmt":"2025-02-05T08:00:16","guid":{"rendered":"https:\/\/centcols.org\/liste-de-discussion\/"},"modified":"2026-02-18T13:45:27","modified_gmt":"2026-02-18T11:45:27","slug":"discussielijst","status":"publish","type":"page","link":"https:\/\/centcols.org\/nl\/liste-de-discussion\/","title":{"rendered":"Discussielijst"},"content":{"rendered":"<p>Het belangrijkste doel van de discussielijst is om leden van de Club des Cent Cols in staat te stellen informatie uit te wisselen over onderwerpen met betrekking tot ons fietstoerisme.<\/p>\n\n\n\n<h2 class=\"wp-block-heading\">Registratie<\/h2>\n\n\n\n<p>Als je lid bent van de Club des Cent Cols, kun je lid worden van de discussielijst door gewoon een lege e-mail te sturen.<\/p>\n\n\n\n<p>naar het volgende adres <a class=\"moz-txt-link-abbreviated mailto-link\" href=\"\/nl\/&\/#x6d;&#x61;&#105;&#108;to&#x3a;&#x63;&#x65;&#110;t-&#x63;&#x6f;&#x6c;&#115;&#43;s&#x75;&#x62;&#x73;&#99;&#114;i&#x62;&#x65;&#x40;&#103;&#114;ou&#x70;&#x73;&#x2e;&#105;o\" target=\"_blank\" rel=\"noopener\">cent-cols+subscribe@groups.io<\/a><\/p>\n\n\n\n<p>Je eerste bericht kan een gelegenheid zijn om jezelf kort voor te stellen (achternaam, voornaam, regio waar je woont, fietsinteresses, andere interesses, persoonlijke website, alles wat ons kan helpen om je beter te leren kennen).<\/p>\n\n\n\n<p>De lijstbeheerders zijn momenteel :<br>Philippe Carrez (voormalig lid van de Raad van Bestuur van de club, <a href=\"\/nl\/&\/#x6d;&#97;i&#x6c;&#116;o&#x3a;&#99;a&#x72;&#x72;&#101;&#x7a;&#x2e;&#112;h&#x69;&#108;i&#x70;&#112;e&#x40;&#x66;&#114;&#x65;&#x65;&#46;f&#x72;\">carrez.philippe@free.fr<\/a>)<br>Enrico Alberini (voormalig voorzitter van de club, <a href=\"\/nl\/&\/#x6d;&#x61;&#x69;&#x6c;&#x74;&#x6f;&#x3a;&#x61;&#x6c;&#x62;&#x65;&#x72;&#x69;&#x6e;&#x69;&#x2e;&#x65;&#x6e;&#x72;&#x69;&#x63;&#x6f;&#x40;&#x76;&#x69;&#x72;&#x67;&#x69;&#x6c;&#x69;&#x6f;&#x2e;&#x69;&#x74;\">alberini.enrico@virgilio.it<\/a>)<\/p>\n\n\n\n<p>Afmelden, <a href=\"\/nl\/&\/#x6d;&#97;i&#x6c;&#x74;&#111;:&#x63;&#x65;&#110;t&#x2d;&#99;o&#x6c;&#x73;&#43;u&#x6e;&#x73;&#117;b&#x73;&#99;&#114;&#x69;&#x62;&#101;&#64;&#x67;&#x72;&#111;u&#x70;&#115;&#46;i&#x6f;\" target=\"_blank\" rel=\"noopener\">klik hier<\/a><\/p>\n\n\n\n<p>Als je van adres verandert, annuleer dan je oude adres en vraag het nieuwe adres opnieuw aan. Het adres op het lidmaatschapsformulier staat los van het adres dat voor deze lijst wordt gebruikt. In het geval van een wijziging is het dus niet nodig om een van beide te wijzigen.<\/p>\n\n\n\n<p>Zie lidmaatschapsformulier : <a href=\"https:\/\/centcols.org\/membres\/th\/profilM.php\">https:\/\/centcols.org\/membres\/th\/profilM.php<\/a><\/p>\n\n\n\n<div class=\"wp-block-columns is-layout-flex wp-container-core-columns-is-layout-9d6595d7 wp-block-columns-is-layout-flex\">\n<div class=\"wp-block-column is-layout-flow wp-block-column-is-layout-flow\" style=\"flex-basis:66.66%\">\n<h2 class=\"wp-block-heading\">Handvest van de discussielijst van de Cent Cols Club<\/h2>\n\n\n\n<p>Dit handvest beschrijft de gebruiksvoorwaarden van de discussielijst van Club des Cent Cols.<\/p>\n\n\n\n<h3 class=\"wp-block-heading\"><strong>Onderwerpen<\/strong><\/h3>\n\n\n\n<p>Elk onderwerp dat betrekking heeft op de activiteiten van onze club of op het fietsen in het algemeen en het fietsen in de bergen in het bijzonder kan op deze discussielijst worden besproken. Elk onderwerp van politieke of religieuze aard in het bijzonder, of dat zou kunnen leiden tot polemieken in het algemeen, is echter ten strengste verboden.<\/p>\n\n\n\n<p>Het is heel goed mogelijk om soms en mondjesmaat af te wijken van dit sportieve thema door bijvoorbeeld onderwerpen voor te stellen die te maken hebben met algemene cultuur. Goede humor en gevoel voor humor zijn niet alleen toegestaan maar worden zelfs aangemoedigd, met respect voor een ethiek gebaseerd op algemeen aanvaarde goede smaak.<\/p>\n\n\n\n<h3 class=\"wp-block-heading\"><strong>Sociaal gedrag<\/strong><\/h3>\n\n\n\n<p>Om ervoor te zorgen dat deze lijst aantrekkelijk, gebruiksvriendelijk en interessant blijft voor alle abonnees, is het belangrijk om een aantal elementaire en voor de hand liggende regels te respecteren. Wees beleefd in alle omstandigheden (schrijf bijvoorbeeld \u00abhallo\u00bb aan het begin van een e-mail). Een beleefde toon is aangenaam en daarom aan te raden. Aan de andere kant moet een onaangename, agressieve of beledigende houding worden vermeden.<\/p>\n\n\n\n<p>Wees niet bang om een onderwerp naar keuze aan te snijden binnen het toegestane kader, ook al is het waarschijnlijk al besproken. Er wordt altijd geduldig en vriendelijk gereageerd. Tolerantie in elk opzicht is zeer wenselijk.<\/p>\n<\/div>\n\n\n\n<div class=\"wp-block-column has-background is-layout-flow wp-block-column-is-layout-flow\" style=\"background-color:#ececec;flex-basis:33.33%\">\n<h3 class=\"wp-block-heading has-text-align-center\">Opmerking<\/h3>\n\n\n<div class=\"wp-block-image\">\n<figure class=\"aligncenter size-full\"><img loading=\"lazy\" decoding=\"async\" width=\"100\" height=\"100\" src=\"https:\/\/centcols.org\/wp-content\/uploads\/2025\/08\/icons8-note-100.png\" alt=\"\" class=\"wp-image-88085\" srcset=\"https:\/\/centcols.org\/wp-content\/uploads\/2025\/08\/icons8-note-100.png 100w, https:\/\/centcols.org\/wp-content\/uploads\/2025\/08\/icons8-note-100-12x12.png 12w\" sizes=\"auto, (max-width: 100px) 100vw, 100px\" \/><\/figure>\n<\/div>\n\n\n<p class=\"has-text-align-center\">Om te voorkomen dat je berichten ziet die zijn verzonden door \u00abVoornaam Achternaam\u00bb, moet je je profiel bewerken:<\/p>\n\n\n\n<ul class=\"wp-block-list\">\n<li>ga naar https:\/\/groups.io;<\/li>\n\n\n\n<li>klik op \u00abAanmelden\u00bb in de rechterbovenhoek;<\/li>\n\n\n\n<li>voer je e-mailadres in bij E-mailadres en klik op \u00abWachtwoord vergeten of nog geen wachtwoord?;<\/li>\n\n\n\n<li>wordt er een link naar je mailbox gestuurd. Klik op deze link en je komt op de startpagina van je profiel;<\/li>\n\n\n\n<li>klik links op \u00abIdentiteit\u00bb;<\/li>\n\n\n\n<li>Je kunt je algemene profiel (bovenste frame) en je Honderd Pas-profiel bewerken door op de corresponderende knop \u00abBewerken\u00bb te klikken;<\/li>\n\n\n\n<li>We zijn ge\u00efnteresseerd in het profiel van Cent Cols: hier kun je je weergavenaam wijzigen. Dit is de naam die als afzender verschijnt wanneer je een bericht naar de lijst stuurt;<\/li>\n\n\n\n<li>Vergeet niet om onderaan de pagina op \u00abGroepsprofiel bijwerken\u00bb te klikken om je wijzigingen op te slaan.<\/li>\n<\/ul>\n\n\n\n<p class=\"has-text-align-center\">Stuur je berichten dan gewoon naar :<br>cent-cols@groups.io<\/p>\n<\/div>\n<\/div>\n\n\n\n<h3 class=\"wp-block-heading\"><strong>Praktische aspecten<\/strong><\/h3>\n\n\n\n<p>Onderwerp van het bericht: zorg ervoor dat de titel expliciet en kort is. Vergeet niet het onderwerp van het bericht te wijzigen als ons antwoord aanzienlijk afwijkt van het oorspronkelijke onderwerp.<\/p>\n\n\n\n<p>Laten we een opeenstapeling van geciteerde berichten vermijden en alleen die berichten bewaren die van overtuigend belang zijn voor de voortzetting van het gesprek.<\/p>\n\n\n\n<p>Foto's, documenten en bijlagen die rechtstreeks in een bericht worden geplaatst, zijn niet toegestaan. Een link naar een montage van foto's of naar een interessante website die direct gerelateerd is aan ons bedrijf is echter wel welkom.<\/p>\n\n\n\n<p>Anonimiteit wordt niet geaccepteerd en als je een pseudoniem gebruikt, moeten je naam en internetadres verschijnen in de berichten die je naar de lijst stuurt (zie ook de opmerking bij dit artikel). We raden je aan geen persoonlijk bericht naar de lijst te sturen. Als je aan \u00e9\u00e9n persoon wilt antwoorden, zorg er dan voor dat je het adres cent-cols@groups.io in het ontvangersveld verwijdert en alleen dat van de betreffende ontvanger invult.<\/p>\n\n\n\n<h3 class=\"wp-block-heading\"><strong>Interesse in het onderwerp&nbsp;<\/strong><\/h3>\n\n\n\n<p>Houd er rekening mee dat niet alle onderwerpen interessant zijn voor alle abonnees. Als een bepaald onderwerp je niet interesseert, kun je het beter uit je inbox verwijderen dan protesteren.<\/p>\n\n\n\n<p>Aan de andere kant is het ook belangrijk om de lijst niet te overladen met talrijke, overbodige e-mails die geen nieuwe informatie meer bevatten. Je kunt je contactpersonen ook voorstellen om de lopende discussie voort te zetten in een besloten groep van mensen die ge\u00efnteresseerd zijn in het onderwerp, voordat je je conclusies deelt op de lijst.<\/p>\n\n\n\n<h3 class=\"wp-block-heading\"><strong>Taal<\/strong><\/h3>\n\n\n\n<p>Iedereen is vrij om de taal van zijn keuze te gebruiken, maar het bericht zal niet leesbaar zijn voor de meerderheid als het niet ook een versie in het Frans bevat, de taal die het meest gebruikt wordt door abonnees. Door een interessante e-mail van het Frans in een andere taal te vertalen, tonen we onze belangstelling voor onze niet-Franstalige vrienden.<\/p>\n\n\n\n<h3 class=\"wp-block-heading\"><strong>Moderatie<\/strong><\/h3>\n\n\n\n<p>Gezien het beperkte aantal onderwerpen dat kan worden besproken en het gepaste gedrag dat moet worden aangenomen, is het niet de bedoeling dat de beheerders de site op voorhand modereren. Afwijkingen van dit charter kunnen per vergissing gebeuren. De auteur kan zich dan verontschuldigen op de lijst zodra hij of zij het beseft. Als de afwijking wordt opgemerkt door een derde partij, wordt deze ten stelligste aangeraden de auteur beleefd om uitleg te vragen, aangezien het om een vergissing kan gaan en niet om een oprechte bedoeling. Hoewel een vergissing mogelijk en verschoonbaar is, is opzettelijk schadelijk handelen dat niet.<\/p>\n\n\n\n<p>Managers zullen soms moeten ingrijpen tijdens een discussie om de rust op deze lijst te bewaren en het risico op \u00aboververhitting\u00bb te vermijden. De lessen uit het verleden bereiden ons voor op de toekomst! De volgende stap is om \u00abpersoonlijk\u00bb contact op te nemen met de overtredende abonnee, hem te informeren over de afwijking en hem te vragen dit niet meer te doen. In geval van herhaling kan de abonnee van de lijst worden geschrapt voor een periode die wordt bepaald op basis van de ernst van de overtreding en het oordeel van de managers en de Raad van Bestuur van de Club des Cent Cols.<\/p>\n\n\n\n<p><strong>De leden van de Club des Cent Cols zijn verspreid over veel verschillende regio's en landen, en de meesten kennen elkaar niet. Deze lijst is vaak het enige contact tussen ons. Het is dus een krachtige band die ons bindt. Het is dus uiterst belangrijk om deze te bewaren, in de wetenschap dat elk van onze e-mails, afhankelijk van de inhoud, de lijst zal versterken of aantasten.<\/strong><\/p>","protected":false},"excerpt":{"rendered":"<p>La liste de discussion a essentiellement pour but de permettre la communication d\u2019informations entre ses inscrits, membres du Club des Cent Cols, sur des sujets li\u00e9s \u00e0 notre pratique du cyclotourisme. Inscription Vous \u00eates membres du Club des Cent Cols, vous pouvez rejoindre la liste de discussion en envoyant simplement un courriel vide. \u00e0 l&rsquo;adresse [&hellip;]<\/p>\n","protected":false},"author":2,"featured_media":0,"parent":0,"menu_order":0,"comment_status":"open","ping_status":"open","template":"","meta":{"_acf_changed":false,"footnotes":""},"class_list":["post-79345","page","type-page","status-publish","hentry"],"acf":[],"yoast_head":"<!-- This site is optimized with the Yoast SEO plugin v27.2 - https:\/\/yoast.com\/product\/yoast-seo-wordpress\/ -->\n<title>Liste de discussion - Club des Cent Cols<\/title>\n<meta name=\"robots\" content=\"index, follow, max-snippet:-1, max-image-preview:large, max-video-preview:-1\" \/>\n<link rel=\"canonical\" href=\"https:\/\/centcols.org\/nl\/discussielijst\/\" \/>\n<meta property=\"og:locale\" content=\"nl_BE\" \/>\n<meta property=\"og:type\" content=\"article\" \/>\n<meta property=\"og:title\" content=\"Liste de discussion - Club des Cent Cols\" \/>\n<meta property=\"og:description\" content=\"La liste de discussion a essentiellement pour but de permettre la communication d\u2019informations entre ses inscrits, membres du Club des Cent Cols, sur des sujets li\u00e9s \u00e0 notre pratique du cyclotourisme. Inscription Vous \u00eates membres du Club des Cent Cols, vous pouvez rejoindre la liste de discussion en envoyant simplement un courriel vide. \u00e0 l&rsquo;adresse [&hellip;]\" \/>\n<meta property=\"og:url\" content=\"https:\/\/centcols.org\/nl\/discussielijst\/\" \/>\n<meta property=\"og:site_name\" content=\"Club des Cent Cols\" \/>\n<meta property=\"article:publisher\" content=\"https:\/\/www.facebook.com\/groups\/5261880558\/?locale=fr_FR\" \/>\n<meta property=\"article:modified_time\" content=\"2026-02-18T11:45:27+00:00\" \/>\n<meta property=\"og:image\" content=\"https:\/\/centcols.org\/wp-content\/uploads\/2025\/08\/icons8-note-100.png\" \/>\n\t<meta property=\"og:image:width\" content=\"100\" \/>\n\t<meta property=\"og:image:height\" content=\"100\" \/>\n\t<meta property=\"og:image:type\" content=\"image\/png\" \/>\n<meta name=\"twitter:card\" content=\"summary_large_image\" \/>\n<meta name=\"twitter:label1\" content=\"Geschatte leestijd\" \/>\n\t<meta name=\"twitter:data1\" content=\"7 minuten\" \/>\n<script type=\"application\/ld+json\" class=\"yoast-schema-graph\">{\"@context\":\"https:\/\/schema.org\",\"@graph\":[{\"@type\":\"WebPage\",\"@id\":\"https:\/\/centcols.org\/liste-de-discussion\/\",\"url\":\"https:\/\/centcols.org\/liste-de-discussion\/\",\"name\":\"Liste de discussion - Club des Cent Cols\",\"isPartOf\":{\"@id\":\"https:\/\/centcols.org\/#website\"},\"primaryImageOfPage\":{\"@id\":\"https:\/\/centcols.org\/liste-de-discussion\/#primaryimage\"},\"image\":{\"@id\":\"https:\/\/centcols.org\/liste-de-discussion\/#primaryimage\"},\"thumbnailUrl\":\"https:\/\/centcols.org\/wp-content\/uploads\/2025\/08\/icons8-note-100.png\",\"datePublished\":\"2025-02-05T08:00:16+00:00\",\"dateModified\":\"2026-02-18T11:45:27+00:00\",\"breadcrumb\":{\"@id\":\"https:\/\/centcols.org\/liste-de-discussion\/#breadcrumb\"},\"inLanguage\":\"nl-BE\",\"potentialAction\":[{\"@type\":\"ReadAction\",\"target\":[\"https:\/\/centcols.org\/liste-de-discussion\/\"]}]},{\"@type\":\"ImageObject\",\"inLanguage\":\"nl-BE\",\"@id\":\"https:\/\/centcols.org\/liste-de-discussion\/#primaryimage\",\"url\":\"https:\/\/centcols.org\/wp-content\/uploads\/2025\/08\/icons8-note-100.png\",\"contentUrl\":\"https:\/\/centcols.org\/wp-content\/uploads\/2025\/08\/icons8-note-100.png\"},{\"@type\":\"BreadcrumbList\",\"@id\":\"https:\/\/centcols.org\/liste-de-discussion\/#breadcrumb\",\"itemListElement\":[{\"@type\":\"ListItem\",\"position\":1,\"name\":\"Accueil\",\"item\":\"https:\/\/centcols.org\/\"},{\"@type\":\"ListItem\",\"position\":2,\"name\":\"Liste de discussion\"}]},{\"@type\":\"WebSite\",\"@id\":\"https:\/\/centcols.org\/#website\",\"url\":\"https:\/\/centcols.org\/\",\"name\":\"Club des Cent Cols\",\"description\":\"\",\"publisher\":{\"@id\":\"https:\/\/centcols.org\/#organization\"},\"potentialAction\":[{\"@type\":\"SearchAction\",\"target\":{\"@type\":\"EntryPoint\",\"urlTemplate\":\"https:\/\/centcols.org\/?s={search_term_string}\"},\"query-input\":{\"@type\":\"PropertyValueSpecification\",\"valueRequired\":true,\"valueName\":\"search_term_string\"}}],\"inLanguage\":\"nl-BE\"},{\"@type\":\"Organization\",\"@id\":\"https:\/\/centcols.org\/#organization\",\"name\":\"Club des Cent Cols\",\"url\":\"https:\/\/centcols.org\/\",\"logo\":{\"@type\":\"ImageObject\",\"inLanguage\":\"nl-BE\",\"@id\":\"https:\/\/centcols.org\/#\/schema\/logo\/image\/\",\"url\":\"https:\/\/centcols.org\/wp-content\/uploads\/2025\/01\/carte-icone.png\",\"contentUrl\":\"https:\/\/centcols.org\/wp-content\/uploads\/2025\/01\/carte-icone.png\",\"width\":250,\"height\":250,\"caption\":\"Club des Cent Cols\"},\"image\":{\"@id\":\"https:\/\/centcols.org\/#\/schema\/logo\/image\/\"},\"sameAs\":[\"https:\/\/www.facebook.com\/groups\/5261880558\/?locale=fr_FR\"]}]}<\/script>\n<!-- \/ Yoast SEO plugin. -->","yoast_head_json":{"title":"Discussielijst - Club des Cent Cols","robots":{"index":"index","follow":"follow","max-snippet":"max-snippet:-1","max-image-preview":"max-image-preview:large","max-video-preview":"max-video-preview:-1"},"canonical":"https:\/\/centcols.org\/nl\/discussielijst\/","og_locale":"nl_BE","og_type":"article","og_title":"Liste de discussion - Club des Cent Cols","og_description":"La liste de discussion a essentiellement pour but de permettre la communication d\u2019informations entre ses inscrits, membres du Club des Cent Cols, sur des sujets li\u00e9s \u00e0 notre pratique du cyclotourisme. Inscription Vous \u00eates membres du Club des Cent Cols, vous pouvez rejoindre la liste de discussion en envoyant simplement un courriel vide. \u00e0 l&rsquo;adresse [&hellip;]","og_url":"https:\/\/centcols.org\/nl\/discussielijst\/","og_site_name":"Club des Cent Cols","article_publisher":"https:\/\/www.facebook.com\/groups\/5261880558\/?locale=fr_FR","article_modified_time":"2026-02-18T11:45:27+00:00","og_image":[{"width":100,"height":100,"url":"https:\/\/centcols.org\/wp-content\/uploads\/2025\/08\/icons8-note-100.png","type":"image\/png"}],"twitter_card":"summary_large_image","twitter_misc":{"Geschatte leestijd":"7 minuten"},"schema":{"@context":"https:\/\/schema.org","@graph":[{"@type":"WebPage","@id":"https:\/\/centcols.org\/liste-de-discussion\/","url":"https:\/\/centcols.org\/liste-de-discussion\/","name":"Discussielijst - Club des Cent Cols","isPartOf":{"@id":"https:\/\/centcols.org\/#website"},"primaryImageOfPage":{"@id":"https:\/\/centcols.org\/liste-de-discussion\/#primaryimage"},"image":{"@id":"https:\/\/centcols.org\/liste-de-discussion\/#primaryimage"},"thumbnailUrl":"https:\/\/centcols.org\/wp-content\/uploads\/2025\/08\/icons8-note-100.png","datePublished":"2025-02-05T08:00:16+00:00","dateModified":"2026-02-18T11:45:27+00:00","breadcrumb":{"@id":"https:\/\/centcols.org\/liste-de-discussion\/#breadcrumb"},"inLanguage":"nl-BE","potentialAction":[{"@type":"ReadAction","target":["https:\/\/centcols.org\/liste-de-discussion\/"]}]},{"@type":"ImageObject","inLanguage":"nl-BE","@id":"https:\/\/centcols.org\/liste-de-discussion\/#primaryimage","url":"https:\/\/centcols.org\/wp-content\/uploads\/2025\/08\/icons8-note-100.png","contentUrl":"https:\/\/centcols.org\/wp-content\/uploads\/2025\/08\/icons8-note-100.png"},{"@type":"BreadcrumbList","@id":"https:\/\/centcols.org\/liste-de-discussion\/#breadcrumb","itemListElement":[{"@type":"ListItem","position":1,"name":"Accueil","item":"https:\/\/centcols.org\/"},{"@type":"ListItem","position":2,"name":"Liste de discussion"}]},{"@type":"WebSite","@id":"https:\/\/centcols.org\/#website","url":"https:\/\/centcols.org\/","name":"Club van Cent Cols","description":"","publisher":{"@id":"https:\/\/centcols.org\/#organization"},"potentialAction":[{"@type":"SearchAction","target":{"@type":"EntryPoint","urlTemplate":"https:\/\/centcols.org\/?s={search_term_string}"},"query-input":{"@type":"PropertyValueSpecification","valueRequired":true,"valueName":"search_term_string"}}],"inLanguage":"nl-BE"},{"@type":"Organization","@id":"https:\/\/centcols.org\/#organization","name":"Club van Cent Cols","url":"https:\/\/centcols.org\/","logo":{"@type":"ImageObject","inLanguage":"nl-BE","@id":"https:\/\/centcols.org\/#\/schema\/logo\/image\/","url":"https:\/\/centcols.org\/wp-content\/uploads\/2025\/01\/carte-icone.png","contentUrl":"https:\/\/centcols.org\/wp-content\/uploads\/2025\/01\/carte-icone.png","width":250,"height":250,"caption":"Club des Cent Cols"},"image":{"@id":"https:\/\/centcols.org\/#\/schema\/logo\/image\/"},"sameAs":["https:\/\/www.facebook.com\/groups\/5261880558\/?locale=fr_FR"]}]}},"_links":{"self":[{"href":"https:\/\/centcols.org\/nl\/wp-json\/wp\/v2\/pages\/79345","targetHints":{"allow":["GET"]}}],"collection":[{"href":"https:\/\/centcols.org\/nl\/wp-json\/wp\/v2\/pages"}],"about":[{"href":"https:\/\/centcols.org\/nl\/wp-json\/wp\/v2\/types\/page"}],"author":[{"embeddable":true,"href":"https:\/\/centcols.org\/nl\/wp-json\/wp\/v2\/users\/2"}],"replies":[{"embeddable":true,"href":"https:\/\/centcols.org\/nl\/wp-json\/wp\/v2\/comments?post=79345"}],"version-history":[{"count":0,"href":"https:\/\/centcols.org\/nl\/wp-json\/wp\/v2\/pages\/79345\/revisions"}],"wp:attachment":[{"href":"https:\/\/centcols.org\/nl\/wp-json\/wp\/v2\/media?parent=79345"}],"curies":[{"name":"wp","href":"https:\/\/api.w.org\/{rel}","templated":true}]}}