{"id":79371,"date":"2025-02-05T10:01:24","date_gmt":"2025-02-05T08:01:24","guid":{"rendered":"https:\/\/centcols.org\/randonner\/"},"modified":"2026-01-22T13:34:14","modified_gmt":"2026-01-22T11:34:14","slug":"wandelen","status":"publish","type":"page","link":"https:\/\/centcols.org\/nl\/randonner\/","title":{"rendered":"Fietsroutes"},"content":{"rendered":"<h2 class=\"wp-block-heading\">Onze ontdekkingstimulansen<\/h2>\n\n\n\n<h3 class=\"wp-block-heading\">Permanente wandelingen<\/h3>\n\n\n\n<p>Er zijn er tot nu toe 24 en ze nodigen je uit om verschillende regio's in vijf Europese landen te bezoeken.<br>De rode draad is het beklimmen van minstens honderd bergpassen.<br>Open voor leden en niet-leden van de Club des Cent Cols.<br><a href=\"https:\/\/centcols.org\/nl\/ga-naar\/permanente-wandelingen\/\">Alle informatie die je nodig hebt<\/a><\/p>\n\n\n\n<h3 class=\"wp-block-heading\">Octrooien<\/h3>\n\n\n\n<p>Het afleggen van alle wegpassen van bijvoorbeeld een Duitse deelstaat, een Zwitsers kanton, een Italiaanse of Spaanse provincie of een Frans departement is de uitdaging om deze talrijke brevets te behalen.<br>Alle succesvolle lokale patenten in een land kunnen worden gebruikt om een super <strong>nationaal octrooi<\/strong>.<br>De brevets zijn momenteel gereserveerd voor leden, maar er zijn plannen om ze in de toekomst open te stellen voor niet-leden. Niets houdt je tegen om als niet-lid of aspirant te beginnen of door te gaan met het beklimmen van de wegpassen en je later aan te melden.<br><a href=\"https:\/\/centcols.org\/nl\/wegpatenten\/\">Alle informatie die je nodig hebt<\/a><br><a href=\"https:\/\/centcols.org\/membres\/cols\/brevets.php\">Lijst van patenten<\/a><\/p>\n\n\n\n<h3 class=\"wp-block-heading\">Uitdagingen<\/h3>\n\n\n\n<p>Aan de hand van een specifiek thema, gekozen door de auteur van de uitdaging, nemen ze je mee op een tocht langs bijzondere bergpassen.<br>Open voor leden en niet-leden van de Club des Cent Cols.<br><a href=\"https:\/\/centcols.org\/nl\/categorie\/uitdagingen\/\"><u>Alle informatie die je nodig hebt<\/u><\/a><\/p>\n\n\n\n<h3 class=\"wp-block-heading\">Achtergronden van de leden<\/h3>\n\n\n\n<p>In deze sectie vind je routes die leden hebben voorgesteld en die de club heeft gevalideerd om een verzameling te maken die momenteel wordt opgebouwd. In principe is geen enkele regio of land uitgesloten en er zijn er al enkele in Duitsland (Zwarte Woud), Spanje (Cataloni\u00eb, Andalusi\u00eb) en Frankrijk, met name in Corsica.<\/p>\n\n\n\n<p>Ze zijn gebaseerd op ervaring in het veld en bevatten een toeristische beschrijving en technische uitleg van de wegen, paden of wegen. Ze zijn over het algemeen geschikt voor fietsers en mountainbikers.<\/p>\n\n\n\n<p>&nbsp;De locatie van de passen kan worden bekeken op het kaartfragment en op de aanvullende documenten die verkrijgbaar zijn via de visugen link.<\/p>\n\n\n\n<p>Enkele foto's van het omringende landschap en de bergpassen versterken de beschrijving van deze routes.<\/p>\n\n\n\n<p>&nbsp;<a href=\"https:\/\/centcols.org\/nl\/ga-naar\/ledenpad\/\">Alle informatie die je nodig hebt<\/a><\/p>\n\n\n\n<h3 class=\"wp-block-heading\">Wandelen met onze partners<\/h3>\n\n\n\n<p><a href=\"https:\/\/centcols.org\/nl\/europese-dunions-doden\/\">Europese koppeltekens<\/a> voorgesteld door de Europese Fietsunie (UECT). Ze verbinden de Europese hoofdsteden.<\/p>\n\n\n\n<p><a href=\"https:\/\/centcols.org\/nl\/de-ibericas-radialen-van-fect\/\">&nbsp;De Radiales Iberica,<\/a> zijn permanente tochten die worden aangeboden door de Spaanse wielerfederatie (FECT). Ze volgen een stervormige route van Madrid naar het Iberisch schiereiland.<\/p>","protected":false},"excerpt":{"rendered":"<p>Nos incitations \u00e0 la d\u00e9couverte Les randonn\u00e9es permanentes Elles sont 24 \u00e0 ce jour et elles vous invitent \u00e0 aller visiter des r\u00e9gions diff\u00e9rentes de cinq pays d\u2019Europe.Le th\u00e8me commun est de gravir au moins cent cols.Ouvertes aux membres et aux non-membres du Club des Cent Cols.Tous les renseignements utiles Les brevets Parcourir tous les [&hellip;]<\/p>\n","protected":false},"author":2,"featured_media":0,"parent":0,"menu_order":0,"comment_status":"open","ping_status":"open","template":"","meta":{"_acf_changed":false,"footnotes":""},"class_list":["post-79371","page","type-page","status-publish","hentry"],"acf":[],"yoast_head":"<!-- This site is optimized with the Yoast SEO plugin v27.2 - https:\/\/yoast.com\/product\/yoast-seo-wordpress\/ -->\n<title>Randonner - Club des Cent Cols<\/title>\n<meta name=\"robots\" content=\"index, follow, max-snippet:-1, max-image-preview:large, max-video-preview:-1\" \/>\n<link rel=\"canonical\" href=\"https:\/\/centcols.org\/nl\/wandelen\/\" \/>\n<meta property=\"og:locale\" content=\"nl_BE\" \/>\n<meta property=\"og:type\" content=\"article\" \/>\n<meta property=\"og:title\" content=\"Randonner - Club des Cent Cols\" \/>\n<meta property=\"og:description\" content=\"Nos incitations \u00e0 la d\u00e9couverte Les randonn\u00e9es permanentes Elles sont 24 \u00e0 ce jour et elles vous invitent \u00e0 aller visiter des r\u00e9gions diff\u00e9rentes de cinq pays d\u2019Europe.Le th\u00e8me commun est de gravir au moins cent cols.Ouvertes aux membres et aux non-membres du Club des Cent Cols.Tous les renseignements utiles Les brevets Parcourir tous les [&hellip;]\" \/>\n<meta property=\"og:url\" content=\"https:\/\/centcols.org\/nl\/wandelen\/\" \/>\n<meta property=\"og:site_name\" content=\"Club des Cent Cols\" \/>\n<meta property=\"article:publisher\" content=\"https:\/\/www.facebook.com\/groups\/5261880558\/?locale=fr_FR\" \/>\n<meta property=\"article:modified_time\" content=\"2026-01-22T11:34:14+00:00\" \/>\n<meta name=\"twitter:card\" content=\"summary_large_image\" \/>\n<meta name=\"twitter:label1\" content=\"Geschatte leestijd\" \/>\n\t<meta name=\"twitter:data1\" content=\"2 minuten\" \/>\n<script type=\"application\/ld+json\" class=\"yoast-schema-graph\">{\"@context\":\"https:\/\/schema.org\",\"@graph\":[{\"@type\":\"WebPage\",\"@id\":\"https:\/\/centcols.org\/randonner\/\",\"url\":\"https:\/\/centcols.org\/randonner\/\",\"name\":\"Randonner - Club des Cent Cols\",\"isPartOf\":{\"@id\":\"https:\/\/centcols.org\/#website\"},\"datePublished\":\"2025-02-05T08:01:24+00:00\",\"dateModified\":\"2026-01-22T11:34:14+00:00\",\"breadcrumb\":{\"@id\":\"https:\/\/centcols.org\/randonner\/#breadcrumb\"},\"inLanguage\":\"nl-BE\",\"potentialAction\":[{\"@type\":\"ReadAction\",\"target\":[\"https:\/\/centcols.org\/randonner\/\"]}]},{\"@type\":\"BreadcrumbList\",\"@id\":\"https:\/\/centcols.org\/randonner\/#breadcrumb\",\"itemListElement\":[{\"@type\":\"ListItem\",\"position\":1,\"name\":\"Accueil\",\"item\":\"https:\/\/centcols.org\/\"},{\"@type\":\"ListItem\",\"position\":2,\"name\":\"Randonner\"}]},{\"@type\":\"WebSite\",\"@id\":\"https:\/\/centcols.org\/#website\",\"url\":\"https:\/\/centcols.org\/\",\"name\":\"Club des Cent Cols\",\"description\":\"\",\"publisher\":{\"@id\":\"https:\/\/centcols.org\/#organization\"},\"potentialAction\":[{\"@type\":\"SearchAction\",\"target\":{\"@type\":\"EntryPoint\",\"urlTemplate\":\"https:\/\/centcols.org\/?s={search_term_string}\"},\"query-input\":{\"@type\":\"PropertyValueSpecification\",\"valueRequired\":true,\"valueName\":\"search_term_string\"}}],\"inLanguage\":\"nl-BE\"},{\"@type\":\"Organization\",\"@id\":\"https:\/\/centcols.org\/#organization\",\"name\":\"Club des Cent Cols\",\"url\":\"https:\/\/centcols.org\/\",\"logo\":{\"@type\":\"ImageObject\",\"inLanguage\":\"nl-BE\",\"@id\":\"https:\/\/centcols.org\/#\/schema\/logo\/image\/\",\"url\":\"https:\/\/centcols.org\/wp-content\/uploads\/2025\/01\/carte-icone.png\",\"contentUrl\":\"https:\/\/centcols.org\/wp-content\/uploads\/2025\/01\/carte-icone.png\",\"width\":250,\"height\":250,\"caption\":\"Club des Cent Cols\"},\"image\":{\"@id\":\"https:\/\/centcols.org\/#\/schema\/logo\/image\/\"},\"sameAs\":[\"https:\/\/www.facebook.com\/groups\/5261880558\/?locale=fr_FR\"]}]}<\/script>\n<!-- \/ Yoast SEO plugin. -->","yoast_head_json":{"title":"Wandelen - Club des Cent Cols","robots":{"index":"index","follow":"follow","max-snippet":"max-snippet:-1","max-image-preview":"max-image-preview:large","max-video-preview":"max-video-preview:-1"},"canonical":"https:\/\/centcols.org\/nl\/wandelen\/","og_locale":"nl_BE","og_type":"article","og_title":"Randonner - Club des Cent Cols","og_description":"Nos incitations \u00e0 la d\u00e9couverte Les randonn\u00e9es permanentes Elles sont 24 \u00e0 ce jour et elles vous invitent \u00e0 aller visiter des r\u00e9gions diff\u00e9rentes de cinq pays d\u2019Europe.Le th\u00e8me commun est de gravir au moins cent cols.Ouvertes aux membres et aux non-membres du Club des Cent Cols.Tous les renseignements utiles Les brevets Parcourir tous les [&hellip;]","og_url":"https:\/\/centcols.org\/nl\/wandelen\/","og_site_name":"Club des Cent Cols","article_publisher":"https:\/\/www.facebook.com\/groups\/5261880558\/?locale=fr_FR","article_modified_time":"2026-01-22T11:34:14+00:00","twitter_card":"summary_large_image","twitter_misc":{"Geschatte leestijd":"2 minuten"},"schema":{"@context":"https:\/\/schema.org","@graph":[{"@type":"WebPage","@id":"https:\/\/centcols.org\/randonner\/","url":"https:\/\/centcols.org\/randonner\/","name":"Wandelen - Club des Cent Cols","isPartOf":{"@id":"https:\/\/centcols.org\/#website"},"datePublished":"2025-02-05T08:01:24+00:00","dateModified":"2026-01-22T11:34:14+00:00","breadcrumb":{"@id":"https:\/\/centcols.org\/randonner\/#breadcrumb"},"inLanguage":"nl-BE","potentialAction":[{"@type":"ReadAction","target":["https:\/\/centcols.org\/randonner\/"]}]},{"@type":"BreadcrumbList","@id":"https:\/\/centcols.org\/randonner\/#breadcrumb","itemListElement":[{"@type":"ListItem","position":1,"name":"Accueil","item":"https:\/\/centcols.org\/"},{"@type":"ListItem","position":2,"name":"Randonner"}]},{"@type":"WebSite","@id":"https:\/\/centcols.org\/#website","url":"https:\/\/centcols.org\/","name":"Club van Cent Cols","description":"","publisher":{"@id":"https:\/\/centcols.org\/#organization"},"potentialAction":[{"@type":"SearchAction","target":{"@type":"EntryPoint","urlTemplate":"https:\/\/centcols.org\/?s={search_term_string}"},"query-input":{"@type":"PropertyValueSpecification","valueRequired":true,"valueName":"search_term_string"}}],"inLanguage":"nl-BE"},{"@type":"Organization","@id":"https:\/\/centcols.org\/#organization","name":"Club van Cent Cols","url":"https:\/\/centcols.org\/","logo":{"@type":"ImageObject","inLanguage":"nl-BE","@id":"https:\/\/centcols.org\/#\/schema\/logo\/image\/","url":"https:\/\/centcols.org\/wp-content\/uploads\/2025\/01\/carte-icone.png","contentUrl":"https:\/\/centcols.org\/wp-content\/uploads\/2025\/01\/carte-icone.png","width":250,"height":250,"caption":"Club des Cent Cols"},"image":{"@id":"https:\/\/centcols.org\/#\/schema\/logo\/image\/"},"sameAs":["https:\/\/www.facebook.com\/groups\/5261880558\/?locale=fr_FR"]}]}},"_links":{"self":[{"href":"https:\/\/centcols.org\/nl\/wp-json\/wp\/v2\/pages\/79371","targetHints":{"allow":["GET"]}}],"collection":[{"href":"https:\/\/centcols.org\/nl\/wp-json\/wp\/v2\/pages"}],"about":[{"href":"https:\/\/centcols.org\/nl\/wp-json\/wp\/v2\/types\/page"}],"author":[{"embeddable":true,"href":"https:\/\/centcols.org\/nl\/wp-json\/wp\/v2\/users\/2"}],"replies":[{"embeddable":true,"href":"https:\/\/centcols.org\/nl\/wp-json\/wp\/v2\/comments?post=79371"}],"version-history":[{"count":0,"href":"https:\/\/centcols.org\/nl\/wp-json\/wp\/v2\/pages\/79371\/revisions"}],"wp:attachment":[{"href":"https:\/\/centcols.org\/nl\/wp-json\/wp\/v2\/media?parent=79371"}],"curies":[{"name":"wp","href":"https:\/\/api.w.org\/{rel}","templated":true}]}}