{"id":79514,"date":"2025-02-05T10:07:17","date_gmt":"2025-02-05T08:07:17","guid":{"rendered":"https:\/\/centcols.org\/comment-faire\/"},"modified":"2025-09-14T17:32:39","modified_gmt":"2025-09-14T15:32:39","slug":"wat-te-doen","status":"publish","type":"page","link":"https:\/\/centcols.org\/nl\/comment-faire\/","title":{"rendered":"Hoe ga je te werk?"},"content":{"rendered":"<h2 class=\"wp-block-heading\">Doe mee!<\/h2>\n\n\n\n<p>Deel jij onze passie voor de bergen en vind je het leuk om bergpassen te beklimmen?  Dat is waar onze broederschap om draait!  We verwelkomen graag nieuwe leden van alle leeftijden, nationaliteiten, capaciteiten en fietsdisciplines. Dus kom en sluit je bij ons aan!<\/p>\n\n\n\n<p>Hoe ver ben je?<\/p>\n\n\n\n<p>1\u00b0) Je hebt minimaal 100 bergpassen beklommen <strong>diverse<\/strong> waaronder ten minste 5 boven 2000 m, gefeliciteerd! Als je klaar bent om lid te worden, vul dan je lidmaatschapsformulier in.<\/p>\n\n\n\n<p><em><strong>Let op: een pas kan maar \u00ab\u00e9\u00e9n keer\u00bb worden geteld (zie <a href=\"https:\/\/centcols.org\/nl\/regels\/\" target=\"_blank\" rel=\"noreferrer noopener\">spelregels, artikel 1<\/a>)<\/strong><\/em><\/p>\n\n\n\n<p>Maak in een Excel- of Calc-bestand een lijst van passen, indien mogelijk met hun hoogtes, en het administratieve gebied (bijv. Brits graafschap, Zwitsers kanton, Frans departement, Italiaanse of Spaanse provincie) waar ze zich bevinden. Voor het gemak kun je verwijzen naar de oplossingen in \u00a73.<\/p>\n\n\n\n<p>Volg dan deze link: <a href=\"https:\/\/centcols.org\/nl\/registratieformulier\/\"><strong><u>lidmaatschapsformulier&nbsp;<\/u><\/strong><\/a><\/p>\n\n\n\n<p>2\u00b0) Als je nog geen 100 passen hebt gehaald, wanhoop dan niet! Ga gewoon door! We zijn hier om je te helpen!<\/p>\n\n\n\n<ul class=\"wp-block-list\">\n<li>Je kunt ons een lijst sturen van de passen die je hebt beklommen en wij zullen die controleren.<\/li>\n\n\n\n<li>Je kunt deelnemen aan en je inschrijven voor: Regionale bijeenkomsten, <a href=\"https:\/\/centcols.org\/nl\/ga-naar\/permanente-wandelingen\/\" target=\"_blank\" rel=\"noreferrer noopener\">permanente wandelingen<\/a> , De Club des Cent Cols biedt een breed scala aan activiteiten, waaronder brevets en uitdagingen, die toegankelijk zijn voor niet-leden. Je kunt ook contact opnemen met de Territoriale Afgevaardigde voor jouw regio: <a href=\"https:\/\/centcols.org\/nl\/afgevaardigden-en-andere-vrijwilligers\/\">pagina <strong><u>afgevaardigden en andere vrijwilligers<\/u><\/strong>&nbsp;<\/a>van de site. Het zal een \u00abSponsor\u00bb voorstellen, dicht bij jou en een lid van de CCC, die je zal helpen passen te vinden en te beklimmen om je lijst compleet te maken.<\/li>\n<\/ul>\n\n\n\n<p>3\u00b0) Als je niet zeker weet of al je passen zijn goedgekeurd door de Club, zijn er verschillende manieren om je lijst te controleren en je volgende routes te plannen.<\/p>\n\n\n\n<h3 class=\"wp-block-heading\">Stel je lijst samen uit onze catalogi<\/h3>\n\n\n\n<p>Gebruik onze catalogi. Ze zijn beschikbaar voor niet-leden*, in onze <strong><a href=\"https:\/\/centcols.org\/nl\/boutique\/\">winkelen<\/a><\/strong><\/p>\n\n\n\n<h3 class=\"wp-block-heading\">Bouw je lijst met Openrunner<\/h3>\n\n\n\n<figure class=\"wp-block-image size-full\"><a href=\"https:\/\/www.openrunner.com\/\" target=\"_blank\" rel=\" noreferrer noopener\"><img loading=\"lazy\" decoding=\"async\" width=\"183\" height=\"44\" src=\"https:\/\/centcols.org\/wp-content\/uploads\/2025\/08\/logo-openrunner.png\" alt=\"\" class=\"wp-image-88503\"\/><\/a><\/figure>\n\n\n\n<p><strong>Handleiding voor het opstellen van de eerste lijst met halsbanden :<br><\/strong><br>Ga naar de website :&nbsp;<a href=\"https:\/\/www.openrunner.com\/\" target=\"_blank\" rel=\"noreferrer noopener\">https:\/\/www.openrunner.com\/<\/a><br>Als je nog geen account hebt, selecteer dan \u00bbRegistreren\u00bb (rechtsboven):<\/p>\n\n\n\n<figure class=\"wp-block-image size-full\"><img loading=\"lazy\" decoding=\"async\" width=\"463\" height=\"62\" src=\"https:\/\/centcols.org\/wp-content\/uploads\/2025\/02\/OR15.jpg\" alt=\"\" class=\"wp-image-79529\"\/><\/figure>\n\n\n\n<p>Zodra je een account hebt aangemaakt, log je in en om de locatie van de passen op de kaart te zien, klik je op een route maken en vervolgens op een gpx-bestand maken (of importeren) als je een route op je GPS hebt opgeslagen.<\/p>\n\n\n\n<figure class=\"wp-block-image size-full is-resized\"><img loading=\"lazy\" decoding=\"async\" width=\"852\" height=\"305\" src=\"https:\/\/centcols.org\/wp-content\/uploads\/2025\/02\/OR2.jpg\" alt=\"\" class=\"wp-image-79516\" style=\"width:600px\" srcset=\"https:\/\/centcols.org\/wp-content\/uploads\/2025\/02\/OR2.jpg 852w, https:\/\/centcols.org\/wp-content\/uploads\/2025\/02\/OR2-768x275.jpg 768w, https:\/\/centcols.org\/wp-content\/uploads\/2025\/02\/OR2-600x215.jpg 600w\" sizes=\"auto, (max-width: 852px) 100vw, 852px\" \/><\/figure>\n\n\n\n<p>Aan de rechterkant van de kaart, bovenaan, staat een pictogram dat een berg voorstelt. Als je er met je muis overheen gaat, verschijnt er een melding dat het pictogram wordt gebruikt om bergpassen weer te geven.<\/p>\n\n\n\n<figure class=\"wp-block-image size-full\"><img loading=\"lazy\" decoding=\"async\" width=\"222\" height=\"151\" src=\"https:\/\/centcols.org\/wp-content\/uploads\/2025\/02\/OR4-1.jpg\" alt=\"\" class=\"wp-image-79518\"\/><\/figure>\n\n\n\n<p>Als je op het pictogram klikt, verschijnt er een 4-keuzescherm.<\/p>\n\n\n\n<figure class=\"wp-block-image size-full\"><img loading=\"lazy\" decoding=\"async\" width=\"483\" height=\"371\" src=\"https:\/\/centcols.org\/wp-content\/uploads\/2025\/02\/OR5.jpg\" alt=\"\" class=\"wp-image-79519\"\/><\/figure>\n\n\n\n<p>Als je \"Wegpassen\" en \"Muilezelpassen\" selecteert, toont de kaart alle door de Club des Cent Cols erkende passen, de wegpassen met een zwart pictogram en de muilezelpassen met een rood pictogram.<\/p>\n\n\n\n<figure class=\"wp-block-image size-full\"><img loading=\"lazy\" decoding=\"async\" width=\"280\" height=\"199\" src=\"https:\/\/centcols.org\/wp-content\/uploads\/2025\/02\/OR6.jpg\" alt=\"\" class=\"wp-image-79520\"\/><\/figure>\n\n\n\n<p>Als u op een halsband klikt, wordt er een venster geopend met informatie over de halsband. We zijn ge\u00efnteresseerd in de sectie \u00abHalsbanden verzamelen\u00bb.<\/p>\n\n\n\n<figure class=\"wp-block-image size-full\"><img loading=\"lazy\" decoding=\"async\" width=\"383\" height=\"294\" src=\"https:\/\/centcols.org\/wp-content\/uploads\/2025\/02\/OR7.jpg\" alt=\"\" class=\"wp-image-79521\"\/><\/figure>\n\n\n\n<p>Klik om halsbanden te verzamelen en uw verzameling halsbanden kan beginnen!<\/p>\n\n\n\n<figure class=\"wp-block-image size-full\"><img loading=\"lazy\" decoding=\"async\" width=\"339\" height=\"281\" src=\"https:\/\/centcols.org\/wp-content\/uploads\/2025\/02\/OR8.jpg\" alt=\"\" class=\"wp-image-79522\"\/><\/figure>\n\n\n\n<p>Als je op \u00abCol gravi\u00bb klikt, wordt de pas groen omcirkeld, of blauw als je op \u00abCol \u00e0 faire\u00bb klikt.\u00bb<\/p>\n\n\n\n<figure class=\"wp-block-gallery has-nested-images columns-default is-cropped wp-block-gallery-1 is-layout-flex wp-block-gallery-is-layout-flex\">\n<figure class=\"wp-block-image size-large\"><img loading=\"lazy\" decoding=\"async\" width=\"290\" height=\"185\" data-id=\"79523\" src=\"https:\/\/centcols.org\/wp-content\/uploads\/2025\/02\/OR9.jpg\" alt=\"\" class=\"wp-image-79523\"\/><\/figure>\n\n\n\n<figure class=\"wp-block-image size-large\"><img loading=\"lazy\" decoding=\"async\" width=\"249\" height=\"195\" data-id=\"79524\" src=\"https:\/\/centcols.org\/wp-content\/uploads\/2025\/02\/OR10.jpg\" alt=\"\" class=\"wp-image-79524\"\/><\/figure>\n<\/figure>\n\n\n\n<p>Je begrijpt nu wat het doel is van de 2 vinkjes \u00abtoon alleen mijn beklommen passen\u00bb of \u00abtoon alleen mijn geplande passen\u00bb die je tegenkwam toen je de pasweergave opende:<\/p>\n\n\n\n<figure class=\"wp-block-image size-full\"><img loading=\"lazy\" decoding=\"async\" width=\"483\" height=\"371\" src=\"https:\/\/centcols.org\/wp-content\/uploads\/2025\/02\/OR5.jpg\" alt=\"\" class=\"wp-image-79519\"\/><\/figure>\n\n\n\n<p>Zodra je alle passen hebt afgevinkt die je hebt beklommen, ga je naar je ruimte (toegankelijk via je accountnaam in de rechterbovenhoek van je scherm):&nbsp;<\/p>\n\n\n\n<figure class=\"wp-block-image size-full\"><img loading=\"lazy\" decoding=\"async\" width=\"543\" height=\"278\" src=\"https:\/\/centcols.org\/wp-content\/uploads\/2025\/02\/OR11.jpg\" alt=\"\" class=\"wp-image-79525\"\/><\/figure>\n\n\n\n<p>kies Club des Cent Cols in de linker zijbalk.<\/p>\n\n\n\n<figure class=\"wp-block-image size-full\"><img loading=\"lazy\" decoding=\"async\" width=\"282\" height=\"468\" src=\"https:\/\/centcols.org\/wp-content\/uploads\/2025\/02\/OR12.jpg\" alt=\"\" class=\"wp-image-79526\"\/><\/figure>\n\n\n\n<p>Als je het doel van 100 passen hebt bereikt, waarvan 5 boven (of gelijk aan) 2000 m, hoef je alleen maar op \u00abverzenden voor validatie\u00bb te klikken.<\/p>\n\n\n\n<figure class=\"wp-block-image size-full\"><img loading=\"lazy\" decoding=\"async\" width=\"725\" height=\"227\" src=\"https:\/\/centcols.org\/wp-content\/uploads\/2025\/02\/OR13.jpg\" alt=\"\" class=\"wp-image-79527\" srcset=\"https:\/\/centcols.org\/wp-content\/uploads\/2025\/02\/OR13.jpg 725w, https:\/\/centcols.org\/wp-content\/uploads\/2025\/02\/OR13-600x188.jpg 600w\" sizes=\"auto, (max-width: 725px) 100vw, 725px\" \/><\/figure>\n\n\n\n<p>Er wordt dan automatisch een bestand in csv-formaat gemaakt, dat compatibel is met Excel, Open Office of Libre Office.<\/p>\n\n\n\n<figure class=\"wp-block-image size-full\"><img loading=\"lazy\" decoding=\"async\" width=\"457\" height=\"260\" src=\"https:\/\/centcols.org\/wp-content\/uploads\/2025\/02\/OR14.jpg\" alt=\"\" class=\"wp-image-79528\"\/><\/figure>\n\n\n\n<p>Opslaan: Dit is het bestand dat je moet meesturen met je registratieverzoek.<\/p>\n\n\n\n<h3 class=\"wp-block-heading\">Bouw je lijst op met Ccway<\/h3>\n\n\n\n<p>Vereist het gebruik van Google Earth of andere kaartensoftware (basecamp, compegps, andere...)<\/p>\n\n\n\n<p>Korte handleiding voor weergave op Google Earth: klik op de website van de Club voor niet-leden op \u00abPasses\u00bb en vervolgens op \u00abCCway\u00bb. Klik op de kaartpagina op de vlag van het land dat je wilt zien en kies dan \u00abkaartselectie\u00bb, het pas-type bijvoorbeeld \u00abwegpas\u00bb en \u00abKML\u00bb. Klik om een veelhoek te maken op de kaart rond de regio die je wilt. Klik vervolgens op de knop met de pijl omlaag en de bijbehorende passen zouden op Google Earth moeten verschijnen.<\/p>\n\n\n\n<p>Aarzel niet om contact op te nemen met onze Secretaris Lidmaatschap, :&nbsp;<a href=\"\/nl\/&\/#x6d;&#x61;&#x69;&#x6c;&#x74;&#x6f;&#x3a;&#x69;&#x6e;&#x73;&#x63;&#x72;&#x69;&#x70;&#x74;&#x69;&#x6f;&#x6e;&#x73;&#x40;&#x63;&#x65;&#x6e;&#x74;&#x63;&#x6f;&#x6c;&#x73;&#x2e;&#x6f;&#x72;&#x67;\">inscriptions@centcols.org<\/a><\/p>","protected":false},"excerpt":{"rendered":"<p>Nous Rejoindre ! Vous partagez notre passion pour la montagne, vous aimez franchir des cols&nbsp;! &nbsp;C\u2019est la vocation de notre confr\u00e9rie&nbsp;!&nbsp; Nous accueillons chaleureusement les nouveaux membres, de tous \u00e2ges, de toutes nationalit\u00e9s, de tous niveaux et de toutes disciplines du cyclisme. Alors, venez nous rejoindre ! O\u00f9 en \u00eates-vous&nbsp;? 1\u00b0) Vous avez grimp\u00e9 un [&hellip;]<\/p>\n","protected":false},"author":2,"featured_media":623,"parent":0,"menu_order":0,"comment_status":"open","ping_status":"closed","template":"","meta":{"_acf_changed":false,"footnotes":""},"class_list":["post-79514","page","type-page","status-publish","has-post-thumbnail","hentry"],"acf":[],"yoast_head":"<!-- This site is optimized with the Yoast SEO plugin v27.2 - https:\/\/yoast.com\/product\/yoast-seo-wordpress\/ -->\n<title>Comment faire ? - Club des Cent Cols<\/title>\n<meta name=\"robots\" content=\"index, follow, max-snippet:-1, max-image-preview:large, max-video-preview:-1\" \/>\n<link rel=\"canonical\" href=\"https:\/\/centcols.org\/nl\/wat-te-doen\/\" \/>\n<meta property=\"og:locale\" content=\"nl_BE\" \/>\n<meta property=\"og:type\" content=\"article\" \/>\n<meta property=\"og:title\" content=\"Comment faire ? - Club des Cent Cols\" \/>\n<meta property=\"og:description\" content=\"Nous Rejoindre ! Vous partagez notre passion pour la montagne, vous aimez franchir des cols&nbsp;! &nbsp;C\u2019est la vocation de notre confr\u00e9rie&nbsp;!&nbsp; Nous accueillons chaleureusement les nouveaux membres, de tous \u00e2ges, de toutes nationalit\u00e9s, de tous niveaux et de toutes disciplines du cyclisme. Alors, venez nous rejoindre ! O\u00f9 en \u00eates-vous&nbsp;? 1\u00b0) Vous avez grimp\u00e9 un [&hellip;]\" \/>\n<meta property=\"og:url\" content=\"https:\/\/centcols.org\/nl\/wat-te-doen\/\" \/>\n<meta property=\"og:site_name\" content=\"Club des Cent Cols\" \/>\n<meta property=\"article:publisher\" content=\"https:\/\/www.facebook.com\/groups\/5261880558\/?locale=fr_FR\" \/>\n<meta property=\"article:modified_time\" content=\"2025-09-14T15:32:39+00:00\" \/>\n<meta property=\"og:image\" content=\"https:\/\/centcols.org\/wp-content\/uploads\/2025\/01\/club-cent-cols-challenges-velo.jpg\" \/>\n\t<meta property=\"og:image:width\" content=\"1500\" \/>\n\t<meta property=\"og:image:height\" content=\"1000\" \/>\n\t<meta property=\"og:image:type\" content=\"image\/jpeg\" \/>\n<meta name=\"twitter:card\" content=\"summary_large_image\" \/>\n<meta name=\"twitter:label1\" content=\"Geschatte leestijd\" \/>\n\t<meta name=\"twitter:data1\" content=\"8 minuten\" \/>\n<script type=\"application\/ld+json\" class=\"yoast-schema-graph\">{\"@context\":\"https:\/\/schema.org\",\"@graph\":[{\"@type\":\"WebPage\",\"@id\":\"https:\/\/centcols.org\/comment-faire\/\",\"url\":\"https:\/\/centcols.org\/comment-faire\/\",\"name\":\"Comment faire ? - Club des Cent Cols\",\"isPartOf\":{\"@id\":\"https:\/\/centcols.org\/#website\"},\"primaryImageOfPage\":{\"@id\":\"https:\/\/centcols.org\/comment-faire\/#primaryimage\"},\"image\":{\"@id\":\"https:\/\/centcols.org\/comment-faire\/#primaryimage\"},\"thumbnailUrl\":\"https:\/\/centcols.org\/wp-content\/uploads\/2025\/01\/club-cent-cols-challenges-velo.jpg\",\"datePublished\":\"2025-02-05T08:07:17+00:00\",\"dateModified\":\"2025-09-14T15:32:39+00:00\",\"breadcrumb\":{\"@id\":\"https:\/\/centcols.org\/comment-faire\/#breadcrumb\"},\"inLanguage\":\"nl-BE\",\"potentialAction\":[{\"@type\":\"ReadAction\",\"target\":[\"https:\/\/centcols.org\/comment-faire\/\"]}]},{\"@type\":\"ImageObject\",\"inLanguage\":\"nl-BE\",\"@id\":\"https:\/\/centcols.org\/comment-faire\/#primaryimage\",\"url\":\"https:\/\/centcols.org\/wp-content\/uploads\/2025\/01\/club-cent-cols-challenges-velo.jpg\",\"contentUrl\":\"https:\/\/centcols.org\/wp-content\/uploads\/2025\/01\/club-cent-cols-challenges-velo.jpg\",\"width\":1500,\"height\":1000,\"caption\":\"col \u00e0 v\u00e9lo - cyclotourisme en montagne - v\u00e9lo en montagne\"},{\"@type\":\"BreadcrumbList\",\"@id\":\"https:\/\/centcols.org\/comment-faire\/#breadcrumb\",\"itemListElement\":[{\"@type\":\"ListItem\",\"position\":1,\"name\":\"Accueil\",\"item\":\"https:\/\/centcols.org\/\"},{\"@type\":\"ListItem\",\"position\":2,\"name\":\"Comment faire ?\"}]},{\"@type\":\"WebSite\",\"@id\":\"https:\/\/centcols.org\/#website\",\"url\":\"https:\/\/centcols.org\/\",\"name\":\"Club des Cent Cols\",\"description\":\"\",\"publisher\":{\"@id\":\"https:\/\/centcols.org\/#organization\"},\"potentialAction\":[{\"@type\":\"SearchAction\",\"target\":{\"@type\":\"EntryPoint\",\"urlTemplate\":\"https:\/\/centcols.org\/?s={search_term_string}\"},\"query-input\":{\"@type\":\"PropertyValueSpecification\",\"valueRequired\":true,\"valueName\":\"search_term_string\"}}],\"inLanguage\":\"nl-BE\"},{\"@type\":\"Organization\",\"@id\":\"https:\/\/centcols.org\/#organization\",\"name\":\"Club des Cent Cols\",\"url\":\"https:\/\/centcols.org\/\",\"logo\":{\"@type\":\"ImageObject\",\"inLanguage\":\"nl-BE\",\"@id\":\"https:\/\/centcols.org\/#\/schema\/logo\/image\/\",\"url\":\"https:\/\/centcols.org\/wp-content\/uploads\/2025\/01\/carte-icone.png\",\"contentUrl\":\"https:\/\/centcols.org\/wp-content\/uploads\/2025\/01\/carte-icone.png\",\"width\":250,\"height\":250,\"caption\":\"Club des Cent Cols\"},\"image\":{\"@id\":\"https:\/\/centcols.org\/#\/schema\/logo\/image\/\"},\"sameAs\":[\"https:\/\/www.facebook.com\/groups\/5261880558\/?locale=fr_FR\"]}]}<\/script>\n<!-- \/ Yoast SEO plugin. -->","yoast_head_json":{"title":"Hoe er te komen - Club van Cent Cols","robots":{"index":"index","follow":"follow","max-snippet":"max-snippet:-1","max-image-preview":"max-image-preview:large","max-video-preview":"max-video-preview:-1"},"canonical":"https:\/\/centcols.org\/nl\/wat-te-doen\/","og_locale":"nl_BE","og_type":"article","og_title":"Comment faire ? - Club des Cent Cols","og_description":"Nous Rejoindre ! Vous partagez notre passion pour la montagne, vous aimez franchir des cols&nbsp;! &nbsp;C\u2019est la vocation de notre confr\u00e9rie&nbsp;!&nbsp; Nous accueillons chaleureusement les nouveaux membres, de tous \u00e2ges, de toutes nationalit\u00e9s, de tous niveaux et de toutes disciplines du cyclisme. Alors, venez nous rejoindre ! O\u00f9 en \u00eates-vous&nbsp;? 1\u00b0) Vous avez grimp\u00e9 un [&hellip;]","og_url":"https:\/\/centcols.org\/nl\/wat-te-doen\/","og_site_name":"Club des Cent Cols","article_publisher":"https:\/\/www.facebook.com\/groups\/5261880558\/?locale=fr_FR","article_modified_time":"2025-09-14T15:32:39+00:00","og_image":[{"width":1500,"height":1000,"url":"https:\/\/centcols.org\/wp-content\/uploads\/2025\/01\/club-cent-cols-challenges-velo.jpg","type":"image\/jpeg"}],"twitter_card":"summary_large_image","twitter_misc":{"Geschatte leestijd":"8 minuten"},"schema":{"@context":"https:\/\/schema.org","@graph":[{"@type":"WebPage","@id":"https:\/\/centcols.org\/comment-faire\/","url":"https:\/\/centcols.org\/comment-faire\/","name":"Hoe er te komen - Club van Cent Cols","isPartOf":{"@id":"https:\/\/centcols.org\/#website"},"primaryImageOfPage":{"@id":"https:\/\/centcols.org\/comment-faire\/#primaryimage"},"image":{"@id":"https:\/\/centcols.org\/comment-faire\/#primaryimage"},"thumbnailUrl":"https:\/\/centcols.org\/wp-content\/uploads\/2025\/01\/club-cent-cols-challenges-velo.jpg","datePublished":"2025-02-05T08:07:17+00:00","dateModified":"2025-09-14T15:32:39+00:00","breadcrumb":{"@id":"https:\/\/centcols.org\/comment-faire\/#breadcrumb"},"inLanguage":"nl-BE","potentialAction":[{"@type":"ReadAction","target":["https:\/\/centcols.org\/comment-faire\/"]}]},{"@type":"ImageObject","inLanguage":"nl-BE","@id":"https:\/\/centcols.org\/comment-faire\/#primaryimage","url":"https:\/\/centcols.org\/wp-content\/uploads\/2025\/01\/club-cent-cols-challenges-velo.jpg","contentUrl":"https:\/\/centcols.org\/wp-content\/uploads\/2025\/01\/club-cent-cols-challenges-velo.jpg","width":1500,"height":1000,"caption":"col \u00e0 v\u00e9lo - cyclotourisme en montagne - v\u00e9lo en montagne"},{"@type":"BreadcrumbList","@id":"https:\/\/centcols.org\/comment-faire\/#breadcrumb","itemListElement":[{"@type":"ListItem","position":1,"name":"Accueil","item":"https:\/\/centcols.org\/"},{"@type":"ListItem","position":2,"name":"Comment faire ?"}]},{"@type":"WebSite","@id":"https:\/\/centcols.org\/#website","url":"https:\/\/centcols.org\/","name":"Club van Cent Cols","description":"","publisher":{"@id":"https:\/\/centcols.org\/#organization"},"potentialAction":[{"@type":"SearchAction","target":{"@type":"EntryPoint","urlTemplate":"https:\/\/centcols.org\/?s={search_term_string}"},"query-input":{"@type":"PropertyValueSpecification","valueRequired":true,"valueName":"search_term_string"}}],"inLanguage":"nl-BE"},{"@type":"Organization","@id":"https:\/\/centcols.org\/#organization","name":"Club van Cent Cols","url":"https:\/\/centcols.org\/","logo":{"@type":"ImageObject","inLanguage":"nl-BE","@id":"https:\/\/centcols.org\/#\/schema\/logo\/image\/","url":"https:\/\/centcols.org\/wp-content\/uploads\/2025\/01\/carte-icone.png","contentUrl":"https:\/\/centcols.org\/wp-content\/uploads\/2025\/01\/carte-icone.png","width":250,"height":250,"caption":"Club des Cent Cols"},"image":{"@id":"https:\/\/centcols.org\/#\/schema\/logo\/image\/"},"sameAs":["https:\/\/www.facebook.com\/groups\/5261880558\/?locale=fr_FR"]}]}},"_links":{"self":[{"href":"https:\/\/centcols.org\/nl\/wp-json\/wp\/v2\/pages\/79514","targetHints":{"allow":["GET"]}}],"collection":[{"href":"https:\/\/centcols.org\/nl\/wp-json\/wp\/v2\/pages"}],"about":[{"href":"https:\/\/centcols.org\/nl\/wp-json\/wp\/v2\/types\/page"}],"author":[{"embeddable":true,"href":"https:\/\/centcols.org\/nl\/wp-json\/wp\/v2\/users\/2"}],"replies":[{"embeddable":true,"href":"https:\/\/centcols.org\/nl\/wp-json\/wp\/v2\/comments?post=79514"}],"version-history":[{"count":0,"href":"https:\/\/centcols.org\/nl\/wp-json\/wp\/v2\/pages\/79514\/revisions"}],"wp:featuredmedia":[{"embeddable":true,"href":"https:\/\/centcols.org\/nl\/wp-json\/wp\/v2\/media\/623"}],"wp:attachment":[{"href":"https:\/\/centcols.org\/nl\/wp-json\/wp\/v2\/media?parent=79514"}],"curies":[{"name":"wp","href":"https:\/\/api.w.org\/{rel}","templated":true}]}}