{"id":79554,"date":"2025-02-05T10:08:06","date_gmt":"2025-02-05T08:08:06","guid":{"rendered":"https:\/\/centcols.org\/adresses-de-contact\/"},"modified":"2025-10-17T19:29:46","modified_gmt":"2025-10-17T17:29:46","slug":"contactadressen","status":"publish","type":"page","link":"https:\/\/centcols.org\/nl\/adresses-de-contact\/","title":{"rendered":"Contactadressen"},"content":{"rendered":"\n<p>Pour conna\u00eetre les conditions d\u2019inscription au Club des Cent Cols ou pour savoir comment verser sa <a href=\"https:\/\/centcols.org\/cotisation-annuelle\/\">cotisation annuelle<\/a>, consultez les rubriques\u00a0<a href=\"https:\/\/centcols.org\/regle-du-jeu\/\" target=\"_blank\" rel=\"noreferrer noopener\">R\u00e8gle du jeu<\/a>,\u00a0<a href=\"https:\/\/centcols.org\/nous-rejoindre\/\" target=\"_blank\" rel=\"noreferrer noopener\">nous rejoindre<\/a>,\u00a0<a href=\"https:\/\/centcols.org\/cotisation-annuelle\/\" target=\"_blank\" rel=\"noreferrer noopener\">renouvellement adh\u00e9sion<\/a>.<\/p>\n\n\n\n<div class=\"wp-block-columns is-layout-flex wp-container-core-columns-is-layout-9d6595d7 wp-block-columns-is-layout-flex\">\n<div class=\"wp-block-column is-layout-flow wp-block-column-is-layout-flow\">\n<h2 class=\"wp-block-heading\">ADRESSES E-MAIL<\/h2>\n\n\n\n<ul class=\"wp-block-list\">\n<li>Renseignements :&nbsp;<a href=\"&#x6d;a&#x69;l&#x74;&#111;&#x3a;&#105;n&#x66;o&#x40;&#99;&#x65;&#110;&#x74;&#99;o&#x6c;s&#x2e;&#111;&#x72;&#103;\">i&#110;&#102;&#x6f;&#x40;&#x63;en&#116;&#99;&#x6f;&#x6c;&#x73;&#46;&#111;&#114;&#103;<\/a><\/li>\n\n\n\n<li>Support technique informatique :&nbsp;<a href=\"m&#97;&#105;&#108;&#x74;&#x6f;&#x3a;as&#115;&#105;&#x73;&#x74;&#x61;&#x6e;ce&#64;&#99;&#x65;&#x6e;&#x74;&#x63;o&#108;&#115;&#46;&#x6f;&#x72;&#x67;\">a&#115;&#115;&#x69;&#x73;&#x74;an&#99;&#101;&#x40;&#x63;&#x65;n&#116;&#99;&#111;&#x6c;&#x73;&#x2e;o&#114;&#103;<\/a><\/li>\n\n\n\n<li>Envoi d\u2019albums-photos pour le site :&nbsp;<a href=\"&#x6d;a&#x69;&#108;&#x74;&#111;&#x3a;&#x70;h&#x6f;&#116;&#x6f;&#115;&#x40;&#99;e&#x6e;&#116;&#x63;&#111;&#x6c;&#115;&#46;&#x6f;&#114;&#x67;\">&#x70;&#x68;&#x6f;&#x74;&#x6f;&#x73;&#x40;&#x63;&#x65;&#x6e;&#x74;&#x63;&#x6f;&#x6c;&#x73;&#x2e;&#x6f;&#x72;&#x67;<\/a><\/li>\n\n\n\n<li>Envoi photos de cols (panneaux, paysages) :&nbsp;<a href=\"https:\/\/centcols.org\/photos-de-cols\/\" target=\"_blank\" rel=\"noreferrer noopener\">voir instructions<\/a><\/li>\n\n\n\n<li>Envoi d\u2019articles et photos pour la revue :&nbsp;<a href=\"&#x6d;a&#x69;&#108;&#x74;&#x6f;:&#x72;&#101;&#x64;&#x61;c&#x74;&#105;&#x6f;&#x6e;&#64;&#x63;&#101;&#x6e;&#x74;c&#x6f;&#108;&#x73;&#x2e;o&#x72;&#103;\">&#114;&#x65;d&#x61;&#x63;&#116;&#x69;o&#x6e;&#x40;&#99;&#x65;n&#x74;&#x63;&#111;&#x6c;s&#x2e;&#x6f;&#114;&#x67;<\/a><\/li>\n\n\n\n<li>Envoi parcours OpenRunner :&nbsp;<a href=\"ma&#105;&#108;&#x74;&#x6f;&#x3a;&#x70;ar&#99;&#111;&#x75;&#x72;&#x73;&#x2d;or&#64;&#99;&#101;&#x6e;&#x74;&#x63;&#x6f;ls&#46;&#111;&#x72;&#x67;\">&#112;&#x61;&#114;&#x63;o&#117;&#x72;&#115;&#x2d;o&#x72;&#64;&#99;&#x65;&#110;&#x74;c&#x6f;&#x6c;&#115;&#x2e;o&#x72;g<\/a><\/li>\n\n\n\n<li>Boutique v\u00eatements :&nbsp;<a href=\"&#x6d;&#x61;&#x69;&#x6c;&#x74;&#111;&#58;&#98;&#111;uti&#x71;&#x75;&#x65;&#x40;&#x63;&#x65;&#110;&#116;&#99;ols&#x2e;&#x6f;&#x72;&#x67;\">b&#111;&#117;&#116;&#x69;&#x71;&#x75;e&#64;&#99;&#101;&#x6e;&#x74;&#x63;&#x6f;ls&#46;&#111;&#x72;&#x67;<\/a><\/li>\n\n\n\n<li>Librairie (catalogues et papeterie) :&nbsp;<a href=\"&#x6d;&#x61;&#x69;&#x6c;&#116;&#111;&#58;&#108;ibr&#x61;&#x69;&#x72;&#x69;&#x65;&#64;&#99;&#101;ntc&#x6f;&#x6c;&#x73;&#x2e;&#x6f;&#114;&#103;\">&#x6c;&#x69;&#x62;&#x72;&#x61;&#x69;&#x72;&#x69;&#x65;&#x40;&#x63;&#101;&#110;&#116;&#99;&#111;&#108;&#115;&#46;org<\/a><\/li>\n\n\n\n<li>Propositions \/ rectifications de cols :&nbsp;<a href=\"&#x6d;&#97;i&#x6c;&#x74;&#111;:&#x63;&#111;l&#x73;&#x40;&#99;e&#x6e;&#116;c&#x6f;&#x6c;&#115;&#46;&#x6f;&#x72;&#103;\">&#99;&#111;&#x6c;&#x73;&#64;&#99;&#x65;&#x6e;&#116;&#99;&#x6f;&#x6c;&#115;&#46;&#x6f;&#x72;&#103;<\/a><\/li>\n\n\n\n<li>Commission s\u00e9jours, rassemblements et \u00e9v\u00e9nements :&nbsp;<a href=\"&#109;&#x61;&#105;&#x6c;&#116;&#x6f;:&#x73;e&#x6a;o&#117;&#x72;&#115;&#x40;&#99;&#x65;&#110;&#x74;c&#x6f;l&#x73;&#46;&#111;&#x72;&#103;\">sejours&#64;cent&#99;&#111;&#108;&#115;&#46;&#111;&#114;&#103;<\/a><\/li>\n\n\n\n<li>Adresse pour envoi photos des membres :&nbsp;<a href=\"&#x6d;&#x61;&#105;&#108;to&#x3a;&#x70;&#x68;&#111;to&#x64;&#x65;&#x6d;&#101;&#109;b&#x72;&#x65;&#x40;&#99;&#101;n&#x74;&#x63;&#x6f;&#108;&#115;&#46;o&#x72;&#x67;\">p&#104;&#111;&#x74;&#x6f;d&#101;&#109;&#x65;&#x6d;&#x62;r&#101;&#64;&#x63;&#x65;nt&#99;&#x6f;&#x6c;&#x73;&#46;&#111;&#114;&#x67;<\/a><\/li>\n\n\n\n<li>La Gazette&nbsp;<a href=\"m&#97;&#105;&#x6c;&#x74;o:&#103;&#97;&#x7a;&#x65;tt&#101;&#64;&#x63;&#x65;nt&#99;&#x6f;&#x6c;&#x73;&#46;&#111;&#114;&#x67;\">&#x67;&#97;z&#x65;&#116;t&#x65;&#64;c&#x65;&#x6e;&#116;&#x63;&#x6f;&#108;s&#x2e;&#111;r&#x67;<\/a><\/li>\n<\/ul>\n<\/div>\n<\/div>\n\n\n\n<p><em>Les membres doivent contacter <a href=\"https:\/\/centcols.org\/les-delegues-et-autres-benevoles\/\">leur d\u00e9l\u00e9gu\u00e9 territorial ou national<\/a> pour tout ce qui a trait \u00e0 leurs listes de cols et \u00e0 leurs cotisations<\/em>.<\/p>\n\n\n\n<h2 class=\"wp-block-heading\" id=\"nous-contacter\">Nous contacter<\/h2>\n\n\n<div class=\"wpforms-container wpforms-container-full wpforms-block wpforms-block-4b3180c3-ca87-4836-a546-4e72b0399b0b\" id=\"wpforms-50\"><form id=\"wpforms-form-50\" class=\"wpforms-validate wpforms-form\" data-formid=\"50\" method=\"post\" enctype=\"multipart\/form-data\" action=\"\/nl\/wp-json\/wp\/v2\/pages\/79554\" data-token=\"cf901842b5d3939c19734db7e4c11b41\" data-token-time=\"1777408819\"><noscript class=\"wpforms-error-noscript\">Schakel JavaScript in je browser in om dit formulier in te vullen.<\/noscript><div class=\"wpforms-field-container\"><div id=\"wpforms-50-field_0-container\" class=\"wpforms-field wpforms-field-name\" data-field-id=\"0\"><label class=\"wpforms-field-label\" for=\"wpforms-50-field_0\">Nom <span class=\"wpforms-required-label\">*<\/span><\/label><div class=\"wpforms-field-row wpforms-field-large\"><div class=\"wpforms-field-row-block wpforms-first wpforms-one-half\"><input type=\"text\" id=\"wpforms-50-field_0\" class=\"wpforms-field-name-first wpforms-field-required\" name=\"wpforms[fields][0][first]\" placeholder=\"Pr\u00e9nom\" required><label for=\"wpforms-50-field_0\" class=\"wpforms-field-sublabel after wpforms-sublabel-hide\">Voornaam<\/label><\/div><div class=\"wpforms-field-row-block wpforms-one-half\"><input type=\"text\" id=\"wpforms-50-field_0-last\" class=\"wpforms-field-name-last wpforms-field-required\" name=\"wpforms[fields][0][last]\" placeholder=\"Nom\" required><label for=\"wpforms-50-field_0-last\" class=\"wpforms-field-sublabel after wpforms-sublabel-hide\">Achternaam<\/label><\/div><\/div><\/div><div id=\"wpforms-50-field_1-container\" class=\"wpforms-field wpforms-field-email\" data-field-id=\"1\"><label class=\"wpforms-field-label\" for=\"wpforms-50-field_1\">E-mail <span class=\"wpforms-required-label\">*<\/span><\/label><input type=\"email\" id=\"wpforms-50-field_1\" class=\"wpforms-field-large wpforms-field-required\" name=\"wpforms[fields][1]\" placeholder=\"E-mail\" spellcheck=\"false\" required><\/div><div id=\"wpforms-50-field_4-container\" class=\"wpforms-field wpforms-field-text\" data-field-id=\"4\"><label class=\"wpforms-field-label\" for=\"wpforms-50-field_4\">T\u00e9l\u00e9phone<\/label><input type=\"text\" id=\"wpforms-50-field_4\" class=\"wpforms-field-large\" name=\"wpforms[fields][4]\" placeholder=\"T\u00e9l\u00e9phone\" ><\/div><div id=\"wpforms-50-field_2-container\" class=\"wpforms-field wpforms-field-textarea\" data-field-id=\"2\"><label class=\"wpforms-field-label\" for=\"wpforms-50-field_2\">Votre message <span class=\"wpforms-required-label\">*<\/span><\/label><textarea id=\"wpforms-50-field_2\" class=\"wpforms-field-medium wpforms-field-required\" name=\"wpforms[fields][2]\" placeholder=\"Commentaire ou message\" required><\/textarea><\/div><\/div><!-- .wpforms-field-container --><div class=\"wpforms-recaptcha-container wpforms-is-recaptcha wpforms-is-recaptcha-type-v3\" ><input type=\"hidden\" name=\"wpforms[recaptcha]\" value=\"\"><\/div><div class=\"wpforms-submit-container\" ><input type=\"hidden\" name=\"wpforms[id]\" value=\"50\"><input type=\"hidden\" name=\"page_title\" value=\"\"><input type=\"hidden\" name=\"page_url\" value=\"https:\/\/centcols.org\/nl\/wp-json\/wp\/v2\/pages\/79554\"><input type=\"hidden\" name=\"url_referer\" value=\"\"><button type=\"submit\" name=\"wpforms[submit]\" id=\"wpforms-submit-50\" class=\"wpforms-submit\" data-alt-text=\"Envoi...\" data-submit-text=\"Envoyer\" aria-live=\"assertive\" value=\"wpforms-submit\">Envoyer<\/button><\/div><\/form><\/div>  <!-- .wpforms-container -->","protected":false},"excerpt":{"rendered":"<p>Om meer te weten te komen over de voorwaarden om lid te worden van de Club des Cent Cols of hoe je je jaarlijkse contributie kunt betalen, ga naar Spelregels, Lid worden, Lidmaatschap verlengen. E-MAIL ADRES Leden moeten contact opnemen met hun territoriale of nationale afgevaardigde voor alles wat te maken heeft met hun paslijsten en abonnementen. Om contact met ons op te nemen<\/p>","protected":false},"author":2,"featured_media":0,"parent":0,"menu_order":0,"comment_status":"open","ping_status":"closed","template":"","meta":{"_acf_changed":false,"footnotes":""},"class_list":["post-79554","page","type-page","status-publish","hentry"],"acf":[],"yoast_head":"<!-- This site is optimized with the Yoast SEO plugin v27.2 - https:\/\/yoast.com\/product\/yoast-seo-wordpress\/ -->\n<title>Adresses de contact - Club des Cent Cols<\/title>\n<meta name=\"robots\" content=\"index, follow, max-snippet:-1, max-image-preview:large, max-video-preview:-1\" \/>\n<link rel=\"canonical\" href=\"https:\/\/centcols.org\/nl\/contactadressen\/\" \/>\n<meta property=\"og:locale\" content=\"nl_BE\" \/>\n<meta property=\"og:type\" content=\"article\" \/>\n<meta property=\"og:title\" content=\"Adresses de contact - Club des Cent Cols\" \/>\n<meta property=\"og:description\" content=\"Pour conna\u00eetre les conditions d\u2019inscription au Club des Cent Cols ou pour savoir comment verser sa cotisation annuelle, consultez les rubriques\u00a0R\u00e8gle du jeu,\u00a0nous rejoindre,\u00a0renouvellement adh\u00e9sion. ADRESSES E-MAIL Les membres doivent contacter leur d\u00e9l\u00e9gu\u00e9 territorial ou national pour tout ce qui a trait \u00e0 leurs listes de cols et \u00e0 leurs cotisations. Nous contacter\" \/>\n<meta property=\"og:url\" content=\"https:\/\/centcols.org\/nl\/contactadressen\/\" \/>\n<meta property=\"og:site_name\" content=\"Club des Cent Cols\" \/>\n<meta property=\"article:publisher\" content=\"https:\/\/www.facebook.com\/groups\/5261880558\/?locale=fr_FR\" \/>\n<meta property=\"article:modified_time\" content=\"2025-10-17T17:29:46+00:00\" \/>\n<meta name=\"twitter:card\" content=\"summary_large_image\" \/>\n<meta name=\"twitter:label1\" content=\"Geschatte leestijd\" \/>\n\t<meta name=\"twitter:data1\" content=\"1 minuut\" \/>\n<script type=\"application\/ld+json\" class=\"yoast-schema-graph\">{\"@context\":\"https:\/\/schema.org\",\"@graph\":[{\"@type\":\"WebPage\",\"@id\":\"https:\/\/centcols.org\/adresses-de-contact\/\",\"url\":\"https:\/\/centcols.org\/adresses-de-contact\/\",\"name\":\"Adresses de contact - Club des Cent Cols\",\"isPartOf\":{\"@id\":\"https:\/\/centcols.org\/#website\"},\"datePublished\":\"2025-02-05T08:08:06+00:00\",\"dateModified\":\"2025-10-17T17:29:46+00:00\",\"breadcrumb\":{\"@id\":\"https:\/\/centcols.org\/adresses-de-contact\/#breadcrumb\"},\"inLanguage\":\"nl-BE\",\"potentialAction\":[{\"@type\":\"ReadAction\",\"target\":[\"https:\/\/centcols.org\/adresses-de-contact\/\"]}]},{\"@type\":\"BreadcrumbList\",\"@id\":\"https:\/\/centcols.org\/adresses-de-contact\/#breadcrumb\",\"itemListElement\":[{\"@type\":\"ListItem\",\"position\":1,\"name\":\"Accueil\",\"item\":\"https:\/\/centcols.org\/\"},{\"@type\":\"ListItem\",\"position\":2,\"name\":\"Adresses de contact\"}]},{\"@type\":\"WebSite\",\"@id\":\"https:\/\/centcols.org\/#website\",\"url\":\"https:\/\/centcols.org\/\",\"name\":\"Club des Cent Cols\",\"description\":\"\",\"publisher\":{\"@id\":\"https:\/\/centcols.org\/#organization\"},\"potentialAction\":[{\"@type\":\"SearchAction\",\"target\":{\"@type\":\"EntryPoint\",\"urlTemplate\":\"https:\/\/centcols.org\/?s={search_term_string}\"},\"query-input\":{\"@type\":\"PropertyValueSpecification\",\"valueRequired\":true,\"valueName\":\"search_term_string\"}}],\"inLanguage\":\"nl-BE\"},{\"@type\":\"Organization\",\"@id\":\"https:\/\/centcols.org\/#organization\",\"name\":\"Club des Cent Cols\",\"url\":\"https:\/\/centcols.org\/\",\"logo\":{\"@type\":\"ImageObject\",\"inLanguage\":\"nl-BE\",\"@id\":\"https:\/\/centcols.org\/#\/schema\/logo\/image\/\",\"url\":\"https:\/\/centcols.org\/wp-content\/uploads\/2025\/01\/carte-icone.png\",\"contentUrl\":\"https:\/\/centcols.org\/wp-content\/uploads\/2025\/01\/carte-icone.png\",\"width\":250,\"height\":250,\"caption\":\"Club des Cent Cols\"},\"image\":{\"@id\":\"https:\/\/centcols.org\/#\/schema\/logo\/image\/\"},\"sameAs\":[\"https:\/\/www.facebook.com\/groups\/5261880558\/?locale=fr_FR\"]}]}<\/script>\n<!-- \/ Yoast SEO plugin. -->","yoast_head_json":{"title":"Contactadressen - Club des Cent Cols","robots":{"index":"index","follow":"follow","max-snippet":"max-snippet:-1","max-image-preview":"max-image-preview:large","max-video-preview":"max-video-preview:-1"},"canonical":"https:\/\/centcols.org\/nl\/contactadressen\/","og_locale":"nl_BE","og_type":"article","og_title":"Adresses de contact - Club des Cent Cols","og_description":"Pour conna\u00eetre les conditions d\u2019inscription au Club des Cent Cols ou pour savoir comment verser sa cotisation annuelle, consultez les rubriques\u00a0R\u00e8gle du jeu,\u00a0nous rejoindre,\u00a0renouvellement adh\u00e9sion. ADRESSES E-MAIL Les membres doivent contacter leur d\u00e9l\u00e9gu\u00e9 territorial ou national pour tout ce qui a trait \u00e0 leurs listes de cols et \u00e0 leurs cotisations. Nous contacter","og_url":"https:\/\/centcols.org\/nl\/contactadressen\/","og_site_name":"Club des Cent Cols","article_publisher":"https:\/\/www.facebook.com\/groups\/5261880558\/?locale=fr_FR","article_modified_time":"2025-10-17T17:29:46+00:00","twitter_card":"summary_large_image","twitter_misc":{"Geschatte leestijd":"1 minuut"},"schema":{"@context":"https:\/\/schema.org","@graph":[{"@type":"WebPage","@id":"https:\/\/centcols.org\/adresses-de-contact\/","url":"https:\/\/centcols.org\/adresses-de-contact\/","name":"Contactadressen - Club des Cent Cols","isPartOf":{"@id":"https:\/\/centcols.org\/#website"},"datePublished":"2025-02-05T08:08:06+00:00","dateModified":"2025-10-17T17:29:46+00:00","breadcrumb":{"@id":"https:\/\/centcols.org\/adresses-de-contact\/#breadcrumb"},"inLanguage":"nl-BE","potentialAction":[{"@type":"ReadAction","target":["https:\/\/centcols.org\/adresses-de-contact\/"]}]},{"@type":"BreadcrumbList","@id":"https:\/\/centcols.org\/adresses-de-contact\/#breadcrumb","itemListElement":[{"@type":"ListItem","position":1,"name":"Accueil","item":"https:\/\/centcols.org\/"},{"@type":"ListItem","position":2,"name":"Adresses de contact"}]},{"@type":"WebSite","@id":"https:\/\/centcols.org\/#website","url":"https:\/\/centcols.org\/","name":"Club van Cent Cols","description":"","publisher":{"@id":"https:\/\/centcols.org\/#organization"},"potentialAction":[{"@type":"SearchAction","target":{"@type":"EntryPoint","urlTemplate":"https:\/\/centcols.org\/?s={search_term_string}"},"query-input":{"@type":"PropertyValueSpecification","valueRequired":true,"valueName":"search_term_string"}}],"inLanguage":"nl-BE"},{"@type":"Organization","@id":"https:\/\/centcols.org\/#organization","name":"Club van Cent Cols","url":"https:\/\/centcols.org\/","logo":{"@type":"ImageObject","inLanguage":"nl-BE","@id":"https:\/\/centcols.org\/#\/schema\/logo\/image\/","url":"https:\/\/centcols.org\/wp-content\/uploads\/2025\/01\/carte-icone.png","contentUrl":"https:\/\/centcols.org\/wp-content\/uploads\/2025\/01\/carte-icone.png","width":250,"height":250,"caption":"Club des Cent Cols"},"image":{"@id":"https:\/\/centcols.org\/#\/schema\/logo\/image\/"},"sameAs":["https:\/\/www.facebook.com\/groups\/5261880558\/?locale=fr_FR"]}]}},"_links":{"self":[{"href":"https:\/\/centcols.org\/nl\/wp-json\/wp\/v2\/pages\/79554","targetHints":{"allow":["GET"]}}],"collection":[{"href":"https:\/\/centcols.org\/nl\/wp-json\/wp\/v2\/pages"}],"about":[{"href":"https:\/\/centcols.org\/nl\/wp-json\/wp\/v2\/types\/page"}],"author":[{"embeddable":true,"href":"https:\/\/centcols.org\/nl\/wp-json\/wp\/v2\/users\/2"}],"replies":[{"embeddable":true,"href":"https:\/\/centcols.org\/nl\/wp-json\/wp\/v2\/comments?post=79554"}],"version-history":[{"count":0,"href":"https:\/\/centcols.org\/nl\/wp-json\/wp\/v2\/pages\/79554\/revisions"}],"wp:attachment":[{"href":"https:\/\/centcols.org\/nl\/wp-json\/wp\/v2\/media?parent=79554"}],"curies":[{"name":"wp","href":"https:\/\/api.w.org\/{rel}","templated":true}]}}