{"id":84208,"date":"2025-06-25T23:07:56","date_gmt":"2025-06-25T21:07:56","guid":{"rendered":"https:\/\/centcols.org\/?page_id=84208"},"modified":"2025-08-09T15:06:22","modified_gmt":"2025-08-09T13:06:22","slug":"ccway","status":"publish","type":"page","link":"https:\/\/centcols.org\/nl\/ccway\/","title":{"rendered":"ccWay (bergpassen bestand)"},"content":{"rendered":"<div class=\"wp-block-columns is-layout-flex wp-container-core-columns-is-layout-9d6595d7 wp-block-columns-is-layout-flex\">\n<div class=\"wp-block-column is-layout-flow wp-block-column-is-layout-flow\" style=\"flex-basis:66.66%\">        <div class=\"toggle-content-wrapper\">\n            <div class=\"visible-text\">\n                ccWay is een webgebaseerd hulpprogramma op de website van Club des Cent Cols dat een set passen kan extraheren aan de hand van criteria naar keuze. Het kan verschillende gangbare typen geolocatiebestanden uitvoeren, naar keuze van de gebruiker. Het meest direct te gebruiken is om gpx-bestanden te maken voor je GPS, maar je kunt ook andere formaten gebruiken voor je favoriete geolocatiesoftware, zoals Google Earth, MapSource, Carto Exploreur en vele andere.            <\/div>\n            <div class=\"toggle-controls\">\n                <button class=\"toggle-btn read-more-btn\"\n                    data-show-text=\"Afficher moins\"\n                    data-hide-text=\"Lire la suite\">\n                    Meer lezen                <\/button>\n            <\/div>\n            <div class=\"hidden-text\" style=\"display: none;\">\n                Hoewel dit het meest directe gebruik is, is ccWay niet specifiek bedoeld voor gebruikers van GPS-apparaten. De bestanden die door ccWay worden geproduceerd, kunnen worden gebruikt om je uitstapjes en trips op kaarten te plannen, om een 3D-weergave van een groep passen op Google Earth te krijgen en voor vele andere toepassingen die alleen door je verbeelding worden beperkt.<br>Nadat je een land hebt gekozen, kun je de passen selecteren op bestuurlijk niveau (regio, departement, provincie, kanton, deelstaat, enz.), op kaartnummer of een selectie maken met de muis op een interactieve kaart. De aldus verkregen passen kunnen ook worden gefilterd: passen &lt; 2000 m, passen \u2265 2000 m of beide; een of meer moeilijkheidsgraden; ccWay kan ook onderscheid maken tussen de passen die je al hebt beklommen en de passen die je nog moet beklimmen.<br>Met ccWay kun je ook passen filteren op de datum waarop ze werden opgenomen of gewijzigd in de Cent Cols-database, de positie van een specifieke pas zoeken op naam of code, een track op de kaart bekijken vanuit een bestand op je computer of vanuit een Openrunner-route.<br>ccWay werkt volledig online, zonder software op uw computer te installeren. Natuurlijk kunt u desgewenst de software van uw keuze installeren om de door ccWay geproduceerde bestanden te verwerken.            <\/div>\n            <div class=\"toggle-controls-bottom\" style=\"display: none;\">\n                <button class=\"toggle-btn show-less-btn\"\n                    data-show-text=\"Afficher moins\"\n                    data-hide-text=\"Lire la suite\">\n                    Minder tonen                <\/button>\n            <\/div>\n        <\/div>\n    <\/div>\n\n\n\n<div class=\"wp-block-column is-layout-flow wp-block-column-is-layout-flow\" style=\"flex-basis:33.33%\"><div class=\"wp-block-image is-style-default\">\n<figure class=\"aligncenter size-full is-resized\"><img loading=\"lazy\" decoding=\"async\" width=\"346\" height=\"228\" src=\"https:\/\/centcols.org\/wp-content\/uploads\/2025\/05\/exce.jpg\" alt=\"\" class=\"wp-image-81828\" style=\"aspect-ratio:1.7777777777777777;object-fit:cover;width:484px;height:auto\"\/><figcaption class=\"wp-element-caption\"><strong><a href=\"https:\/\/centcols.org\/nl\/util\/geo\/ccway\/\" target=\"_blank\" rel=\"noreferrer noopener\"><\/a><a href=\"https:\/\/centcols.org\/nl\/util\/geo\/ccway\/\" target=\"_blank\" rel=\"noreferrer noopener\">Het hulpprogramma ccWay openen<\/a><\/strong><\/figcaption><\/figure>\n<\/div><\/div>\n<\/div>\n\n\n\n<h2 class=\"wp-block-heading\">Gidsen<\/h2>\n\n\n\n<div class=\"wp-block-query grid-nous-rejoindre is-layout-constrained wp-block-query-is-layout-constrained\"><ul class=\"wp-block-post-template is-layout-grid wp-container-core-post-template-is-layout-424c85b4 wp-block-post-template-is-layout-grid\"><li class=\"wp-block-post post-81825 post type-post status-publish format-standard has-post-thumbnail hentry category-guide-ccway category-tutoriels\">\n\n<div class=\"wp-block-group carte-article\"><div class=\"wp-block-group__inner-container is-layout-constrained wp-block-group-is-layout-constrained\"><figure style=\"aspect-ratio:16\/9;width:100%;\" class=\"wp-block-post-featured-image\"><a href=\"https:\/\/centcols.org\/nl\/guide-dutilisation-ccway\/\" target=\"_self\"  ><img loading=\"lazy\" decoding=\"async\" width=\"346\" height=\"218\" src=\"https:\/\/centcols.org\/wp-content\/uploads\/2025\/05\/exmapsource.jpg\" class=\"attachment-post-thumbnail size-post-thumbnail wp-post-image\" alt=\"ccWay Gebruikershandleiding\" style=\"width:100%;height:100%;object-fit:cover;\" \/><\/a><\/figure>\n\n<h3 style=\"font-size:1.2rem;\" class=\"wp-block-post-title\"><a href=\"https:\/\/centcols.org\/nl\/guide-dutilisation-ccway\/\" target=\"_self\" >ccWay Gebruikershandleiding<\/a><\/h3>\n\n<div class=\"wp-block-post-excerpt\"><p class=\"wp-block-post-excerpt__excerpt\">Notes pr\u00e9liminaires Les r\u00e9glages personnalis\u00e9s de ccWay font l&rsquo;objet de&hellip;<\/p><p class=\"wp-block-post-excerpt__more-text\"><a class=\"wp-block-post-excerpt__more-link\" href=\"https:\/\/centcols.org\/nl\/guide-dutilisation-ccway\/\">Lees meer \u2192<\/a><\/p><\/div><\/div><\/div>\n\n<\/li><li class=\"wp-block-post post-81842 post type-post status-publish format-standard has-post-thumbnail hentry category-guide-ccway category-tutoriels\">\n\n<div class=\"wp-block-group carte-article\"><div class=\"wp-block-group__inner-container is-layout-constrained wp-block-group-is-layout-constrained\"><figure style=\"aspect-ratio:16\/9;width:100%;\" class=\"wp-block-post-featured-image\"><a href=\"https:\/\/centcols.org\/nl\/guide-ccway-selections-geographiques\/\" target=\"_self\"  ><img loading=\"lazy\" decoding=\"async\" width=\"720\" height=\"540\" src=\"https:\/\/centcols.org\/wp-content\/uploads\/2025\/07\/img-fr59.jpg\" class=\"attachment-post-thumbnail size-post-thumbnail wp-post-image\" alt=\"ccWay-gids: geografische selecties\" style=\"width:100%;height:100%;object-fit:cover;\" \/><\/a><\/figure>\n\n<h3 style=\"font-size:1.2rem;\" class=\"wp-block-post-title\"><a href=\"https:\/\/centcols.org\/nl\/guide-ccway-selections-geographiques\/\" target=\"_self\" >ccWay-gids: geografische selecties<\/a><\/h3>\n\n<div class=\"wp-block-post-excerpt\"><p class=\"wp-block-post-excerpt__excerpt\">Les s\u00e9lections g\u00e9ographiques vous permettent de limiter l&#8217;emprise g\u00e9ographique des&hellip;<\/p><p class=\"wp-block-post-excerpt__more-text\"><a class=\"wp-block-post-excerpt__more-link\" href=\"https:\/\/centcols.org\/nl\/guide-ccway-selections-geographiques\/\">Lees meer \u2192<\/a><\/p><\/div><\/div><\/div>\n\n<\/li><li class=\"wp-block-post post-81846 post type-post status-publish format-standard has-post-thumbnail hentry category-guide-ccway category-tutoriels\">\n\n<div class=\"wp-block-group carte-article\"><div class=\"wp-block-group__inner-container is-layout-constrained wp-block-group-is-layout-constrained\"><figure style=\"aspect-ratio:16\/9;width:100%;\" class=\"wp-block-post-featured-image\"><a href=\"https:\/\/centcols.org\/nl\/guide-ccway-selection-sur-carte\/\" target=\"_self\"  ><img loading=\"lazy\" decoding=\"async\" width=\"720\" height=\"540\" src=\"https:\/\/centcols.org\/wp-content\/uploads\/2025\/07\/img-fr60.jpg\" class=\"attachment-post-thumbnail size-post-thumbnail wp-post-image\" alt=\"ccWay gids: kaartselectie\" style=\"width:100%;height:100%;object-fit:cover;\" \/><\/a><\/figure>\n\n<h3 style=\"font-size:1.2rem;\" class=\"wp-block-post-title\"><a href=\"https:\/\/centcols.org\/nl\/guide-ccway-selection-sur-carte\/\" target=\"_self\" >ccWay gids: kaartselectie<\/a><\/h3>\n\n<div class=\"wp-block-post-excerpt\"><p class=\"wp-block-post-excerpt__excerpt\">S\u00e9lection cartographique sur Google Maps Ce mode de s\u00e9lection g\u00e9ographique&hellip;<\/p><p class=\"wp-block-post-excerpt__more-text\"><a class=\"wp-block-post-excerpt__more-link\" href=\"https:\/\/centcols.org\/nl\/guide-ccway-selection-sur-carte\/\">Lees meer \u2192<\/a><\/p><\/div><\/div><\/div>\n\n<\/li><li class=\"wp-block-post post-81844 post type-post status-publish format-standard has-post-thumbnail hentry category-guide-ccway category-tutoriels\">\n\n<div class=\"wp-block-group carte-article\"><div class=\"wp-block-group__inner-container is-layout-constrained wp-block-group-is-layout-constrained\"><figure style=\"aspect-ratio:16\/9;width:100%;\" class=\"wp-block-post-featured-image\"><a href=\"https:\/\/centcols.org\/nl\/guide-ccway-filtres\/\" target=\"_self\"  ><img loading=\"lazy\" decoding=\"async\" width=\"384\" height=\"209\" src=\"https:\/\/centcols.org\/wp-content\/uploads\/2016\/03\/filtres_cumul1.png\" class=\"attachment-post-thumbnail size-post-thumbnail wp-post-image\" alt=\"ccWay gids: moeilijkheidsfilters\" style=\"width:100%;height:100%;object-fit:cover;\" \/><\/a><\/figure>\n\n<h3 style=\"font-size:1.2rem;\" class=\"wp-block-post-title\"><a href=\"https:\/\/centcols.org\/nl\/guide-ccway-filtres\/\" target=\"_self\" >ccWay gids: moeilijkheidsfilters<\/a><\/h3>\n\n<div class=\"wp-block-post-excerpt\"><p class=\"wp-block-post-excerpt__excerpt\">\u00a0Les filtres restreignent les cols extraits depuis les s\u00e9lections g\u00e9ographiques.&hellip;<\/p><p class=\"wp-block-post-excerpt__more-text\"><a class=\"wp-block-post-excerpt__more-link\" href=\"https:\/\/centcols.org\/nl\/guide-ccway-filtres\/\">Lees meer \u2192<\/a><\/p><\/div><\/div><\/div>\n\n<\/li><li class=\"wp-block-post post-81845 post type-post status-publish format-standard has-post-thumbnail hentry category-guide-ccway category-tutoriels\">\n\n<div class=\"wp-block-group carte-article\"><div class=\"wp-block-group__inner-container is-layout-constrained wp-block-group-is-layout-constrained\"><figure style=\"aspect-ratio:16\/9;width:100%;\" class=\"wp-block-post-featured-image\"><a href=\"https:\/\/centcols.org\/nl\/guide-ccway-formats-de-sortie\/\" target=\"_self\"  ><img loading=\"lazy\" decoding=\"async\" width=\"800\" height=\"450\" src=\"https:\/\/centcols.org\/wp-content\/uploads\/2016\/03\/sortieccway5.jpg\" class=\"attachment-post-thumbnail size-post-thumbnail wp-post-image\" alt=\"ccWay gids: uitvoerformaten\" style=\"width:100%;height:100%;object-fit:cover;\" srcset=\"https:\/\/centcols.org\/wp-content\/uploads\/2016\/03\/sortieccway5.jpg 800w, https:\/\/centcols.org\/wp-content\/uploads\/2016\/03\/sortieccway5-768x432.jpg 768w\" sizes=\"auto, (max-width: 800px) 100vw, 800px\" \/><\/a><\/figure>\n\n<h3 style=\"font-size:1.2rem;\" class=\"wp-block-post-title\"><a href=\"https:\/\/centcols.org\/nl\/guide-ccway-formats-de-sortie\/\" target=\"_self\" >ccWay gids: uitvoerformaten<\/a><\/h3>\n\n<div class=\"wp-block-post-excerpt\"><p class=\"wp-block-post-excerpt__excerpt\">Vous sp\u00e9cifiez ici le type de fichier de g\u00e9olocalisation \u00e0&hellip;<\/p><p class=\"wp-block-post-excerpt__more-text\"><a class=\"wp-block-post-excerpt__more-link\" href=\"https:\/\/centcols.org\/nl\/guide-ccway-formats-de-sortie\/\">Lees meer \u2192<\/a><\/p><\/div><\/div><\/div>\n\n<\/li><li class=\"wp-block-post post-81830 post type-post status-publish format-standard has-post-thumbnail hentry category-guide-ccway category-tutoriels\">\n\n<div class=\"wp-block-group carte-article\"><div class=\"wp-block-group__inner-container is-layout-constrained wp-block-group-is-layout-constrained\"><figure style=\"aspect-ratio:16\/9;width:100%;\" class=\"wp-block-post-featured-image\"><a href=\"https:\/\/centcols.org\/nl\/guide-des-reglages-personnalises-ccway\/\" target=\"_self\"  ><img loading=\"lazy\" decoding=\"async\" width=\"400\" height=\"397\" src=\"https:\/\/centcols.org\/wp-content\/uploads\/2016\/03\/ccWayParmsSections1.jpg\" class=\"attachment-post-thumbnail size-post-thumbnail wp-post-image\" alt=\"ccWay gids voor aangepaste instellingen\" style=\"width:100%;height:100%;object-fit:cover;\" srcset=\"https:\/\/centcols.org\/wp-content\/uploads\/2016\/03\/ccWayParmsSections1.jpg 400w, https:\/\/centcols.org\/wp-content\/uploads\/2016\/03\/ccWayParmsSections1-150x150.jpg 150w\" sizes=\"auto, (max-width: 400px) 100vw, 400px\" \/><\/a><\/figure>\n\n<h3 style=\"font-size:1.2rem;\" class=\"wp-block-post-title\"><a href=\"https:\/\/centcols.org\/nl\/guide-des-reglages-personnalises-ccway\/\" target=\"_self\" >ccWay gids voor aangepaste instellingen<\/a><\/h3>\n\n<div class=\"wp-block-post-excerpt\"><p class=\"wp-block-post-excerpt__excerpt\">Op de instellingenpagina van ccWay kunt u het volgende opslaan<\/p><p class=\"wp-block-post-excerpt__more-text\"><a class=\"wp-block-post-excerpt__more-link\" href=\"https:\/\/centcols.org\/nl\/guide-des-reglages-personnalises-ccway\/\">Lees meer \u2192<\/a><\/p><\/div><\/div><\/div>\n\n<\/li><li class=\"wp-block-post post-81838 post type-post status-publish format-standard has-post-thumbnail hentry category-guide-ccway category-tutoriels\">\n\n<div class=\"wp-block-group carte-article\"><div class=\"wp-block-group__inner-container is-layout-constrained wp-block-group-is-layout-constrained\"><figure style=\"aspect-ratio:16\/9;width:100%;\" class=\"wp-block-post-featured-image\"><a href=\"https:\/\/centcols.org\/nl\/guide-des-reglages-ccway-liste-des-cols\/\" target=\"_self\"  ><img loading=\"lazy\" decoding=\"async\" width=\"445\" height=\"335\" src=\"https:\/\/centcols.org\/wp-content\/uploads\/2016\/03\/cols1.png\" class=\"attachment-post-thumbnail size-post-thumbnail wp-post-image\" alt=\"ccWay instellingengids: lijst met kragen\" style=\"width:100%;height:100%;object-fit:cover;\" \/><\/a><\/figure>\n\n<h3 style=\"font-size:1.2rem;\" class=\"wp-block-post-title\"><a href=\"https:\/\/centcols.org\/nl\/guide-des-reglages-ccway-liste-des-cols\/\" target=\"_self\" >ccWay instellingengids: lijst met kragen<\/a><\/h3>\n\n<div class=\"wp-block-post-excerpt\"><p class=\"wp-block-post-excerpt__excerpt\">Liste de cols grimp\u00e9s Cette section de la page des&hellip;<\/p><p class=\"wp-block-post-excerpt__more-text\"><a class=\"wp-block-post-excerpt__more-link\" href=\"https:\/\/centcols.org\/nl\/guide-des-reglages-ccway-liste-des-cols\/\">Lees meer \u2192<\/a><\/p><\/div><\/div><\/div>\n\n<\/li><li class=\"wp-block-post post-81839 post type-post status-publish format-standard has-post-thumbnail hentry category-guide-ccway category-tutoriels\">\n\n<div class=\"wp-block-group carte-article\"><div class=\"wp-block-group__inner-container is-layout-constrained wp-block-group-is-layout-constrained\"><figure style=\"aspect-ratio:16\/9;width:100%;\" class=\"wp-block-post-featured-image\"><a href=\"https:\/\/centcols.org\/nl\/guide-des-reglages-ccway-gpx\/\" target=\"_self\"  ><img loading=\"lazy\" decoding=\"async\" width=\"447\" height=\"453\" src=\"https:\/\/centcols.org\/wp-content\/uploads\/2016\/03\/gpx1.png\" class=\"attachment-post-thumbnail size-post-thumbnail wp-post-image\" alt=\"ccWay instellingengids : GPX\" style=\"width:100%;height:100%;object-fit:cover;\" \/><\/a><\/figure>\n\n<h3 style=\"font-size:1.2rem;\" class=\"wp-block-post-title\"><a href=\"https:\/\/centcols.org\/nl\/guide-des-reglages-ccway-gpx\/\" target=\"_self\" >ccWay instellingengids : GPX<\/a><\/h3>\n\n<div class=\"wp-block-post-excerpt\"><p class=\"wp-block-post-excerpt__excerpt\">Options GPX Cette section de la page des r\u00e9glages vous&hellip;<\/p><p class=\"wp-block-post-excerpt__more-text\"><a class=\"wp-block-post-excerpt__more-link\" href=\"https:\/\/centcols.org\/nl\/guide-des-reglages-ccway-gpx\/\">Lees meer \u2192<\/a><\/p><\/div><\/div><\/div>\n\n<\/li><li class=\"wp-block-post post-81840 post type-post status-publish format-standard has-post-thumbnail hentry category-guide-ccway category-tutoriels\">\n\n<div class=\"wp-block-group carte-article\"><div class=\"wp-block-group__inner-container is-layout-constrained wp-block-group-is-layout-constrained\"><figure style=\"aspect-ratio:16\/9;width:100%;\" class=\"wp-block-post-featured-image\"><a href=\"https:\/\/centcols.org\/nl\/guide-des-reglages-ccway-kml\/\" target=\"_self\"  ><img loading=\"lazy\" decoding=\"async\" width=\"500\" height=\"130\" src=\"https:\/\/centcols.org\/wp-content\/uploads\/2016\/03\/sortie_kml_legende1.jpg\" class=\"attachment-post-thumbnail size-post-thumbnail wp-post-image\" alt=\"ccWay instellingengids : KML\" style=\"width:100%;height:100%;object-fit:cover;\" \/><\/a><\/figure>\n\n<h3 style=\"font-size:1.2rem;\" class=\"wp-block-post-title\"><a href=\"https:\/\/centcols.org\/nl\/guide-des-reglages-ccway-kml\/\" target=\"_self\" >ccWay instellingengids : KML<\/a><\/h3>\n\n<div class=\"wp-block-post-excerpt\"><p class=\"wp-block-post-excerpt__excerpt\">Options KML \u00a0 Cette section de la page des r\u00e9glages&hellip;<\/p><p class=\"wp-block-post-excerpt__more-text\"><a class=\"wp-block-post-excerpt__more-link\" href=\"https:\/\/centcols.org\/nl\/guide-des-reglages-ccway-kml\/\">Lees meer \u2192<\/a><\/p><\/div><\/div><\/div>\n\n<\/li><li class=\"wp-block-post post-81841 post type-post status-publish format-standard has-post-thumbnail hentry category-guide-ccway category-tutoriels\">\n\n<div class=\"wp-block-group carte-article\"><div class=\"wp-block-group__inner-container is-layout-constrained wp-block-group-is-layout-constrained\"><figure style=\"aspect-ratio:16\/9;width:100%;\" class=\"wp-block-post-featured-image\"><a href=\"https:\/\/centcols.org\/nl\/guide-des-reglages-ccway-ce3\/\" target=\"_self\"  ><img loading=\"lazy\" decoding=\"async\" width=\"447\" height=\"539\" src=\"https:\/\/centcols.org\/wp-content\/uploads\/2016\/03\/carto1.png\" class=\"attachment-post-thumbnail size-post-thumbnail wp-post-image\" alt=\"ccWay instellingengids: CE3\" style=\"width:100%;height:100%;object-fit:cover;\" \/><\/a><\/figure>\n\n<h3 style=\"font-size:1.2rem;\" class=\"wp-block-post-title\"><a href=\"https:\/\/centcols.org\/nl\/guide-des-reglages-ccway-ce3\/\" target=\"_self\" >ccWay instellingengids: CE3<\/a><\/h3>\n\n<div class=\"wp-block-post-excerpt\"><p class=\"wp-block-post-excerpt__excerpt\">Options CartoExploreur \u00a0 Cette section de la page des r\u00e9glages&hellip;<\/p><p class=\"wp-block-post-excerpt__more-text\"><a class=\"wp-block-post-excerpt__more-link\" href=\"https:\/\/centcols.org\/nl\/guide-des-reglages-ccway-ce3\/\">Lees meer \u2192<\/a><\/p><\/div><\/div><\/div>\n\n<\/li><\/ul><\/div>\n\n\n\n<p><\/p>","protected":false},"excerpt":{"rendered":"<p>Gidsen<\/p>","protected":false},"author":3,"featured_media":83171,"parent":0,"menu_order":0,"comment_status":"closed","ping_status":"closed","template":"","meta":{"_acf_changed":false,"footnotes":""},"class_list":["post-84208","page","type-page","status-publish","has-post-thumbnail","hentry"],"acf":[],"yoast_head":"<!-- This site is optimized with the Yoast SEO plugin v27.2 - https:\/\/yoast.com\/product\/yoast-seo-wordpress\/ -->\n<title>ccWay - Club des Cent Cols<\/title>\n<meta name=\"robots\" content=\"index, follow, max-snippet:-1, max-image-preview:large, max-video-preview:-1\" \/>\n<link rel=\"canonical\" href=\"https:\/\/centcols.org\/nl\/ccway\/\" \/>\n<meta property=\"og:locale\" content=\"nl_BE\" \/>\n<meta property=\"og:type\" content=\"article\" \/>\n<meta property=\"og:title\" content=\"ccWay - Club des Cent Cols\" \/>\n<meta property=\"og:description\" content=\"Guides\" \/>\n<meta property=\"og:url\" content=\"https:\/\/centcols.org\/nl\/ccway\/\" \/>\n<meta property=\"og:site_name\" content=\"Club des Cent Cols\" \/>\n<meta property=\"article:publisher\" content=\"https:\/\/www.facebook.com\/groups\/5261880558\/?locale=fr_FR\" \/>\n<meta property=\"article:modified_time\" content=\"2025-08-09T13:06:22+00:00\" \/>\n<meta property=\"og:image\" content=\"https:\/\/centcols.org\/wp-content\/uploads\/2025\/06\/regledujeu2.jpg\" \/>\n\t<meta property=\"og:image:width\" content=\"1033\" \/>\n\t<meta property=\"og:image:height\" content=\"581\" \/>\n\t<meta property=\"og:image:type\" content=\"image\/jpeg\" \/>\n<meta name=\"twitter:card\" content=\"summary_large_image\" \/>\n<meta name=\"twitter:label1\" content=\"Geschatte leestijd\" \/>\n\t<meta name=\"twitter:data1\" content=\"1 minuut\" \/>\n<script type=\"application\/ld+json\" class=\"yoast-schema-graph\">{\"@context\":\"https:\/\/schema.org\",\"@graph\":[{\"@type\":\"WebPage\",\"@id\":\"https:\/\/centcols.org\/ccway\/\",\"url\":\"https:\/\/centcols.org\/ccway\/\",\"name\":\"ccWay - Club des Cent Cols\",\"isPartOf\":{\"@id\":\"https:\/\/centcols.org\/#website\"},\"primaryImageOfPage\":{\"@id\":\"https:\/\/centcols.org\/ccway\/#primaryimage\"},\"image\":{\"@id\":\"https:\/\/centcols.org\/ccway\/#primaryimage\"},\"thumbnailUrl\":\"https:\/\/centcols.org\/wp-content\/uploads\/2025\/06\/regledujeu2.jpg\",\"datePublished\":\"2025-06-25T21:07:56+00:00\",\"dateModified\":\"2025-08-09T13:06:22+00:00\",\"breadcrumb\":{\"@id\":\"https:\/\/centcols.org\/ccway\/#breadcrumb\"},\"inLanguage\":\"nl-BE\",\"potentialAction\":[{\"@type\":\"ReadAction\",\"target\":[\"https:\/\/centcols.org\/ccway\/\"]}]},{\"@type\":\"ImageObject\",\"inLanguage\":\"nl-BE\",\"@id\":\"https:\/\/centcols.org\/ccway\/#primaryimage\",\"url\":\"https:\/\/centcols.org\/wp-content\/uploads\/2025\/06\/regledujeu2.jpg\",\"contentUrl\":\"https:\/\/centcols.org\/wp-content\/uploads\/2025\/06\/regledujeu2.jpg\",\"width\":1033,\"height\":581},{\"@type\":\"BreadcrumbList\",\"@id\":\"https:\/\/centcols.org\/ccway\/#breadcrumb\",\"itemListElement\":[{\"@type\":\"ListItem\",\"position\":1,\"name\":\"Accueil\",\"item\":\"https:\/\/centcols.org\/\"},{\"@type\":\"ListItem\",\"position\":2,\"name\":\"ccWay\"}]},{\"@type\":\"WebSite\",\"@id\":\"https:\/\/centcols.org\/#website\",\"url\":\"https:\/\/centcols.org\/\",\"name\":\"Club des Cent Cols\",\"description\":\"\",\"publisher\":{\"@id\":\"https:\/\/centcols.org\/#organization\"},\"potentialAction\":[{\"@type\":\"SearchAction\",\"target\":{\"@type\":\"EntryPoint\",\"urlTemplate\":\"https:\/\/centcols.org\/?s={search_term_string}\"},\"query-input\":{\"@type\":\"PropertyValueSpecification\",\"valueRequired\":true,\"valueName\":\"search_term_string\"}}],\"inLanguage\":\"nl-BE\"},{\"@type\":\"Organization\",\"@id\":\"https:\/\/centcols.org\/#organization\",\"name\":\"Club des Cent Cols\",\"url\":\"https:\/\/centcols.org\/\",\"logo\":{\"@type\":\"ImageObject\",\"inLanguage\":\"nl-BE\",\"@id\":\"https:\/\/centcols.org\/#\/schema\/logo\/image\/\",\"url\":\"https:\/\/centcols.org\/wp-content\/uploads\/2025\/01\/carte-icone.png\",\"contentUrl\":\"https:\/\/centcols.org\/wp-content\/uploads\/2025\/01\/carte-icone.png\",\"width\":250,\"height\":250,\"caption\":\"Club des Cent Cols\"},\"image\":{\"@id\":\"https:\/\/centcols.org\/#\/schema\/logo\/image\/\"},\"sameAs\":[\"https:\/\/www.facebook.com\/groups\/5261880558\/?locale=fr_FR\"]}]}<\/script>\n<!-- \/ Yoast SEO plugin. -->","yoast_head_json":{"title":"ccWay - Club des Cent Cols","robots":{"index":"index","follow":"follow","max-snippet":"max-snippet:-1","max-image-preview":"max-image-preview:large","max-video-preview":"max-video-preview:-1"},"canonical":"https:\/\/centcols.org\/nl\/ccway\/","og_locale":"nl_BE","og_type":"article","og_title":"ccWay - Club des Cent Cols","og_description":"Guides","og_url":"https:\/\/centcols.org\/nl\/ccway\/","og_site_name":"Club des Cent Cols","article_publisher":"https:\/\/www.facebook.com\/groups\/5261880558\/?locale=fr_FR","article_modified_time":"2025-08-09T13:06:22+00:00","og_image":[{"width":1033,"height":581,"url":"https:\/\/centcols.org\/wp-content\/uploads\/2025\/06\/regledujeu2.jpg","type":"image\/jpeg"}],"twitter_card":"summary_large_image","twitter_misc":{"Geschatte leestijd":"1 minuut"},"schema":{"@context":"https:\/\/schema.org","@graph":[{"@type":"WebPage","@id":"https:\/\/centcols.org\/ccway\/","url":"https:\/\/centcols.org\/ccway\/","name":"ccWay - Club des Cent Cols","isPartOf":{"@id":"https:\/\/centcols.org\/#website"},"primaryImageOfPage":{"@id":"https:\/\/centcols.org\/ccway\/#primaryimage"},"image":{"@id":"https:\/\/centcols.org\/ccway\/#primaryimage"},"thumbnailUrl":"https:\/\/centcols.org\/wp-content\/uploads\/2025\/06\/regledujeu2.jpg","datePublished":"2025-06-25T21:07:56+00:00","dateModified":"2025-08-09T13:06:22+00:00","breadcrumb":{"@id":"https:\/\/centcols.org\/ccway\/#breadcrumb"},"inLanguage":"nl-BE","potentialAction":[{"@type":"ReadAction","target":["https:\/\/centcols.org\/ccway\/"]}]},{"@type":"ImageObject","inLanguage":"nl-BE","@id":"https:\/\/centcols.org\/ccway\/#primaryimage","url":"https:\/\/centcols.org\/wp-content\/uploads\/2025\/06\/regledujeu2.jpg","contentUrl":"https:\/\/centcols.org\/wp-content\/uploads\/2025\/06\/regledujeu2.jpg","width":1033,"height":581},{"@type":"BreadcrumbList","@id":"https:\/\/centcols.org\/ccway\/#breadcrumb","itemListElement":[{"@type":"ListItem","position":1,"name":"Accueil","item":"https:\/\/centcols.org\/"},{"@type":"ListItem","position":2,"name":"ccWay"}]},{"@type":"WebSite","@id":"https:\/\/centcols.org\/#website","url":"https:\/\/centcols.org\/","name":"Club van Cent Cols","description":"","publisher":{"@id":"https:\/\/centcols.org\/#organization"},"potentialAction":[{"@type":"SearchAction","target":{"@type":"EntryPoint","urlTemplate":"https:\/\/centcols.org\/?s={search_term_string}"},"query-input":{"@type":"PropertyValueSpecification","valueRequired":true,"valueName":"search_term_string"}}],"inLanguage":"nl-BE"},{"@type":"Organization","@id":"https:\/\/centcols.org\/#organization","name":"Club van Cent Cols","url":"https:\/\/centcols.org\/","logo":{"@type":"ImageObject","inLanguage":"nl-BE","@id":"https:\/\/centcols.org\/#\/schema\/logo\/image\/","url":"https:\/\/centcols.org\/wp-content\/uploads\/2025\/01\/carte-icone.png","contentUrl":"https:\/\/centcols.org\/wp-content\/uploads\/2025\/01\/carte-icone.png","width":250,"height":250,"caption":"Club des Cent Cols"},"image":{"@id":"https:\/\/centcols.org\/#\/schema\/logo\/image\/"},"sameAs":["https:\/\/www.facebook.com\/groups\/5261880558\/?locale=fr_FR"]}]}},"_links":{"self":[{"href":"https:\/\/centcols.org\/nl\/wp-json\/wp\/v2\/pages\/84208","targetHints":{"allow":["GET"]}}],"collection":[{"href":"https:\/\/centcols.org\/nl\/wp-json\/wp\/v2\/pages"}],"about":[{"href":"https:\/\/centcols.org\/nl\/wp-json\/wp\/v2\/types\/page"}],"author":[{"embeddable":true,"href":"https:\/\/centcols.org\/nl\/wp-json\/wp\/v2\/users\/3"}],"replies":[{"embeddable":true,"href":"https:\/\/centcols.org\/nl\/wp-json\/wp\/v2\/comments?post=84208"}],"version-history":[{"count":0,"href":"https:\/\/centcols.org\/nl\/wp-json\/wp\/v2\/pages\/84208\/revisions"}],"wp:featuredmedia":[{"embeddable":true,"href":"https:\/\/centcols.org\/nl\/wp-json\/wp\/v2\/media\/83171"}],"wp:attachment":[{"href":"https:\/\/centcols.org\/nl\/wp-json\/wp\/v2\/media?parent=84208"}],"curies":[{"name":"wp","href":"https:\/\/api.w.org\/{rel}","templated":true}]}}