{"id":91011,"date":"2025-12-15T20:09:00","date_gmt":"2025-12-15T18:09:00","guid":{"rendered":"https:\/\/centcols.org\/?p=91011"},"modified":"2026-03-19T19:43:14","modified_gmt":"2026-03-19T17:43:14","slug":"routespecificaties-voor-leden","status":"publish","type":"page","link":"https:\/\/centcols.org\/nl\/cahier-des-charges-parcours-membres\/","title":{"rendered":"Door de club goedgekeurde cursussen voor leden: specificaties"},"content":{"rendered":"<p>De goedgekeurde cursussen van de Club des Cent Cols vallen onder een strikt bestek dat is ontworpen om een samenhangende en representatieve verzameling cursussen van Clubleden te cre\u00ebren.<\/p>\n\n\n\n<p>Elke route heeft een titel die bestaat uit :<\/p>\n\n\n\n<ul class=\"wp-block-list\">\n<li>De tweeletterige nationale code van het land waarin de cursus zich bevindt<\/li>\n\n\n\n<li>De regionale \/ afdelingscode<\/li>\n\n\n\n<li>De naam van de route, zoals gekozen door de auteur<\/li>\n\n\n\n<li>Voorbeeld van titel : FR-74 Col de l'Iseran \/ DE-BW Oppennau \/ IT-CN Boucle des Intersile<\/li>\n<\/ul>\n\n\n\n<p>De&nbsp;<strong><a href=\"https:\/\/centcols.org\/wp-content\/uploads\/2025\/11\/Fiche-pour-parcours-membre.odt\" target=\"_blank\" rel=\"noreferrer noopener\">informatie<\/a><\/strong>&nbsp;vereist van de auteur van de kandidaat-cursus zijn :<\/p>\n\n\n\n<ul class=\"wp-block-list\">\n<li>Le&nbsp;<strong>voornaam en achternaam<\/strong>&nbsp;de auteur van de route (geen pseudoniemen)<\/li>\n\n\n\n<li>A&nbsp;<strong>beknopte beschrijving<\/strong>&nbsp;die je aanmoedigt om deze route te nemen: twee of drie zinnen over het belang, het erfgoed dat je hebt ontmoet, de schoonheid van de plek, enz.<\/li>\n\n\n\n<li>La&nbsp;<strong>lijst met passen<\/strong>&nbsp;op de baan met de naam en code van de passen met de visugen link<\/li>\n\n\n\n<li>La&nbsp;<strong>datum<\/strong>&nbsp;waarop de route is voltooid. De wegomstandigheden en de lijst met passen kunnen in de loop van de tijd veranderen. Alle routes moeten erkend zijn.<\/li>\n\n\n\n<li>Le&nbsp;<strong>plaats van vertrek<\/strong>&nbsp;met een parkeerplaats voor voertuigen.&nbsp;<\/li>\n\n\n\n<li>Verschillende&nbsp;<strong>trefwoorden<\/strong>&nbsp;(maximaal 5) om de route gemakkelijker te vinden: het startpunt en bijvoorbeeld de naam van de belangrijkste pas, de naam van het gebergte.<\/li>\n\n\n\n<li>Nuttige informatie voor wie de route volgt:<br>Voor wegcircuits, zware hellingen, omgevingsverkeer, enz.<br>Voor mountainbikeroutes: duwende sectoren, lengte, waarschijnlijke moeilijkheden, mogelijke gevaren, enz.<\/li>\n<\/ul>\n\n\n\n<p><a href=\"https:\/\/centcols.org\/wp-content\/uploads\/2025\/11\/Fiche-pour-parcours-membre.odt\">U kunt hier een bewerkbare sjabloon downloaden<\/a><\/p>\n\n\n\n<p>Alle routes met het label club-des-cent-cols zijn louter informatief. De auteurs en de Club des Cent Cols aanvaarden geen enkele aansprakelijkheid voor onvoorziene omstandigheden veroorzaakt door de fietser zelf, het gebruikte materiaal, het weer of iets anders met betrekking tot de weg, de paden, hun omgeving of andere gebruikers.<\/p>\n\n\n\n<h2 class=\"wp-block-heading\">De eisen waaraan de routes moeten voldoen<\/h2>\n\n\n\n<p>De routes mogen geen toegang geven tot verboden passen, priv\u00e9-eigendom doorkruisen of natuurparken of andere ongeoorloofde gebieden betreden.<\/p>\n\n\n\n<h3 class=\"wp-block-heading\">Wegen moeten<\/h3>\n\n\n\n<ul class=\"wp-block-list\">\n<li>Minstens 1 kraag<\/li>\n\n\n\n<li>Blijf binnen een straal van 100 km en maximaal 2500 m van D+ *.<strong>&nbsp;<\/strong><\/li>\n<\/ul>\n\n\n\n<h3 class=\"wp-block-heading\">Muilezelsporen moeten<\/h3>\n\n\n\n<ul class=\"wp-block-list\">\n<li>Minstens 1 kraag&nbsp;<\/li>\n\n\n\n<li>Geen gevaarlijke of acrobatische sectoren&nbsp;<\/li>\n\n\n\n<li>Wijs gebieden aan die afschrikkend kunnen werken (kloven, bruggen, hoogtevrees...)<\/li>\n\n\n\n<li>Tolereren korte, gemakkelijk te duwen sectoren, kwalitatief bekend bij de auteur<\/li>\n\n\n\n<li>Blijf binnen een straal van 50 km en maximaal 1500 \/ 2000 m van D+ *.<\/li>\n<\/ul>\n\n\n\n<h3 class=\"wp-block-heading\">Grindroutes moeten<\/h3>\n\n\n\n<ul class=\"wp-block-list\">\n<li>Minstens 1 kraag&nbsp;<\/li>\n\n\n\n<li>Blijf binnen een straal van 70\/80 km en maximaal 2000 m van D+ *.<\/li>\n\n\n\n<li>Alleen cyclus passeert bij 100% op R1 en S1 toegang.<\/li>\n\n\n\n<li>Tolereren van een paar korte niet-fietssectoren (R2\/S2 op de terugweg, bijvoorbeeld)<\/li>\n<\/ul>\n\n\n\n<p>* Een (te motiveren) afwijking is altijd mogelijk gezien het belang van de cursus.<\/p>\n\n\n\n<h2 class=\"wp-block-heading\">Organisatie<\/h2>\n\n\n\n<p>Leden moeten hun reisplannen opsturen naar het volgende adres:<\/p>\n\n\n\n<p><a href=\"javascript:;\" target=\"_blank\" rel=\"noreferrer noopener\"><strong>parcours-or@centcols.org<\/strong><\/a><\/p>\n\n\n\n<p>Een groep van drie personen is verantwoordelijk voor het onderzoeken van de toelaatbaarheid van de route die door de auteur wordt voorgesteld volgens de vastgestelde criteria. Zij zijn verantwoordelijk voor de presentatie van de routes op de website van de club, de publicatie in het account van de club op Openrunner en het beheer ervan.<\/p>\n\n\n\n<p>De routes worden vermeld op de website van de club, in het menu \u00abWandelen \/ Ledenroutes \/ Goedgekeurde routes\u00bb, en elke route kan worden geopend op OpenRunner door direct op de naam te klikken.<\/p>\n\n\n\n<h2 class=\"wp-block-heading\">Het account van de club op Openrunner<\/h2>\n\n\n\n<p>Om de offici\u00eble compilatie van de cursussen van de club te vinden :&nbsp;<\/p>\n\n\n\n<ul class=\"wp-block-list\">\n<li>Ga naar Openrunner =&gt;\u00a0<strong><a href=\"https:\/\/www.openrunner.com\/\" target=\"_blank\" rel=\"noreferrer noopener\">https:\/\/www.openrunner.com\/<\/a><\/strong><\/li>\n\n\n\n<li>Klik op \u201ceen route zoeken\u201d<\/li>\n\n\n\n<li>Voer \u00abclub-des-cent-cols\u00bb in bij \u201cAuteur\u201d.\u201d&nbsp;<\/li>\n\n\n\n<li>Je kunt je zoekopdracht ook verfijnen door trefwoorden naar keuze toe te voegen.<\/li>\n\n\n\n<li>Elke offici\u00eble clubbaan is gemakkelijk te herkennen aan het clublogo.<\/li>\n<\/ul>","protected":false},"excerpt":{"rendered":"<p>Les parcours labellis\u00e9s du Club des Cent Cols sont r\u00e9gis par un cahier des charges strict pour obtenir un ensemble coh\u00e9rent et repr\u00e9sentatif de parcours des membres du Club. Chaque parcours a un titre compos\u00e9 de&nbsp;: Les&nbsp;informations&nbsp;demand\u00e9es \u00e0 l\u2019auteur du parcours candidat sont&nbsp;: Vous pouvez t\u00e9l\u00e9charger ici un mod\u00e8le de fiche modifiable Tous les itin\u00e9raires [&hellip;]<\/p>\n","protected":false},"author":5112,"featured_media":91023,"parent":0,"menu_order":0,"comment_status":"closed","ping_status":"closed","template":"","meta":{"_acf_changed":false,"footnotes":""},"class_list":["post-91011","page","type-page","status-publish","has-post-thumbnail","hentry"],"acf":[],"yoast_head":"<!-- This site is optimized with the Yoast SEO plugin v27.2 - https:\/\/yoast.com\/product\/yoast-seo-wordpress\/ -->\n<title>Les parcours des membres labellis\u00e9s par le club : le cahier des charges - Club des Cent Cols<\/title>\n<meta name=\"robots\" content=\"index, follow, max-snippet:-1, max-image-preview:large, max-video-preview:-1\" \/>\n<link rel=\"canonical\" href=\"https:\/\/centcols.org\/nl\/routespecificaties-voor-leden\/\" \/>\n<meta property=\"og:locale\" content=\"nl_BE\" \/>\n<meta property=\"og:type\" content=\"article\" \/>\n<meta property=\"og:title\" content=\"Les parcours des membres labellis\u00e9s par le club : le cahier des charges - Club des Cent Cols\" \/>\n<meta property=\"og:description\" content=\"Les parcours labellis\u00e9s du Club des Cent Cols sont r\u00e9gis par un cahier des charges strict pour obtenir un ensemble coh\u00e9rent et repr\u00e9sentatif de parcours des membres du Club. Chaque parcours a un titre compos\u00e9 de&nbsp;: Les&nbsp;informations&nbsp;demand\u00e9es \u00e0 l\u2019auteur du parcours candidat sont&nbsp;: Vous pouvez t\u00e9l\u00e9charger ici un mod\u00e8le de fiche modifiable Tous les itin\u00e9raires [&hellip;]\" \/>\n<meta property=\"og:url\" content=\"https:\/\/centcols.org\/nl\/routespecificaties-voor-leden\/\" \/>\n<meta property=\"og:site_name\" content=\"Club des Cent Cols\" \/>\n<meta property=\"article:publisher\" content=\"https:\/\/www.facebook.com\/groups\/5261880558\/?locale=fr_FR\" \/>\n<meta property=\"article:modified_time\" content=\"2026-03-19T17:43:14+00:00\" \/>\n<meta property=\"og:image\" content=\"https:\/\/centcols.org\/wp-content\/uploads\/2025\/10\/parcours-membres.jpg\" \/>\n\t<meta property=\"og:image:width\" content=\"1353\" \/>\n\t<meta property=\"og:image:height\" content=\"761\" \/>\n\t<meta property=\"og:image:type\" content=\"image\/jpeg\" \/>\n<meta name=\"twitter:card\" content=\"summary_large_image\" \/>\n<meta name=\"twitter:label1\" content=\"Geschatte leestijd\" \/>\n\t<meta name=\"twitter:data1\" content=\"4 minuten\" \/>\n<script type=\"application\/ld+json\" class=\"yoast-schema-graph\">{\"@context\":\"https:\/\/schema.org\",\"@graph\":[{\"@type\":\"WebPage\",\"@id\":\"https:\/\/centcols.org\/nl\/cahier-des-charges-parcours-membres\/\",\"url\":\"https:\/\/centcols.org\/nl\/cahier-des-charges-parcours-membres\/\",\"name\":\"Les parcours des membres labellis\u00e9s par le club : le cahier des charges - Club des Cent Cols\",\"isPartOf\":{\"@id\":\"https:\/\/centcols.org\/#website\"},\"primaryImageOfPage\":{\"@id\":\"https:\/\/centcols.org\/nl\/cahier-des-charges-parcours-membres\/#primaryimage\"},\"image\":{\"@id\":\"https:\/\/centcols.org\/nl\/cahier-des-charges-parcours-membres\/#primaryimage\"},\"thumbnailUrl\":\"https:\/\/centcols.org\/wp-content\/uploads\/2025\/10\/parcours-membres.jpg\",\"datePublished\":\"2025-12-15T18:09:00+00:00\",\"dateModified\":\"2026-03-19T17:43:14+00:00\",\"breadcrumb\":{\"@id\":\"https:\/\/centcols.org\/nl\/cahier-des-charges-parcours-membres\/#breadcrumb\"},\"inLanguage\":\"nl-BE\",\"potentialAction\":[{\"@type\":\"ReadAction\",\"target\":[\"https:\/\/centcols.org\/nl\/cahier-des-charges-parcours-membres\/\"]}]},{\"@type\":\"ImageObject\",\"inLanguage\":\"nl-BE\",\"@id\":\"https:\/\/centcols.org\/nl\/cahier-des-charges-parcours-membres\/#primaryimage\",\"url\":\"https:\/\/centcols.org\/wp-content\/uploads\/2025\/10\/parcours-membres.jpg\",\"contentUrl\":\"https:\/\/centcols.org\/wp-content\/uploads\/2025\/10\/parcours-membres.jpg\",\"width\":1353,\"height\":761},{\"@type\":\"BreadcrumbList\",\"@id\":\"https:\/\/centcols.org\/nl\/cahier-des-charges-parcours-membres\/#breadcrumb\",\"itemListElement\":[{\"@type\":\"ListItem\",\"position\":1,\"name\":\"Accueil\",\"item\":\"https:\/\/centcols.org\/\"},{\"@type\":\"ListItem\",\"position\":2,\"name\":\"Les parcours des membres labellis\u00e9s par le club : le cahier des charges\"}]},{\"@type\":\"WebSite\",\"@id\":\"https:\/\/centcols.org\/#website\",\"url\":\"https:\/\/centcols.org\/\",\"name\":\"Club des Cent Cols\",\"description\":\"\",\"publisher\":{\"@id\":\"https:\/\/centcols.org\/#organization\"},\"potentialAction\":[{\"@type\":\"SearchAction\",\"target\":{\"@type\":\"EntryPoint\",\"urlTemplate\":\"https:\/\/centcols.org\/?s={search_term_string}\"},\"query-input\":{\"@type\":\"PropertyValueSpecification\",\"valueRequired\":true,\"valueName\":\"search_term_string\"}}],\"inLanguage\":\"nl-BE\"},{\"@type\":\"Organization\",\"@id\":\"https:\/\/centcols.org\/#organization\",\"name\":\"Club des Cent Cols\",\"url\":\"https:\/\/centcols.org\/\",\"logo\":{\"@type\":\"ImageObject\",\"inLanguage\":\"nl-BE\",\"@id\":\"https:\/\/centcols.org\/#\/schema\/logo\/image\/\",\"url\":\"https:\/\/centcols.org\/wp-content\/uploads\/2025\/01\/carte-icone.png\",\"contentUrl\":\"https:\/\/centcols.org\/wp-content\/uploads\/2025\/01\/carte-icone.png\",\"width\":250,\"height\":250,\"caption\":\"Club des Cent Cols\"},\"image\":{\"@id\":\"https:\/\/centcols.org\/#\/schema\/logo\/image\/\"},\"sameAs\":[\"https:\/\/www.facebook.com\/groups\/5261880558\/?locale=fr_FR\"]}]}<\/script>\n<!-- \/ Yoast SEO plugin. -->","yoast_head_json":{"title":"Door de club goedgekeurde routes voor leden: specificaties - Club des Cent Cols","robots":{"index":"index","follow":"follow","max-snippet":"max-snippet:-1","max-image-preview":"max-image-preview:large","max-video-preview":"max-video-preview:-1"},"canonical":"https:\/\/centcols.org\/nl\/routespecificaties-voor-leden\/","og_locale":"nl_BE","og_type":"article","og_title":"Les parcours des membres labellis\u00e9s par le club : le cahier des charges - Club des Cent Cols","og_description":"Les parcours labellis\u00e9s du Club des Cent Cols sont r\u00e9gis par un cahier des charges strict pour obtenir un ensemble coh\u00e9rent et repr\u00e9sentatif de parcours des membres du Club. Chaque parcours a un titre compos\u00e9 de&nbsp;: Les&nbsp;informations&nbsp;demand\u00e9es \u00e0 l\u2019auteur du parcours candidat sont&nbsp;: Vous pouvez t\u00e9l\u00e9charger ici un mod\u00e8le de fiche modifiable Tous les itin\u00e9raires [&hellip;]","og_url":"https:\/\/centcols.org\/nl\/routespecificaties-voor-leden\/","og_site_name":"Club des Cent Cols","article_publisher":"https:\/\/www.facebook.com\/groups\/5261880558\/?locale=fr_FR","article_modified_time":"2026-03-19T17:43:14+00:00","og_image":[{"width":1353,"height":761,"url":"https:\/\/centcols.org\/wp-content\/uploads\/2025\/10\/parcours-membres.jpg","type":"image\/jpeg"}],"twitter_card":"summary_large_image","twitter_misc":{"Geschatte leestijd":"4 minuten"},"schema":{"@context":"https:\/\/schema.org","@graph":[{"@type":"WebPage","@id":"https:\/\/centcols.org\/nl\/cahier-des-charges-parcours-membres\/","url":"https:\/\/centcols.org\/nl\/cahier-des-charges-parcours-membres\/","name":"Door de club goedgekeurde routes voor leden: specificaties - Club des Cent Cols","isPartOf":{"@id":"https:\/\/centcols.org\/#website"},"primaryImageOfPage":{"@id":"https:\/\/centcols.org\/nl\/cahier-des-charges-parcours-membres\/#primaryimage"},"image":{"@id":"https:\/\/centcols.org\/nl\/cahier-des-charges-parcours-membres\/#primaryimage"},"thumbnailUrl":"https:\/\/centcols.org\/wp-content\/uploads\/2025\/10\/parcours-membres.jpg","datePublished":"2025-12-15T18:09:00+00:00","dateModified":"2026-03-19T17:43:14+00:00","breadcrumb":{"@id":"https:\/\/centcols.org\/nl\/cahier-des-charges-parcours-membres\/#breadcrumb"},"inLanguage":"nl-BE","potentialAction":[{"@type":"ReadAction","target":["https:\/\/centcols.org\/nl\/cahier-des-charges-parcours-membres\/"]}]},{"@type":"ImageObject","inLanguage":"nl-BE","@id":"https:\/\/centcols.org\/nl\/cahier-des-charges-parcours-membres\/#primaryimage","url":"https:\/\/centcols.org\/wp-content\/uploads\/2025\/10\/parcours-membres.jpg","contentUrl":"https:\/\/centcols.org\/wp-content\/uploads\/2025\/10\/parcours-membres.jpg","width":1353,"height":761},{"@type":"BreadcrumbList","@id":"https:\/\/centcols.org\/nl\/cahier-des-charges-parcours-membres\/#breadcrumb","itemListElement":[{"@type":"ListItem","position":1,"name":"Accueil","item":"https:\/\/centcols.org\/"},{"@type":"ListItem","position":2,"name":"Les parcours des membres labellis\u00e9s par le club : le cahier des charges"}]},{"@type":"WebSite","@id":"https:\/\/centcols.org\/#website","url":"https:\/\/centcols.org\/","name":"Club van Cent Cols","description":"","publisher":{"@id":"https:\/\/centcols.org\/#organization"},"potentialAction":[{"@type":"SearchAction","target":{"@type":"EntryPoint","urlTemplate":"https:\/\/centcols.org\/?s={search_term_string}"},"query-input":{"@type":"PropertyValueSpecification","valueRequired":true,"valueName":"search_term_string"}}],"inLanguage":"nl-BE"},{"@type":"Organization","@id":"https:\/\/centcols.org\/#organization","name":"Club van Cent Cols","url":"https:\/\/centcols.org\/","logo":{"@type":"ImageObject","inLanguage":"nl-BE","@id":"https:\/\/centcols.org\/#\/schema\/logo\/image\/","url":"https:\/\/centcols.org\/wp-content\/uploads\/2025\/01\/carte-icone.png","contentUrl":"https:\/\/centcols.org\/wp-content\/uploads\/2025\/01\/carte-icone.png","width":250,"height":250,"caption":"Club des Cent Cols"},"image":{"@id":"https:\/\/centcols.org\/#\/schema\/logo\/image\/"},"sameAs":["https:\/\/www.facebook.com\/groups\/5261880558\/?locale=fr_FR"]}]}},"_links":{"self":[{"href":"https:\/\/centcols.org\/nl\/wp-json\/wp\/v2\/pages\/91011","targetHints":{"allow":["GET"]}}],"collection":[{"href":"https:\/\/centcols.org\/nl\/wp-json\/wp\/v2\/pages"}],"about":[{"href":"https:\/\/centcols.org\/nl\/wp-json\/wp\/v2\/types\/page"}],"author":[{"embeddable":true,"href":"https:\/\/centcols.org\/nl\/wp-json\/wp\/v2\/users\/5112"}],"replies":[{"embeddable":true,"href":"https:\/\/centcols.org\/nl\/wp-json\/wp\/v2\/comments?post=91011"}],"version-history":[{"count":0,"href":"https:\/\/centcols.org\/nl\/wp-json\/wp\/v2\/pages\/91011\/revisions"}],"wp:featuredmedia":[{"embeddable":true,"href":"https:\/\/centcols.org\/nl\/wp-json\/wp\/v2\/media\/91023"}],"wp:attachment":[{"href":"https:\/\/centcols.org\/nl\/wp-json\/wp\/v2\/media?parent=91011"}],"curies":[{"name":"wp","href":"https:\/\/api.w.org\/{rel}","templated":true}]}}